{"id":550,"date":"2019-07-01T12:28:13","date_gmt":"2019-07-01T10:28:13","guid":{"rendered":"http:\/\/agora.xtec.cat\/ceip-montpalau-pineda\/?page_id=550"},"modified":"2020-01-19T16:02:02","modified_gmt":"2020-01-19T15:02:02","slug":"documents-de-centre-nofc","status":"publish","type":"page","link":"https:\/\/agora.xtec.cat\/ceip-montpalau-pineda\/projecte-educatiu\/documents-de-centre-nofc\/","title":{"rendered":"Documents de centre &#8211; NOFC"},"content":{"rendered":"<p class=\"entry-title\">Les<strong> N<\/strong>ormes d\u2019<strong>O<\/strong>rganitzaci\u00f3 i <strong>F<\/strong>uncionament de l&#8217;<strong>E<\/strong>scola <strong>M<\/strong>otpalau<span style=\"font-family: inherit; font-size: 1em;\">\u00a0apleguen el <\/span><em style=\"font-family: inherit; font-size: 1em;\"><span style=\"text-decoration: underline;\">conjunt d&#8217;acords i decisions d&#8217;organitzaci\u00f3 i funcionament<\/span><\/em><span style=\"font-family: inherit; font-size: 1em;\"> que s&#8217;adopten a\u00a0<\/span><span style=\"font-family: inherit; font-size: 1em;\">la nostra escola<\/span><span style=\"font-family: inherit; font-size: 1em;\">, en el dia a dia, per fer possible el treball educatiu i tamb\u00e9 la gesti\u00f3 i\u00a0 que han de permetre assolir els objectius proposats al\u00a0<strong>P<\/strong>rojecte<strong> E<\/strong>ducatiu<strong> (PEC) <\/strong>i al <strong>P<\/strong>rojecte de <strong>D<\/strong>irecci\u00f3 i tamb\u00e9<strong> a <\/strong>la<strong> P<\/strong>rogramaci\u00f3<strong> G<\/strong>enera<strong>l (PGA)\u00a0 <\/strong>de cada curs<strong>.<\/strong><\/span><\/p>\n<p>Complementen les NOFC diferents documents annexes de car\u00e0cter m\u00e9s espec\u00edfic que concreten les actuacions al respecte de:<\/p>\n<table class=\" alignleft\" style=\"width: 782px; height: 464px;\">\n<tbody>\n<tr style=\"height: 34px;\">\n<td style=\"width: 88.8889px; text-align: left; height: 10px;\"><strong>Document Principal<\/strong><\/td>\n<td style=\"width: 191.111px; text-align: left; height: 10px;\"><b>N<\/b>ormes d&#8217;<strong>O<\/strong>rganitzaci\u00f3 i\u00a0<strong>F<\/strong>uncionament.<\/p>\n<p><strong>NOFC<\/strong><\/p>\n<p>&nbsp;<\/td>\n<td style=\"width: 256.667px; text-align: left; height: 10px;\">\n<ul style=\"font-size: 12px; font-family: 'Helvetica Neue', Helvetica, Helvetica, Arial, sans-serif;\">\n<li>Darrera aprovaci\u00f3 del document: CE.03.12.2018<\/li>\n<li>Darrera actualitzaci\u00f3: CE.13.01.2019<\/li>\n<li>Document en revisi\u00f3: 2019\/2020<\/li>\n<\/ul>\n<\/td>\n<td style=\"width: 238.889px; height: 10px;\" colspan=\"2\"><a href=\"https:\/\/agora.xtec.cat\/ceip-montpalau-pineda\/wp-content\/uploads\/usu1776\/2020\/01\/NOFC_Escola_Montpalau_V2_2_MA-ApCE_181203_ED_301219.pdf\"><img loading=\"lazy\" decoding=\"async\" class=\"aligncenter wp-image-1334 \" src=\"https:\/\/agora.xtec.cat\/ceip-montpalau-pineda\/wp-content\/uploads\/usu1776\/2020\/01\/NOFC-e1579423441188.png\" alt=\"\" width=\"197\" height=\"121\" srcset=\"https:\/\/agora.xtec.cat\/ceip-montpalau-pineda\/wp-content\/uploads\/usu1776\/2020\/01\/NOFC-e1579423441188.png 544w, https:\/\/agora.xtec.cat\/ceip-montpalau-pineda\/wp-content\/uploads\/usu1776\/2020\/01\/NOFC-e1579423441188-300x185.png 300w\" sizes=\"auto, (max-width: 197px) 100vw, 197px\" \/><\/a><\/td>\n<\/tr>\n<tr style=\"border-color: #3a3a45; height: 1px; background-color: #f5f0f0;\">\n<td style=\"height: 10px; width: 88.8889px; text-align: left;\"><strong>ANNEX I<\/strong><\/td>\n<td style=\"height: 10px; width: 191.111px; text-align: left;\">La\u00a0<strong>C<\/strong>arta de\u00a0<strong>C<\/strong>omprom\u00eds\u00a0<strong>E<\/strong>ducatiu.<\/p>\n<p><strong>CCE<\/strong><\/td>\n<td style=\"height: 10px; width: 256.667px; text-align: left;\">Document de centre on s&#8217;hi expressen els compromisos necessaris que cada fam\u00edlia i l&#8217;escola adquireix, en relaci\u00f3 a l&#8217;educaci\u00f3 dels infants i que tenen a veure<\/p>\n<ul style=\"font-size: 14px; font-family: 'Helvetica Neue', Helvetica, Helvetica, Arial, sans-serif;\">\n<li>L&#8217;acceptaci\u00f3 dels principis educatius de l&#8217;escola (PEC).<\/li>\n<li>El seguiment evolutiu dels nens i les nenes.<\/li>\n<li>La cura i protecci\u00f3 dels infants.<\/li>\n<li>El respecte i la conviv\u00e8ncia.<\/li>\n<li>La cooperaci\u00f3 i la comunicaci\u00f3 entre l&#8217;escola i la fam\u00edlia.<\/li>\n<\/ul>\n<\/td>\n<td style=\"height: 10px; width: 238.889px;\" colspan=\"2\"><a href=\"https:\/\/agora.xtec.cat\/ceip-montpalau-pineda\/wp-content\/uploads\/usu1776\/2020\/01\/NOFC_CCC_Escola_Montpalau_V1_180411_W.pdf\"><img loading=\"lazy\" decoding=\"async\" class=\"aligncenter wp-image-1339\" src=\"https:\/\/agora.xtec.cat\/ceip-montpalau-pineda\/wp-content\/uploads\/usu1776\/2020\/01\/NOFC_CCC.png\" alt=\"\" width=\"215\" height=\"158\" srcset=\"https:\/\/agora.xtec.cat\/ceip-montpalau-pineda\/wp-content\/uploads\/usu1776\/2020\/01\/NOFC_CCC.png 501w, https:\/\/agora.xtec.cat\/ceip-montpalau-pineda\/wp-content\/uploads\/usu1776\/2020\/01\/NOFC_CCC-300x221.png 300w\" sizes=\"auto, (max-width: 215px) 100vw, 215px\" \/><\/a><\/p>\n<ul style=\"font-size: 10px; font-family: 'Helvetica Neue', Helvetica, Helvetica, Arial, sans-serif;\">\n<li>Darrera aprovaci\u00f3 del document: CE.11.04.2018<\/li>\n<li>Darrera actualitzaci\u00f3: CE.11.04.2018<\/li>\n<\/ul>\n<\/td>\n<\/tr>\n<tr style=\"border-color: #3a3a45; height: 1px; background-color: #f5f0f0;\">\n<td style=\"height: 31px; width: 88.8889px; text-align: left;\"><strong>ANNEX II<\/strong><\/td>\n<td style=\"height: 31px; width: 191.111px; text-align: left;\"><strong>P<\/strong>la de\u00a0<strong>C<\/strong>onviv\u00e8ncia\u00a0<strong>E<\/strong>spec\u00edfic.<\/p>\n<p><strong>PCE<\/strong><\/td>\n<td style=\"height: 31px; width: 256.667px;\">\n<ul>Document elaborat per a la promoci\u00f3 de la conviv\u00e8ncia\u00a0 a l&#8217;escola amb i entre\u00a0 tots els membres de la comunitat educativa. S&#8217;hi recullen aspectes relacionats amb:<\/ul>\n<ul>\n<li style=\"font-family: inherit; font-size: 1em;\">Les actituds i actuacions per al manteniment del clima escolar.<\/li>\n<li style=\"font-family: inherit; font-size: 1em;\">Protocols d&#8217;actuaci\u00f3 per a l&#8217;aplicaci\u00f3 de mesures correctores.<\/li>\n<li>Assist\u00e8ncia a l&#8217;escola.<\/li>\n<li>Informaci\u00f3 a les fam\u00edlies.<\/li>\n<\/ul>\n<\/td>\n<td style=\"height: 31px; width: 238.889px;\" colspan=\"2\"><a href=\"https:\/\/agora.xtec.cat\/ceip-montpalau-pineda\/wp-content\/uploads\/usu1776\/2020\/01\/PdC_PCE_Escola_Montpalau_V1_2_180514_w.pdf\" target=\"_blank\" rel=\"noopener noreferrer\"><img loading=\"lazy\" decoding=\"async\" class=\"wp-image-1342 aligncenter\" src=\"https:\/\/agora.xtec.cat\/ceip-montpalau-pineda\/wp-content\/uploads\/usu1776\/2020\/01\/NOFC_PCE-300x238.png\" alt=\"\" width=\"204\" height=\"162\" srcset=\"https:\/\/agora.xtec.cat\/ceip-montpalau-pineda\/wp-content\/uploads\/usu1776\/2020\/01\/NOFC_PCE-300x238.png 300w, https:\/\/agora.xtec.cat\/ceip-montpalau-pineda\/wp-content\/uploads\/usu1776\/2020\/01\/NOFC_PCE.png 552w\" sizes=\"auto, (max-width: 204px) 100vw, 204px\" \/><\/a><\/p>\n<ul style=\"font-size: 10px; font-family: 'Helvetica Neue', Helvetica, Helvetica, Arial, sans-serif;\">\n<li>Darrera aprovaci\u00f3 del document: CE: 14.05.2018<\/li>\n<li>Darrera actualitzaci\u00f3: CE. 11.04.2018<\/li>\n<\/ul>\n<\/td>\n<\/tr>\n<tr style=\"border-color: #3a3a45; height: 1px; background-color: #f5f0f0;\">\n<td style=\"height: 10px; width: 88.8889px; text-align: left;\"><strong>ANNEX III<\/strong><\/td>\n<td style=\"height: 10px; width: 191.111px; text-align: left;\"><strong>N<\/strong>ormativa de les\u00a0<strong>A<\/strong>ctivitats\u00a0<strong>E<\/strong>xtraescolars.<\/p>\n<p><strong>NAE<\/strong><\/td>\n<td style=\"height: 10px; width: 256.667px; text-align: left;\">Document que recull les <em>actituds i\u00a0 actuacions<\/em> que, organitzadors i participants han de mantenir en l&#8217;<strong>organitzaci\u00f3 i participaci\u00f3<\/strong> d&#8217;<strong>activitats extraescolars<\/strong> organitzades per\u00a0 l&#8217;associaci\u00f3 de fam\u00edlies o altres entitats per tal de garantir el compliment i el respecte dels principis recollits al <strong>Projecte Educatiu<\/strong> de la nostra escola.<\/td>\n<td style=\"height: 10px; width: 238.889px;\" colspan=\"2\"><a href=\"https:\/\/agora.xtec.cat\/ceip-montpalau-pineda\/wp-content\/uploads\/usu1776\/2020\/01\/NOFC_NAE_Escola_Motpalau_V2_2_Extraescolars_191209_W\"><img loading=\"lazy\" decoding=\"async\" class=\"wp-image-1347 aligncenter\" src=\"https:\/\/agora.xtec.cat\/ceip-montpalau-pineda\/wp-content\/uploads\/usu1776\/2020\/01\/NOFC_nae-300x216.png\" alt=\"\" width=\"201\" height=\"144\" srcset=\"https:\/\/agora.xtec.cat\/ceip-montpalau-pineda\/wp-content\/uploads\/usu1776\/2020\/01\/NOFC_nae-300x216.png 300w, https:\/\/agora.xtec.cat\/ceip-montpalau-pineda\/wp-content\/uploads\/usu1776\/2020\/01\/NOFC_nae.png 747w\" sizes=\"auto, (max-width: 201px) 100vw, 201px\" \/><\/a><\/p>\n<ul style=\"font-size: 10px; font-family: 'Helvetica Neue', Helvetica, Helvetica, Arial, sans-serif;\">\n<li>Darrera aprovaci\u00f3 del document: CE: 09.12.2019<\/li>\n<li>Darrera actualitzaci\u00f3: CE. 09.12.2019<\/li>\n<\/ul>\n<\/td>\n<\/tr>\n<tr style=\"border-color: #3a3a45; height: 1px; background-color: #f5f0f0;\">\n<td style=\"height: 10px; width: 88.8889px; text-align: left;\"><strong>ANNEX IV<\/strong><\/td>\n<td style=\"height: 10px; width: 191.111px; text-align: left;\"><strong>P<\/strong>la de <strong>F<\/strong>uncionament de <strong>M<\/strong>enjador.<\/p>\n<p><strong>PFM<\/strong><\/td>\n<td style=\"height: 10px; width: 256.667px;\">Document de centre que recull, a m\u00e9s de l&#8217;organitzaci\u00f3 i el funcionament del servei, els <strong>objectius pedag\u00f2gics<\/strong> relacionats amb la salut i el lleure a treballar al llarg de tot el curs en el servei de\u00a0<strong>menjador escolar.<\/strong><\/td>\n<td style=\"height: 10px; width: 238.889px;\" colspan=\"2\"><a href=\"https:\/\/agora.xtec.cat\/ceip-montpalau-pineda\/wp-content\/uploads\/usu1776\/2020\/01\/NOFC_PFM_Escola_Montpalau_V2_1_191209_W.pdf\"><img loading=\"lazy\" decoding=\"async\" class=\"aligncenter wp-image-1351\" src=\"https:\/\/agora.xtec.cat\/ceip-montpalau-pineda\/wp-content\/uploads\/usu1776\/2020\/01\/NOFC_PFM.png\" alt=\"\" width=\"188\" height=\"143\" srcset=\"https:\/\/agora.xtec.cat\/ceip-montpalau-pineda\/wp-content\/uploads\/usu1776\/2020\/01\/NOFC_PFM.png 565w, https:\/\/agora.xtec.cat\/ceip-montpalau-pineda\/wp-content\/uploads\/usu1776\/2020\/01\/NOFC_PFM-300x229.png 300w\" sizes=\"auto, (max-width: 188px) 100vw, 188px\" \/><\/a><\/p>\n<ul style=\"font-size: 10px; font-family: 'Helvetica Neue', Helvetica, Helvetica, Arial, sans-serif;\">\n<li>Darrera aprovaci\u00f3 del document: CE: 09.12.2019<\/li>\n<li>Darrera actualitzaci\u00f3: CE. 09.12.2019<\/li>\n<\/ul>\n<\/td>\n<\/tr>\n<tr style=\"height: 271px;\">\n<td style=\"width: 88.8889px; text-align: left; height: 271px;\"><strong>\u00a0ANNEX V<\/strong><\/td>\n<td style=\"width: 191.111px; text-align: left; height: 271px;\"><strong>P<\/strong>rotocol d&#8217;<strong>A<\/strong>jornament i\/o <strong>F<\/strong>racionament de <strong>P<\/strong>agaments.<\/p>\n<p><strong>PAFP<\/strong><\/td>\n<td style=\"width: 256.667px; height: 271px;\">Document elaborat per l\u2019Escola Montpalau, amb la finalitat de:<\/p>\n<ul>\n<li><em>Facilitar i promoure la total participaci\u00f3<\/em> de l\u2019alumnat de l&#8217;escola en les activitats programades a la PGA.<\/li>\n<li><em>Garantir la no exclusi\u00f3<\/em> de cap infant per raons econ\u00f2miques.<\/li>\n<li><em>Garantir la confidencialita<\/em>t de dades i la <em>transpar\u00e8ncia<\/em> de gesti\u00f3.<\/li>\n<\/ul>\n<\/td>\n<td style=\"height: 271px; width: 238.889px;\" colspan=\"2\"><a href=\"https:\/\/agora.xtec.cat\/ceip-montpalau-pineda\/wp-content\/uploads\/usu1776\/2020\/01\/NOFC_PAFP_Escola_Montpalau_Pagaments_V1_190408_W\"><img loading=\"lazy\" decoding=\"async\" class=\"aligncenter size-full wp-image-1354\" src=\"https:\/\/agora.xtec.cat\/ceip-montpalau-pineda\/wp-content\/uploads\/usu1776\/2020\/01\/NOFC_PAFP.png\" alt=\"\" width=\"427\" height=\"288\" srcset=\"https:\/\/agora.xtec.cat\/ceip-montpalau-pineda\/wp-content\/uploads\/usu1776\/2020\/01\/NOFC_PAFP.png 427w, https:\/\/agora.xtec.cat\/ceip-montpalau-pineda\/wp-content\/uploads\/usu1776\/2020\/01\/NOFC_PAFP-300x202.png 300w\" sizes=\"auto, (max-width: 427px) 100vw, 427px\" \/><\/a><\/p>\n<ul style=\"font-size: 10px; font-family: 'Helvetica Neue', Helvetica, Helvetica, Arial, sans-serif;\">\n<li>Darrera aprovaci\u00f3 del document: CE: 03.12.2018<\/li>\n<li>Darrera actualitzaci\u00f3: CE. 03.12.2018<\/li>\n<\/ul>\n<\/td>\n<\/tr>\n<tr style=\"height: 122px;\">\n<td style=\"width: 88.8889px; text-align: left; height: 122px;\"><strong>ANNEX VI<\/strong><\/td>\n<td style=\"width: 191.111px; text-align: left; height: 122px;\"><strong>P<\/strong>la per a la <strong>M<\/strong>illora de l&#8217;escolaritzaci\u00f3 i de tractament de l&#8217;<strong>A<\/strong>bsentisme escolar de Pineda de Mar.<\/p>\n<p><strong>PAM<\/strong><\/td>\n<td style=\"width: 256.667px; height: 122px;\">Document que recull les actuacions que es duran a terme, amb car\u00e0cter general a tots els centres eductius de Pineda de Mar en relaci\u00f3 a l&#8217;escolaritzaci\u00f3 i l&#8217;absentisme.<\/td>\n<td style=\"width: 238.889px; height: 122px;\" colspan=\"2\"><a href=\"https:\/\/agora.xtec.cat\/ceip-montpalau-pineda\/wp-content\/uploads\/usu1776\/2020\/01\/PdC_PAM_Pineda_de_Mar_Absentisme_190705_W.pdf\"><img loading=\"lazy\" decoding=\"async\" class=\"aligncenter size-full wp-image-1357\" src=\"https:\/\/agora.xtec.cat\/ceip-montpalau-pineda\/wp-content\/uploads\/usu1776\/2020\/01\/NOFC_PAM.png\" alt=\"\" width=\"530\" height=\"351\" srcset=\"https:\/\/agora.xtec.cat\/ceip-montpalau-pineda\/wp-content\/uploads\/usu1776\/2020\/01\/NOFC_PAM.png 530w, https:\/\/agora.xtec.cat\/ceip-montpalau-pineda\/wp-content\/uploads\/usu1776\/2020\/01\/NOFC_PAM-300x199.png 300w\" sizes=\"auto, (max-width: 530px) 100vw, 530px\" \/><\/a><\/p>\n<ul>\n<li><sup>Darrera actualitzaci\u00f3: Juliol 2019<\/sup><\/li>\n<\/ul>\n<p>&nbsp;<\/td>\n<\/tr>\n<\/tbody>\n<\/table>\n<p>&nbsp;<\/p>\n","protected":false},"excerpt":{"rendered":"<p>Les Normes d\u2019Organitzaci\u00f3 i Funcionament de l&#8217;Escola Motpalau\u00a0apleguen el conjunt d&#8217;acords i decisions d&#8217;organitzaci\u00f3 i funcionament que s&#8217;adopten a\u00a0la nostra escola, en el dia a dia, per fer possible el treball educatiu i tamb\u00e9 la gesti\u00f3 i\u00a0 que han de permetre assolir els objectius proposats al\u00a0Projecte Educatiu (PEC) i al Projecte de Direcci\u00f3 i tamb\u00e9 [&hellip;]<\/p>\n","protected":false},"author":1,"featured_media":0,"parent":64,"menu_order":30,"comment_status":"closed","ping_status":"closed","template":"page-templates\/side-menu.php","meta":{"_bbp_topic_count":0,"_bbp_reply_count":0,"_bbp_total_topic_count":0,"_bbp_total_reply_count":0,"_bbp_voice_count":0,"_bbp_anonymous_reply_count":0,"_bbp_topic_count_hidden":0,"_bbp_reply_count_hidden":0,"_bbp_forum_subforum_count":0,"site-sidebar-layout":"default","site-content-layout":"","ast-site-content-layout":"","site-content-style":"default","site-sidebar-style":"default","ast-global-header-display":"","ast-banner-title-visibility":"","ast-main-header-display":"","ast-hfb-above-header-display":"","ast-hfb-below-header-display":"","ast-hfb-mobile-header-display":"","site-post-title":"","ast-breadcrumbs-content":"","ast-featured-img":"","footer-sml-layout":"","theme-transparent-header-meta":"","adv-header-id-meta":"","stick-header-meta":"","header-above-stick-meta":"","header-main-stick-meta":"","header-below-stick-meta":"","astra-migrate-meta-layouts":"default","ast-page-background-enabled":"default","ast-page-background-meta":{"desktop":{"background-color":"var(--ast-global-color-4)","background-image":"","background-repeat":"repeat","background-position":"center center","background-size":"auto","background-attachment":"scroll","background-type":"","background-media":"","overlay-type":"","overlay-color":"","overlay-opacity":"","overlay-gradient":""},"tablet":{"background-color":"","background-image":"","background-repeat":"repeat","background-position":"center center","background-size":"auto","background-attachment":"scroll","background-type":"","background-media":"","overlay-type":"","overlay-color":"","overlay-opacity":"","overlay-gradient":""},"mobile":{"background-color":"","background-image":"","background-repeat":"repeat","background-position":"center center","background-size":"auto","background-attachment":"scroll","background-type":"","background-media":"","overlay-type":"","overlay-color":"","overlay-opacity":"","overlay-gradient":""}},"ast-content-background-meta":{"desktop":{"background-color":"var(--ast-global-color-5)","background-image":"","background-repeat":"repeat","background-position":"center center","background-size":"auto","background-attachment":"scroll","background-type":"","background-media":"","overlay-type":"","overlay-color":"","overlay-opacity":"","overlay-gradient":""},"tablet":{"background-color":"var(--ast-global-color-5)","background-image":"","background-repeat":"repeat","background-position":"center center","background-size":"auto","background-attachment":"scroll","background-type":"","background-media":"","overlay-type":"","overlay-color":"","overlay-opacity":"","overlay-gradient":""},"mobile":{"background-color":"var(--ast-global-color-5)","background-image":"","background-repeat":"repeat","background-position":"center center","background-size":"auto","background-attachment":"scroll","background-type":"","background-media":"","overlay-type":"","overlay-color":"","overlay-opacity":"","overlay-gradient":""}},"footnotes":""},"class_list":["post-550","page","type-page","status-publish","hentry"],"post_mailing_queue_ids":[],"_links":{"self":[{"href":"https:\/\/agora.xtec.cat\/ceip-montpalau-pineda\/wp-json\/wp\/v2\/pages\/550","targetHints":{"allow":["GET"]}}],"collection":[{"href":"https:\/\/agora.xtec.cat\/ceip-montpalau-pineda\/wp-json\/wp\/v2\/pages"}],"about":[{"href":"https:\/\/agora.xtec.cat\/ceip-montpalau-pineda\/wp-json\/wp\/v2\/types\/page"}],"author":[{"embeddable":true,"href":"https:\/\/agora.xtec.cat\/ceip-montpalau-pineda\/wp-json\/wp\/v2\/users\/1"}],"replies":[{"embeddable":true,"href":"https:\/\/agora.xtec.cat\/ceip-montpalau-pineda\/wp-json\/wp\/v2\/comments?post=550"}],"version-history":[{"count":3,"href":"https:\/\/agora.xtec.cat\/ceip-montpalau-pineda\/wp-json\/wp\/v2\/pages\/550\/revisions"}],"predecessor-version":[{"id":1390,"href":"https:\/\/agora.xtec.cat\/ceip-montpalau-pineda\/wp-json\/wp\/v2\/pages\/550\/revisions\/1390"}],"up":[{"embeddable":true,"href":"https:\/\/agora.xtec.cat\/ceip-montpalau-pineda\/wp-json\/wp\/v2\/pages\/64"}],"wp:attachment":[{"href":"https:\/\/agora.xtec.cat\/ceip-montpalau-pineda\/wp-json\/wp\/v2\/media?parent=550"}],"curies":[{"name":"wp","href":"https:\/\/api.w.org\/{rel}","templated":true}]}}