{"id":548,"date":"2019-07-01T12:19:46","date_gmt":"2019-07-01T10:19:46","guid":{"rendered":"http:\/\/agora.xtec.cat\/ceip-montpalau-pineda\/?page_id=548"},"modified":"2020-01-19T13:03:15","modified_gmt":"2020-01-19T12:03:15","slug":"documents-de-centre-projecte-linguistic","status":"publish","type":"page","link":"https:\/\/agora.xtec.cat\/ceip-montpalau-pineda\/projecte-educatiu\/documents-de-centre-projecte-linguistic\/","title":{"rendered":"Documents de centre &#8211; Projecte Ling\u00fc\u00edstic"},"content":{"rendered":"<p>La <em>compet\u00e8ncia comunicativa ling\u00fc\u00edstica<\/em> \u00e9s subjacent a tot el desenvolupament personal i curricular, i a l\u2019adquisici\u00f3 de totes les compet\u00e8ncies que han d\u2019assolir els alumnes.<\/p>\n<p>En el proc\u00e9s actual de transformaci\u00f3 del model eductiu, l\u2019educaci\u00f3 pluriling\u00fce i intercultural ocupa un espai rellevant.\u00a0El <em>model ling\u00fc\u00edstic del sistema educatiu a Catalunya <a href=\"#_ftn2\" name=\"_ftnref2\"><\/a><\/em>situa la llengua com a centre de l\u2019aprenentatge i per tant, com a instrument fonamental per al desenvolupament personal, acad\u00e8mic i professional de tots els alumnes, i com a garantia d\u2019equitat i de cohesi\u00f3 social.<\/p>\n<p><a href=\"#_ftnref1\" name=\"_ftn1\"><\/a><span style=\"font-family: inherit; font-size: 1em;\">El <\/span><strong style=\"font-family: inherit; font-size: 1em;\">P<\/strong><span style=\"font-family: inherit; font-size: 1em;\">rojecte <\/span><strong style=\"font-family: inherit; font-size: 1em;\">L<\/strong><span style=\"font-family: inherit; font-size: 1em;\">ing\u00fc\u00edstic <\/span><strong style=\"font-family: inherit; font-size: 1em;\">(PLC) <\/strong><span style=\"font-family: inherit; font-size: 1em;\">de l&#8217;Escola Montpalau\u00a0<\/span>\u00e9s un dels documents principals que conformen el nostre<strong>\u00a0P<\/strong>rojecte <strong>E<\/strong>ducatiu\u00a0 i desp<span style=\"font-family: inherit; font-size: 1em;\">lega els principis i les actuacions que es porten a terme respecte de l&#8217;<\/span><span style=\"font-family: inherit; font-size: 1em;\">aprenentatge i l&#8217;\u00fas de les lleng\u00fces en el\u00a0 context pluriling\u00fce i multicultural en qu\u00e8 ens trobem.<\/span><\/p>\n<p>El\u00a0<strong>P<\/strong>rojecte\u00a0<strong>L<\/strong>ing\u00fc\u00edstic \u00e9s l\u2019instrument que dedica atenci\u00f3 espec\u00edfica als aspectes que tenen a veure amb\u00a0 la compet\u00e8ncia comunicativa ling\u00fc\u00edstica, en sentit ampli, recollint, de manera organitzada, tant els criteris adoptats per a l\u2019ensenyament i l\u2019aprenentatge de les lleng\u00fces, com els criteris de comunicaci\u00f3 del centre.<\/p>\n<p><a href=\"https:\/\/agora.xtec.cat\/ceip-montpalau-pineda\/wp-content\/uploads\/usu1776\/2020\/01\/PLC_Escola_Montpalau_V4_190419_W.pdf\"><img loading=\"lazy\" decoding=\"async\" class=\"aligncenter wp-image-1367 size-medium\" src=\"https:\/\/agora.xtec.cat\/ceip-montpalau-pineda\/wp-content\/uploads\/usu1776\/2020\/01\/PLC_Portada-300x231.png\" alt=\"\" width=\"300\" height=\"231\" srcset=\"https:\/\/agora.xtec.cat\/ceip-montpalau-pineda\/wp-content\/uploads\/usu1776\/2020\/01\/PLC_Portada-300x231.png 300w, https:\/\/agora.xtec.cat\/ceip-montpalau-pineda\/wp-content\/uploads\/usu1776\/2020\/01\/PLC_Portada.png 571w\" sizes=\"auto, (max-width: 300px) 100vw, 300px\" \/><\/a><\/p>\n","protected":false},"excerpt":{"rendered":"<p>La compet\u00e8ncia comunicativa ling\u00fc\u00edstica \u00e9s subjacent a tot el desenvolupament personal i curricular, i a l\u2019adquisici\u00f3 de totes les compet\u00e8ncies que han d\u2019assolir els alumnes. En el proc\u00e9s actual de transformaci\u00f3 del model eductiu, l\u2019educaci\u00f3 pluriling\u00fce i intercultural ocupa un espai rellevant.\u00a0El model ling\u00fc\u00edstic del sistema educatiu a Catalunya situa la llengua com a centre [&hellip;]<\/p>\n","protected":false},"author":1,"featured_media":0,"parent":64,"menu_order":20,"comment_status":"closed","ping_status":"closed","template":"page-templates\/side-menu.php","meta":{"_bbp_topic_count":0,"_bbp_reply_count":0,"_bbp_total_topic_count":0,"_bbp_total_reply_count":0,"_bbp_voice_count":0,"_bbp_anonymous_reply_count":0,"_bbp_topic_count_hidden":0,"_bbp_reply_count_hidden":0,"_bbp_forum_subforum_count":0,"site-sidebar-layout":"default","site-content-layout":"","ast-site-content-layout":"","site-content-style":"default","site-sidebar-style":"default","ast-global-header-display":"","ast-banner-title-visibility":"","ast-main-header-display":"","ast-hfb-above-header-display":"","ast-hfb-below-header-display":"","ast-hfb-mobile-header-display":"","site-post-title":"","ast-breadcrumbs-content":"","ast-featured-img":"","footer-sml-layout":"","theme-transparent-header-meta":"","adv-header-id-meta":"","stick-header-meta":"","header-above-stick-meta":"","header-main-stick-meta":"","header-below-stick-meta":"","astra-migrate-meta-layouts":"default","ast-page-background-enabled":"default","ast-page-background-meta":{"desktop":{"background-color":"var(--ast-global-color-4)","background-image":"","background-repeat":"repeat","background-position":"center center","background-size":"auto","background-attachment":"scroll","background-type":"","background-media":"","overlay-type":"","overlay-color":"","overlay-opacity":"","overlay-gradient":""},"tablet":{"background-color":"","background-image":"","background-repeat":"repeat","background-position":"center center","background-size":"auto","background-attachment":"scroll","background-type":"","background-media":"","overlay-type":"","overlay-color":"","overlay-opacity":"","overlay-gradient":""},"mobile":{"background-color":"","background-image":"","background-repeat":"repeat","background-position":"center center","background-size":"auto","background-attachment":"scroll","background-type":"","background-media":"","overlay-type":"","overlay-color":"","overlay-opacity":"","overlay-gradient":""}},"ast-content-background-meta":{"desktop":{"background-color":"var(--ast-global-color-5)","background-image":"","background-repeat":"repeat","background-position":"center center","background-size":"auto","background-attachment":"scroll","background-type":"","background-media":"","overlay-type":"","overlay-color":"","overlay-opacity":"","overlay-gradient":""},"tablet":{"background-color":"var(--ast-global-color-5)","background-image":"","background-repeat":"repeat","background-position":"center center","background-size":"auto","background-attachment":"scroll","background-type":"","background-media":"","overlay-type":"","overlay-color":"","overlay-opacity":"","overlay-gradient":""},"mobile":{"background-color":"var(--ast-global-color-5)","background-image":"","background-repeat":"repeat","background-position":"center center","background-size":"auto","background-attachment":"scroll","background-type":"","background-media":"","overlay-type":"","overlay-color":"","overlay-opacity":"","overlay-gradient":""}},"footnotes":""},"class_list":["post-548","page","type-page","status-publish","hentry"],"post_mailing_queue_ids":[],"_links":{"self":[{"href":"https:\/\/agora.xtec.cat\/ceip-montpalau-pineda\/wp-json\/wp\/v2\/pages\/548","targetHints":{"allow":["GET"]}}],"collection":[{"href":"https:\/\/agora.xtec.cat\/ceip-montpalau-pineda\/wp-json\/wp\/v2\/pages"}],"about":[{"href":"https:\/\/agora.xtec.cat\/ceip-montpalau-pineda\/wp-json\/wp\/v2\/types\/page"}],"author":[{"embeddable":true,"href":"https:\/\/agora.xtec.cat\/ceip-montpalau-pineda\/wp-json\/wp\/v2\/users\/1"}],"replies":[{"embeddable":true,"href":"https:\/\/agora.xtec.cat\/ceip-montpalau-pineda\/wp-json\/wp\/v2\/comments?post=548"}],"version-history":[{"count":3,"href":"https:\/\/agora.xtec.cat\/ceip-montpalau-pineda\/wp-json\/wp\/v2\/pages\/548\/revisions"}],"predecessor-version":[{"id":1369,"href":"https:\/\/agora.xtec.cat\/ceip-montpalau-pineda\/wp-json\/wp\/v2\/pages\/548\/revisions\/1369"}],"up":[{"embeddable":true,"href":"https:\/\/agora.xtec.cat\/ceip-montpalau-pineda\/wp-json\/wp\/v2\/pages\/64"}],"wp:attachment":[{"href":"https:\/\/agora.xtec.cat\/ceip-montpalau-pineda\/wp-json\/wp\/v2\/media?parent=548"}],"curies":[{"name":"wp","href":"https:\/\/api.w.org\/{rel}","templated":true}]}}