{"id":546,"date":"2019-07-01T12:17:46","date_gmt":"2019-07-01T10:17:46","guid":{"rendered":"http:\/\/agora.xtec.cat\/ceip-montpalau-pineda\/?page_id=546"},"modified":"2021-03-10T18:56:40","modified_gmt":"2021-03-10T17:56:40","slug":"documents-de-centre-el-projecte-educatiu","status":"publish","type":"page","link":"https:\/\/agora.xtec.cat\/ceip-montpalau-pineda\/projecte-educatiu\/documents-de-centre-el-projecte-educatiu\/","title":{"rendered":"Documents de centre- El Projecte Educatiu"},"content":{"rendered":"<p>La <em><u>Llei 12\/2009, del 10 de juliol, d&#8217;educaci\u00f3<\/u><\/em> (LEC) estableix que tots els centres vinculats al Servei d&#8217;Educaci\u00f3 de Catalunya han de disposar de <em>projecte educatiu (PEC)<b>.<\/b><\/em><\/p>\n<p>Com hem explicat a l&#8217;encap\u00e7alament d&#8217;aquest apartat, el <strong>P<\/strong>rojecte <strong>E<\/strong>ducatiu \u00e9s la m\u00e0xima expressi\u00f3 de l\u2019autonomia dels centres.<\/p>\n<p>El\u00a0<strong>P<\/strong>rojecte de\u00a0<strong>D<\/strong>irecci\u00f3 (<strong>PD<\/strong>) actual desplega les actuacions priorit\u00e0ries que es duran a terme, en els quatre cursos de vig\u00e8ncia, per a l&#8217;assoliment dels objectius recollits al PEC.<\/p>\n<p>Podeu consultar el contingut del nostre Projecte Educatiu, amb detall, a <a href=\"http:\/\/&lt;span style=\u201dfont-size:12px;\u201d&gt;\">l&#8217;enlla\u00e7<\/a> o seleccionant a la imatge de m\u00e9s avall.<\/p>\n<table style=\"width: 940px;\">\n<tbody>\n<tr>\n<td style=\"width: 937.778px;\" colspan=\"2\"><span style=\"font-size: 16px;\">Complementen el<\/span><strong style=\"font-size: 16px;\">\u00a0P<\/strong><span style=\"font-size: 16px;\">rojecte\u00a0<\/span><strong style=\"font-size: 16px;\">E<\/strong><span style=\"font-size: 16px;\">ducatiu de l&#8217;escola\u00a0<\/span><strong style=\"font-size: 16px;\">(PEC),\u00a0<\/strong><span style=\"font-size: 16px;\">diferents documents annexes de car\u00e0cter m\u00e9s espec\u00edfic que concreten les actuacions al respecte de:<\/span><\/td>\n<\/tr>\n<tr>\n<td style=\"width: 517.778px;\">\n<ul style=\"font-size: 16px; font-family: 'Helvetica Neue', Helvetica, Helvetica, Arial, sans-serif;\">\n<li>L&#8217;aprenentatge i l&#8217;\u00fas de les lleng\u00fces a l&#8217;escola, en un context pluriling\u00fce i multicultural, concretat al\u00a0<strong>P<\/strong>rojecte\u00a0<strong>L<\/strong>ing\u00fc\u00edstic del centre:\u00a0<a href=\"https:\/\/agora.xtec.cat\/ceip-montpalau-pineda\/wp-content\/uploads\/usu1776\/2020\/01\/PLC-ESCOLA_MONTPALAU_190501-1.pdf\"><strong>PLC.<\/strong><\/a><\/li>\n<li>La inclusi\u00f3 i l&#8217;atenci\u00f3 a la diversitat\u00a0 de tot l&#8217;alumnat del centre, aix\u00ed com\u00a0els principis i protocols d&#8217;acollida a la comunitat educativa\u00a0 concretats al\u00a0<strong>P<\/strong>la d&#8217;<strong>A<\/strong>tenci\u00f3 a la\u00a0<strong>D<\/strong>iversitat i al\u00a0<strong>P<\/strong>la d&#8217;<strong>A<\/strong>collida de la nostra escola:\u00a0<strong>PAD\/PAC.<\/strong><\/li>\n<li>La conviv\u00e8ncia i el treball dels valors democr\u00e0tics de respecte i toler\u00e0ncia, recollits al Projecte de Conviv\u00e8ncia de l&#8217;escola:\u00a0\u00a0<strong>PdC.<\/strong><\/li>\n<li>Els criteris organitzatius respecte del\u00a0 curr\u00edculum, l&#8217;organitzaci\u00f3 pedag\u00f2gica i els principis metodol\u00f2gics que regeixen l&#8217;acci\u00f3 educativa amb els infants a l&#8217;escola, concretats a la Proposta Pedag\u00f2gica:\u00a0<strong>PPC.<\/strong><\/li>\n<li>La integraci\u00f3 de les tecnologies aplicades al coneixement, recollits al Pla TAC de l&#8217;escola:\u00a0<strong>PTAC<\/strong>.<\/li>\n<\/ul>\n<\/td>\n<td style=\"width: 418.889px;\"><a href=\"https:\/\/agora.xtec.cat\/ceip-montpalau-pineda\/wp-content\/uploads\/usu1776\/2020\/01\/PEC_Escola_Montpalau_V2-2_191209_W.pdf\" target=\"_blank\" rel=\"noopener noreferrer\"><img loading=\"lazy\" decoding=\"async\" class=\"aligncenter wp-image-1364\" src=\"https:\/\/agora.xtec.cat\/ceip-montpalau-pineda\/wp-content\/uploads\/usu1776\/2020\/01\/pecw.png\" alt=\"\" width=\"364\" height=\"265\" srcset=\"https:\/\/agora.xtec.cat\/ceip-montpalau-pineda\/wp-content\/uploads\/usu1776\/2020\/01\/pecw.png 570w, https:\/\/agora.xtec.cat\/ceip-montpalau-pineda\/wp-content\/uploads\/usu1776\/2020\/01\/pecw-300x218.png 300w\" sizes=\"auto, (max-width: 364px) 100vw, 364px\" \/><\/a><\/p>\n<p style=\"text-align: center;\"><sup>Darrera aprovaci\u00f3 CE: 14.05.2018<\/sup><\/p>\n<\/td>\n<\/tr>\n<\/tbody>\n<\/table>\n<h5 class=\"entry-title\"><\/h5>\n","protected":false},"excerpt":{"rendered":"<p>La Llei 12\/2009, del 10 de juliol, d&#8217;educaci\u00f3 (LEC) estableix que tots els centres vinculats al Servei d&#8217;Educaci\u00f3 de Catalunya han de disposar de projecte educatiu (PEC). Com hem explicat a l&#8217;encap\u00e7alament d&#8217;aquest apartat, el Projecte Educatiu \u00e9s la m\u00e0xima expressi\u00f3 de l\u2019autonomia dels centres. El\u00a0Projecte de\u00a0Direcci\u00f3 (PD) actual desplega les actuacions priorit\u00e0ries que es [&hellip;]<\/p>\n","protected":false},"author":1,"featured_media":0,"parent":64,"menu_order":10,"comment_status":"closed","ping_status":"closed","template":"page-templates\/side-menu.php","meta":{"_bbp_topic_count":0,"_bbp_reply_count":0,"_bbp_total_topic_count":0,"_bbp_total_reply_count":0,"_bbp_voice_count":0,"_bbp_anonymous_reply_count":0,"_bbp_topic_count_hidden":0,"_bbp_reply_count_hidden":0,"_bbp_forum_subforum_count":0,"site-sidebar-layout":"default","site-content-layout":"","ast-site-content-layout":"","site-content-style":"default","site-sidebar-style":"default","ast-global-header-display":"","ast-banner-title-visibility":"","ast-main-header-display":"","ast-hfb-above-header-display":"","ast-hfb-below-header-display":"","ast-hfb-mobile-header-display":"","site-post-title":"","ast-breadcrumbs-content":"","ast-featured-img":"","footer-sml-layout":"","theme-transparent-header-meta":"","adv-header-id-meta":"","stick-header-meta":"","header-above-stick-meta":"","header-main-stick-meta":"","header-below-stick-meta":"","astra-migrate-meta-layouts":"default","ast-page-background-enabled":"default","ast-page-background-meta":{"desktop":{"background-color":"var(--ast-global-color-4)","background-image":"","background-repeat":"repeat","background-position":"center center","background-size":"auto","background-attachment":"scroll","background-type":"","background-media":"","overlay-type":"","overlay-color":"","overlay-opacity":"","overlay-gradient":""},"tablet":{"background-color":"","background-image":"","background-repeat":"repeat","background-position":"center center","background-size":"auto","background-attachment":"scroll","background-type":"","background-media":"","overlay-type":"","overlay-color":"","overlay-opacity":"","overlay-gradient":""},"mobile":{"background-color":"","background-image":"","background-repeat":"repeat","background-position":"center center","background-size":"auto","background-attachment":"scroll","background-type":"","background-media":"","overlay-type":"","overlay-color":"","overlay-opacity":"","overlay-gradient":""}},"ast-content-background-meta":{"desktop":{"background-color":"var(--ast-global-color-5)","background-image":"","background-repeat":"repeat","background-position":"center center","background-size":"auto","background-attachment":"scroll","background-type":"","background-media":"","overlay-type":"","overlay-color":"","overlay-opacity":"","overlay-gradient":""},"tablet":{"background-color":"var(--ast-global-color-5)","background-image":"","background-repeat":"repeat","background-position":"center center","background-size":"auto","background-attachment":"scroll","background-type":"","background-media":"","overlay-type":"","overlay-color":"","overlay-opacity":"","overlay-gradient":""},"mobile":{"background-color":"var(--ast-global-color-5)","background-image":"","background-repeat":"repeat","background-position":"center center","background-size":"auto","background-attachment":"scroll","background-type":"","background-media":"","overlay-type":"","overlay-color":"","overlay-opacity":"","overlay-gradient":""}},"footnotes":""},"class_list":["post-546","page","type-page","status-publish","hentry"],"post_mailing_queue_ids":[],"_links":{"self":[{"href":"https:\/\/agora.xtec.cat\/ceip-montpalau-pineda\/wp-json\/wp\/v2\/pages\/546","targetHints":{"allow":["GET"]}}],"collection":[{"href":"https:\/\/agora.xtec.cat\/ceip-montpalau-pineda\/wp-json\/wp\/v2\/pages"}],"about":[{"href":"https:\/\/agora.xtec.cat\/ceip-montpalau-pineda\/wp-json\/wp\/v2\/types\/page"}],"author":[{"embeddable":true,"href":"https:\/\/agora.xtec.cat\/ceip-montpalau-pineda\/wp-json\/wp\/v2\/users\/1"}],"replies":[{"embeddable":true,"href":"https:\/\/agora.xtec.cat\/ceip-montpalau-pineda\/wp-json\/wp\/v2\/comments?post=546"}],"version-history":[{"count":3,"href":"https:\/\/agora.xtec.cat\/ceip-montpalau-pineda\/wp-json\/wp\/v2\/pages\/546\/revisions"}],"predecessor-version":[{"id":5335,"href":"https:\/\/agora.xtec.cat\/ceip-montpalau-pineda\/wp-json\/wp\/v2\/pages\/546\/revisions\/5335"}],"up":[{"embeddable":true,"href":"https:\/\/agora.xtec.cat\/ceip-montpalau-pineda\/wp-json\/wp\/v2\/pages\/64"}],"wp:attachment":[{"href":"https:\/\/agora.xtec.cat\/ceip-montpalau-pineda\/wp-json\/wp\/v2\/media?parent=546"}],"curies":[{"name":"wp","href":"https:\/\/api.w.org\/{rel}","templated":true}]}}