{"id":541,"date":"2019-07-01T12:07:24","date_gmt":"2019-07-01T10:07:24","guid":{"rendered":"http:\/\/agora.xtec.cat\/ceip-montpalau-pineda\/?page_id=541"},"modified":"2023-09-18T16:29:28","modified_gmt":"2023-09-18T14:29:28","slug":"suport-escolar-personalitzat-sep","status":"publish","type":"page","link":"https:\/\/agora.xtec.cat\/ceip-montpalau-pineda\/lescola\/suport-escolar-personalitzat-sep\/","title":{"rendered":"Suport Escolar Personalitzat (SEP)"},"content":{"rendered":"<p><img loading=\"lazy\" decoding=\"async\" class=\"wp-image-542 alignleft\" src=\"https:\/\/agora.xtec.cat\/ceip-montpalau-pineda\/wp-content\/uploads\/usu1776\/2019\/07\/rc3babricaevaluartrabajogrupoincluyeencuesta-ebook-bloggesvin-1024x806.jpg\" alt=\"\" width=\"205\" height=\"161\" srcset=\"https:\/\/agora.xtec.cat\/ceip-montpalau-pineda\/wp-content\/uploads\/usu1776\/2019\/07\/rc3babricaevaluartrabajogrupoincluyeencuesta-ebook-bloggesvin-1024x806.jpg 1024w, https:\/\/agora.xtec.cat\/ceip-montpalau-pineda\/wp-content\/uploads\/usu1776\/2019\/07\/rc3babricaevaluartrabajogrupoincluyeencuesta-ebook-bloggesvin-300x236.jpg 300w, https:\/\/agora.xtec.cat\/ceip-montpalau-pineda\/wp-content\/uploads\/usu1776\/2019\/07\/rc3babricaevaluartrabajogrupoincluyeencuesta-ebook-bloggesvin-768x604.jpg 768w, https:\/\/agora.xtec.cat\/ceip-montpalau-pineda\/wp-content\/uploads\/usu1776\/2019\/07\/rc3babricaevaluartrabajogrupoincluyeencuesta-ebook-bloggesvin.jpg 1300w\" sizes=\"auto, (max-width: 205px) 100vw, 205px\" \/><\/p>\n<p>El SEP es planteja com un recurs per millorar la resposta a les necessitats individuals d\u2019aprenentatge dels alumnes i per augmentar l\u2019\u00e8xit educatiu de tots.<\/p>\n<p>\u00c9s un refor\u00e7 flexible, temporal i preventiu que vol atendre els diversos ritmes d&#8217;aprenentatge dels alumnes.<\/p>\n<p>Aquest any les hores de SEP estan englobades dins de l&#8217;horari lectiu. El professorat de refor\u00e7 i d&#8217;atenci\u00f3 a la diversitat dedicar\u00e0 espais i programar\u00e0 activitats de suport educatiu personalitzat a l&#8217;alumnat.<\/p>\n","protected":false},"excerpt":{"rendered":"<p>El SEP es planteja com un recurs per millorar la resposta a les necessitats individuals d\u2019aprenentatge dels alumnes i per augmentar l\u2019\u00e8xit educatiu de tots. \u00c9s un refor\u00e7 flexible, temporal i preventiu que vol atendre els diversos ritmes d&#8217;aprenentatge dels alumnes. Aquest any les hores de SEP estan englobades dins de l&#8217;horari lectiu. El professorat [&hellip;]<\/p>\n","protected":false},"author":1,"featured_media":0,"parent":22,"menu_order":60,"comment_status":"closed","ping_status":"closed","template":"page-templates\/side-menu.php","meta":{"_bbp_topic_count":0,"_bbp_reply_count":0,"_bbp_total_topic_count":0,"_bbp_total_reply_count":0,"_bbp_voice_count":0,"_bbp_anonymous_reply_count":0,"_bbp_topic_count_hidden":0,"_bbp_reply_count_hidden":0,"_bbp_forum_subforum_count":0,"site-sidebar-layout":"default","site-content-layout":"","ast-site-content-layout":"","site-content-style":"default","site-sidebar-style":"default","ast-global-header-display":"","ast-banner-title-visibility":"","ast-main-header-display":"","ast-hfb-above-header-display":"","ast-hfb-below-header-display":"","ast-hfb-mobile-header-display":"","site-post-title":"","ast-breadcrumbs-content":"","ast-featured-img":"","footer-sml-layout":"","theme-transparent-header-meta":"","adv-header-id-meta":"","stick-header-meta":"","header-above-stick-meta":"","header-main-stick-meta":"","header-below-stick-meta":"","astra-migrate-meta-layouts":"default","ast-page-background-enabled":"default","ast-page-background-meta":{"desktop":{"background-color":"var(--ast-global-color-4)","background-image":"","background-repeat":"repeat","background-position":"center center","background-size":"auto","background-attachment":"scroll","background-type":"","background-media":"","overlay-type":"","overlay-color":"","overlay-opacity":"","overlay-gradient":""},"tablet":{"background-color":"","background-image":"","background-repeat":"repeat","background-position":"center center","background-size":"auto","background-attachment":"scroll","background-type":"","background-media":"","overlay-type":"","overlay-color":"","overlay-opacity":"","overlay-gradient":""},"mobile":{"background-color":"","background-image":"","background-repeat":"repeat","background-position":"center center","background-size":"auto","background-attachment":"scroll","background-type":"","background-media":"","overlay-type":"","overlay-color":"","overlay-opacity":"","overlay-gradient":""}},"ast-content-background-meta":{"desktop":{"background-color":"var(--ast-global-color-5)","background-image":"","background-repeat":"repeat","background-position":"center center","background-size":"auto","background-attachment":"scroll","background-type":"","background-media":"","overlay-type":"","overlay-color":"","overlay-opacity":"","overlay-gradient":""},"tablet":{"background-color":"var(--ast-global-color-5)","background-image":"","background-repeat":"repeat","background-position":"center center","background-size":"auto","background-attachment":"scroll","background-type":"","background-media":"","overlay-type":"","overlay-color":"","overlay-opacity":"","overlay-gradient":""},"mobile":{"background-color":"var(--ast-global-color-5)","background-image":"","background-repeat":"repeat","background-position":"center center","background-size":"auto","background-attachment":"scroll","background-type":"","background-media":"","overlay-type":"","overlay-color":"","overlay-opacity":"","overlay-gradient":""}},"footnotes":""},"class_list":["post-541","page","type-page","status-publish","hentry"],"post_mailing_queue_ids":[],"_links":{"self":[{"href":"https:\/\/agora.xtec.cat\/ceip-montpalau-pineda\/wp-json\/wp\/v2\/pages\/541","targetHints":{"allow":["GET"]}}],"collection":[{"href":"https:\/\/agora.xtec.cat\/ceip-montpalau-pineda\/wp-json\/wp\/v2\/pages"}],"about":[{"href":"https:\/\/agora.xtec.cat\/ceip-montpalau-pineda\/wp-json\/wp\/v2\/types\/page"}],"author":[{"embeddable":true,"href":"https:\/\/agora.xtec.cat\/ceip-montpalau-pineda\/wp-json\/wp\/v2\/users\/1"}],"replies":[{"embeddable":true,"href":"https:\/\/agora.xtec.cat\/ceip-montpalau-pineda\/wp-json\/wp\/v2\/comments?post=541"}],"version-history":[{"count":4,"href":"https:\/\/agora.xtec.cat\/ceip-montpalau-pineda\/wp-json\/wp\/v2\/pages\/541\/revisions"}],"predecessor-version":[{"id":6928,"href":"https:\/\/agora.xtec.cat\/ceip-montpalau-pineda\/wp-json\/wp\/v2\/pages\/541\/revisions\/6928"}],"up":[{"embeddable":true,"href":"https:\/\/agora.xtec.cat\/ceip-montpalau-pineda\/wp-json\/wp\/v2\/pages\/22"}],"wp:attachment":[{"href":"https:\/\/agora.xtec.cat\/ceip-montpalau-pineda\/wp-json\/wp\/v2\/media?parent=541"}],"curies":[{"name":"wp","href":"https:\/\/api.w.org\/{rel}","templated":true}]}}