{"id":4698,"date":"2020-09-26T09:39:44","date_gmt":"2020-09-26T07:39:44","guid":{"rendered":"http:\/\/agora.xtec.cat\/ceip-montpalau-pineda\/?page_id=4698"},"modified":"2024-09-01T16:58:52","modified_gmt":"2024-09-01T14:58:52","slug":"consell-escolar-2","status":"publish","type":"page","link":"https:\/\/agora.xtec.cat\/ceip-montpalau-pineda\/lescola\/consell-escolar-2\/","title":{"rendered":"Consell Escolar"},"content":{"rendered":"<h6><strong>CONSELL ESCOLAR<\/strong><\/h6>\n<p>El <strong>Consell Escolar<\/strong> del centre \u00e9s l\u2019\u00f2rgan col\u00b7legiat de participaci\u00f3 de la comunitat escolar en el govern del centre. Hi\u00a0 ha representats tots els col\u00b7lectius que formen part de la comunitat educativa: direcci\u00f3 i professorat del centre, personal d\u2019administraci\u00f3 i serveis, fam\u00edlies i tamb\u00e9 hi ha representaci\u00f3 de l\u2019Ajuntament de Pineda de Mar.<\/p>\n<p>El sector de representaci\u00f3 de les fam\u00edlies, del professorat i del personal d\u2019administraci\u00f3 i serveis s\u00f3n escollits per un per\u00edode de quatre anys i es renoven per meitats cada dos cursos. Actualment, el Consell escolar est\u00e0 format de la seg\u00fcent manera:<\/p>\n<p><strong>Equip directiu:<\/strong>\u00a0Dolors Nogueras, A\u00efda Banet i Rudi Rodr\u00edguez (secretari)<\/p>\n<p><strong>Ajuntament:<\/strong> Ester Puertas Iglesias<\/p>\n<p><strong>Professorat:<\/strong> L\u00eddia Bachs, L\u00eddia buch, Marina Llobet, M. Alba L\u00f3pez, V\u00edctor Garc\u00eda i Ikram Zaytouni.<\/p>\n<p><strong>PAS:<\/strong> Eva Sala<\/p>\n<p><strong>Fam\u00edlies:<\/strong> Sara P\u00e9rez, Jessica G\u00f3mez &#8211; Lim\u00f3n, Bego\u00f1a Monge , Sandra D\u00edas, i Rosa Boada en representaci\u00f3 de l\u2019AMPA de l\u2019escola.<\/p>\n","protected":false},"excerpt":{"rendered":"<p>CONSELL ESCOLAR El Consell Escolar del centre \u00e9s l\u2019\u00f2rgan col\u00b7legiat de participaci\u00f3 de la comunitat escolar en el govern del centre. Hi\u00a0 ha representats tots els col\u00b7lectius que formen part de la comunitat educativa: direcci\u00f3 i professorat del centre, personal d\u2019administraci\u00f3 i serveis, fam\u00edlies i tamb\u00e9 hi ha representaci\u00f3 de l\u2019Ajuntament de Pineda de Mar. [&hellip;]<\/p>\n","protected":false},"author":6,"featured_media":0,"parent":22,"menu_order":40,"comment_status":"closed","ping_status":"closed","template":"page-templates\/side-menu.php","meta":{"_bbp_topic_count":0,"_bbp_reply_count":0,"_bbp_total_topic_count":0,"_bbp_total_reply_count":0,"_bbp_voice_count":0,"_bbp_anonymous_reply_count":0,"_bbp_topic_count_hidden":0,"_bbp_reply_count_hidden":0,"_bbp_forum_subforum_count":0,"site-sidebar-layout":"default","site-content-layout":"","ast-site-content-layout":"","site-content-style":"default","site-sidebar-style":"default","ast-global-header-display":"","ast-banner-title-visibility":"","ast-main-header-display":"","ast-hfb-above-header-display":"","ast-hfb-below-header-display":"","ast-hfb-mobile-header-display":"","site-post-title":"","ast-breadcrumbs-content":"","ast-featured-img":"","footer-sml-layout":"","theme-transparent-header-meta":"","adv-header-id-meta":"","stick-header-meta":"","header-above-stick-meta":"","header-main-stick-meta":"","header-below-stick-meta":"","astra-migrate-meta-layouts":"default","ast-page-background-enabled":"default","ast-page-background-meta":{"desktop":{"background-color":"var(--ast-global-color-4)","background-image":"","background-repeat":"repeat","background-position":"center center","background-size":"auto","background-attachment":"scroll","background-type":"","background-media":"","overlay-type":"","overlay-color":"","overlay-opacity":"","overlay-gradient":""},"tablet":{"background-color":"","background-image":"","background-repeat":"repeat","background-position":"center center","background-size":"auto","background-attachment":"scroll","background-type":"","background-media":"","overlay-type":"","overlay-color":"","overlay-opacity":"","overlay-gradient":""},"mobile":{"background-color":"","background-image":"","background-repeat":"repeat","background-position":"center center","background-size":"auto","background-attachment":"scroll","background-type":"","background-media":"","overlay-type":"","overlay-color":"","overlay-opacity":"","overlay-gradient":""}},"ast-content-background-meta":{"desktop":{"background-color":"var(--ast-global-color-5)","background-image":"","background-repeat":"repeat","background-position":"center center","background-size":"auto","background-attachment":"scroll","background-type":"","background-media":"","overlay-type":"","overlay-color":"","overlay-opacity":"","overlay-gradient":""},"tablet":{"background-color":"var(--ast-global-color-5)","background-image":"","background-repeat":"repeat","background-position":"center center","background-size":"auto","background-attachment":"scroll","background-type":"","background-media":"","overlay-type":"","overlay-color":"","overlay-opacity":"","overlay-gradient":""},"mobile":{"background-color":"var(--ast-global-color-5)","background-image":"","background-repeat":"repeat","background-position":"center center","background-size":"auto","background-attachment":"scroll","background-type":"","background-media":"","overlay-type":"","overlay-color":"","overlay-opacity":"","overlay-gradient":""}},"footnotes":""},"class_list":["post-4698","page","type-page","status-publish","hentry"],"post_mailing_queue_ids":[],"_links":{"self":[{"href":"https:\/\/agora.xtec.cat\/ceip-montpalau-pineda\/wp-json\/wp\/v2\/pages\/4698","targetHints":{"allow":["GET"]}}],"collection":[{"href":"https:\/\/agora.xtec.cat\/ceip-montpalau-pineda\/wp-json\/wp\/v2\/pages"}],"about":[{"href":"https:\/\/agora.xtec.cat\/ceip-montpalau-pineda\/wp-json\/wp\/v2\/types\/page"}],"author":[{"embeddable":true,"href":"https:\/\/agora.xtec.cat\/ceip-montpalau-pineda\/wp-json\/wp\/v2\/users\/6"}],"replies":[{"embeddable":true,"href":"https:\/\/agora.xtec.cat\/ceip-montpalau-pineda\/wp-json\/wp\/v2\/comments?post=4698"}],"version-history":[{"count":5,"href":"https:\/\/agora.xtec.cat\/ceip-montpalau-pineda\/wp-json\/wp\/v2\/pages\/4698\/revisions"}],"predecessor-version":[{"id":7961,"href":"https:\/\/agora.xtec.cat\/ceip-montpalau-pineda\/wp-json\/wp\/v2\/pages\/4698\/revisions\/7961"}],"up":[{"embeddable":true,"href":"https:\/\/agora.xtec.cat\/ceip-montpalau-pineda\/wp-json\/wp\/v2\/pages\/22"}],"wp:attachment":[{"href":"https:\/\/agora.xtec.cat\/ceip-montpalau-pineda\/wp-json\/wp\/v2\/media?parent=4698"}],"curies":[{"name":"wp","href":"https:\/\/api.w.org\/{rel}","templated":true}]}}