{"id":4128,"date":"2020-05-22T15:34:55","date_gmt":"2020-05-22T13:34:55","guid":{"rendered":"http:\/\/agora.xtec.cat\/ceip-montpalau-pineda\/?page_id=4128"},"modified":"2020-06-07T11:13:52","modified_gmt":"2020-06-07T09:13:52","slug":"tractament-de-laigua","status":"publish","type":"page","link":"https:\/\/agora.xtec.cat\/ceip-montpalau-pineda\/explorem\/explorem-sobre-laigua\/tractament-de-laigua\/","title":{"rendered":"ITINERARI 2. Tractament de l&#8217;aigua"},"content":{"rendered":"<h4>Tractament de l&#8217;aigua<\/h4>\n<p><a href=\"https:\/\/agora.xtec.cat\/ceip-montpalau-pineda\/wp-content\/uploads\/usu1776\/2020\/05\/3.jpg\"><img loading=\"lazy\" decoding=\"async\" class=\"alignnone size-full wp-image-4116\" src=\"https:\/\/agora.xtec.cat\/ceip-montpalau-pineda\/wp-content\/uploads\/usu1776\/2020\/05\/3.jpg\" alt=\"\" width=\"455\" height=\"90\" srcset=\"https:\/\/agora.xtec.cat\/ceip-montpalau-pineda\/wp-content\/uploads\/usu1776\/2020\/05\/3.jpg 455w, https:\/\/agora.xtec.cat\/ceip-montpalau-pineda\/wp-content\/uploads\/usu1776\/2020\/05\/3-300x59.jpg 300w\" sizes=\"auto, (max-width: 455px) 100vw, 455px\" \/><\/a><\/p>\n<ol>\n<li>\n<h5>Aqu\u00ed teniu uns v\u00eddeos. Els mireu tantes vegades com necessiteu.<iframe loading=\"lazy\" src=\"\/\/www.youtube.com\/embed\/yECd1p3HNd8\" width=\"560\" height=\"315\" frameborder=\"0\"><\/iframe><iframe loading=\"lazy\" src=\"\/\/www.youtube.com\/embed\/pLTyLp532aY\" width=\"560\" height=\"315\" frameborder=\"0\"><\/iframe><\/h5>\n<\/li>\n<li>\n<h5>Aqu\u00ed teniu una activitat. Un cop feta me l&#8217;envieu per correu electr\u00f2nic.<\/h5>\n<table style=\"height: 272px; width: 355px;\">\n<tbody>\n<tr style=\"height: 272px;\">\n<td style=\"height: 272px; width: 349px;\"><a href=\"https:\/\/agora.xtec.cat\/ceip-montpalau-pineda\/wp-content\/uploads\/usu1776\/2020\/05\/Depuradores-i-tractament-de-laigua.pdf\" target=\"_blank\" rel=\"noopener noreferrer\"><img loading=\"lazy\" decoding=\"async\" class=\"alignnone wp-image-4210\" src=\"https:\/\/agora.xtec.cat\/ceip-montpalau-pineda\/wp-content\/uploads\/usu1776\/2020\/05\/DEPURADORES-1024x847.jpg\" alt=\"\" width=\"306\" height=\"253\" srcset=\"https:\/\/agora.xtec.cat\/ceip-montpalau-pineda\/wp-content\/uploads\/usu1776\/2020\/05\/DEPURADORES-1024x847.jpg 1024w, https:\/\/agora.xtec.cat\/ceip-montpalau-pineda\/wp-content\/uploads\/usu1776\/2020\/05\/DEPURADORES-300x248.jpg 300w, https:\/\/agora.xtec.cat\/ceip-montpalau-pineda\/wp-content\/uploads\/usu1776\/2020\/05\/DEPURADORES-768x636.jpg 768w, https:\/\/agora.xtec.cat\/ceip-montpalau-pineda\/wp-content\/uploads\/usu1776\/2020\/05\/DEPURADORES.jpg 1310w\" sizes=\"auto, (max-width: 306px) 100vw, 306px\" \/><\/a><\/p>\n<p>Nom\u00e9s heu de fer click a la imatge<\/td>\n<\/tr>\n<\/tbody>\n<\/table>\n<\/li>\n<li>\n<h5>Ara experimenteu vosaltres mateixos.<\/h5>\n<table>\n<tbody>\n<tr>\n<td>\n<h5>Purificar aigua<\/h5>\n<h5><iframe loading=\"lazy\" src=\"\/\/www.youtube.com\/embed\/Np3bbqz2a7g\" width=\"560\" height=\"315\" frameborder=\"0\" data-mce-fragment=\"1\"><\/iframe><\/h5>\n<\/td>\n<\/tr>\n<tr>\n<td>\n<h5><strong>Fer una roda hidr\u00e0ulica per aprofitar la for\u00e7a de l&#8217;aigua.<\/strong><\/h5>\n<p><iframe loading=\"lazy\" src=\"\/\/www.youtube.com\/embed\/N66pt5aHR_k\" width=\"560\" height=\"315\" frameborder=\"0\"><\/iframe><\/p>\n<p><iframe loading=\"lazy\" src=\"\/\/www.youtube.com\/embed\/5HnwGudF-Vg\" width=\"560\" height=\"315\" frameborder=\"0\"><\/iframe><\/p>\n<p><iframe loading=\"lazy\" src=\"\/\/www.youtube.com\/embed\/EAp881g0JkU\" width=\"560\" height=\"315\" frameborder=\"0\"><\/iframe><\/td>\n<\/tr>\n<\/tbody>\n<\/table>\n<\/li>\n<\/ol>\n<p>&nbsp;<\/p>\n<table style=\"height: 135px; width: 313px;\">\n<tbody>\n<tr style=\"height: 135px;\">\n<td style=\"height: 135px; width: 307px;\"><strong>TORNA A VEURE TOTS ELS ITINERARIS<\/strong><a href=\"https:\/\/agora.xtec.cat\/ceip-montpalau-pineda\/tercer\/explorem\/explorem-sobre-laigua\/\" target=\"_blank\" rel=\"noopener noreferrer\"><img loading=\"lazy\" decoding=\"async\" class=\"wp-image-4257 aligncenter\" src=\"https:\/\/agora.xtec.cat\/ceip-montpalau-pineda\/wp-content\/uploads\/usu1776\/2020\/05\/itineraris.png\" alt=\"\" width=\"176\" height=\"153\" srcset=\"https:\/\/agora.xtec.cat\/ceip-montpalau-pineda\/wp-content\/uploads\/usu1776\/2020\/05\/itineraris.png 529w, https:\/\/agora.xtec.cat\/ceip-montpalau-pineda\/wp-content\/uploads\/usu1776\/2020\/05\/itineraris-300x261.png 300w\" sizes=\"auto, (max-width: 176px) 100vw, 176px\" \/><\/a><\/td>\n<\/tr>\n<\/tbody>\n<\/table>\n","protected":false},"excerpt":{"rendered":"<p>Tractament de l&#8217;aigua Aqu\u00ed teniu uns v\u00eddeos. Els mireu tantes vegades com necessiteu. Aqu\u00ed teniu una activitat. Un cop feta me l&#8217;envieu per correu electr\u00f2nic. Nom\u00e9s heu de fer click a la imatge Ara experimenteu vosaltres mateixos. Purificar aigua Fer una roda hidr\u00e0ulica per aprofitar la for\u00e7a de l&#8217;aigua. &nbsp; TORNA A VEURE TOTS ELS [&hellip;]<\/p>\n","protected":false},"author":6,"featured_media":0,"parent":4098,"menu_order":30,"comment_status":"closed","ping_status":"closed","template":"page-templates\/side-menu.php","meta":{"_bbp_topic_count":0,"_bbp_reply_count":0,"_bbp_total_topic_count":0,"_bbp_total_reply_count":0,"_bbp_voice_count":0,"_bbp_anonymous_reply_count":0,"_bbp_topic_count_hidden":0,"_bbp_reply_count_hidden":0,"_bbp_forum_subforum_count":0,"site-sidebar-layout":"default","site-content-layout":"","ast-site-content-layout":"","site-content-style":"default","site-sidebar-style":"default","ast-global-header-display":"","ast-banner-title-visibility":"","ast-main-header-display":"","ast-hfb-above-header-display":"","ast-hfb-below-header-display":"","ast-hfb-mobile-header-display":"","site-post-title":"","ast-breadcrumbs-content":"","ast-featured-img":"","footer-sml-layout":"","theme-transparent-header-meta":"","adv-header-id-meta":"","stick-header-meta":"","header-above-stick-meta":"","header-main-stick-meta":"","header-below-stick-meta":"","astra-migrate-meta-layouts":"default","ast-page-background-enabled":"default","ast-page-background-meta":{"desktop":{"background-color":"var(--ast-global-color-4)","background-image":"","background-repeat":"repeat","background-position":"center center","background-size":"auto","background-attachment":"scroll","background-type":"","background-media":"","overlay-type":"","overlay-color":"","overlay-opacity":"","overlay-gradient":""},"tablet":{"background-color":"","background-image":"","background-repeat":"repeat","background-position":"center center","background-size":"auto","background-attachment":"scroll","background-type":"","background-media":"","overlay-type":"","overlay-color":"","overlay-opacity":"","overlay-gradient":""},"mobile":{"background-color":"","background-image":"","background-repeat":"repeat","background-position":"center center","background-size":"auto","background-attachment":"scroll","background-type":"","background-media":"","overlay-type":"","overlay-color":"","overlay-opacity":"","overlay-gradient":""}},"ast-content-background-meta":{"desktop":{"background-color":"var(--ast-global-color-5)","background-image":"","background-repeat":"repeat","background-position":"center center","background-size":"auto","background-attachment":"scroll","background-type":"","background-media":"","overlay-type":"","overlay-color":"","overlay-opacity":"","overlay-gradient":""},"tablet":{"background-color":"var(--ast-global-color-5)","background-image":"","background-repeat":"repeat","background-position":"center center","background-size":"auto","background-attachment":"scroll","background-type":"","background-media":"","overlay-type":"","overlay-color":"","overlay-opacity":"","overlay-gradient":""},"mobile":{"background-color":"var(--ast-global-color-5)","background-image":"","background-repeat":"repeat","background-position":"center center","background-size":"auto","background-attachment":"scroll","background-type":"","background-media":"","overlay-type":"","overlay-color":"","overlay-opacity":"","overlay-gradient":""}},"footnotes":""},"class_list":["post-4128","page","type-page","status-publish","hentry"],"post_mailing_queue_ids":[],"_links":{"self":[{"href":"https:\/\/agora.xtec.cat\/ceip-montpalau-pineda\/wp-json\/wp\/v2\/pages\/4128","targetHints":{"allow":["GET"]}}],"collection":[{"href":"https:\/\/agora.xtec.cat\/ceip-montpalau-pineda\/wp-json\/wp\/v2\/pages"}],"about":[{"href":"https:\/\/agora.xtec.cat\/ceip-montpalau-pineda\/wp-json\/wp\/v2\/types\/page"}],"author":[{"embeddable":true,"href":"https:\/\/agora.xtec.cat\/ceip-montpalau-pineda\/wp-json\/wp\/v2\/users\/6"}],"replies":[{"embeddable":true,"href":"https:\/\/agora.xtec.cat\/ceip-montpalau-pineda\/wp-json\/wp\/v2\/comments?post=4128"}],"version-history":[{"count":4,"href":"https:\/\/agora.xtec.cat\/ceip-montpalau-pineda\/wp-json\/wp\/v2\/pages\/4128\/revisions"}],"predecessor-version":[{"id":4408,"href":"https:\/\/agora.xtec.cat\/ceip-montpalau-pineda\/wp-json\/wp\/v2\/pages\/4128\/revisions\/4408"}],"up":[{"embeddable":true,"href":"https:\/\/agora.xtec.cat\/ceip-montpalau-pineda\/wp-json\/wp\/v2\/pages\/4098"}],"wp:attachment":[{"href":"https:\/\/agora.xtec.cat\/ceip-montpalau-pineda\/wp-json\/wp\/v2\/media?parent=4128"}],"curies":[{"name":"wp","href":"https:\/\/api.w.org\/{rel}","templated":true}]}}