{"id":4126,"date":"2020-05-22T15:33:59","date_gmt":"2020-05-22T13:33:59","guid":{"rendered":"http:\/\/agora.xtec.cat\/ceip-montpalau-pineda\/?page_id=4126"},"modified":"2020-05-25T07:10:48","modified_gmt":"2020-05-25T05:10:48","slug":"cicle-de-laigua","status":"publish","type":"page","link":"https:\/\/agora.xtec.cat\/ceip-montpalau-pineda\/explorem\/explorem-sobre-laigua\/cicle-de-laigua\/","title":{"rendered":"ITINERARI 1. Cicle de l&#8217;aigua"},"content":{"rendered":"<h4>El cicle de l&#8217;aigua<\/h4>\n<p><a href=\"https:\/\/agora.xtec.cat\/ceip-montpalau-pineda\/wp-content\/uploads\/usu1776\/2020\/05\/cicle-aigua.jpg\"><img loading=\"lazy\" decoding=\"async\" class=\"alignnone size-full wp-image-4149\" src=\"https:\/\/agora.xtec.cat\/ceip-montpalau-pineda\/wp-content\/uploads\/usu1776\/2020\/05\/cicle-aigua.jpg\" alt=\"\" width=\"582\" height=\"138\" srcset=\"https:\/\/agora.xtec.cat\/ceip-montpalau-pineda\/wp-content\/uploads\/usu1776\/2020\/05\/cicle-aigua.jpg 582w, https:\/\/agora.xtec.cat\/ceip-montpalau-pineda\/wp-content\/uploads\/usu1776\/2020\/05\/cicle-aigua-300x71.jpg 300w\" sizes=\"auto, (max-width: 582px) 100vw, 582px\" \/><\/a><\/p>\n<ol>\n<li>\n<h5>Aqu\u00ed teniu uns v\u00eddeos. Els mireu tantes vegades com necessiteu.<iframe loading=\"lazy\" src=\"\/\/www.youtube.com\/embed\/LcvexHzRFe4\" width=\"560\" height=\"315\" frameborder=\"0\"><\/iframe><iframe loading=\"lazy\" src=\"\/\/www.youtube.com\/embed\/3QVj99UGk3Q\" width=\"560\" height=\"315\" frameborder=\"0\"><\/iframe><iframe loading=\"lazy\" src=\"\/\/www.youtube.com\/embed\/TIeB8YTBaRc\" width=\"560\" height=\"315\" frameborder=\"0\"><\/iframe><\/h5>\n<\/li>\n<li>\n<h5>Aqu\u00ed teniu una activitat interactiva per practicar i una fitxa.<\/h5>\n<h5>La fitxa un cop feta me l&#8217;envieu per correu electr\u00f2nic.<\/h5>\n<p>&nbsp;<\/p>\n<table style=\"width: 666px; height: 822px;\">\n<tbody>\n<tr style=\"height: 695px;\">\n<td style=\"width: 926px; height: 695px;\"><iframe loading=\"lazy\" src=\"\/\/www.tinytap.it\/activities\/g2l5m\/player\/embed\/\" width=\"900\" height=\"675\">    <\/iframe><\/td>\n<\/tr>\n<tr style=\"height: 127px;\">\n<td style=\"width: 926px; height: 127px;\"><a href=\"https:\/\/agora.xtec.cat\/ceip-montpalau-pineda\/wp-content\/uploads\/usu1776\/2020\/05\/Cicle-de-laigua.pdf\" target=\"_blank\" rel=\"noopener noreferrer\"><br \/>\n<img loading=\"lazy\" decoding=\"async\" class=\"aligncenter wp-image-4158\" src=\"https:\/\/agora.xtec.cat\/ceip-montpalau-pineda\/wp-content\/uploads\/usu1776\/2020\/05\/cicle-aigua-fitxa.png\" alt=\"\" width=\"239\" height=\"158\" srcset=\"https:\/\/agora.xtec.cat\/ceip-montpalau-pineda\/wp-content\/uploads\/usu1776\/2020\/05\/cicle-aigua-fitxa.png 591w, https:\/\/agora.xtec.cat\/ceip-montpalau-pineda\/wp-content\/uploads\/usu1776\/2020\/05\/cicle-aigua-fitxa-300x198.png 300w\" sizes=\"auto, (max-width: 239px) 100vw, 239px\" \/><\/a><\/td>\n<\/tr>\n<\/tbody>\n<\/table>\n<\/li>\n<li>\n<h5>Ara experimenteu vosaltres mateixos.<\/h5>\n<\/li>\n<\/ol>\n<h5><iframe loading=\"lazy\" src=\"\/\/www.youtube.com\/embed\/NF_m9atx4XA\" width=\"560\" height=\"315\" frameborder=\"0\" data-mce-fragment=\"1\"><\/iframe><\/h5>\n<p>&nbsp;<\/p>\n<table style=\"height: 135px; width: 315px;\">\n<tbody>\n<tr style=\"height: 135px;\">\n<td style=\"height: 135px; width: 309px;\"><strong>TORNA A VEURE TOTS ELS ITINERARIS<\/strong><a href=\"https:\/\/agora.xtec.cat\/ceip-montpalau-pineda\/tercer\/explorem\/explorem-sobre-laigua\/\" target=\"_blank\" rel=\"noopener noreferrer\"><img loading=\"lazy\" decoding=\"async\" class=\"wp-image-4257 aligncenter\" src=\"https:\/\/agora.xtec.cat\/ceip-montpalau-pineda\/wp-content\/uploads\/usu1776\/2020\/05\/itineraris.png\" alt=\"\" width=\"176\" height=\"153\" srcset=\"https:\/\/agora.xtec.cat\/ceip-montpalau-pineda\/wp-content\/uploads\/usu1776\/2020\/05\/itineraris.png 529w, https:\/\/agora.xtec.cat\/ceip-montpalau-pineda\/wp-content\/uploads\/usu1776\/2020\/05\/itineraris-300x261.png 300w\" sizes=\"auto, (max-width: 176px) 100vw, 176px\" \/><\/a><\/td>\n<\/tr>\n<\/tbody>\n<\/table>\n<p>&nbsp;<\/p>\n<p>&nbsp;<\/p>\n","protected":false},"excerpt":{"rendered":"<p>El cicle de l&#8217;aigua Aqu\u00ed teniu uns v\u00eddeos. Els mireu tantes vegades com necessiteu. Aqu\u00ed teniu una activitat interactiva per practicar i una fitxa. La fitxa un cop feta me l&#8217;envieu per correu electr\u00f2nic. &nbsp; Ara experimenteu vosaltres mateixos. &nbsp; TORNA A VEURE TOTS ELS ITINERARIS &nbsp; &nbsp;<\/p>\n","protected":false},"author":6,"featured_media":0,"parent":4098,"menu_order":20,"comment_status":"closed","ping_status":"closed","template":"page-templates\/side-menu.php","meta":{"_bbp_topic_count":0,"_bbp_reply_count":0,"_bbp_total_topic_count":0,"_bbp_total_reply_count":0,"_bbp_voice_count":0,"_bbp_anonymous_reply_count":0,"_bbp_topic_count_hidden":0,"_bbp_reply_count_hidden":0,"_bbp_forum_subforum_count":0,"site-sidebar-layout":"default","site-content-layout":"","ast-site-content-layout":"","site-content-style":"default","site-sidebar-style":"default","ast-global-header-display":"","ast-banner-title-visibility":"","ast-main-header-display":"","ast-hfb-above-header-display":"","ast-hfb-below-header-display":"","ast-hfb-mobile-header-display":"","site-post-title":"","ast-breadcrumbs-content":"","ast-featured-img":"","footer-sml-layout":"","theme-transparent-header-meta":"","adv-header-id-meta":"","stick-header-meta":"","header-above-stick-meta":"","header-main-stick-meta":"","header-below-stick-meta":"","astra-migrate-meta-layouts":"default","ast-page-background-enabled":"default","ast-page-background-meta":{"desktop":{"background-color":"var(--ast-global-color-4)","background-image":"","background-repeat":"repeat","background-position":"center center","background-size":"auto","background-attachment":"scroll","background-type":"","background-media":"","overlay-type":"","overlay-color":"","overlay-opacity":"","overlay-gradient":""},"tablet":{"background-color":"","background-image":"","background-repeat":"repeat","background-position":"center center","background-size":"auto","background-attachment":"scroll","background-type":"","background-media":"","overlay-type":"","overlay-color":"","overlay-opacity":"","overlay-gradient":""},"mobile":{"background-color":"","background-image":"","background-repeat":"repeat","background-position":"center center","background-size":"auto","background-attachment":"scroll","background-type":"","background-media":"","overlay-type":"","overlay-color":"","overlay-opacity":"","overlay-gradient":""}},"ast-content-background-meta":{"desktop":{"background-color":"var(--ast-global-color-5)","background-image":"","background-repeat":"repeat","background-position":"center center","background-size":"auto","background-attachment":"scroll","background-type":"","background-media":"","overlay-type":"","overlay-color":"","overlay-opacity":"","overlay-gradient":""},"tablet":{"background-color":"var(--ast-global-color-5)","background-image":"","background-repeat":"repeat","background-position":"center center","background-size":"auto","background-attachment":"scroll","background-type":"","background-media":"","overlay-type":"","overlay-color":"","overlay-opacity":"","overlay-gradient":""},"mobile":{"background-color":"var(--ast-global-color-5)","background-image":"","background-repeat":"repeat","background-position":"center center","background-size":"auto","background-attachment":"scroll","background-type":"","background-media":"","overlay-type":"","overlay-color":"","overlay-opacity":"","overlay-gradient":""}},"footnotes":""},"class_list":["post-4126","page","type-page","status-publish","hentry"],"post_mailing_queue_ids":[],"_links":{"self":[{"href":"https:\/\/agora.xtec.cat\/ceip-montpalau-pineda\/wp-json\/wp\/v2\/pages\/4126","targetHints":{"allow":["GET"]}}],"collection":[{"href":"https:\/\/agora.xtec.cat\/ceip-montpalau-pineda\/wp-json\/wp\/v2\/pages"}],"about":[{"href":"https:\/\/agora.xtec.cat\/ceip-montpalau-pineda\/wp-json\/wp\/v2\/types\/page"}],"author":[{"embeddable":true,"href":"https:\/\/agora.xtec.cat\/ceip-montpalau-pineda\/wp-json\/wp\/v2\/users\/6"}],"replies":[{"embeddable":true,"href":"https:\/\/agora.xtec.cat\/ceip-montpalau-pineda\/wp-json\/wp\/v2\/comments?post=4126"}],"version-history":[{"count":3,"href":"https:\/\/agora.xtec.cat\/ceip-montpalau-pineda\/wp-json\/wp\/v2\/pages\/4126\/revisions"}],"predecessor-version":[{"id":4269,"href":"https:\/\/agora.xtec.cat\/ceip-montpalau-pineda\/wp-json\/wp\/v2\/pages\/4126\/revisions\/4269"}],"up":[{"embeddable":true,"href":"https:\/\/agora.xtec.cat\/ceip-montpalau-pineda\/wp-json\/wp\/v2\/pages\/4098"}],"wp:attachment":[{"href":"https:\/\/agora.xtec.cat\/ceip-montpalau-pineda\/wp-json\/wp\/v2\/media?parent=4126"}],"curies":[{"name":"wp","href":"https:\/\/api.w.org\/{rel}","templated":true}]}}