{"id":4122,"date":"2020-05-22T15:31:39","date_gmt":"2020-05-22T13:31:39","guid":{"rendered":"http:\/\/agora.xtec.cat\/ceip-montpalau-pineda\/?page_id=4122"},"modified":"2020-05-25T06:56:27","modified_gmt":"2020-05-25T04:56:27","slug":"caracteristiques-de-laigua","status":"publish","type":"page","link":"https:\/\/agora.xtec.cat\/ceip-montpalau-pineda\/explorem\/explorem-sobre-laigua\/caracteristiques-de-laigua\/","title":{"rendered":"ITINERARI 4. Caracter\u00edstiques de l&#8217;aigua"},"content":{"rendered":"<h4>Caracter\u00edstiques de l&#8217;aigua<\/h4>\n<p><a href=\"https:\/\/agora.xtec.cat\/ceip-montpalau-pineda\/wp-content\/uploads\/usu1776\/2020\/05\/Captura-1.jpg\"><img loading=\"lazy\" decoding=\"async\" class=\"alignnone size-full wp-image-4174\" src=\"https:\/\/agora.xtec.cat\/ceip-montpalau-pineda\/wp-content\/uploads\/usu1776\/2020\/05\/Captura-1.jpg\" alt=\"\" width=\"629\" height=\"113\" srcset=\"https:\/\/agora.xtec.cat\/ceip-montpalau-pineda\/wp-content\/uploads\/usu1776\/2020\/05\/Captura-1.jpg 629w, https:\/\/agora.xtec.cat\/ceip-montpalau-pineda\/wp-content\/uploads\/usu1776\/2020\/05\/Captura-1-300x54.jpg 300w\" sizes=\"auto, (max-width: 629px) 100vw, 629px\" \/><\/a><\/p>\n<ol>\n<li>\n<h5>Aqu\u00ed teniu uns v\u00eddeos. Els mireu tantes vegades com necessiteu.<iframe loading=\"lazy\" src=\"\/\/www.youtube.com\/embed\/fxDKpEYAoSE\" width=\"560\" height=\"315\" frameborder=\"0\" data-mce-fragment=\"1\"><\/iframe><iframe loading=\"lazy\" src=\"\/\/www.youtube.com\/embed\/x2nKoFYolj8\" width=\"560\" height=\"315\" frameborder=\"0\" data-mce-fragment=\"1\"><\/iframe><iframe loading=\"lazy\" src=\"\/\/www.youtube.com\/embed\/3mKf_l7fLoo\" width=\"560\" height=\"315\" frameborder=\"0\"><\/iframe><\/h5>\n<\/li>\n<li>\n<h5>Aqu\u00ed teniu una activitat. Un cop feta me l&#8217;envieu per correu electr\u00f2nic.<\/h5>\n<table style=\"width: 349px; height: 203px;\">\n<tbody>\n<tr style=\"height: 203px;\">\n<td style=\"width: 343px; height: 203px;\"><a href=\"https:\/\/agora.xtec.cat\/ceip-montpalau-pineda\/wp-content\/uploads\/usu1776\/2020\/05\/Caracter\u00edstiques-de-laigua.pdf\" target=\"_blank\" rel=\"noopener noreferrer\"><img loading=\"lazy\" decoding=\"async\" class=\"alignnone size-full wp-image-4171\" src=\"https:\/\/agora.xtec.cat\/ceip-montpalau-pineda\/wp-content\/uploads\/usu1776\/2020\/05\/CARACTERISTIQUES.jpg\" alt=\"\" width=\"882\" height=\"405\" srcset=\"https:\/\/agora.xtec.cat\/ceip-montpalau-pineda\/wp-content\/uploads\/usu1776\/2020\/05\/CARACTERISTIQUES.jpg 882w, https:\/\/agora.xtec.cat\/ceip-montpalau-pineda\/wp-content\/uploads\/usu1776\/2020\/05\/CARACTERISTIQUES-300x138.jpg 300w, https:\/\/agora.xtec.cat\/ceip-montpalau-pineda\/wp-content\/uploads\/usu1776\/2020\/05\/CARACTERISTIQUES-768x353.jpg 768w\" sizes=\"auto, (max-width: 882px) 100vw, 882px\" \/><\/a><\/p>\n<p><em>Nom\u00e9s heu de fer click a la imatge<\/em><\/td>\n<\/tr>\n<\/tbody>\n<\/table>\n<\/li>\n<li>\n<h5>Ara experimenteu vosaltres mateixos.<\/h5>\n<\/li>\n<\/ol>\n<p>Us proposo dos videos per experimentar. Proveu a fer-los i m&#8217;expliqueu per qu\u00e8 passa aix\u00f2.<\/p>\n<table style=\"width: 586px;\">\n<tbody>\n<tr>\n<td style=\"width: 586px;\"><strong>LA LLUM DEL SOL<\/strong><\/p>\n<p><iframe loading=\"lazy\" src=\"\/\/www.youtube.com\/embed\/b-yvj31j7Ww\" width=\"560\" height=\"315\" frameborder=\"0\"><\/iframe><\/td>\n<\/tr>\n<tr>\n<td style=\"width: 586px;\"><strong>EXPERIMENTS AMB AIGUA<\/strong><\/p>\n<p><iframe loading=\"lazy\" src=\"\/\/www.youtube.com\/embed\/ZPYMZFLMgXE\" width=\"560\" height=\"315\" frameborder=\"0\"><\/iframe><\/td>\n<\/tr>\n<\/tbody>\n<\/table>\n<p>&nbsp;<\/p>\n<table style=\"height: 135px; width: 315px;\">\n<tbody>\n<tr style=\"height: 135px;\">\n<td style=\"height: 135px; width: 309px;\"><strong>TORNA A VEURE TOTS ELS ITINERARIS<\/strong><a href=\"https:\/\/agora.xtec.cat\/ceip-montpalau-pineda\/tercer\/explorem\/explorem-sobre-laigua\/\" target=\"_blank\" rel=\"noopener noreferrer\"><img loading=\"lazy\" decoding=\"async\" class=\"wp-image-4257 aligncenter\" src=\"https:\/\/agora.xtec.cat\/ceip-montpalau-pineda\/wp-content\/uploads\/usu1776\/2020\/05\/itineraris.png\" alt=\"\" width=\"176\" height=\"153\" srcset=\"https:\/\/agora.xtec.cat\/ceip-montpalau-pineda\/wp-content\/uploads\/usu1776\/2020\/05\/itineraris.png 529w, https:\/\/agora.xtec.cat\/ceip-montpalau-pineda\/wp-content\/uploads\/usu1776\/2020\/05\/itineraris-300x261.png 300w\" sizes=\"auto, (max-width: 176px) 100vw, 176px\" \/><\/a><\/td>\n<\/tr>\n<\/tbody>\n<\/table>\n<p class=\"text-recordatori\">\n","protected":false},"excerpt":{"rendered":"<p>Caracter\u00edstiques de l&#8217;aigua Aqu\u00ed teniu uns v\u00eddeos. Els mireu tantes vegades com necessiteu. Aqu\u00ed teniu una activitat. Un cop feta me l&#8217;envieu per correu electr\u00f2nic. Nom\u00e9s heu de fer click a la imatge Ara experimenteu vosaltres mateixos. Us proposo dos videos per experimentar. Proveu a fer-los i m&#8217;expliqueu per qu\u00e8 passa aix\u00f2. LA LLUM DEL [&hellip;]<\/p>\n","protected":false},"author":6,"featured_media":0,"parent":4098,"menu_order":10,"comment_status":"closed","ping_status":"closed","template":"page-templates\/side-menu.php","meta":{"_bbp_topic_count":0,"_bbp_reply_count":0,"_bbp_total_topic_count":0,"_bbp_total_reply_count":0,"_bbp_voice_count":0,"_bbp_anonymous_reply_count":0,"_bbp_topic_count_hidden":0,"_bbp_reply_count_hidden":0,"_bbp_forum_subforum_count":0,"site-sidebar-layout":"default","site-content-layout":"","ast-site-content-layout":"","site-content-style":"default","site-sidebar-style":"default","ast-global-header-display":"","ast-banner-title-visibility":"","ast-main-header-display":"","ast-hfb-above-header-display":"","ast-hfb-below-header-display":"","ast-hfb-mobile-header-display":"","site-post-title":"","ast-breadcrumbs-content":"","ast-featured-img":"","footer-sml-layout":"","theme-transparent-header-meta":"","adv-header-id-meta":"","stick-header-meta":"","header-above-stick-meta":"","header-main-stick-meta":"","header-below-stick-meta":"","astra-migrate-meta-layouts":"default","ast-page-background-enabled":"default","ast-page-background-meta":{"desktop":{"background-color":"var(--ast-global-color-4)","background-image":"","background-repeat":"repeat","background-position":"center center","background-size":"auto","background-attachment":"scroll","background-type":"","background-media":"","overlay-type":"","overlay-color":"","overlay-opacity":"","overlay-gradient":""},"tablet":{"background-color":"","background-image":"","background-repeat":"repeat","background-position":"center center","background-size":"auto","background-attachment":"scroll","background-type":"","background-media":"","overlay-type":"","overlay-color":"","overlay-opacity":"","overlay-gradient":""},"mobile":{"background-color":"","background-image":"","background-repeat":"repeat","background-position":"center center","background-size":"auto","background-attachment":"scroll","background-type":"","background-media":"","overlay-type":"","overlay-color":"","overlay-opacity":"","overlay-gradient":""}},"ast-content-background-meta":{"desktop":{"background-color":"var(--ast-global-color-5)","background-image":"","background-repeat":"repeat","background-position":"center center","background-size":"auto","background-attachment":"scroll","background-type":"","background-media":"","overlay-type":"","overlay-color":"","overlay-opacity":"","overlay-gradient":""},"tablet":{"background-color":"var(--ast-global-color-5)","background-image":"","background-repeat":"repeat","background-position":"center center","background-size":"auto","background-attachment":"scroll","background-type":"","background-media":"","overlay-type":"","overlay-color":"","overlay-opacity":"","overlay-gradient":""},"mobile":{"background-color":"var(--ast-global-color-5)","background-image":"","background-repeat":"repeat","background-position":"center center","background-size":"auto","background-attachment":"scroll","background-type":"","background-media":"","overlay-type":"","overlay-color":"","overlay-opacity":"","overlay-gradient":""}},"footnotes":""},"class_list":["post-4122","page","type-page","status-publish","hentry"],"post_mailing_queue_ids":[],"_links":{"self":[{"href":"https:\/\/agora.xtec.cat\/ceip-montpalau-pineda\/wp-json\/wp\/v2\/pages\/4122","targetHints":{"allow":["GET"]}}],"collection":[{"href":"https:\/\/agora.xtec.cat\/ceip-montpalau-pineda\/wp-json\/wp\/v2\/pages"}],"about":[{"href":"https:\/\/agora.xtec.cat\/ceip-montpalau-pineda\/wp-json\/wp\/v2\/types\/page"}],"author":[{"embeddable":true,"href":"https:\/\/agora.xtec.cat\/ceip-montpalau-pineda\/wp-json\/wp\/v2\/users\/6"}],"replies":[{"embeddable":true,"href":"https:\/\/agora.xtec.cat\/ceip-montpalau-pineda\/wp-json\/wp\/v2\/comments?post=4122"}],"version-history":[{"count":4,"href":"https:\/\/agora.xtec.cat\/ceip-montpalau-pineda\/wp-json\/wp\/v2\/pages\/4122\/revisions"}],"predecessor-version":[{"id":4266,"href":"https:\/\/agora.xtec.cat\/ceip-montpalau-pineda\/wp-json\/wp\/v2\/pages\/4122\/revisions\/4266"}],"up":[{"embeddable":true,"href":"https:\/\/agora.xtec.cat\/ceip-montpalau-pineda\/wp-json\/wp\/v2\/pages\/4098"}],"wp:attachment":[{"href":"https:\/\/agora.xtec.cat\/ceip-montpalau-pineda\/wp-json\/wp\/v2\/media?parent=4122"}],"curies":[{"name":"wp","href":"https:\/\/api.w.org\/{rel}","templated":true}]}}