{"id":4098,"date":"2020-05-20T16:20:00","date_gmt":"2020-05-20T14:20:00","guid":{"rendered":"http:\/\/agora.xtec.cat\/ceip-montpalau-pineda\/?page_id=4098"},"modified":"2020-05-25T06:43:41","modified_gmt":"2020-05-25T04:43:41","slug":"explorem-sobre-laigua","status":"publish","type":"page","link":"https:\/\/agora.xtec.cat\/ceip-montpalau-pineda\/explorem\/explorem-sobre-laigua\/","title":{"rendered":"EXPLOREM SOBRE L&#8217;AIGUA"},"content":{"rendered":"<table style=\"width: 897px;\">\n<tbody>\n<tr>\n<td style=\"width: 462px;\"><a href=\"https:\/\/agora.xtec.cat\/ceip-montpalau-pineda\/wp-content\/uploads\/usu1776\/2020\/05\/be-water.jpg\"><img loading=\"lazy\" decoding=\"async\" class=\"alignnone wp-image-4110\" src=\"https:\/\/agora.xtec.cat\/ceip-montpalau-pineda\/wp-content\/uploads\/usu1776\/2020\/05\/be-water-1024x571.jpg\" alt=\"\" width=\"504\" height=\"281\" srcset=\"https:\/\/agora.xtec.cat\/ceip-montpalau-pineda\/wp-content\/uploads\/usu1776\/2020\/05\/be-water-1024x571.jpg 1024w, https:\/\/agora.xtec.cat\/ceip-montpalau-pineda\/wp-content\/uploads\/usu1776\/2020\/05\/be-water-300x167.jpg 300w, https:\/\/agora.xtec.cat\/ceip-montpalau-pineda\/wp-content\/uploads\/usu1776\/2020\/05\/be-water-768x428.jpg 768w, https:\/\/agora.xtec.cat\/ceip-montpalau-pineda\/wp-content\/uploads\/usu1776\/2020\/05\/be-water.jpg 1058w\" sizes=\"auto, (max-width: 504px) 100vw, 504px\" \/><\/a><\/td>\n<td style=\"width: 427px;\"><a href=\"https:\/\/agora.xtec.cat\/ceip-montpalau-pineda\/wp-content\/uploads\/usu1776\/2020\/05\/PREGUNTES1.jpg\"><img loading=\"lazy\" decoding=\"async\" class=\"alignnone wp-image-4215\" src=\"https:\/\/agora.xtec.cat\/ceip-montpalau-pineda\/wp-content\/uploads\/usu1776\/2020\/05\/PREGUNTES1-1024x567.jpg\" alt=\"\" width=\"454\" height=\"251\" srcset=\"https:\/\/agora.xtec.cat\/ceip-montpalau-pineda\/wp-content\/uploads\/usu1776\/2020\/05\/PREGUNTES1-1024x567.jpg 1024w, https:\/\/agora.xtec.cat\/ceip-montpalau-pineda\/wp-content\/uploads\/usu1776\/2020\/05\/PREGUNTES1-300x166.jpg 300w, https:\/\/agora.xtec.cat\/ceip-montpalau-pineda\/wp-content\/uploads\/usu1776\/2020\/05\/PREGUNTES1-768x425.jpg 768w, https:\/\/agora.xtec.cat\/ceip-montpalau-pineda\/wp-content\/uploads\/usu1776\/2020\/05\/PREGUNTES1.jpg 1061w\" sizes=\"auto, (max-width: 454px) 100vw, 454px\" \/><\/a><\/td>\n<\/tr>\n<\/tbody>\n<\/table>\n<ul style=\"list-style-type: disc;\">\n<li>\n<h4>Les preguntes que heu formulat estan agrupades per temes en itineraris.<a href=\"https:\/\/agora.xtec.cat\/ceip-montpalau-pineda\/wp-content\/uploads\/usu1776\/2020\/05\/itineraris.png\"><img loading=\"lazy\" decoding=\"async\" class=\"wp-image-4257 alignnone\" src=\"https:\/\/agora.xtec.cat\/ceip-montpalau-pineda\/wp-content\/uploads\/usu1776\/2020\/05\/itineraris.png\" alt=\"\" width=\"372\" height=\"324\" srcset=\"https:\/\/agora.xtec.cat\/ceip-montpalau-pineda\/wp-content\/uploads\/usu1776\/2020\/05\/itineraris.png 529w, https:\/\/agora.xtec.cat\/ceip-montpalau-pineda\/wp-content\/uploads\/usu1776\/2020\/05\/itineraris-300x261.png 300w\" sizes=\"auto, (max-width: 372px) 100vw, 372px\" \/><\/a><\/h4>\n<\/li>\n<li>\n<h4>Investigant sobre un tema es pot resoldre m\u00e9s d&#8217;una pregunta.<\/h4>\n<\/li>\n<li>\n<h4>Decidiu per quin grup de preguntes voleu comen\u00e7ar.<\/h4>\n<\/li>\n<li>\n<h4>Podeu canviar d&#8217;itinerari NOM\u00c9S quan hagueu acabat i entregat el que esteu fent.<\/h4>\n<table style=\"height: 206px;\">\n<tbody>\n<tr style=\"height: 206px;\">\n<td style=\"height: 206px; width: 602px;\">\n<h4><strong>INTINERARI 1<\/strong><\/h4>\n<p><a href=\"https:\/\/agora.xtec.cat\/ceip-montpalau-pineda\/tercer\/explorem\/explorem-sobre-laigua\/cicle-de-laigua\/\" target=\"_blank\" rel=\"noopener noreferrer\"><img loading=\"lazy\" decoding=\"async\" class=\"alignnone size-full wp-image-4149\" src=\"https:\/\/agora.xtec.cat\/ceip-montpalau-pineda\/wp-content\/uploads\/usu1776\/2020\/05\/cicle-aigua.jpg\" alt=\"\" width=\"582\" height=\"138\" srcset=\"https:\/\/agora.xtec.cat\/ceip-montpalau-pineda\/wp-content\/uploads\/usu1776\/2020\/05\/cicle-aigua.jpg 582w, https:\/\/agora.xtec.cat\/ceip-montpalau-pineda\/wp-content\/uploads\/usu1776\/2020\/05\/cicle-aigua-300x71.jpg 300w\" sizes=\"auto, (max-width: 582px) 100vw, 582px\" \/><\/a><\/td>\n<\/tr>\n<\/tbody>\n<\/table>\n<table style=\"width: 529px; height: 155px;\">\n<tbody>\n<tr style=\"height: 155px;\">\n<td style=\"width: 523px; height: 155px;\">\n<h4><strong>INTINERARI 2<\/strong><\/h4>\n<p><a href=\"https:\/\/agora.xtec.cat\/ceip-montpalau-pineda\/tercer\/explorem\/explorem-sobre-laigua\/tractament-de-laigua\/\" target=\"_blank\" rel=\"noopener noreferrer\"><img loading=\"lazy\" decoding=\"async\" class=\"alignnone size-large wp-image-4116\" src=\"https:\/\/agora.xtec.cat\/ceip-montpalau-pineda\/wp-content\/uploads\/usu1776\/2020\/05\/3.jpg\" alt=\"\" width=\"455\" height=\"90\" srcset=\"https:\/\/agora.xtec.cat\/ceip-montpalau-pineda\/wp-content\/uploads\/usu1776\/2020\/05\/3.jpg 455w, https:\/\/agora.xtec.cat\/ceip-montpalau-pineda\/wp-content\/uploads\/usu1776\/2020\/05\/3-300x59.jpg 300w\" sizes=\"auto, (max-width: 455px) 100vw, 455px\" \/><\/a><\/td>\n<\/tr>\n<\/tbody>\n<\/table>\n<table style=\"width: 529px; height: 175px;\">\n<tbody>\n<tr style=\"height: 175px;\">\n<td style=\"width: 523px; height: 175px;\">\n<h4><strong>INTINERARI 3<\/strong><\/h4>\n<p><a href=\"https:\/\/agora.xtec.cat\/ceip-montpalau-pineda\/tercer\/explorem\/explorem-sobre-laigua\/laigua-per-viure\/\" target=\"_blank\" rel=\"noopener noreferrer\"><img loading=\"lazy\" decoding=\"async\" class=\"alignnone size-large wp-image-4117\" src=\"https:\/\/agora.xtec.cat\/ceip-montpalau-pineda\/wp-content\/uploads\/usu1776\/2020\/05\/2.jpg\" alt=\"\" width=\"442\" height=\"121\" srcset=\"https:\/\/agora.xtec.cat\/ceip-montpalau-pineda\/wp-content\/uploads\/usu1776\/2020\/05\/2.jpg 442w, https:\/\/agora.xtec.cat\/ceip-montpalau-pineda\/wp-content\/uploads\/usu1776\/2020\/05\/2-300x82.jpg 300w\" sizes=\"auto, (max-width: 442px) 100vw, 442px\" \/><\/a><\/td>\n<\/tr>\n<\/tbody>\n<\/table>\n<table style=\"width: 535px; height: 160px;\">\n<tbody>\n<tr style=\"height: 160px;\">\n<td style=\"width: 529px; height: 160px;\">\n<h4><strong>INTINERARI 4<\/strong><\/h4>\n<p><a href=\"https:\/\/agora.xtec.cat\/ceip-montpalau-pineda\/tercer\/explorem\/explorem-sobre-laigua\/caracteristiques-de-laigua\/\" target=\"_blank\" rel=\"noopener noreferrer\"><img loading=\"lazy\" decoding=\"async\" class=\"alignnone size-full wp-image-4174\" src=\"https:\/\/agora.xtec.cat\/ceip-montpalau-pineda\/wp-content\/uploads\/usu1776\/2020\/05\/Captura-1.jpg\" alt=\"\" width=\"629\" height=\"113\" srcset=\"https:\/\/agora.xtec.cat\/ceip-montpalau-pineda\/wp-content\/uploads\/usu1776\/2020\/05\/Captura-1.jpg 629w, https:\/\/agora.xtec.cat\/ceip-montpalau-pineda\/wp-content\/uploads\/usu1776\/2020\/05\/Captura-1-300x54.jpg 300w\" sizes=\"auto, (max-width: 629px) 100vw, 629px\" \/><\/a><\/td>\n<\/tr>\n<\/tbody>\n<\/table>\n<table style=\"width: 535px; height: 139px;\">\n<tbody>\n<tr style=\"height: 139px;\">\n<td style=\"width: 529px; height: 139px;\">\n<h4><strong>INTINERARI 5<\/strong><\/h4>\n<p><a href=\"https:\/\/agora.xtec.cat\/ceip-montpalau-pineda\/tercer\/explorem\/explorem-sobre-laigua\/curiositats\/\" target=\"_blank\" rel=\"noopener noreferrer\"><img loading=\"lazy\" decoding=\"async\" class=\"alignnone size-large wp-image-4115\" src=\"https:\/\/agora.xtec.cat\/ceip-montpalau-pineda\/wp-content\/uploads\/usu1776\/2020\/05\/4.jpg\" alt=\"\" width=\"509\" height=\"67\" srcset=\"https:\/\/agora.xtec.cat\/ceip-montpalau-pineda\/wp-content\/uploads\/usu1776\/2020\/05\/4.jpg 509w, https:\/\/agora.xtec.cat\/ceip-montpalau-pineda\/wp-content\/uploads\/usu1776\/2020\/05\/4-300x39.jpg 300w\" sizes=\"auto, (max-width: 509px) 100vw, 509px\" \/><\/a><\/td>\n<\/tr>\n<\/tbody>\n<\/table>\n<p>&nbsp;<\/li>\n<\/ul>\n","protected":false},"excerpt":{"rendered":"<p>Les preguntes que heu formulat estan agrupades per temes en itineraris. Investigant sobre un tema es pot resoldre m\u00e9s d&#8217;una pregunta. Decidiu per quin grup de preguntes voleu comen\u00e7ar. Podeu canviar d&#8217;itinerari NOM\u00c9S quan hagueu acabat i entregat el que esteu fent. INTINERARI 1 INTINERARI 2 INTINERARI 3 INTINERARI 4 INTINERARI 5 &nbsp;<\/p>\n","protected":false},"author":6,"featured_media":0,"parent":1776,"menu_order":70,"comment_status":"closed","ping_status":"closed","template":"page-templates\/side-menu.php","meta":{"_bbp_topic_count":0,"_bbp_reply_count":0,"_bbp_total_topic_count":0,"_bbp_total_reply_count":0,"_bbp_voice_count":0,"_bbp_anonymous_reply_count":0,"_bbp_topic_count_hidden":0,"_bbp_reply_count_hidden":0,"_bbp_forum_subforum_count":0,"site-sidebar-layout":"default","site-content-layout":"","ast-site-content-layout":"","site-content-style":"default","site-sidebar-style":"default","ast-global-header-display":"","ast-banner-title-visibility":"","ast-main-header-display":"","ast-hfb-above-header-display":"","ast-hfb-below-header-display":"","ast-hfb-mobile-header-display":"","site-post-title":"","ast-breadcrumbs-content":"","ast-featured-img":"","footer-sml-layout":"","theme-transparent-header-meta":"","adv-header-id-meta":"","stick-header-meta":"","header-above-stick-meta":"","header-main-stick-meta":"","header-below-stick-meta":"","astra-migrate-meta-layouts":"default","ast-page-background-enabled":"default","ast-page-background-meta":{"desktop":{"background-color":"var(--ast-global-color-4)","background-image":"","background-repeat":"repeat","background-position":"center center","background-size":"auto","background-attachment":"scroll","background-type":"","background-media":"","overlay-type":"","overlay-color":"","overlay-opacity":"","overlay-gradient":""},"tablet":{"background-color":"","background-image":"","background-repeat":"repeat","background-position":"center center","background-size":"auto","background-attachment":"scroll","background-type":"","background-media":"","overlay-type":"","overlay-color":"","overlay-opacity":"","overlay-gradient":""},"mobile":{"background-color":"","background-image":"","background-repeat":"repeat","background-position":"center center","background-size":"auto","background-attachment":"scroll","background-type":"","background-media":"","overlay-type":"","overlay-color":"","overlay-opacity":"","overlay-gradient":""}},"ast-content-background-meta":{"desktop":{"background-color":"var(--ast-global-color-5)","background-image":"","background-repeat":"repeat","background-position":"center center","background-size":"auto","background-attachment":"scroll","background-type":"","background-media":"","overlay-type":"","overlay-color":"","overlay-opacity":"","overlay-gradient":""},"tablet":{"background-color":"var(--ast-global-color-5)","background-image":"","background-repeat":"repeat","background-position":"center center","background-size":"auto","background-attachment":"scroll","background-type":"","background-media":"","overlay-type":"","overlay-color":"","overlay-opacity":"","overlay-gradient":""},"mobile":{"background-color":"var(--ast-global-color-5)","background-image":"","background-repeat":"repeat","background-position":"center center","background-size":"auto","background-attachment":"scroll","background-type":"","background-media":"","overlay-type":"","overlay-color":"","overlay-opacity":"","overlay-gradient":""}},"footnotes":""},"class_list":["post-4098","page","type-page","status-publish","hentry"],"post_mailing_queue_ids":[],"_links":{"self":[{"href":"https:\/\/agora.xtec.cat\/ceip-montpalau-pineda\/wp-json\/wp\/v2\/pages\/4098","targetHints":{"allow":["GET"]}}],"collection":[{"href":"https:\/\/agora.xtec.cat\/ceip-montpalau-pineda\/wp-json\/wp\/v2\/pages"}],"about":[{"href":"https:\/\/agora.xtec.cat\/ceip-montpalau-pineda\/wp-json\/wp\/v2\/types\/page"}],"author":[{"embeddable":true,"href":"https:\/\/agora.xtec.cat\/ceip-montpalau-pineda\/wp-json\/wp\/v2\/users\/6"}],"replies":[{"embeddable":true,"href":"https:\/\/agora.xtec.cat\/ceip-montpalau-pineda\/wp-json\/wp\/v2\/comments?post=4098"}],"version-history":[{"count":4,"href":"https:\/\/agora.xtec.cat\/ceip-montpalau-pineda\/wp-json\/wp\/v2\/pages\/4098\/revisions"}],"predecessor-version":[{"id":4259,"href":"https:\/\/agora.xtec.cat\/ceip-montpalau-pineda\/wp-json\/wp\/v2\/pages\/4098\/revisions\/4259"}],"up":[{"embeddable":true,"href":"https:\/\/agora.xtec.cat\/ceip-montpalau-pineda\/wp-json\/wp\/v2\/pages\/1776"}],"wp:attachment":[{"href":"https:\/\/agora.xtec.cat\/ceip-montpalau-pineda\/wp-json\/wp\/v2\/media?parent=4098"}],"curies":[{"name":"wp","href":"https:\/\/api.w.org\/{rel}","templated":true}]}}