{"id":3762,"date":"2026-02-25T14:01:32","date_gmt":"2026-02-25T13:01:32","guid":{"rendered":"http:\/\/agora.xtec.cat\/ceip-montpalau-pineda\/?page_id=3762"},"modified":"2026-02-25T14:01:53","modified_gmt":"2026-02-25T13:01:53","slug":"preinscripcio-i-matricula-2020-2021","status":"publish","type":"page","link":"https:\/\/agora.xtec.cat\/ceip-montpalau-pineda\/preinscripcio-i-matricula-2020-2021\/","title":{"rendered":"PREINSCRIPCI\u00d3 I MATR\u00cdCULA 2026-2027"},"content":{"rendered":"<p>Benvolgudes fam\u00edlies,<\/p>\n<h5>Us informem que s&#8217;ha publicat, a la <strong>Resoluci\u00f3 <\/strong>\u00a0relativa a la PREINSCRIPCI\u00d3 I MATR\u00cdCULA del curs 2026-2027<\/h5>\n<h6>Al\u00a0 seg\u00fcent <a href=\"https:\/\/preinscripcio.gencat.cat\/ca\/inici\">enlla\u00e7<\/a> trobareu tota la informaci\u00f3 en relaci\u00f3 a aquest proc\u00e9s:<\/h6>\n<ul>\n<li>\u2192 Cal presentar sol\u00b7licitud en els casos seg\u00fcents:<\/li>\n<\/ul>\n<p style=\"padding-left: 40px;\">&#8211; Per ser adm\u00e8s\/a <strong><em>per primera vegada en un centre<\/em><\/strong> per cursar qualsevol ensenyament sufragat amb fons<br \/>\np\u00fablics.<br \/>\n<span style=\"color: #800080;\">&#8211; <em><strong>Per accedir al segon cicle d&#8217;educaci\u00f3 infantil<\/strong><\/em>. (I3)<\/span><br \/>\n&#8211; Per accedir al batxillerat de la modalitat d&#8217;arts, a qualsevol modalitat de batxillerat si es cursa o s&#8217;ha cursat.<br \/>\nun cicle formatiu o a qualsevol altre ensenyament post-obligatori, encara que s&#8217;imparteixi en el mateix centre o<br \/>\naula on s&#8217;est\u00e0 matriculat, i per accedir al batxillerat si es prov\u00e9 d&#8217;un institut on no s&#8217;imparteix el batxillerat.<br \/>\n&#8211; Per accedir a centres integrats (centres que imparteixen educaci\u00f3 prim\u00e0ria, educaci\u00f3 secund\u00e0ria obligat\u00f2ria o batxillerat, i tamb\u00e9 ensenyaments de m\u00fasica o de dansa).<br \/>\n&#8211; Per accedir als ensenyaments professionals de dansa en un centre integrat.<br \/>\n&#8211; Per accedir als ensenyaments professionals de m\u00fasica en un centre integrat.<br \/>\n&#8211; Per canviar de centre.<\/p>\n<ul>\n<li>\n<h5>\u2192 MOLT IMPORTANT!\u00a0<span style=\"color: #800000;\"><span style=\"color: #800080;\"> <strong style=\"font-size: 1em;\">LES SOL\u00b7LICITUDS<\/strong><strong style=\"font-size: 1em;\"> s&#8217;han de presentar\u00a0 \u00a0<\/strong><\/span><\/span><span style=\"color: #800000;\"><span style=\"color: #800080;\"><strong style=\"font-size: 1em;\">entre el <\/strong>4 i el 18 de mar\u00e7.\u00a0 \u00a0<\/span><\/span><span style=\"color: #800000;\"><span style=\"color: #800080;\"><span style=\"color: #0000ff;\">S&#8217;han de presentar<\/span><strong style=\"font-size: 1em;\"><span style=\"color: #0000ff;\"><strong> ELECTR\u00d2NICAMENT:<\/strong><\/span><\/strong><\/span><\/span><\/h5>\n<ul>\n<li>\n<h5><span style=\"color: #800000;\"><span style=\"color: #800080;\"><span style=\"color: #0000ff;\">Infantil 3, 4 i 5 anys en aquest <\/span><strong><span style=\"color: #0000ff;\"><a href=\"https:\/\/educacio.gencat.cat\/ca\/tramits\/tramits-temes\/perinscripcio-obligatoris?&amp;moda=1\">enlla\u00e7.<\/a> \u00a0<\/span><\/strong><\/span><\/span><\/h5>\n<\/li>\n<li>\n<h5><span style=\"color: #800000;\"><span style=\"color: #800080;\"><strong><span style=\"color: #0000ff;\">Prim\u00e0ria 6 &#8211; 12 anys en aquest altre <a href=\"https:\/\/educacio.gencat.cat\/ca\/tramits\/tramits-temes\/perinscripcio-obligatoris?&amp;moda=2\">enlla\u00e7<\/a>.<\/span><\/strong><\/span><strong>\u00a0<\/strong><\/span><\/h5>\n<p><strong><span style=\"color: #ff0000;\">NO S&#8217;ACCEPTEN SOL\u00b7LICITUDS EN PAPER.<\/span><\/strong><\/li>\n<\/ul>\n<\/li>\n<li><em><strong><span style=\"color: #800000;\">Cal disposar d&#8217;identificaci\u00f3 digital!<\/span>\u00a0<\/strong><\/em>(DNIe, IdCAT M\u00f4bil, Certificat digital&#8230;).<\/li>\n<\/ul>\n<ul>\n<li style=\"list-style-type: none;\"><\/li>\n<\/ul>\n<p>No dubteu a escriure&#8217;ns un correu o telefonar-nos si necessiteu qualsevol aclariment.<\/p>\n<p>Atentament,<\/p>\n<p>Equip directiu<\/p>\n<table style=\"width: 572px;\">\n<tbody>\n<tr>\n<td style=\"background-color: #d1d7e8; border-color: #3345a6; width: 566px;\">\n<ul>\n<li>\n<h3>Correu electr\u00f2nic: <a href=\"mailto:a8045033@xtec.cat\"><strong>a8045033@xtec.cat<\/strong><\/a><\/h3>\n<\/li>\n<li>\n<h3>Tel\u00e8fon : 9<strong>3 762 44 52<\/strong><\/h3>\n<\/li>\n<\/ul>\n<\/td>\n<\/tr>\n<\/tbody>\n<\/table>\n","protected":false},"excerpt":{"rendered":"<p>Benvolgudes fam\u00edlies, Us informem que s&#8217;ha publicat, a la Resoluci\u00f3 \u00a0relativa a la PREINSCRIPCI\u00d3 I MATR\u00cdCULA del curs 2026-2027 Al\u00a0 seg\u00fcent enlla\u00e7 trobareu tota la informaci\u00f3 en relaci\u00f3 a aquest proc\u00e9s: \u2192 Cal presentar sol\u00b7licitud en els casos seg\u00fcents: &#8211; Per ser adm\u00e8s\/a per primera vegada en un centre per cursar qualsevol ensenyament sufragat amb [&hellip;]<\/p>\n","protected":false},"author":6,"featured_media":0,"parent":0,"menu_order":0,"comment_status":"closed","ping_status":"closed","template":"","meta":{"_bbp_topic_count":0,"_bbp_reply_count":0,"_bbp_total_topic_count":0,"_bbp_total_reply_count":0,"_bbp_voice_count":0,"_bbp_anonymous_reply_count":0,"_bbp_topic_count_hidden":0,"_bbp_reply_count_hidden":0,"_bbp_forum_subforum_count":0,"site-sidebar-layout":"default","site-content-layout":"","ast-site-content-layout":"default","site-content-style":"default","site-sidebar-style":"default","ast-global-header-display":"","ast-banner-title-visibility":"","ast-main-header-display":"","ast-hfb-above-header-display":"","ast-hfb-below-header-display":"","ast-hfb-mobile-header-display":"","site-post-title":"","ast-breadcrumbs-content":"","ast-featured-img":"","footer-sml-layout":"","theme-transparent-header-meta":"","adv-header-id-meta":"","stick-header-meta":"","header-above-stick-meta":"","header-main-stick-meta":"","header-below-stick-meta":"","astra-migrate-meta-layouts":"set","ast-page-background-enabled":"default","ast-page-background-meta":{"desktop":{"background-color":"var(--ast-global-color-4)","background-image":"","background-repeat":"repeat","background-position":"center center","background-size":"auto","background-attachment":"scroll","background-type":"","background-media":"","overlay-type":"","overlay-color":"","overlay-opacity":"","overlay-gradient":""},"tablet":{"background-color":"","background-image":"","background-repeat":"repeat","background-position":"center center","background-size":"auto","background-attachment":"scroll","background-type":"","background-media":"","overlay-type":"","overlay-color":"","overlay-opacity":"","overlay-gradient":""},"mobile":{"background-color":"","background-image":"","background-repeat":"repeat","background-position":"center center","background-size":"auto","background-attachment":"scroll","background-type":"","background-media":"","overlay-type":"","overlay-color":"","overlay-opacity":"","overlay-gradient":""}},"ast-content-background-meta":{"desktop":{"background-color":"var(--ast-global-color-5)","background-image":"","background-repeat":"repeat","background-position":"center center","background-size":"auto","background-attachment":"scroll","background-type":"","background-media":"","overlay-type":"","overlay-color":"","overlay-opacity":"","overlay-gradient":""},"tablet":{"background-color":"var(--ast-global-color-5)","background-image":"","background-repeat":"repeat","background-position":"center center","background-size":"auto","background-attachment":"scroll","background-type":"","background-media":"","overlay-type":"","overlay-color":"","overlay-opacity":"","overlay-gradient":""},"mobile":{"background-color":"var(--ast-global-color-5)","background-image":"","background-repeat":"repeat","background-position":"center center","background-size":"auto","background-attachment":"scroll","background-type":"","background-media":"","overlay-type":"","overlay-color":"","overlay-opacity":"","overlay-gradient":""}},"footnotes":""},"class_list":["post-3762","page","type-page","status-publish","hentry"],"post_mailing_queue_ids":[],"_links":{"self":[{"href":"https:\/\/agora.xtec.cat\/ceip-montpalau-pineda\/wp-json\/wp\/v2\/pages\/3762","targetHints":{"allow":["GET"]}}],"collection":[{"href":"https:\/\/agora.xtec.cat\/ceip-montpalau-pineda\/wp-json\/wp\/v2\/pages"}],"about":[{"href":"https:\/\/agora.xtec.cat\/ceip-montpalau-pineda\/wp-json\/wp\/v2\/types\/page"}],"author":[{"embeddable":true,"href":"https:\/\/agora.xtec.cat\/ceip-montpalau-pineda\/wp-json\/wp\/v2\/users\/6"}],"replies":[{"embeddable":true,"href":"https:\/\/agora.xtec.cat\/ceip-montpalau-pineda\/wp-json\/wp\/v2\/comments?post=3762"}],"version-history":[{"count":6,"href":"https:\/\/agora.xtec.cat\/ceip-montpalau-pineda\/wp-json\/wp\/v2\/pages\/3762\/revisions"}],"predecessor-version":[{"id":8137,"href":"https:\/\/agora.xtec.cat\/ceip-montpalau-pineda\/wp-json\/wp\/v2\/pages\/3762\/revisions\/8137"}],"wp:attachment":[{"href":"https:\/\/agora.xtec.cat\/ceip-montpalau-pineda\/wp-json\/wp\/v2\/media?parent=3762"}],"curies":[{"name":"wp","href":"https:\/\/api.w.org\/{rel}","templated":true}]}}