{"id":3746,"date":"2022-03-01T12:22:46","date_gmt":"2022-03-01T11:22:46","guid":{"rendered":"http:\/\/agora.xtec.cat\/ceip-montpalau-pineda\/?page_id=3746"},"modified":"2026-05-04T09:54:59","modified_gmt":"2026-05-04T07:54:59","slug":"preinscripcio-i-matricula-calendaris","status":"publish","type":"page","link":"https:\/\/agora.xtec.cat\/ceip-montpalau-pineda\/preinscripcio-i-matricula-2020-2021\/preinscripcio-i-matricula-calendaris\/","title":{"rendered":"Preinscripci\u00f3 i matr\u00edcula &#8211; Calendari i terminis"},"content":{"rendered":"<p><a href=\"https:\/\/agora.xtec.cat\/ceip-montpalau-pineda\/wp-content\/uploads\/usu1776\/2026\/05\/20260428-sorteig-obligatoris.jpg_1172691498.jpg\"><img loading=\"lazy\" decoding=\"async\" class=\"alignnone wp-image-8226 size-full\" src=\"https:\/\/agora.xtec.cat\/ceip-montpalau-pineda\/wp-content\/uploads\/usu1776\/2026\/05\/20260428-sorteig-obligatoris.jpg_1172691498.jpg\" alt=\"\" width=\"555\" height=\"431\" srcset=\"https:\/\/agora.xtec.cat\/ceip-montpalau-pineda\/wp-content\/uploads\/usu1776\/2026\/05\/20260428-sorteig-obligatoris.jpg_1172691498.jpg 555w, https:\/\/agora.xtec.cat\/ceip-montpalau-pineda\/wp-content\/uploads\/usu1776\/2026\/05\/20260428-sorteig-obligatoris.jpg_1172691498-300x233.jpg 300w\" sizes=\"auto, (max-width: 555px) 100vw, 555px\" \/><\/a><\/p>\n<p><strong>\ud83d\udcc5 Calendari i terminis\u00a0 \u00a0 \u00a0 \u00a0 \u00a0 \u00a0 \u00a0 \u00a0 \u00a0 \u00a0 \u00a0 \u00a0 \u00a0 \u00a0 \u00a0 \u00a0 \u00a0 \u00a0 \u00a0 \u00a0 \u00a0 \u00a0 \u00a0 \u00a0 \u00a0 \u00a0 \u00a0<\/strong><\/p>\n<ul>\n<li>\u2705 <span style=\"color: #000000; background-color: #ffffff;\">Portes obertes Escola Montpalau: divendres 27 de febrer de 2026 de 15:00 a 16:30 h i dissabte 28 de febrer d&#8217;11:00 a 13:00 h.<\/span><\/li>\n<li>\u2705 3 de mar\u00e7 de 2026: oferta inicial de places als centres.<\/li>\n<\/ul>\n<p><strong>\ud83d\udd0d Durant la preparaci\u00f3, presentaci\u00f3 i seguiment de la sol\u00b7licitud de preinscripci\u00f3<\/strong><\/p>\n<ul>\n<li>\u2705 Del 4 al 18 de mar\u00e7 de 2026 (a partir de les 9 hores): presentaci\u00f3 de sol\u00b7licituds.<\/li>\n<li>\u2705 Fins al 19 de mar\u00e7 de 2026: presentaci\u00f3 de documentaci\u00f3.<\/li>\n<li>\u270515 d&#8217;abril de 2026: llista de sol\u00b7licituds amb puntuaci\u00f3 provisional.<\/li>\n<li>\u2705 Del 15 al 20 d&#8217;abril de 2026: presentaci\u00f3 de reclamacions.<\/li>\n<li>\u2705 23 d&#8217;abril de 2026: llista de sol\u00b7licituds amb la puntuaci\u00f3 un cop resoltes les reclamacions.<\/li>\n<li>\u2705 28 d&#8217;abril de 2026 a les 11 hores: <a href=\"https:\/\/preinscripcio.gencat.cat\/ca\/estudis\/eso\/preinscriute\/seguiment-sollicitud\/sorteig-desempat\/\">sorteig<\/a> per resoldre les sol\u00b7licituds de preinscripci\u00f3 empatades en punts.<\/li>\n<li>\u2705 29 d&#8217;abril de 2026: <a href=\"https:\/\/aplicacions.gestioeducativa.gencat.cat\/ords\/pls\/apex\/f?p=2011025:LOGIN:203277593750992:::::\">llista ordenada<\/a>.<\/li>\n<li>De l&#8217;1 al 3 de juny de 2026: ampliaci\u00f3 de peticions de preinscripci\u00f3 per a alumnes sense pla\u00e7a assignada a cap centre<\/li>\n<li>10 de juny de 2026: oferta final de places escolars.<\/li>\n<li>10 de juny de 2026: llista d&#8217;alumnes admesos i llista d&#8217;espera.<\/li>\n<\/ul>\n<p><strong>\ud83d\udcda A l&#8217;hora de formalitzar la matriculaci\u00f3<\/strong><\/p>\n<ul>\n<li>Del 22 al 30 de juny de 2026: matriculaci\u00f3.<\/li>\n<li>30 de setembre de 2026: llista d&#8217;alumnes matriculats.<\/li>\n<\/ul>\n<p>Tota la informaci\u00f3 disponible a <a href=\"https:\/\/preinscripcio.gencat.cat\/ca\/inici\" target=\"_blank\" rel=\"noopener\">preinscripcio.gencat.cat<\/a><\/p>\n","protected":false},"excerpt":{"rendered":"<p>\ud83d\udcc5 Calendari i terminis\u00a0 \u00a0 \u00a0 \u00a0 \u00a0 \u00a0 \u00a0 \u00a0 \u00a0 \u00a0 \u00a0 \u00a0 \u00a0 \u00a0 \u00a0 \u00a0 \u00a0 \u00a0 \u00a0 \u00a0 \u00a0 \u00a0 \u00a0 \u00a0 \u00a0 \u00a0 \u00a0 \u2705 Portes obertes Escola Montpalau: divendres 27 de febrer de 2026 de 15:00 a 16:30 h i dissabte 28 de febrer d&#8217;11:00 a 13:00 h. [&hellip;]<\/p>\n","protected":false},"author":6,"featured_media":0,"parent":3762,"menu_order":30,"comment_status":"closed","ping_status":"closed","template":"","meta":{"_bbp_topic_count":0,"_bbp_reply_count":0,"_bbp_total_topic_count":0,"_bbp_total_reply_count":0,"_bbp_voice_count":0,"_bbp_anonymous_reply_count":0,"_bbp_topic_count_hidden":0,"_bbp_reply_count_hidden":0,"_bbp_forum_subforum_count":0,"site-sidebar-layout":"default","site-content-layout":"","ast-site-content-layout":"default","site-content-style":"default","site-sidebar-style":"default","ast-global-header-display":"","ast-banner-title-visibility":"","ast-main-header-display":"","ast-hfb-above-header-display":"","ast-hfb-below-header-display":"","ast-hfb-mobile-header-display":"","site-post-title":"","ast-breadcrumbs-content":"","ast-featured-img":"","footer-sml-layout":"","theme-transparent-header-meta":"default","adv-header-id-meta":"","stick-header-meta":"","header-above-stick-meta":"","header-main-stick-meta":"","header-below-stick-meta":"","astra-migrate-meta-layouts":"set","ast-page-background-enabled":"default","ast-page-background-meta":{"desktop":{"background-color":"var(--ast-global-color-4)","background-image":"","background-repeat":"repeat","background-position":"center center","background-size":"auto","background-attachment":"scroll","background-type":"","background-media":"","overlay-type":"","overlay-color":"","overlay-opacity":"","overlay-gradient":""},"tablet":{"background-color":"","background-image":"","background-repeat":"repeat","background-position":"center center","background-size":"auto","background-attachment":"scroll","background-type":"","background-media":"","overlay-type":"","overlay-color":"","overlay-opacity":"","overlay-gradient":""},"mobile":{"background-color":"","background-image":"","background-repeat":"repeat","background-position":"center center","background-size":"auto","background-attachment":"scroll","background-type":"","background-media":"","overlay-type":"","overlay-color":"","overlay-opacity":"","overlay-gradient":""}},"ast-content-background-meta":{"desktop":{"background-color":"var(--ast-global-color-5)","background-image":"","background-repeat":"repeat","background-position":"center center","background-size":"auto","background-attachment":"scroll","background-type":"","background-media":"","overlay-type":"","overlay-color":"","overlay-opacity":"","overlay-gradient":""},"tablet":{"background-color":"var(--ast-global-color-5)","background-image":"","background-repeat":"repeat","background-position":"center center","background-size":"auto","background-attachment":"scroll","background-type":"","background-media":"","overlay-type":"","overlay-color":"","overlay-opacity":"","overlay-gradient":""},"mobile":{"background-color":"var(--ast-global-color-5)","background-image":"","background-repeat":"repeat","background-position":"center center","background-size":"auto","background-attachment":"scroll","background-type":"","background-media":"","overlay-type":"","overlay-color":"","overlay-opacity":"","overlay-gradient":""}},"footnotes":""},"class_list":["post-3746","page","type-page","status-publish","hentry"],"post_mailing_queue_ids":[],"_links":{"self":[{"href":"https:\/\/agora.xtec.cat\/ceip-montpalau-pineda\/wp-json\/wp\/v2\/pages\/3746","targetHints":{"allow":["GET"]}}],"collection":[{"href":"https:\/\/agora.xtec.cat\/ceip-montpalau-pineda\/wp-json\/wp\/v2\/pages"}],"about":[{"href":"https:\/\/agora.xtec.cat\/ceip-montpalau-pineda\/wp-json\/wp\/v2\/types\/page"}],"author":[{"embeddable":true,"href":"https:\/\/agora.xtec.cat\/ceip-montpalau-pineda\/wp-json\/wp\/v2\/users\/6"}],"replies":[{"embeddable":true,"href":"https:\/\/agora.xtec.cat\/ceip-montpalau-pineda\/wp-json\/wp\/v2\/comments?post=3746"}],"version-history":[{"count":6,"href":"https:\/\/agora.xtec.cat\/ceip-montpalau-pineda\/wp-json\/wp\/v2\/pages\/3746\/revisions"}],"predecessor-version":[{"id":8227,"href":"https:\/\/agora.xtec.cat\/ceip-montpalau-pineda\/wp-json\/wp\/v2\/pages\/3746\/revisions\/8227"}],"up":[{"embeddable":true,"href":"https:\/\/agora.xtec.cat\/ceip-montpalau-pineda\/wp-json\/wp\/v2\/pages\/3762"}],"wp:attachment":[{"href":"https:\/\/agora.xtec.cat\/ceip-montpalau-pineda\/wp-json\/wp\/v2\/media?parent=3746"}],"curies":[{"name":"wp","href":"https:\/\/api.w.org\/{rel}","templated":true}]}}