{"id":3682,"date":"2020-05-07T19:39:41","date_gmt":"2020-05-07T17:39:41","guid":{"rendered":"http:\/\/agora.xtec.cat\/ceip-montpalau-pineda\/?page_id=3682"},"modified":"2020-05-07T19:39:41","modified_gmt":"2020-05-07T17:39:41","slug":"sant-jordi-confinat-montpalletres-ha-arribat","status":"publish","type":"page","link":"https:\/\/agora.xtec.cat\/ceip-montpalau-pineda\/festes-i-tradicions\/sant-jordi\/sant-jordi-confinat-montpalletres-ha-arribat\/","title":{"rendered":"SANT JORDI CONFINAT, MONTPALLETRES HA ARRIBAT"},"content":{"rendered":"<p><a href=\"https:\/\/agora.xtec.cat\/ceip-montpalau-pineda\/wp-content\/uploads\/usu1776\/2020\/04\/1920-MONTPADIARI.pdf\"><img loading=\"lazy\" decoding=\"async\" class=\"alignnone wp-image-2957\" src=\"https:\/\/agora.xtec.cat\/ceip-montpalau-pineda\/wp-content\/uploads\/usu1776\/2020\/04\/Montpalletres.jpg\" alt=\"\" width=\"341\" height=\"486\" srcset=\"https:\/\/agora.xtec.cat\/ceip-montpalau-pineda\/wp-content\/uploads\/usu1776\/2020\/04\/Montpalletres.jpg 427w, https:\/\/agora.xtec.cat\/ceip-montpalau-pineda\/wp-content\/uploads\/usu1776\/2020\/04\/Montpalletres-210x300.jpg 210w\" sizes=\"auto, (max-width: 341px) 100vw, 341px\" \/> <\/a><a href=\"https:\/\/agora.xtec.cat\/ceip-montpalau-pineda\/wp-content\/uploads\/usu1776\/2020\/04\/sant-jordi-confinat.jpg\"><img loading=\"lazy\" decoding=\"async\" class=\"alignnone wp-image-3353\" src=\"https:\/\/agora.xtec.cat\/ceip-montpalau-pineda\/wp-content\/uploads\/usu1776\/2020\/04\/sant-jordi-confinat.jpg\" alt=\"\" width=\"345\" height=\"488\" srcset=\"https:\/\/agora.xtec.cat\/ceip-montpalau-pineda\/wp-content\/uploads\/usu1776\/2020\/04\/sant-jordi-confinat.jpg 679w, https:\/\/agora.xtec.cat\/ceip-montpalau-pineda\/wp-content\/uploads\/usu1776\/2020\/04\/sant-jordi-confinat-212x300.jpg 212w\" sizes=\"auto, (max-width: 345px) 100vw, 345px\" \/><\/a><\/p>\n<h5>Primer de tot, un regal de les mestres d&#8217;Educaci\u00f3 Infantil.<\/h5>\n<p><iframe loading=\"lazy\" src=\"\/\/www.youtube.com\/embed\/daGedjhgBe4\" width=\"560\" height=\"315\" frameborder=\"0\" data-mce-fragment=\"1\"><\/iframe><\/p>\n<p>&nbsp;<\/p>\n<h5>A continuaci\u00f3 podeu veure una mostra de treballs i manualitats que ens heu fet arribar.<\/h5>\n<p>Estem molt orgullosos de tots vosaltres, no nom\u00e9s esteu demostrant que podeu amb un llarg confinament, sin\u00f3 que responeu d&#8217;una manera incre\u00efble a les propostes. Infinites gr\u00e0cies i que passeu totes i tots una molt bona Diada de Sant Jordi!<\/p>\n<p>&nbsp;<\/p>\n<p><iframe loading=\"lazy\" src=\"\/\/www.youtube.com\/embed\/vH2y-SEyfF4\" width=\"560\" height=\"315\" frameborder=\"0\" data-mce-fragment=\"1\"><\/iframe><\/p>\n<p><iframe loading=\"lazy\" src=\"\/\/www.youtube.com\/embed\/Gc5FkiIyE34\" width=\"560\" height=\"315\" frameborder=\"0\" data-mce-fragment=\"1\"><\/iframe><\/p>\n<p><iframe loading=\"lazy\" src=\"\/\/www.youtube.com\/embed\/-9xceAMSS90\" width=\"560\" height=\"315\" frameborder=\"0\" data-mce-fragment=\"1\"><\/iframe><\/p>\n<p><iframe loading=\"lazy\" src=\"\/\/www.youtube.com\/embed\/GJstz93okW8\" width=\"560\" height=\"314\" data-mce-fragment=\"1\"><\/iframe><\/p>\n","protected":false},"excerpt":{"rendered":"<p>Primer de tot, un regal de les mestres d&#8217;Educaci\u00f3 Infantil. &nbsp; A continuaci\u00f3 podeu veure una mostra de treballs i manualitats que ens heu fet arribar. Estem molt orgullosos de tots vosaltres, no nom\u00e9s esteu demostrant que podeu amb un llarg confinament, sin\u00f3 que responeu d&#8217;una manera incre\u00efble a les propostes. Infinites gr\u00e0cies i que [&hellip;]<\/p>\n","protected":false},"author":6,"featured_media":0,"parent":733,"menu_order":10,"comment_status":"closed","ping_status":"closed","template":"page-templates\/side-menu.php","meta":{"_bbp_topic_count":0,"_bbp_reply_count":0,"_bbp_total_topic_count":0,"_bbp_total_reply_count":0,"_bbp_voice_count":0,"_bbp_anonymous_reply_count":0,"_bbp_topic_count_hidden":0,"_bbp_reply_count_hidden":0,"_bbp_forum_subforum_count":0,"site-sidebar-layout":"default","site-content-layout":"","ast-site-content-layout":"","site-content-style":"default","site-sidebar-style":"default","ast-global-header-display":"","ast-banner-title-visibility":"","ast-main-header-display":"","ast-hfb-above-header-display":"","ast-hfb-below-header-display":"","ast-hfb-mobile-header-display":"","site-post-title":"","ast-breadcrumbs-content":"","ast-featured-img":"","footer-sml-layout":"","theme-transparent-header-meta":"","adv-header-id-meta":"","stick-header-meta":"","header-above-stick-meta":"","header-main-stick-meta":"","header-below-stick-meta":"","astra-migrate-meta-layouts":"default","ast-page-background-enabled":"default","ast-page-background-meta":{"desktop":{"background-color":"var(--ast-global-color-4)","background-image":"","background-repeat":"repeat","background-position":"center center","background-size":"auto","background-attachment":"scroll","background-type":"","background-media":"","overlay-type":"","overlay-color":"","overlay-opacity":"","overlay-gradient":""},"tablet":{"background-color":"","background-image":"","background-repeat":"repeat","background-position":"center center","background-size":"auto","background-attachment":"scroll","background-type":"","background-media":"","overlay-type":"","overlay-color":"","overlay-opacity":"","overlay-gradient":""},"mobile":{"background-color":"","background-image":"","background-repeat":"repeat","background-position":"center center","background-size":"auto","background-attachment":"scroll","background-type":"","background-media":"","overlay-type":"","overlay-color":"","overlay-opacity":"","overlay-gradient":""}},"ast-content-background-meta":{"desktop":{"background-color":"var(--ast-global-color-5)","background-image":"","background-repeat":"repeat","background-position":"center center","background-size":"auto","background-attachment":"scroll","background-type":"","background-media":"","overlay-type":"","overlay-color":"","overlay-opacity":"","overlay-gradient":""},"tablet":{"background-color":"var(--ast-global-color-5)","background-image":"","background-repeat":"repeat","background-position":"center center","background-size":"auto","background-attachment":"scroll","background-type":"","background-media":"","overlay-type":"","overlay-color":"","overlay-opacity":"","overlay-gradient":""},"mobile":{"background-color":"var(--ast-global-color-5)","background-image":"","background-repeat":"repeat","background-position":"center center","background-size":"auto","background-attachment":"scroll","background-type":"","background-media":"","overlay-type":"","overlay-color":"","overlay-opacity":"","overlay-gradient":""}},"footnotes":""},"class_list":["post-3682","page","type-page","status-publish","hentry"],"post_mailing_queue_ids":[],"_links":{"self":[{"href":"https:\/\/agora.xtec.cat\/ceip-montpalau-pineda\/wp-json\/wp\/v2\/pages\/3682","targetHints":{"allow":["GET"]}}],"collection":[{"href":"https:\/\/agora.xtec.cat\/ceip-montpalau-pineda\/wp-json\/wp\/v2\/pages"}],"about":[{"href":"https:\/\/agora.xtec.cat\/ceip-montpalau-pineda\/wp-json\/wp\/v2\/types\/page"}],"author":[{"embeddable":true,"href":"https:\/\/agora.xtec.cat\/ceip-montpalau-pineda\/wp-json\/wp\/v2\/users\/6"}],"replies":[{"embeddable":true,"href":"https:\/\/agora.xtec.cat\/ceip-montpalau-pineda\/wp-json\/wp\/v2\/comments?post=3682"}],"version-history":[{"count":1,"href":"https:\/\/agora.xtec.cat\/ceip-montpalau-pineda\/wp-json\/wp\/v2\/pages\/3682\/revisions"}],"predecessor-version":[{"id":3683,"href":"https:\/\/agora.xtec.cat\/ceip-montpalau-pineda\/wp-json\/wp\/v2\/pages\/3682\/revisions\/3683"}],"up":[{"embeddable":true,"href":"https:\/\/agora.xtec.cat\/ceip-montpalau-pineda\/wp-json\/wp\/v2\/pages\/733"}],"wp:attachment":[{"href":"https:\/\/agora.xtec.cat\/ceip-montpalau-pineda\/wp-json\/wp\/v2\/media?parent=3682"}],"curies":[{"name":"wp","href":"https:\/\/api.w.org\/{rel}","templated":true}]}}