{"id":36,"date":"2014-09-18T12:33:11","date_gmt":"2014-09-18T11:33:11","guid":{"rendered":"http:\/\/agora.xtec.cat\/ceip-montpalau-pineda\/?page_id=36"},"modified":"2024-09-23T12:29:01","modified_gmt":"2024-09-23T10:29:01","slug":"material-escolar","status":"publish","type":"page","link":"https:\/\/agora.xtec.cat\/ceip-montpalau-pineda\/lescola\/material-escolar\/","title":{"rendered":"Material escolar, llibres socialitzats"},"content":{"rendered":"<h2>Socialitzaci\u00f3 de llibres i material<\/h2>\n<p><a href=\"https:\/\/agora.xtec.cat\/ceip-montpalau-pineda\/wp-content\/uploads\/usu1776\/2019\/06\/socialitzacio-de-llibres_2-1.png\"><img loading=\"lazy\" decoding=\"async\" class=\" wp-image-501 alignleft\" src=\"https:\/\/agora.xtec.cat\/ceip-montpalau-pineda\/wp-content\/uploads\/usu1776\/2019\/06\/socialitzacio-de-llibres_2-1.png\" alt=\"\" width=\"219\" height=\"166\" \/><\/a><\/p>\n<p>&nbsp;<\/p>\n<p>A l&#8217;escola es promou la socialitzaci\u00f3 de llibres de text per reduir i racionalitzar la despesa en llibres de text que s\u2019han d\u2019adquirir al comen\u00e7ament de cada curs, estalviar recursos, paper i diners.<\/p>\n<p><strong>Qu\u00e8 aconseguim amb la socialitzaci\u00f3 de llibres?<\/strong><\/p>\n<ul>\n<li>Disminuir el cost econ\u00f2mic que suposa la compra de llibres a les fam\u00edlies<\/li>\n<li>Facilitar l&#8217;acc\u00e9s als llibres a tot l&#8217;alumnat del centre<\/li>\n<li>Reduir els residus generats i ser una escola m\u00e9s sostenible<\/li>\n<li>Aprendre a compartir i fomentar el respecte i la responsabilitat envers el material comunitari<\/li>\n<\/ul>\n<div class=\"col-sm-8 columna_esquerra\">\n<div class=\"cos_bloc basic_text_peq pd-15\">\n<p>L&#8217;alumnat paga una quota anual per cobrir les despeses de material que inclou l&#8217;\u00fas dels llibres. Tot l&#8217;alumnat t\u00e9 dret a fer servir els llibres. Cal tornar-los al final del curs en bon estat. En cas de fer-los malb\u00e9, alguns centres fan abonar el cost de tornar-los a comprar.<\/p>\n<\/div>\n<p>Aqu\u00ed us facilitem el llistat de llibres i el material que heu de portar a l&#8217;inici del curs. Nom\u00e9s heu de buscar en els documents aquells que facin refer\u00e8ncia i us el podeu descarregar.<\/p>\n<p><a href=\"https:\/\/agora.xtec.cat\/ceip-montpalau-pineda\/wp-content\/uploads\/usu1776\/2024\/09\/2425-LLISTAT-LLIBRES-WEB.pdf\">2425-LLISTAT LLIBRES DE TEXT<\/a><\/p>\n<p><a href=\"https:\/\/agora.xtec.cat\/ceip-montpalau-pineda\/docs\/material-escolar\/\" target=\"_blank\" rel=\"noopener noreferrer\">MATERIAL INICI DE CURS<\/a><\/p>\n<p>&nbsp;<\/p>\n<\/div>\n<div class=\"col-sm-4 columna_destacats\">\n<div class=\"imatge_amb_peu amb_text noticia clearfix\"><\/div>\n<\/div>\n","protected":false},"excerpt":{"rendered":"<p>Socialitzaci\u00f3 de llibres i material &nbsp; A l&#8217;escola es promou la socialitzaci\u00f3 de llibres de text per reduir i racionalitzar la despesa en llibres de text que s\u2019han d\u2019adquirir al comen\u00e7ament de cada curs, estalviar recursos, paper i diners. Qu\u00e8 aconseguim amb la socialitzaci\u00f3 de llibres? Disminuir el cost econ\u00f2mic que suposa la compra de [&hellip;]<\/p>\n","protected":false},"author":1,"featured_media":0,"parent":22,"menu_order":70,"comment_status":"closed","ping_status":"closed","template":"page-templates\/side-menu.php","meta":{"_bbp_topic_count":0,"_bbp_reply_count":0,"_bbp_total_topic_count":0,"_bbp_total_reply_count":0,"_bbp_voice_count":0,"_bbp_anonymous_reply_count":0,"_bbp_topic_count_hidden":0,"_bbp_reply_count_hidden":0,"_bbp_forum_subforum_count":0,"site-sidebar-layout":"default","site-content-layout":"","ast-site-content-layout":"","site-content-style":"default","site-sidebar-style":"default","ast-global-header-display":"","ast-banner-title-visibility":"","ast-main-header-display":"","ast-hfb-above-header-display":"","ast-hfb-below-header-display":"","ast-hfb-mobile-header-display":"","site-post-title":"","ast-breadcrumbs-content":"","ast-featured-img":"","footer-sml-layout":"","theme-transparent-header-meta":"","adv-header-id-meta":"","stick-header-meta":"","header-above-stick-meta":"","header-main-stick-meta":"","header-below-stick-meta":"","astra-migrate-meta-layouts":"default","ast-page-background-enabled":"default","ast-page-background-meta":{"desktop":{"background-color":"var(--ast-global-color-4)","background-image":"","background-repeat":"repeat","background-position":"center center","background-size":"auto","background-attachment":"scroll","background-type":"","background-media":"","overlay-type":"","overlay-color":"","overlay-opacity":"","overlay-gradient":""},"tablet":{"background-color":"","background-image":"","background-repeat":"repeat","background-position":"center center","background-size":"auto","background-attachment":"scroll","background-type":"","background-media":"","overlay-type":"","overlay-color":"","overlay-opacity":"","overlay-gradient":""},"mobile":{"background-color":"","background-image":"","background-repeat":"repeat","background-position":"center center","background-size":"auto","background-attachment":"scroll","background-type":"","background-media":"","overlay-type":"","overlay-color":"","overlay-opacity":"","overlay-gradient":""}},"ast-content-background-meta":{"desktop":{"background-color":"var(--ast-global-color-5)","background-image":"","background-repeat":"repeat","background-position":"center center","background-size":"auto","background-attachment":"scroll","background-type":"","background-media":"","overlay-type":"","overlay-color":"","overlay-opacity":"","overlay-gradient":""},"tablet":{"background-color":"var(--ast-global-color-5)","background-image":"","background-repeat":"repeat","background-position":"center center","background-size":"auto","background-attachment":"scroll","background-type":"","background-media":"","overlay-type":"","overlay-color":"","overlay-opacity":"","overlay-gradient":""},"mobile":{"background-color":"var(--ast-global-color-5)","background-image":"","background-repeat":"repeat","background-position":"center center","background-size":"auto","background-attachment":"scroll","background-type":"","background-media":"","overlay-type":"","overlay-color":"","overlay-opacity":"","overlay-gradient":""}},"footnotes":""},"class_list":["post-36","page","type-page","status-publish","hentry"],"post_mailing_queue_ids":[],"_links":{"self":[{"href":"https:\/\/agora.xtec.cat\/ceip-montpalau-pineda\/wp-json\/wp\/v2\/pages\/36","targetHints":{"allow":["GET"]}}],"collection":[{"href":"https:\/\/agora.xtec.cat\/ceip-montpalau-pineda\/wp-json\/wp\/v2\/pages"}],"about":[{"href":"https:\/\/agora.xtec.cat\/ceip-montpalau-pineda\/wp-json\/wp\/v2\/types\/page"}],"author":[{"embeddable":true,"href":"https:\/\/agora.xtec.cat\/ceip-montpalau-pineda\/wp-json\/wp\/v2\/users\/1"}],"replies":[{"embeddable":true,"href":"https:\/\/agora.xtec.cat\/ceip-montpalau-pineda\/wp-json\/wp\/v2\/comments?post=36"}],"version-history":[{"count":7,"href":"https:\/\/agora.xtec.cat\/ceip-montpalau-pineda\/wp-json\/wp\/v2\/pages\/36\/revisions"}],"predecessor-version":[{"id":7879,"href":"https:\/\/agora.xtec.cat\/ceip-montpalau-pineda\/wp-json\/wp\/v2\/pages\/36\/revisions\/7879"}],"up":[{"embeddable":true,"href":"https:\/\/agora.xtec.cat\/ceip-montpalau-pineda\/wp-json\/wp\/v2\/pages\/22"}],"wp:attachment":[{"href":"https:\/\/agora.xtec.cat\/ceip-montpalau-pineda\/wp-json\/wp\/v2\/media?parent=36"}],"curies":[{"name":"wp","href":"https:\/\/api.w.org\/{rel}","templated":true}]}}