{"id":32,"date":"2014-09-18T12:31:33","date_gmt":"2014-09-18T11:31:33","guid":{"rendered":"http:\/\/agora.xtec.cat\/ceip-montpalau-pineda\/?page_id=32"},"modified":"2026-01-19T15:22:14","modified_gmt":"2026-01-19T14:22:14","slug":"calendari-del-curs","status":"publish","type":"page","link":"https:\/\/agora.xtec.cat\/ceip-montpalau-pineda\/lescola\/calendari-del-curs\/","title":{"rendered":"Calendari del curs 2025-2026"},"content":{"rendered":"<h3><span style=\"text-decoration: underline;\"><span style=\"color: #333399; text-decoration: underline;\"><strong>HORARI DEL CENTRE<\/strong><\/span><\/span><\/h3>\n<h6><strong>ALUMNAT:<\/strong><\/h6>\n<ul>\n<li>Matins: de 9.00 h a 12.30 h<\/li>\n<li>Tardes: de 15.00 h a 16.30 h<\/li>\n<\/ul>\n<p><span style=\"color: #ff0000;\">A l&#8217;hora d&#8217;entrar, les fam\u00edlies que portin els seus fills <em><strong>m\u00e9s tard, un cop tancades les portes, <span style=\"text-decoration: underline;\">han d&#8217;entrar els infants per la porta de secretaria i entregar-los en m\u00e0 a un adult.\u00a0<\/span><\/strong><\/em><\/span><\/p>\n<p><span style=\"color: #ff0000;\"><em>Els retards en la recollida d&#8217;infants <strong>superiors a 10 minuts<\/strong> de l&#8217;hora en punt, l&#8217;escola seguir\u00e0 les indicacions previstes en el protocol d&#8217;absentisme municipal.\u00a0<\/em><\/span><\/p>\n<p>Quan hi ha <em><strong>jornada continuada<\/strong> l&#8217;horari de l&#8217;alumnat \u00e9s de <strong>9.00 h a 13.00 h.<\/strong><\/em><\/p>\n<h6><strong>MENJADOR<\/strong><\/h6>\n<h6><strong>Acollida: de 8.00 h a 9.00 h\u00a0<\/strong><\/h6>\n<ul>\n<li><span style=\"color: #993300;\">Es pot entrar <strong>com a molt tard a les 8.30 h.<\/strong><\/span><\/li>\n<li>Cal sol\u00b7licitar pla\u00e7a i consultar les condicions espec\u00edfiques.<\/li>\n<\/ul>\n<h3><span style=\"text-decoration: underline;\"><span style=\"color: #993366; text-decoration: underline;\"><strong>CURS 2025-2026<\/strong><\/span><\/span><\/h3>\n<ul>\n<li><strong>Inici del curs escolar<\/strong> \u2013 8\u00a0de setembre de 2025<\/li>\n<li><strong>Darrer dia del curs <\/strong>\u2013 19 de juny de 2026<\/li>\n<\/ul>\n<p><strong><span style=\"color: #f70f0f;\">VACANCES DE NADAL<\/span> <\/strong>\u2013 Del 20 de desembre de 2025 al 7 de gener de 2026:<\/p>\n<p><span style=\"color: #f70f0f;\"><strong>VACANCES DE SETMANA SANTA <\/strong><\/span>\u2013 Del 28 de mar\u00e7 al 6 d&#8217;abril de 2026<\/p>\n<p><span style=\"color: #f70f0f;\"><strong>FESTES LOCALS I ESTATALS <\/strong><\/span><\/p>\n<ul>\n<li><strong>Any 2025:<\/strong> 11\/09; 12\/10; 1\/11; 6, 8, 25 i 26\/12<\/li>\n<li><strong>Any 2026:<\/strong> 1 i 6\/1; 3 i 6\/4; 1\/5; 24\/6<\/li>\n<\/ul>\n<p><span style=\"color: #800080;\"><strong>\u00a0<\/strong><strong>DIES DE LLIURE DISPOSICI\u00d3 <\/strong><\/span><\/p>\n<ul>\n<li>31 d\u2019octubre de 2025 (divendres)<\/li>\n<li>3 de novembre de 2025 (dilluns)<\/li>\n<li>9 de desembre de 2025 (dimarts)<\/li>\n<li>16 de febrer de 2026 (dilluns)<\/li>\n<li>30 d&#8217;abril de 2026 (dijous)<\/li>\n<li>25 de maig de 2026 (dilluns)<\/li>\n<\/ul>\n<p><span style=\"color: #800000;\"><strong>JORNADA CONTINUADA<\/strong><\/span><\/p>\n<ul>\n<li><span style=\"color: #800000;\">Nadal: 19\/12\/2025<\/span><\/li>\n<li><span style=\"color: #800000;\">3r trimestre: del 8 al 19 de juny del 2026<\/span><\/li>\n<\/ul>\n<h6><span style=\"color: #008000;\"><strong>\u00a0<\/strong><strong>ACTIVITATS COMPLEMENT\u00c0RIES <\/strong><\/span><\/h6>\n<ul>\n<li>30\/10\/2025 &#8211; <strong>CASTANYADA <\/strong><\/li>\n<li>Del 12 al 19\/12\/2025 \u2013 <strong>ACTIVITATS DE NADAL <\/strong><\/li>\n<li>12\/2\/2026 <strong>&#8211; Dj. LLARDER<\/strong><\/li>\n<li>13\/2\/2026<strong> &#8211; Balls de\u00a0 CARNAVAL\u00a0 (Can Xaubet)<\/strong><\/li>\n<li>27\/03\/2026 &#8211; <strong>CANTADA ESCOLAR <\/strong><\/li>\n<li>Del 20\/4\/2026 al 24\/4\/2026 \u2013 <strong>MONTPALLETRES\/SANT JORDI <\/strong><\/li>\n<li>Del 8 al 10 d&#8217;abril del 2026 \u2013 <strong>COL\u00d2NIES EL POU DEL GLA\u00c7 (La Bisbal de l&#8217;Empord\u00e0)<\/strong><\/li>\n<li>Juny de 2026 \u2013 <strong>ACTIVITATS FINAL DE CURS<\/strong><\/li>\n<\/ul>\n<h3><img loading=\"lazy\" decoding=\"async\" class=\"alignnone wp-image-7907 size-large\" src=\"https:\/\/agora.xtec.cat\/ceip-montpalau-pineda\/wp-content\/uploads\/usu1776\/2025\/09\/Calendari-25-26-2-1-pdf-724x1024.jpg\" alt=\"\" width=\"724\" height=\"1024\" \/><\/h3>\n","protected":false},"excerpt":{"rendered":"<p>HORARI DEL CENTRE ALUMNAT: Matins: de 9.00 h a 12.30 h Tardes: de 15.00 h a 16.30 h A l&#8217;hora d&#8217;entrar, les fam\u00edlies que portin els seus fills m\u00e9s tard, un cop tancades les portes, han d&#8217;entrar els infants per la porta de secretaria i entregar-los en m\u00e0 a un adult.\u00a0 Els retards en la [&hellip;]<\/p>\n","protected":false},"author":1,"featured_media":0,"parent":22,"menu_order":50,"comment_status":"closed","ping_status":"closed","template":"","meta":{"_bbp_topic_count":0,"_bbp_reply_count":0,"_bbp_total_topic_count":0,"_bbp_total_reply_count":0,"_bbp_voice_count":0,"_bbp_anonymous_reply_count":0,"_bbp_topic_count_hidden":0,"_bbp_reply_count_hidden":0,"_bbp_forum_subforum_count":0,"site-sidebar-layout":"default","site-content-layout":"","ast-site-content-layout":"default","site-content-style":"default","site-sidebar-style":"default","ast-global-header-display":"","ast-banner-title-visibility":"","ast-main-header-display":"","ast-hfb-above-header-display":"","ast-hfb-below-header-display":"","ast-hfb-mobile-header-display":"","site-post-title":"","ast-breadcrumbs-content":"","ast-featured-img":"","footer-sml-layout":"","theme-transparent-header-meta":"","adv-header-id-meta":"","stick-header-meta":"","header-above-stick-meta":"","header-main-stick-meta":"","header-below-stick-meta":"","astra-migrate-meta-layouts":"set","ast-page-background-enabled":"default","ast-page-background-meta":{"desktop":{"background-color":"var(--ast-global-color-4)","background-image":"","background-repeat":"repeat","background-position":"center center","background-size":"auto","background-attachment":"scroll","background-type":"","background-media":"","overlay-type":"","overlay-color":"","overlay-opacity":"","overlay-gradient":""},"tablet":{"background-color":"","background-image":"","background-repeat":"repeat","background-position":"center center","background-size":"auto","background-attachment":"scroll","background-type":"","background-media":"","overlay-type":"","overlay-color":"","overlay-opacity":"","overlay-gradient":""},"mobile":{"background-color":"","background-image":"","background-repeat":"repeat","background-position":"center center","background-size":"auto","background-attachment":"scroll","background-type":"","background-media":"","overlay-type":"","overlay-color":"","overlay-opacity":"","overlay-gradient":""}},"ast-content-background-meta":{"desktop":{"background-color":"var(--ast-global-color-5)","background-image":"","background-repeat":"repeat","background-position":"center center","background-size":"auto","background-attachment":"scroll","background-type":"","background-media":"","overlay-type":"","overlay-color":"","overlay-opacity":"","overlay-gradient":""},"tablet":{"background-color":"var(--ast-global-color-5)","background-image":"","background-repeat":"repeat","background-position":"center center","background-size":"auto","background-attachment":"scroll","background-type":"","background-media":"","overlay-type":"","overlay-color":"","overlay-opacity":"","overlay-gradient":""},"mobile":{"background-color":"var(--ast-global-color-5)","background-image":"","background-repeat":"repeat","background-position":"center center","background-size":"auto","background-attachment":"scroll","background-type":"","background-media":"","overlay-type":"","overlay-color":"","overlay-opacity":"","overlay-gradient":""}},"footnotes":""},"class_list":["post-32","page","type-page","status-publish","hentry"],"post_mailing_queue_ids":[],"_links":{"self":[{"href":"https:\/\/agora.xtec.cat\/ceip-montpalau-pineda\/wp-json\/wp\/v2\/pages\/32","targetHints":{"allow":["GET"]}}],"collection":[{"href":"https:\/\/agora.xtec.cat\/ceip-montpalau-pineda\/wp-json\/wp\/v2\/pages"}],"about":[{"href":"https:\/\/agora.xtec.cat\/ceip-montpalau-pineda\/wp-json\/wp\/v2\/types\/page"}],"author":[{"embeddable":true,"href":"https:\/\/agora.xtec.cat\/ceip-montpalau-pineda\/wp-json\/wp\/v2\/users\/1"}],"replies":[{"embeddable":true,"href":"https:\/\/agora.xtec.cat\/ceip-montpalau-pineda\/wp-json\/wp\/v2\/comments?post=32"}],"version-history":[{"count":6,"href":"https:\/\/agora.xtec.cat\/ceip-montpalau-pineda\/wp-json\/wp\/v2\/pages\/32\/revisions"}],"predecessor-version":[{"id":8038,"href":"https:\/\/agora.xtec.cat\/ceip-montpalau-pineda\/wp-json\/wp\/v2\/pages\/32\/revisions\/8038"}],"up":[{"embeddable":true,"href":"https:\/\/agora.xtec.cat\/ceip-montpalau-pineda\/wp-json\/wp\/v2\/pages\/22"}],"wp:attachment":[{"href":"https:\/\/agora.xtec.cat\/ceip-montpalau-pineda\/wp-json\/wp\/v2\/media?parent=32"}],"curies":[{"name":"wp","href":"https:\/\/api.w.org\/{rel}","templated":true}]}}