{"id":26,"date":"2014-09-18T12:24:32","date_gmt":"2014-09-18T11:24:32","guid":{"rendered":"http:\/\/agora.xtec.cat\/ceip-montpalau-pineda\/?page_id=26"},"modified":"2019-09-07T07:52:37","modified_gmt":"2019-09-07T05:52:37","slug":"historia","status":"publish","type":"page","link":"https:\/\/agora.xtec.cat\/ceip-montpalau-pineda\/lescola\/historia\/","title":{"rendered":"Hist\u00f2ria"},"content":{"rendered":"<p>L<strong>\u2018<em>Escola Montpalau<\/em><\/strong>\u00a0neix el setembre de 1991 de la m\u00e0 d\u2019un equip de mestres il\u00b7lusionat i comprom\u00e8s en un<em>\u00a0projecte educatiu<\/em>\u00a0que aporta als nens i nenes del barri i les seves fam\u00edlies una educaci\u00f3 integradora i de qualitat.<\/p>\n<p>L\u2019any 1991 pren la direcci\u00f3 del centre el\u00a0<strong>Sr. Emili Biosca i Villarroya<\/strong>, que en lidera el projecte fins el juny de l\u2019any 2009.<\/p>\n<p>L\u2019escola, s\u2019ha manifestat sempre compromesa i ha treballat per tal de respectar i promoure\u00a0 valors que s\u00f3n considerats pilars en la nostra societat: la democr\u00e0cia, la participaci\u00f3 i la llibertat d\u2019expressi\u00f3.<\/p>\n<p>L\u2019Escola Montpalau \u00e9s una escola inmersa en el barri i que treballa a partir del coneixement de l\u2019entorn f\u00edsic i social, de l\u2019alumnat i de les seves fam\u00edlies. Coneixement, sense el qual, la seva tasca no tindria sentit.<\/p>\n<p>El curs 2010 pren la direcci\u00f3 del centre la\u00a0<strong>Sra. Merc\u00e8 Pujol i Adrados<\/strong>, qui segueix vetllant per un projecte educatiu comprom\u00e8s i de qualitat fins el gener de 2016.<\/p>\n<p>El febrer de 2016 pren la direcci\u00f3 del centre la\u00a0<strong>Sra. Dolors Nogueras i Raig<\/strong>, iniciant una nova etapa amb molta il\u00b7lusi\u00f3 i compromesa amb els valors i principis del nostre projecte educatiu.<\/p>\n<p>L\u2019Equip de mestres que en l\u2019actualitat forma part del claustre de professors de l\u2019escola, continua mantenint aquest esperit comprom\u00e8s en vers l\u2019educaci\u00f3 de l\u2019alumnat, aportant al projecte, tant en el treball de les \u00e0rees com de forma transversal, din\u00e0miques innovadores que potencien l\u2019aprenentatge competencial de l\u2019alumnat i una educaci\u00f3 en valors plena.<\/p>\n<p><a href=\"https:\/\/agora.xtec.cat\/ceip-montpalau-pineda\/wp-content\/uploads\/usu1776\/2019\/06\/montpalau.jpg\"><img loading=\"lazy\" decoding=\"async\" class=\"alignnone size-full wp-image-498\" src=\"https:\/\/agora.xtec.cat\/ceip-montpalau-pineda\/wp-content\/uploads\/usu1776\/2019\/06\/montpalau.jpg\" alt=\"\" width=\"810\" height=\"170\" srcset=\"https:\/\/agora.xtec.cat\/ceip-montpalau-pineda\/wp-content\/uploads\/usu1776\/2019\/06\/montpalau.jpg 810w, https:\/\/agora.xtec.cat\/ceip-montpalau-pineda\/wp-content\/uploads\/usu1776\/2019\/06\/montpalau-300x63.jpg 300w, https:\/\/agora.xtec.cat\/ceip-montpalau-pineda\/wp-content\/uploads\/usu1776\/2019\/06\/montpalau-768x161.jpg 768w\" sizes=\"auto, (max-width: 810px) 100vw, 810px\" \/><\/a><\/p>\n<p>L&#8217;escola es troba situada al <em>barri de Poble Nou<\/em>, distanciada del nucli antic de poble per uns dos quil\u00f2metres d\u2019espai amb poc teixit urb\u00e0 i aix\u00f2 li confereix un car\u00e0cter for\u00e7a individualitzat.<\/p>\n<p>El barri \u00e9s de creaci\u00f3 m\u00e9s moderna que el centre del poble i neix fruit dels grans moviments migratoris dels anys 60 i 70 i, m\u00e9s recentment, de la nova emigraci\u00f3 magrebina, subsahariana i, en menor mesura, sud-americana. T\u00e9 vida pr\u00f2pia, amb comer\u00e7os diversos i serveis i entitats populars\u00a0 que el dinamitzen. La parla habitual entre els ve\u00efns del barri \u00e9s el castell\u00e0.<\/p>\n<p>Prenent com a base aquesta contextualitzaci\u00f3, l\u2019escola:<\/p>\n<p>-Vetlla per la <em><u>igualtat d\u2019oportunitats<\/u><\/em> de tots els seus alumnes, \u00a0i posa especial atenci\u00f3 a la detecci\u00f3 de les necessitats educatives dels seus alumnes, siguin \u00a0de car\u00e0cter social i\/o econ\u00f2mic.<\/p>\n<p>-Treballa per la <em><u>inclusi\u00f3<\/u><\/em>\u00a0de tots els infants, atenent a les diferents necessitats educatives de tot l\u2019alumnat, innovant i adaptant metodol\u00f2gicament per tal d\u2019arribar a aconseguir alumnes competents.<\/p>\n<p>-Vetlla per la <em><u>cohesi\u00f3 social\u00a0<\/u><\/em>establint, en el seu Projecte de Conviv\u00e8ncia, les accions i els mecanismes necessaris per tal de fomentar els valors de respecte i toler\u00e0ncia entre els seus alumnes, les seves fam\u00edlies, i per extensi\u00f3 a la resta de membres de la comunitat educativa.<\/p>\n<p>-Promou el <em><u>sentiment d\u2019identitat i d\u2019arrelament al pa\u00eds<\/u><\/em>, a partir del sentiment de pertinen\u00e7a de l\u2019alumnat\u00a0 i les seves fam\u00edlies al barri i a la vila, emprenent projectes i accions educatives en l\u2019entorn m\u00e9s proper.<\/p>\n<p>-Vetlla pel <em><u>coneixement i la transmissi\u00f3 de la cultura catalana i\u00a0 per l\u2019\u00fas i el coneixement de la llengua del pa\u00eds<\/u><\/em>, elaborant un Projecte Ling\u00fc\u00edstic, on es concreta la tasca portada a terme.<\/p>\n<p>-Promou <em><u>l\u2019esfor\u00e7 individual i la cooperaci\u00f3<\/u><\/em>, dels infants i entre els diferents membres que formen \u00a0la comunitat educativa, alhora que promou el\u00a0<em><u>treball en equip<\/u><\/em>, la col\u00b7laboraci\u00f3 i la presa de decisions compartides com i element cohesionador i motivador, afavorint la implicaci\u00f3 personal.<\/p>\n<p>-Aposta per <em><u>un treball pedag\u00f2gic competencial<\/u><\/em>, que parteixi de l\u2019experi\u00e8ncia i les viv\u00e8ncies de l\u2019alumnat. Per un proc\u00e9s d\u2019ensenyament-aprenentatge significatiu i actiu, arrelat a l\u2019entorn i que promogui la creativitat, l\u2019originalitat i la\u00a0 capacitat d\u2019aprendre a aprendre.<\/p>\n<p>-Vetlla per una educaci\u00f3 de <em><u>qualitat i excel\u00b7l\u00e8ncia<\/u><\/em>\u00a0que persegueix l\u2019equitat, la innovaci\u00f3 i l\u2019\u00fas de bones pr\u00e0ctiques com a mitj\u00e0 per a una treball pedag\u00f2gic coherent i eficient.<\/p>\n<p>-Promou i impulsa la <em><u>col\u00b7laboraci\u00f3 entre els diferents sectors de la comunitat educativa<\/u><\/em>, molt especialment de les fam\u00edlies dels alumnes i tamb\u00e9 la\u00a0<em><u>relaci\u00f3 entre el centre i l\u2019entorn<\/u><\/em>, cercant i promovent vies i canals de comunicaci\u00f3, participaci\u00f3 i reflexi\u00f3 conjunta.<\/p>\n","protected":false},"excerpt":{"rendered":"<p>L\u2018Escola Montpalau\u00a0neix el setembre de 1991 de la m\u00e0 d\u2019un equip de mestres il\u00b7lusionat i comprom\u00e8s en un\u00a0projecte educatiu\u00a0que aporta als nens i nenes del barri i les seves fam\u00edlies una educaci\u00f3 integradora i de qualitat. L\u2019any 1991 pren la direcci\u00f3 del centre el\u00a0Sr. Emili Biosca i Villarroya, que en lidera el projecte fins el [&hellip;]<\/p>\n","protected":false},"author":1,"featured_media":0,"parent":22,"menu_order":20,"comment_status":"closed","ping_status":"closed","template":"page-templates\/side-menu.php","meta":{"_bbp_topic_count":0,"_bbp_reply_count":0,"_bbp_total_topic_count":0,"_bbp_total_reply_count":0,"_bbp_voice_count":0,"_bbp_anonymous_reply_count":0,"_bbp_topic_count_hidden":0,"_bbp_reply_count_hidden":0,"_bbp_forum_subforum_count":0,"site-sidebar-layout":"default","site-content-layout":"","ast-site-content-layout":"","site-content-style":"default","site-sidebar-style":"default","ast-global-header-display":"","ast-banner-title-visibility":"","ast-main-header-display":"","ast-hfb-above-header-display":"","ast-hfb-below-header-display":"","ast-hfb-mobile-header-display":"","site-post-title":"","ast-breadcrumbs-content":"","ast-featured-img":"","footer-sml-layout":"","theme-transparent-header-meta":"","adv-header-id-meta":"","stick-header-meta":"","header-above-stick-meta":"","header-main-stick-meta":"","header-below-stick-meta":"","astra-migrate-meta-layouts":"default","ast-page-background-enabled":"default","ast-page-background-meta":{"desktop":{"background-color":"var(--ast-global-color-4)","background-image":"","background-repeat":"repeat","background-position":"center center","background-size":"auto","background-attachment":"scroll","background-type":"","background-media":"","overlay-type":"","overlay-color":"","overlay-opacity":"","overlay-gradient":""},"tablet":{"background-color":"","background-image":"","background-repeat":"repeat","background-position":"center center","background-size":"auto","background-attachment":"scroll","background-type":"","background-media":"","overlay-type":"","overlay-color":"","overlay-opacity":"","overlay-gradient":""},"mobile":{"background-color":"","background-image":"","background-repeat":"repeat","background-position":"center center","background-size":"auto","background-attachment":"scroll","background-type":"","background-media":"","overlay-type":"","overlay-color":"","overlay-opacity":"","overlay-gradient":""}},"ast-content-background-meta":{"desktop":{"background-color":"var(--ast-global-color-5)","background-image":"","background-repeat":"repeat","background-position":"center center","background-size":"auto","background-attachment":"scroll","background-type":"","background-media":"","overlay-type":"","overlay-color":"","overlay-opacity":"","overlay-gradient":""},"tablet":{"background-color":"var(--ast-global-color-5)","background-image":"","background-repeat":"repeat","background-position":"center center","background-size":"auto","background-attachment":"scroll","background-type":"","background-media":"","overlay-type":"","overlay-color":"","overlay-opacity":"","overlay-gradient":""},"mobile":{"background-color":"var(--ast-global-color-5)","background-image":"","background-repeat":"repeat","background-position":"center center","background-size":"auto","background-attachment":"scroll","background-type":"","background-media":"","overlay-type":"","overlay-color":"","overlay-opacity":"","overlay-gradient":""}},"footnotes":""},"class_list":["post-26","page","type-page","status-publish","hentry"],"post_mailing_queue_ids":[],"_links":{"self":[{"href":"https:\/\/agora.xtec.cat\/ceip-montpalau-pineda\/wp-json\/wp\/v2\/pages\/26","targetHints":{"allow":["GET"]}}],"collection":[{"href":"https:\/\/agora.xtec.cat\/ceip-montpalau-pineda\/wp-json\/wp\/v2\/pages"}],"about":[{"href":"https:\/\/agora.xtec.cat\/ceip-montpalau-pineda\/wp-json\/wp\/v2\/types\/page"}],"author":[{"embeddable":true,"href":"https:\/\/agora.xtec.cat\/ceip-montpalau-pineda\/wp-json\/wp\/v2\/users\/1"}],"replies":[{"embeddable":true,"href":"https:\/\/agora.xtec.cat\/ceip-montpalau-pineda\/wp-json\/wp\/v2\/comments?post=26"}],"version-history":[{"count":3,"href":"https:\/\/agora.xtec.cat\/ceip-montpalau-pineda\/wp-json\/wp\/v2\/pages\/26\/revisions"}],"predecessor-version":[{"id":1023,"href":"https:\/\/agora.xtec.cat\/ceip-montpalau-pineda\/wp-json\/wp\/v2\/pages\/26\/revisions\/1023"}],"up":[{"embeddable":true,"href":"https:\/\/agora.xtec.cat\/ceip-montpalau-pineda\/wp-json\/wp\/v2\/pages\/22"}],"wp:attachment":[{"href":"https:\/\/agora.xtec.cat\/ceip-montpalau-pineda\/wp-json\/wp\/v2\/media?parent=26"}],"curies":[{"name":"wp","href":"https:\/\/api.w.org\/{rel}","templated":true}]}}