{"id":2139,"date":"2020-03-28T13:57:40","date_gmt":"2020-03-28T12:57:40","guid":{"rendered":"http:\/\/agora.xtec.cat\/ceip-montpalau-pineda\/?page_id=2139"},"modified":"2020-05-27T15:37:29","modified_gmt":"2020-05-27T13:37:29","slug":"educacio-fisica","status":"publish","type":"page","link":"https:\/\/agora.xtec.cat\/ceip-montpalau-pineda\/educacio-fisica\/","title":{"rendered":"Educaci\u00f3 F\u00edsica"},"content":{"rendered":"<h5><strong>EDUCACI\u00d3 F\u00cdSICA DURANT EL CONFINAMENT<\/strong><\/h5>\n<p>Aqu\u00ed teniu un recull de les activitats, reptes, balls, jocs, etc, que ens heu fet arribar durant aquest confinament.<\/p>\n<p>Molt contents de veure com esteu mantenint el cos actiu aix\u00ed com la ment.<\/p>\n<table>\n<tbody>\n<tr>\n<td><a href=\"https:\/\/agora.xtec.cat\/ceip-montpalau-pineda\/wp-content\/uploads\/usu1776\/2020\/05\/EDFISICATiguida-compressed.jpg\"><img loading=\"lazy\" decoding=\"async\" class=\"alignnone wp-image-3690\" src=\"https:\/\/agora.xtec.cat\/ceip-montpalau-pineda\/wp-content\/uploads\/usu1776\/2020\/05\/EDFISICATiguida-compressed-1024x817.jpg\" alt=\"\" width=\"644\" height=\"514\" srcset=\"https:\/\/agora.xtec.cat\/ceip-montpalau-pineda\/wp-content\/uploads\/usu1776\/2020\/05\/EDFISICATiguida-compressed-1024x817.jpg 1024w, https:\/\/agora.xtec.cat\/ceip-montpalau-pineda\/wp-content\/uploads\/usu1776\/2020\/05\/EDFISICATiguida-compressed-300x239.jpg 300w, https:\/\/agora.xtec.cat\/ceip-montpalau-pineda\/wp-content\/uploads\/usu1776\/2020\/05\/EDFISICATiguida-compressed-768x613.jpg 768w\" sizes=\"auto, (max-width: 644px) 100vw, 644px\" \/><\/a><\/td>\n<td><a href=\"https:\/\/agora.xtec.cat\/ceip-montpalau-pineda\/wp-content\/uploads\/usu1776\/2020\/05\/YERAY.jpg\"><img loading=\"lazy\" decoding=\"async\" class=\"alignnone wp-image-3693\" src=\"https:\/\/agora.xtec.cat\/ceip-montpalau-pineda\/wp-content\/uploads\/usu1776\/2020\/05\/YERAY-1024x817.jpg\" alt=\"\" width=\"655\" height=\"522\" srcset=\"https:\/\/agora.xtec.cat\/ceip-montpalau-pineda\/wp-content\/uploads\/usu1776\/2020\/05\/YERAY-1024x817.jpg 1024w, https:\/\/agora.xtec.cat\/ceip-montpalau-pineda\/wp-content\/uploads\/usu1776\/2020\/05\/YERAY-300x239.jpg 300w, https:\/\/agora.xtec.cat\/ceip-montpalau-pineda\/wp-content\/uploads\/usu1776\/2020\/05\/YERAY-768x613.jpg 768w\" sizes=\"auto, (max-width: 655px) 100vw, 655px\" \/><\/a><\/td>\n<\/tr>\n<\/tbody>\n<\/table>\n<table>\n<tbody>\n<tr>\n<td><a href=\"https:\/\/agora.xtec.cat\/ceip-montpalau-pineda\/wp-content\/uploads\/usu1776\/2020\/05\/ALAN-compressed-1.jpg\"><img loading=\"lazy\" decoding=\"async\" class=\"alignnone wp-image-3698\" src=\"https:\/\/agora.xtec.cat\/ceip-montpalau-pineda\/wp-content\/uploads\/usu1776\/2020\/05\/ALAN-compressed-1-1024x817.jpg\" alt=\"\" width=\"422\" height=\"337\" srcset=\"https:\/\/agora.xtec.cat\/ceip-montpalau-pineda\/wp-content\/uploads\/usu1776\/2020\/05\/ALAN-compressed-1-1024x817.jpg 1024w, https:\/\/agora.xtec.cat\/ceip-montpalau-pineda\/wp-content\/uploads\/usu1776\/2020\/05\/ALAN-compressed-1-300x239.jpg 300w, https:\/\/agora.xtec.cat\/ceip-montpalau-pineda\/wp-content\/uploads\/usu1776\/2020\/05\/ALAN-compressed-1-768x613.jpg 768w\" sizes=\"auto, (max-width: 422px) 100vw, 422px\" \/><\/a><\/td>\n<td><\/td>\n<\/tr>\n<\/tbody>\n<\/table>\n<table>\n<tbody>\n<tr>\n<td><iframe loading=\"lazy\" src=\"\/\/www.youtube.com\/embed\/2ryCl1bL4_Y\" width=\"560\" height=\"315\" frameborder=\"0\"><\/iframe><\/td>\n<td><iframe loading=\"lazy\" src=\"\/\/www.youtube.com\/embed\/bA8Lbw1c0uQ\" width=\"560\" height=\"315\" frameborder=\"0\"><\/iframe><\/td>\n<\/tr>\n<\/tbody>\n<\/table>\n<table>\n<tbody>\n<tr>\n<td><iframe loading=\"lazy\" src=\"\/\/www.youtube.com\/embed\/2kInHDaGIOg\" width=\"560\" height=\"315\" frameborder=\"0\"><\/iframe><\/td>\n<td><iframe loading=\"lazy\" src=\"\/\/www.youtube.com\/embed\/-qR8fZbCiCM\" width=\"560\" height=\"315\" frameborder=\"0\"><\/iframe><\/td>\n<\/tr>\n<\/tbody>\n<\/table>\n<table>\n<tbody>\n<tr>\n<td><iframe loading=\"lazy\" src=\"\/\/www.youtube.com\/embed\/Not62c-zPOo\" width=\"560\" height=\"315\" frameborder=\"0\"><\/iframe><\/td>\n<td><iframe loading=\"lazy\" src=\"\/\/www.youtube.com\/embed\/0zq0VK3ZY_c\" width=\"560\" height=\"315\" frameborder=\"0\"><\/iframe><\/td>\n<\/tr>\n<\/tbody>\n<\/table>\n<table>\n<tbody>\n<tr>\n<td><iframe loading=\"lazy\" src=\"\/\/www.youtube.com\/embed\/VlGA7ZJzFfg\" width=\"560\" height=\"315\" frameborder=\"0\"><\/iframe><\/td>\n<td><iframe loading=\"lazy\" src=\"\/\/www.youtube.com\/embed\/8-P9-4ZaBB4\" width=\"560\" height=\"315\" frameborder=\"0\"><\/iframe><\/td>\n<\/tr>\n<\/tbody>\n<\/table>\n<table>\n<tbody>\n<tr>\n<td><iframe loading=\"lazy\" src=\"\/\/www.youtube.com\/embed\/sZBekQ4OeFc\" width=\"560\" height=\"315\" frameborder=\"0\"><\/iframe><\/td>\n<td><iframe loading=\"lazy\" src=\"\/\/www.youtube.com\/embed\/EZ_xaT4trFE\" width=\"560\" height=\"315\" frameborder=\"0\"><\/iframe><\/td>\n<\/tr>\n<\/tbody>\n<\/table>\n<table>\n<tbody>\n<tr>\n<td><iframe loading=\"lazy\" src=\"\/\/www.youtube.com\/embed\/xo1kGNM3hpY\" width=\"560\" height=\"315\" frameborder=\"0\"><\/iframe><\/td>\n<td><iframe loading=\"lazy\" src=\"\/\/www.youtube.com\/embed\/j7OYQXKrUJk\" width=\"560\" height=\"315\" frameborder=\"0\"><\/iframe><\/td>\n<\/tr>\n<\/tbody>\n<\/table>\n<table>\n<tbody>\n<tr>\n<td><iframe loading=\"lazy\" src=\"\/\/www.youtube.com\/embed\/rf0nnvz1_gg\" width=\"560\" height=\"315\" frameborder=\"0\"><\/iframe><\/td>\n<td><\/td>\n<\/tr>\n<\/tbody>\n<\/table>\n<table style=\"height: 100px;\">\n<tbody>\n<tr style=\"height: 100px;\">\n<td style=\"width: 589px; height: 100px;\"><b>EDUCACI\u00d3 F\u00cdSICA.\u00a0<\/b>Fer alguns balls per mantenir-se actius durant aquests dies.<\/td>\n<td style=\"width: 228px; height: 100px;\"><a href=\"https:\/\/youtu.be\/GHCqRsrQwNU\"><img loading=\"lazy\" decoding=\"async\" class=\"wp-image-2275 aligncenter\" src=\"https:\/\/agora.xtec.cat\/ceip-montpalau-pineda\/wp-content\/uploads\/usu1776\/2020\/03\/baileninos.png\" alt=\"\" width=\"220\" height=\"112\" srcset=\"https:\/\/agora.xtec.cat\/ceip-montpalau-pineda\/wp-content\/uploads\/usu1776\/2020\/03\/baileninos.png 600w, https:\/\/agora.xtec.cat\/ceip-montpalau-pineda\/wp-content\/uploads\/usu1776\/2020\/03\/baileninos-300x152.png 300w\" sizes=\"auto, (max-width: 220px) 100vw, 220px\" \/><\/a><\/td>\n<\/tr>\n<\/tbody>\n<\/table>\n<p><strong><em>Fes clic a la imatge per entrar.\u00a0<\/em><\/strong><\/p>\n<div>\n<div style=\"width: 100%;\">\n<div style=\"position: relative; padding-bottom: 56.25%; padding-top: 0; height: 0;\"><iframe loading=\"lazy\" src=\"https:\/\/view.genial.ly\/5e8064963fea8d0db0cd15d8\" width=\"600\" height=\"450\" frameborder=\"0\"><\/iframe><\/div>\n<\/div>\n<\/div>\n<h4><strong>JOC EN FAM\u00cdLIA!<\/strong><\/h4>\n<div><\/div>\n<div>\n<div style=\"width: 100%;\">\n<div style=\"position: relative; padding-bottom: 56.25%; padding-top: 0; height: 0;\"><iframe loading=\"lazy\" src=\"https:\/\/view.genial.ly\/5e78c6d90fcfb90d9fa4dd48\" width=\"700\" height=\"506\" frameborder=\"0\"><\/iframe><\/div>\n<\/div>\n<\/div>\n<div><\/div>\n<div><\/div>\n<div><\/div>\n<div><\/div>\n<div><\/div>\n<div><\/div>\n<div><\/div>\n<div><\/div>\n<div><\/div>\n<div><\/div>\n<div><\/div>\n<div><\/div>\n<div><\/div>\n<div><\/div>\n<div><\/div>\n<div><\/div>\n<div><\/div>\n<div><\/div>\n<div><\/div>\n<div><\/div>\n<div><\/div>\n<div><\/div>\n<div><\/div>\n<div><\/div>\n<div><\/div>\n<div><\/div>\n<div><\/div>\n<div><\/div>\n","protected":false},"excerpt":{"rendered":"<p>EDUCACI\u00d3 F\u00cdSICA DURANT EL CONFINAMENT Aqu\u00ed teniu un recull de les activitats, reptes, balls, jocs, etc, que ens heu fet arribar durant aquest confinament. Molt contents de veure com esteu mantenint el cos actiu aix\u00ed com la ment. EDUCACI\u00d3 F\u00cdSICA.\u00a0Fer alguns balls per mantenir-se actius durant aquests dies. Fes clic a la imatge per entrar.\u00a0 [&hellip;]<\/p>\n","protected":false},"author":7,"featured_media":0,"parent":0,"menu_order":70,"comment_status":"closed","ping_status":"closed","template":"page-templates\/side-menu.php","meta":{"_bbp_topic_count":0,"_bbp_reply_count":0,"_bbp_total_topic_count":0,"_bbp_total_reply_count":0,"_bbp_voice_count":0,"_bbp_anonymous_reply_count":0,"_bbp_topic_count_hidden":0,"_bbp_reply_count_hidden":0,"_bbp_forum_subforum_count":0,"site-sidebar-layout":"default","site-content-layout":"","ast-site-content-layout":"","site-content-style":"default","site-sidebar-style":"default","ast-global-header-display":"","ast-banner-title-visibility":"","ast-main-header-display":"","ast-hfb-above-header-display":"","ast-hfb-below-header-display":"","ast-hfb-mobile-header-display":"","site-post-title":"","ast-breadcrumbs-content":"","ast-featured-img":"","footer-sml-layout":"","theme-transparent-header-meta":"","adv-header-id-meta":"","stick-header-meta":"","header-above-stick-meta":"","header-main-stick-meta":"","header-below-stick-meta":"","astra-migrate-meta-layouts":"default","ast-page-background-enabled":"default","ast-page-background-meta":{"desktop":{"background-color":"var(--ast-global-color-4)","background-image":"","background-repeat":"repeat","background-position":"center center","background-size":"auto","background-attachment":"scroll","background-type":"","background-media":"","overlay-type":"","overlay-color":"","overlay-opacity":"","overlay-gradient":""},"tablet":{"background-color":"","background-image":"","background-repeat":"repeat","background-position":"center center","background-size":"auto","background-attachment":"scroll","background-type":"","background-media":"","overlay-type":"","overlay-color":"","overlay-opacity":"","overlay-gradient":""},"mobile":{"background-color":"","background-image":"","background-repeat":"repeat","background-position":"center center","background-size":"auto","background-attachment":"scroll","background-type":"","background-media":"","overlay-type":"","overlay-color":"","overlay-opacity":"","overlay-gradient":""}},"ast-content-background-meta":{"desktop":{"background-color":"var(--ast-global-color-5)","background-image":"","background-repeat":"repeat","background-position":"center center","background-size":"auto","background-attachment":"scroll","background-type":"","background-media":"","overlay-type":"","overlay-color":"","overlay-opacity":"","overlay-gradient":""},"tablet":{"background-color":"var(--ast-global-color-5)","background-image":"","background-repeat":"repeat","background-position":"center center","background-size":"auto","background-attachment":"scroll","background-type":"","background-media":"","overlay-type":"","overlay-color":"","overlay-opacity":"","overlay-gradient":""},"mobile":{"background-color":"var(--ast-global-color-5)","background-image":"","background-repeat":"repeat","background-position":"center center","background-size":"auto","background-attachment":"scroll","background-type":"","background-media":"","overlay-type":"","overlay-color":"","overlay-opacity":"","overlay-gradient":""}},"footnotes":""},"class_list":["post-2139","page","type-page","status-publish","hentry"],"post_mailing_queue_ids":[],"_links":{"self":[{"href":"https:\/\/agora.xtec.cat\/ceip-montpalau-pineda\/wp-json\/wp\/v2\/pages\/2139","targetHints":{"allow":["GET"]}}],"collection":[{"href":"https:\/\/agora.xtec.cat\/ceip-montpalau-pineda\/wp-json\/wp\/v2\/pages"}],"about":[{"href":"https:\/\/agora.xtec.cat\/ceip-montpalau-pineda\/wp-json\/wp\/v2\/types\/page"}],"author":[{"embeddable":true,"href":"https:\/\/agora.xtec.cat\/ceip-montpalau-pineda\/wp-json\/wp\/v2\/users\/7"}],"replies":[{"embeddable":true,"href":"https:\/\/agora.xtec.cat\/ceip-montpalau-pineda\/wp-json\/wp\/v2\/comments?post=2139"}],"version-history":[{"count":4,"href":"https:\/\/agora.xtec.cat\/ceip-montpalau-pineda\/wp-json\/wp\/v2\/pages\/2139\/revisions"}],"predecessor-version":[{"id":4298,"href":"https:\/\/agora.xtec.cat\/ceip-montpalau-pineda\/wp-json\/wp\/v2\/pages\/2139\/revisions\/4298"}],"wp:attachment":[{"href":"https:\/\/agora.xtec.cat\/ceip-montpalau-pineda\/wp-json\/wp\/v2\/media?parent=2139"}],"curies":[{"name":"wp","href":"https:\/\/api.w.org\/{rel}","templated":true}]}}