{"id":1776,"date":"2020-03-19T12:05:34","date_gmt":"2020-03-19T11:05:34","guid":{"rendered":"http:\/\/agora.xtec.cat\/ceip-montpalau-pineda\/?page_id=1776"},"modified":"2020-05-24T21:18:32","modified_gmt":"2020-05-24T19:18:32","slug":"explorem","status":"publish","type":"page","link":"https:\/\/agora.xtec.cat\/ceip-montpalau-pineda\/explorem\/","title":{"rendered":"Explorem"},"content":{"rendered":"<h3>APRENENTATGE DIGITAL<\/h3>\n<table style=\"width: 1051px; height: 1402px;\">\n<tbody>\n<tr style=\"height: 191px;\">\n<td style=\"width: 1045px; background-color: #faf7f7; height: 191px;\">\n<h5><strong>ACTIVITAT 1: L\u00cdNIA DEL TEMPS<\/strong><\/h5>\n<p>Us facilitem els documents per poder\u00a0fer les activitats que us demanem a <strong>EXPLOREM<\/strong>. Si no ho podeu imprimir les podeu intentar resoldre oralment.<\/p>\n<p><strong>1. Llegir el tema<\/strong> (a l&#8217;inici del document)<a href=\"https:\/\/agora.xtec.cat\/ceip-montpalau-pineda\/wp-content\/uploads\/usu1776\/2020\/03\/EVOLUCI\u00d3-DE-LA-HIST\u00d2RIA.pdf\" target=\"_blank\" rel=\"noopener noreferrer\"><img loading=\"lazy\" decoding=\"async\" class=\"wp-image-1886 alignleft\" src=\"https:\/\/agora.xtec.cat\/ceip-montpalau-pineda\/wp-content\/uploads\/usu1776\/2020\/03\/pas-del-temps.jpg\" alt=\"\" width=\"120\" height=\"85\" \/><\/a><\/p>\n<p><strong>2. Fer les activitats<\/strong> que us recomanem (per escrit o oralment)<\/td>\n<\/tr>\n<tr style=\"height: 64px;\">\n<td style=\"width: 1045px; background-color: #faf7f7; height: 64px;\"><strong>3. Comprovar les correccions<\/strong>.<a href=\"https:\/\/agora.xtec.cat\/ceip-montpalau-pineda\/wp-content\/uploads\/usu1776\/2020\/03\/EVOLUCI\u00d3-DE-LA-HIST\u00d2RIA-correcci\u00f3.pdf\" target=\"_blank\" rel=\"noopener noreferrer\"><img loading=\"lazy\" decoding=\"async\" class=\"wp-image-1887 alignleft\" src=\"https:\/\/agora.xtec.cat\/ceip-montpalau-pineda\/wp-content\/uploads\/usu1776\/2020\/03\/pas-del-tempscorreccio.jpg\" alt=\"\" width=\"60\" height=\"50\" \/><\/a><\/td>\n<\/tr>\n<tr style=\"height: 144px;\">\n<td style=\"width: 1045px; background-color: #faf7f7; height: 144px;\"><strong>4. Fer l&#8217;activitat 8.<\/strong><\/p>\n<p><a href=\"https:\/\/agora.xtec.cat\/ceip-montpalau-pineda\/wp-content\/uploads\/usu1776\/2020\/03\/activitat-linia-del-temps.pdf\" target=\"_blank\" rel=\"noopener noreferrer\"><img loading=\"lazy\" decoding=\"async\" class=\"wp-image-2011 alignleft\" src=\"https:\/\/agora.xtec.cat\/ceip-montpalau-pineda\/wp-content\/uploads\/usu1776\/2020\/03\/guia-temps.jpg\" alt=\"\" width=\"81\" height=\"57\" srcset=\"https:\/\/agora.xtec.cat\/ceip-montpalau-pineda\/wp-content\/uploads\/usu1776\/2020\/03\/guia-temps.jpg 712w, https:\/\/agora.xtec.cat\/ceip-montpalau-pineda\/wp-content\/uploads\/usu1776\/2020\/03\/guia-temps-300x211.jpg 300w\" sizes=\"auto, (max-width: 81px) 100vw, 81px\" \/><\/a><\/p>\n<p>Podeu escollir entre una m\u00e9s senzilla (la linia del temps) o una m\u00e9s elaborada (dossier de la vostra vida) Un cop fet m&#8217;envieu una o varies fotografies al correu electr\u00f2nic on es vegi molt b\u00e9 com ha quedat del resultat. Aix\u00ed ho penjarem aqu\u00ed mateix amb totes les vostres activitats i tots i totes les podrem veure.<\/td>\n<\/tr>\n<tr style=\"height: 1003px;\">\n<td style=\"width: 1045px; height: 1003px;\">\n<h5><strong>Treballs de les nenes i nens de classe<\/strong><\/h5>\n<p>&nbsp;<\/p>\n<p><a href=\"https:\/\/agora.xtec.cat\/ceip-montpalau-pineda\/wp-content\/uploads\/usu1776\/2020\/04\/LINIES-DEL-TEMPS-DE-LA-CLASSE-compressed-1.jpg\"><img loading=\"lazy\" decoding=\"async\" class=\"alignnone size-large wp-image-3050\" src=\"https:\/\/agora.xtec.cat\/ceip-montpalau-pineda\/wp-content\/uploads\/usu1776\/2020\/04\/LINIES-DEL-TEMPS-DE-LA-CLASSE-compressed-1-1024x856.jpg\" alt=\"\" width=\"1024\" height=\"856\" srcset=\"https:\/\/agora.xtec.cat\/ceip-montpalau-pineda\/wp-content\/uploads\/usu1776\/2020\/04\/LINIES-DEL-TEMPS-DE-LA-CLASSE-compressed-1-1024x856.jpg 1024w, https:\/\/agora.xtec.cat\/ceip-montpalau-pineda\/wp-content\/uploads\/usu1776\/2020\/04\/LINIES-DEL-TEMPS-DE-LA-CLASSE-compressed-1-300x250.jpg 300w, https:\/\/agora.xtec.cat\/ceip-montpalau-pineda\/wp-content\/uploads\/usu1776\/2020\/04\/LINIES-DEL-TEMPS-DE-LA-CLASSE-compressed-1-768x642.jpg 768w\" sizes=\"auto, (max-width: 1024px) 100vw, 1024px\" \/><\/a><\/p>\n<p><a href=\"https:\/\/agora.xtec.cat\/ceip-montpalau-pineda\/wp-content\/uploads\/usu1776\/2020\/05\/joelliniatemps.png\"><img loading=\"lazy\" decoding=\"async\" class=\"alignnone  wp-image-4248\" src=\"https:\/\/agora.xtec.cat\/ceip-montpalau-pineda\/wp-content\/uploads\/usu1776\/2020\/05\/joelliniatemps.png\" alt=\"\" width=\"464\" height=\"348\" srcset=\"https:\/\/agora.xtec.cat\/ceip-montpalau-pineda\/wp-content\/uploads\/usu1776\/2020\/05\/joelliniatemps.png 612w, https:\/\/agora.xtec.cat\/ceip-montpalau-pineda\/wp-content\/uploads\/usu1776\/2020\/05\/joelliniatemps-300x225.png 300w, https:\/\/agora.xtec.cat\/ceip-montpalau-pineda\/wp-content\/uploads\/usu1776\/2020\/05\/joelliniatemps-200x150.png 200w\" sizes=\"auto, (max-width: 464px) 100vw, 464px\" \/><\/a><\/td>\n<\/tr>\n<\/tbody>\n<\/table>\n<h5><strong>ACTIVITAT 2: FEM UN LAPBOOK\u00a0<\/strong><\/h5>\n<table style=\"height: 493px;\">\n<tbody>\n<tr style=\"height: 366px;\">\n<td style=\"height: 366px; width: 526px;\">\n<h5><strong>Primera part<\/strong><\/h5>\n<p><iframe loading=\"lazy\" src=\"https:\/\/docs.google.com\/presentation\/d\/e\/2PACX-1vScA6htU5FevN_oc2WuMOhX5vlGyrjKX1KSNvJqJcgPrR80g45VpL5IQiYpsQMIYA\/embed?start=false&amp;loop=true&amp;delayms=10000\" width=\"500\" height=\"293\" frameborder=\"0\"><\/iframe><\/td>\n<td style=\"height: 366px; width: 526px;\">\n<h5><strong>Segona part<\/strong><\/h5>\n<p><iframe loading=\"lazy\" src=\"https:\/\/docs.google.com\/presentation\/d\/e\/2PACX-1vS9rmNv4eUXYfvUOa4kYZn1lqaYz7_SW6aIzM2OdTUdlouG1hAqNm3GujKxJ2Bopw\/embed?start=false&amp;loop=true&amp;delayms=10000\" width=\"500\" height=\"293\" frameborder=\"0\" data-mce-fragment=\"1\"><\/iframe><\/td>\n<\/tr>\n<tr style=\"height: 127px;\">\n<td style=\"height: 127px; width: 526px;\"><strong>Com valorarem el LAPBOOK? <\/strong><\/p>\n<p>Aqu\u00ed teniu la<strong> r\u00fabrica<\/strong> per saber qu\u00e8 es valorar\u00e0 d&#8217;aquesta activitat<\/td>\n<td style=\"height: 127px; width: 526px;\">\n<h5><strong><a href=\"https:\/\/agora.xtec.cat\/ceip-montpalau-pineda\/wp-content\/uploads\/usu1776\/2020\/05\/R\u00fabrica-UN-PASSEIG-PER-LA-HIST\u00d2RIA-1.pdf\" target=\"_blank\" rel=\"noopener noreferrer\"><img loading=\"lazy\" decoding=\"async\" class=\"wp-image-3507 alignleft\" src=\"https:\/\/agora.xtec.cat\/ceip-montpalau-pineda\/wp-content\/uploads\/usu1776\/2020\/05\/rubrica-lapbook-1024x617.jpg\" alt=\"\" width=\"156\" height=\"94\" srcset=\"https:\/\/agora.xtec.cat\/ceip-montpalau-pineda\/wp-content\/uploads\/usu1776\/2020\/05\/rubrica-lapbook-1024x617.jpg 1024w, https:\/\/agora.xtec.cat\/ceip-montpalau-pineda\/wp-content\/uploads\/usu1776\/2020\/05\/rubrica-lapbook-300x181.jpg 300w, https:\/\/agora.xtec.cat\/ceip-montpalau-pineda\/wp-content\/uploads\/usu1776\/2020\/05\/rubrica-lapbook-768x463.jpg 768w, https:\/\/agora.xtec.cat\/ceip-montpalau-pineda\/wp-content\/uploads\/usu1776\/2020\/05\/rubrica-lapbook.jpg 1027w\" sizes=\"auto, (max-width: 156px) 100vw, 156px\" \/><\/a><\/strong><\/h5>\n<\/td>\n<\/tr>\n<\/tbody>\n<\/table>\n<p><strong style=\"font-family: inherit; font-size: 1em;\">VOLEU VEURE ELS TREBALLS QUE HEU FET?<\/strong><span style=\"font-family: inherit; font-size: 1em;\"> Nom\u00e9s heu d&#8217;entrar a l&#8217;\u00e8poca que vulgueu per veure-ho.<\/span><\/p>\n<table style=\"width: 871px; height: 154px;\">\n<tbody>\n<tr style=\"height: 38px;\">\n<td style=\"text-align: center; vertical-align: middle; width: 170px; height: 38px; background-color: #edf2c7;\"><strong>ANTIC EGIPTE<\/strong><\/td>\n<td style=\"text-align: center; vertical-align: middle; width: 170px; height: 38px; background-color: #edf2c7;\"><strong>ANTIGA GR\u00c8CIA<\/strong><\/td>\n<td style=\"text-align: center; vertical-align: middle; width: 168px; height: 38px; background-color: #edf2c7;\"><strong>ANTIGA ROMA<\/strong><\/td>\n<td style=\"text-align: center; vertical-align: middle; width: 175px; height: 38px; background-color: #edf2c7;\"><strong>EDAT MITJANA<\/strong><\/td>\n<td style=\"text-align: center; vertical-align: middle; width: 174px; background-color: #edf2c7;\"><strong>EDAT CONTEMPOR\u00c0NIA<\/strong><\/td>\n<\/tr>\n<tr style=\"height: 116px;\">\n<td style=\"text-align: center; vertical-align: middle; width: 170px; height: 116px;\"><a href=\"https:\/\/agora.xtec.cat\/ceip-montpalau-pineda\/tercer\/explorem\/antic-egipte\/\" target=\"_blank\" rel=\"noopener noreferrer\"><img loading=\"lazy\" decoding=\"async\" class=\"alignnone wp-image-3522\" src=\"https:\/\/agora.xtec.cat\/ceip-montpalau-pineda\/wp-content\/uploads\/usu1776\/2020\/05\/egipto.jpg\" alt=\"\" width=\"158\" height=\"105\" srcset=\"https:\/\/agora.xtec.cat\/ceip-montpalau-pineda\/wp-content\/uploads\/usu1776\/2020\/05\/egipto.jpg 811w, https:\/\/agora.xtec.cat\/ceip-montpalau-pineda\/wp-content\/uploads\/usu1776\/2020\/05\/egipto-300x200.jpg 300w, https:\/\/agora.xtec.cat\/ceip-montpalau-pineda\/wp-content\/uploads\/usu1776\/2020\/05\/egipto-768x511.jpg 768w\" sizes=\"auto, (max-width: 158px) 100vw, 158px\" \/><\/a><\/td>\n<td style=\"text-align: center; vertical-align: middle; width: 170px; height: 116px;\"><a href=\"https:\/\/agora.xtec.cat\/ceip-montpalau-pineda\/tercer\/explorem\/antiga-grecia\/\" target=\"_blank\" rel=\"noopener noreferrer\"><img loading=\"lazy\" decoding=\"async\" class=\"alignnone wp-image-3523\" src=\"https:\/\/agora.xtec.cat\/ceip-montpalau-pineda\/wp-content\/uploads\/usu1776\/2020\/05\/grecia-1024x612.jpg\" alt=\"\" width=\"156\" height=\"93\" srcset=\"https:\/\/agora.xtec.cat\/ceip-montpalau-pineda\/wp-content\/uploads\/usu1776\/2020\/05\/grecia-1024x612.jpg 1024w, https:\/\/agora.xtec.cat\/ceip-montpalau-pineda\/wp-content\/uploads\/usu1776\/2020\/05\/grecia-300x179.jpg 300w, https:\/\/agora.xtec.cat\/ceip-montpalau-pineda\/wp-content\/uploads\/usu1776\/2020\/05\/grecia-768x459.jpg 768w, https:\/\/agora.xtec.cat\/ceip-montpalau-pineda\/wp-content\/uploads\/usu1776\/2020\/05\/grecia.jpg 1800w\" sizes=\"auto, (max-width: 156px) 100vw, 156px\" \/><\/a><\/td>\n<td style=\"text-align: center; vertical-align: middle; width: 168px; height: 116px;\"><a href=\"https:\/\/agora.xtec.cat\/ceip-montpalau-pineda\/tercer\/explorem\/antiga-roma\/\" target=\"_blank\" rel=\"noopener noreferrer\"><img loading=\"lazy\" decoding=\"async\" class=\"alignnone wp-image-3520\" src=\"https:\/\/agora.xtec.cat\/ceip-montpalau-pineda\/wp-content\/uploads\/usu1776\/2020\/05\/roma.jpg\" alt=\"\" width=\"153\" height=\"71\" srcset=\"https:\/\/agora.xtec.cat\/ceip-montpalau-pineda\/wp-content\/uploads\/usu1776\/2020\/05\/roma.jpg 800w, https:\/\/agora.xtec.cat\/ceip-montpalau-pineda\/wp-content\/uploads\/usu1776\/2020\/05\/roma-300x139.jpg 300w, https:\/\/agora.xtec.cat\/ceip-montpalau-pineda\/wp-content\/uploads\/usu1776\/2020\/05\/roma-768x356.jpg 768w\" sizes=\"auto, (max-width: 153px) 100vw, 153px\" \/><\/a><\/td>\n<td style=\"text-align: center; vertical-align: middle; width: 175px; height: 116px;\"><a href=\"https:\/\/agora.xtec.cat\/ceip-montpalau-pineda\/tercer\/explorem\/edat-mitjana\/\" target=\"_blank\" rel=\"noopener noreferrer\"><img loading=\"lazy\" decoding=\"async\" class=\"alignnone wp-image-3521\" src=\"https:\/\/agora.xtec.cat\/ceip-montpalau-pineda\/wp-content\/uploads\/usu1776\/2020\/05\/edat-mitjana.jpg\" alt=\"\" width=\"159\" height=\"106\" srcset=\"https:\/\/agora.xtec.cat\/ceip-montpalau-pineda\/wp-content\/uploads\/usu1776\/2020\/05\/edat-mitjana.jpg 585w, https:\/\/agora.xtec.cat\/ceip-montpalau-pineda\/wp-content\/uploads\/usu1776\/2020\/05\/edat-mitjana-300x200.jpg 300w\" sizes=\"auto, (max-width: 159px) 100vw, 159px\" \/><\/a><\/td>\n<td style=\"text-align: center; vertical-align: middle; width: 174px;\"><a href=\"https:\/\/agora.xtec.cat\/ceip-montpalau-pineda\/tercer\/explorem\/edat-contemporania\/\" target=\"_blank\" rel=\"noopener noreferrer\"><img loading=\"lazy\" decoding=\"async\" class=\"alignnone size-full wp-image-3623\" src=\"https:\/\/agora.xtec.cat\/ceip-montpalau-pineda\/wp-content\/uploads\/usu1776\/2020\/05\/CONTEMPORANEA.jpeg\" alt=\"\" width=\"960\" height=\"609\" srcset=\"https:\/\/agora.xtec.cat\/ceip-montpalau-pineda\/wp-content\/uploads\/usu1776\/2020\/05\/CONTEMPORANEA.jpeg 960w, https:\/\/agora.xtec.cat\/ceip-montpalau-pineda\/wp-content\/uploads\/usu1776\/2020\/05\/CONTEMPORANEA-300x190.jpeg 300w, https:\/\/agora.xtec.cat\/ceip-montpalau-pineda\/wp-content\/uploads\/usu1776\/2020\/05\/CONTEMPORANEA-768x487.jpeg 768w\" sizes=\"auto, (max-width: 960px) 100vw, 960px\" \/><\/a><\/td>\n<\/tr>\n<\/tbody>\n<\/table>\n<p>&nbsp;<\/p>\n<h5><strong>ACTIVITAT 3: L&#8217;AIGUA<\/strong><\/h5>\n<table style=\"width: 573px;\">\n<tbody>\n<tr>\n<td style=\"width: 354px;\">Entreu aqu\u00ed fent click a la imatge per comen\u00e7ar&#8230;<\/td>\n<td style=\"width: 211px;\"><a href=\"https:\/\/agora.xtec.cat\/ceip-montpalau-pineda\/tercer\/explorem\/explorem-sobre-laigua\/\" target=\"_blank\" rel=\"noopener noreferrer\"><img loading=\"lazy\" decoding=\"async\" class=\"alignnone wp-image-4110\" src=\"https:\/\/agora.xtec.cat\/ceip-montpalau-pineda\/wp-content\/uploads\/usu1776\/2020\/05\/be-water-1024x571.jpg\" alt=\"\" width=\"200\" height=\"112\" srcset=\"https:\/\/agora.xtec.cat\/ceip-montpalau-pineda\/wp-content\/uploads\/usu1776\/2020\/05\/be-water-1024x571.jpg 1024w, https:\/\/agora.xtec.cat\/ceip-montpalau-pineda\/wp-content\/uploads\/usu1776\/2020\/05\/be-water-300x167.jpg 300w, https:\/\/agora.xtec.cat\/ceip-montpalau-pineda\/wp-content\/uploads\/usu1776\/2020\/05\/be-water-768x428.jpg 768w, https:\/\/agora.xtec.cat\/ceip-montpalau-pineda\/wp-content\/uploads\/usu1776\/2020\/05\/be-water.jpg 1058w\" sizes=\"auto, (max-width: 200px) 100vw, 200px\" \/><\/a><\/td>\n<\/tr>\n<\/tbody>\n<\/table>\n<p>&nbsp;<\/p>\n<div class=\"padlet-embed\" style=\"border: 1px solid rgba(0,0,0,0.1); border-radius: 2px; box-sizing: border-box; overflow: hidden; position: relative; width: 100%; background: #F4F4F4;\">\n<p style=\"padding: 0; margin: 0;\"><iframe loading=\"lazy\" src=\"https:\/\/padlet.com\/embed\/a9gl2ohshox7iki\" width=\"900\" height=\"900\" frameborder=\"0\" data-mce-fragment=\"1\"><\/iframe><\/p>\n<div style=\"padding: 8px; text-align: right; margin: 0;\"><a style=\"padding: 0; margin: 0; border: none; display: block; line-height: 1; height: 16px;\" href=\"https:\/\/padlet.com?ref=embed\" target=\"_blank\" rel=\"noopener noreferrer\"><img loading=\"lazy\" decoding=\"async\" style=\"padding: 0; margin: 0; background: none; border: none; display: inline; box-shadow: none;\" src=\"https:\/\/padlet.net\/embeds\/made_with_padlet.png\" alt=\"Hecho con Padlet\" width=\"900\" height=\"900\" \/><\/a><\/div>\n<\/div>\n<p>&nbsp;<\/p>\n<p>&nbsp;<\/p>\n<p>&nbsp;<\/p>\n<p>&nbsp;<\/p>\n","protected":false},"excerpt":{"rendered":"<p>APRENENTATGE DIGITAL ACTIVITAT 1: L\u00cdNIA DEL TEMPS Us facilitem els documents per poder\u00a0fer les activitats que us demanem a EXPLOREM. Si no ho podeu imprimir les podeu intentar resoldre oralment. 1. Llegir el tema (a l&#8217;inici del document) 2. Fer les activitats que us recomanem (per escrit o oralment) 3. Comprovar les correccions. 4. Fer [&hellip;]<\/p>\n","protected":false},"author":6,"featured_media":0,"parent":0,"menu_order":30,"comment_status":"closed","ping_status":"closed","template":"page-templates\/side-menu.php","meta":{"_bbp_topic_count":0,"_bbp_reply_count":0,"_bbp_total_topic_count":0,"_bbp_total_reply_count":0,"_bbp_voice_count":0,"_bbp_anonymous_reply_count":0,"_bbp_topic_count_hidden":0,"_bbp_reply_count_hidden":0,"_bbp_forum_subforum_count":0,"site-sidebar-layout":"default","site-content-layout":"","ast-site-content-layout":"","site-content-style":"default","site-sidebar-style":"default","ast-global-header-display":"","ast-banner-title-visibility":"","ast-main-header-display":"","ast-hfb-above-header-display":"","ast-hfb-below-header-display":"","ast-hfb-mobile-header-display":"","site-post-title":"","ast-breadcrumbs-content":"","ast-featured-img":"","footer-sml-layout":"","theme-transparent-header-meta":"","adv-header-id-meta":"","stick-header-meta":"","header-above-stick-meta":"","header-main-stick-meta":"","header-below-stick-meta":"","astra-migrate-meta-layouts":"default","ast-page-background-enabled":"default","ast-page-background-meta":{"desktop":{"background-color":"var(--ast-global-color-4)","background-image":"","background-repeat":"repeat","background-position":"center center","background-size":"auto","background-attachment":"scroll","background-type":"","background-media":"","overlay-type":"","overlay-color":"","overlay-opacity":"","overlay-gradient":""},"tablet":{"background-color":"","background-image":"","background-repeat":"repeat","background-position":"center center","background-size":"auto","background-attachment":"scroll","background-type":"","background-media":"","overlay-type":"","overlay-color":"","overlay-opacity":"","overlay-gradient":""},"mobile":{"background-color":"","background-image":"","background-repeat":"repeat","background-position":"center center","background-size":"auto","background-attachment":"scroll","background-type":"","background-media":"","overlay-type":"","overlay-color":"","overlay-opacity":"","overlay-gradient":""}},"ast-content-background-meta":{"desktop":{"background-color":"var(--ast-global-color-5)","background-image":"","background-repeat":"repeat","background-position":"center center","background-size":"auto","background-attachment":"scroll","background-type":"","background-media":"","overlay-type":"","overlay-color":"","overlay-opacity":"","overlay-gradient":""},"tablet":{"background-color":"var(--ast-global-color-5)","background-image":"","background-repeat":"repeat","background-position":"center center","background-size":"auto","background-attachment":"scroll","background-type":"","background-media":"","overlay-type":"","overlay-color":"","overlay-opacity":"","overlay-gradient":""},"mobile":{"background-color":"var(--ast-global-color-5)","background-image":"","background-repeat":"repeat","background-position":"center center","background-size":"auto","background-attachment":"scroll","background-type":"","background-media":"","overlay-type":"","overlay-color":"","overlay-opacity":"","overlay-gradient":""}},"footnotes":""},"class_list":["post-1776","page","type-page","status-publish","hentry"],"post_mailing_queue_ids":[],"_links":{"self":[{"href":"https:\/\/agora.xtec.cat\/ceip-montpalau-pineda\/wp-json\/wp\/v2\/pages\/1776","targetHints":{"allow":["GET"]}}],"collection":[{"href":"https:\/\/agora.xtec.cat\/ceip-montpalau-pineda\/wp-json\/wp\/v2\/pages"}],"about":[{"href":"https:\/\/agora.xtec.cat\/ceip-montpalau-pineda\/wp-json\/wp\/v2\/types\/page"}],"author":[{"embeddable":true,"href":"https:\/\/agora.xtec.cat\/ceip-montpalau-pineda\/wp-json\/wp\/v2\/users\/6"}],"replies":[{"embeddable":true,"href":"https:\/\/agora.xtec.cat\/ceip-montpalau-pineda\/wp-json\/wp\/v2\/comments?post=1776"}],"version-history":[{"count":4,"href":"https:\/\/agora.xtec.cat\/ceip-montpalau-pineda\/wp-json\/wp\/v2\/pages\/1776\/revisions"}],"predecessor-version":[{"id":4249,"href":"https:\/\/agora.xtec.cat\/ceip-montpalau-pineda\/wp-json\/wp\/v2\/pages\/1776\/revisions\/4249"}],"wp:attachment":[{"href":"https:\/\/agora.xtec.cat\/ceip-montpalau-pineda\/wp-json\/wp\/v2\/media?parent=1776"}],"curies":[{"name":"wp","href":"https:\/\/api.w.org\/{rel}","templated":true}]}}