{"id":2534,"date":"2020-03-27T15:50:26","date_gmt":"2020-03-27T14:50:26","guid":{"rendered":"http:\/\/agora.xtec.cat\/ceip-montoliu\/?page_id=2534"},"modified":"2026-02-25T19:58:21","modified_gmt":"2026-02-25T18:58:21","slug":"preinscripcions","status":"publish","type":"page","link":"https:\/\/agora.xtec.cat\/ceip-montoliu\/lescola\/preinscripcions\/","title":{"rendered":"Preinscripci\u00f3 26-27"},"content":{"rendered":"<p>&nbsp;<\/p>\n<p><img loading=\"lazy\" decoding=\"async\" class=\"aligncenter wp-image-5305\" src=\"https:\/\/agora.xtec.cat\/ceip-montoliu\/wp-content\/uploads\/usu1028\/2026\/02\/Captura-de-pantalla-2026-02-25-a-les-19.48.58.png\" alt=\"\" width=\"464\" height=\"362\" srcset=\"https:\/\/agora.xtec.cat\/ceip-montoliu\/wp-content\/uploads\/usu1028\/2026\/02\/Captura-de-pantalla-2026-02-25-a-les-19.48.58.png 1156w, https:\/\/agora.xtec.cat\/ceip-montoliu\/wp-content\/uploads\/usu1028\/2026\/02\/Captura-de-pantalla-2026-02-25-a-les-19.48.58-150x117.png 150w, https:\/\/agora.xtec.cat\/ceip-montoliu\/wp-content\/uploads\/usu1028\/2026\/02\/Captura-de-pantalla-2026-02-25-a-les-19.48.58-768x599.png 768w\" sizes=\"auto, (max-width: 464px) 100vw, 464px\" \/><\/p>\n<div>\n<div dir=\"auto\"><span style=\"font-size: large;\">Aquelles fam\u00edlies que tingueu un\/a fill\/a que el proper\u00a0<b>curs 2026\/2027 hagi de fer\u00a0<\/b><b>educaci\u00f3 infantil 3 anys\u00a0 o inicien la ESO<\/b> , us informem que haureu de presentar la sol\u00b7licitud de <strong>preinscripci\u00f3 on-line<\/strong>, dins el termini establert pel Departament d&#8217;Educaci\u00f3:<\/span><\/div>\n<div dir=\"auto\"><\/div>\n<div dir=\"auto\"><span style=\"font-size: large;\">&#8211; <strong>Del\u00a04 de mar\u00e7 al 18 de mar\u00e7\u00a0de 2026, ambd\u00f3s inclosos.<\/strong><br \/>\n<\/span><\/div>\n<div dir=\"auto\">\n<div dir=\"auto\"><span style=\"font-size: large;\"><strong>&#8211; Del 6 de mar\u00e7 al 18 de mar\u00e7 de 2026, ambd\u00f3s inclosos.<\/strong><br \/>\n<\/span><\/div>\n<div><strong><span style=\"font-size: large;\">\u00a0<\/span><\/strong><\/div>\n<\/div>\n<div><strong><span style=\"font-size: large;\">\u00a0<\/span><\/strong><\/div>\n<div dir=\"auto\"><span style=\"font-size: large;\">Podeu consultar m\u00e9s informaci\u00f3 a la web de la Preinscripci\u00f3\u00a0<\/span><\/div>\n<div dir=\"auto\"><span style=\"font-size: large;\">\u00a0<\/span><\/div>\n<div dir=\"auto\"><strong><span style=\"font-size: large;\">INFANTIL I PRIM\u00c0RIA:<\/span><\/strong><\/div>\n<div>\n<div><a href=\"https:\/\/preinscripcio.gencat.cat\/ca\/estudis\/infantil-3-6\/inici\/\" target=\"_blank\" rel=\"noopener\" data-saferedirecturl=\"https:\/\/www.google.com\/url?q=https:\/\/preinscripcio.gencat.cat\/ca\/estudis\/infantil-3-6\/inici\/&amp;source=gmail&amp;ust=1772129385435000&amp;usg=AOvVaw3K5wlYqN-sCgpLq2jon6YH\">https:\/\/preinscripcio.gencat.<wbr \/>cat\/ca\/estudis\/infantil-3-6\/<wbr \/>inici\/<\/a><\/div>\n<div dir=\"auto\"><\/div>\n<div dir=\"auto\"><strong>ESO:<\/strong><\/div>\n<div dir=\"auto\">\n<div><a href=\"https:\/\/preinscripcio.gencat.cat\/ca\/estudis\/eso\/informat\/calendari\/\" target=\"_blank\" rel=\"noopener\" data-saferedirecturl=\"https:\/\/www.google.com\/url?q=https:\/\/preinscripcio.gencat.cat\/ca\/estudis\/eso\/informat\/calendari\/&amp;source=gmail&amp;ust=1772129385435000&amp;usg=AOvVaw1fXPGH5xlx6uLghI6fH-2M\">https:\/\/preinscripcio.gencat.<wbr \/>cat\/ca\/estudis\/eso\/informat\/<wbr \/>calendari\/<\/a><\/div>\n<\/div>\n<\/div>\n<div dir=\"auto\"><\/div>\n<div dir=\"auto\"><span style=\"font-size: large;\">Restem a la vostra disposici\u00f3 i per qualsevol dubte o aclariment podeu trucar al\u00a0 973 72 05 34 o contactar a trav\u00e9s del correu \u00a0<a href=\"mailto:c5003305@xtec.cat\" target=\"_blank\" rel=\"noopener\">c5003305@xtec.cat\u00a0<\/a><\/span><\/div>\n<\/div>\n","protected":false},"excerpt":{"rendered":"<p>&nbsp;<\/p>\n<p>Aquelles fam\u00edlies que tingueu un\/a fill\/a que el proper\u00a0curs 2026\/2027 hagi de fer\u00a0educaci\u00f3 infantil 3 anys\u00a0 o inicien la ESO , us informem que haureu de presentar la sol\u00b7licitud de preinscripci\u00f3 on-line, dins el termini establert pel Departament d&#8217;Educaci\u00f3:<\/p>\n<p>&#8211; Del\u00a04 de mar\u00e7 al 18 de&hellip;  <a href=\"https:\/\/agora.xtec.cat\/ceip-montoliu\/lescola\/preinscripcions\/\" title=\"Read Preinscripci\u00f3 26-27\">Llegeix m\u00e9s\u00bb<\/a><\/p>\n","protected":false},"author":4,"featured_media":0,"parent":22,"menu_order":4,"comment_status":"closed","ping_status":"closed","template":"page-templates\/front-page.php","meta":{"_bbp_topic_count":0,"_bbp_reply_count":0,"_bbp_total_topic_count":0,"_bbp_total_reply_count":0,"_bbp_voice_count":0,"_bbp_anonymous_reply_count":0,"_bbp_topic_count_hidden":0,"_bbp_reply_count_hidden":0,"_bbp_forum_subforum_count":0,"footnotes":""},"class_list":["post-2534","page","type-page","status-publish","hentry"],"post_mailing_queue_ids":[],"_links":{"self":[{"href":"https:\/\/agora.xtec.cat\/ceip-montoliu\/wp-json\/wp\/v2\/pages\/2534","targetHints":{"allow":["GET"]}}],"collection":[{"href":"https:\/\/agora.xtec.cat\/ceip-montoliu\/wp-json\/wp\/v2\/pages"}],"about":[{"href":"https:\/\/agora.xtec.cat\/ceip-montoliu\/wp-json\/wp\/v2\/types\/page"}],"author":[{"embeddable":true,"href":"https:\/\/agora.xtec.cat\/ceip-montoliu\/wp-json\/wp\/v2\/users\/4"}],"replies":[{"embeddable":true,"href":"https:\/\/agora.xtec.cat\/ceip-montoliu\/wp-json\/wp\/v2\/comments?post=2534"}],"version-history":[{"count":8,"href":"https:\/\/agora.xtec.cat\/ceip-montoliu\/wp-json\/wp\/v2\/pages\/2534\/revisions"}],"predecessor-version":[{"id":3172,"href":"https:\/\/agora.xtec.cat\/ceip-montoliu\/wp-json\/wp\/v2\/pages\/2534\/revisions\/3172"}],"up":[{"embeddable":true,"href":"https:\/\/agora.xtec.cat\/ceip-montoliu\/wp-json\/wp\/v2\/pages\/22"}],"wp:attachment":[{"href":"https:\/\/agora.xtec.cat\/ceip-montoliu\/wp-json\/wp\/v2\/media?parent=2534"}],"curies":[{"name":"wp","href":"https:\/\/api.w.org\/{rel}","templated":true}]}}