{"id":571,"date":"2020-08-11T20:57:00","date_gmt":"2020-08-11T18:57:00","guid":{"rendered":"https:\/\/agora.xtec.cat\/ceip-montjuic\/?page_id=571"},"modified":"2026-02-25T15:59:42","modified_gmt":"2026-02-25T14:59:42","slug":"lequip-docent-del-curs-2020-2021","status":"publish","type":"page","link":"https:\/\/agora.xtec.cat\/ceip-montjuic\/lescola\/lequip-docent-del-curs-2020-2021\/","title":{"rendered":"Qui som?"},"content":{"rendered":"<table style=\"border-collapse: collapse; width: 100%; height: 1032px;\">\n<tbody>\n<tr style=\"height: 201px;\">\n<td style=\"width: 23.3333%; height: 201px;\"><span style=\"background-color: #ccffcc;\"><strong>EQUIP DIRECTIU:<\/strong><\/span><\/td>\n<td style=\"width: 29.2501%; height: 201px;\">\n<p><span style=\"background-color: #ccffcc;\">Directora: <a style=\"background-color: #ccffcc;\" href=\"https:\/\/agora.xtec.cat\/ceip-montjuic\/wp-content\/uploads\/usu2228\/2024\/02\/fitxa-Agnes.pdf\">Agn\u00e8s Cabarrocas<\/a>\u00a0<\/span><\/p>\n<p><span style=\"background-color: #ccffcc;\">Cap d&#8217;Estudis: <a style=\"background-color: #ccffcc;\" href=\"https:\/\/agora.xtec.cat\/ceip-montjuic\/wp-content\/uploads\/usu2228\/2024\/02\/curriculum-carme.pdf\">Carme Pe\u00f1a\u00a0<\/a><\/span><\/p>\n<p><span style=\"background-color: #ccffcc;\">Secretari: <a style=\"background-color: #ccffcc;\" href=\"https:\/\/agora.xtec.cat\/ceip-montjuic\/wp-content\/uploads\/usu2228\/2024\/09\/PERFIL_Andreu_Aranda.pdf\">Andreu Aranda\u00a0<\/a><\/span><\/p>\n<\/td>\n<td style=\"width: 19.9167%; height: 201px;\">\u00a0<\/td>\n<td style=\"width: 27.4999%; height: 201px;\">\u00a0<\/td>\n<\/tr>\n<tr style=\"height: 385px;\">\n<td style=\"width: 23.3333%; height: 385px;\"><span style=\"background-color: #ffcc99;\"><strong>EDUCACI\u00d3 INFANTIL:<\/strong><\/span><\/td>\n<td style=\"width: 29.2501%; height: 385px;\">\n<p><span style=\"background-color: #ffcc99;\">I3 &#8211; Fina Jabalera<\/span><\/p>\n<p><span style=\"background-color: #ffcc99;\">I4 &#8211; Anna Soler \/ Laura Figuerola<\/span><\/p>\n<p><span style=\"background-color: #ffcc99;\">I5 &#8211; S\u00f2nia Roura<\/span><\/p>\n<p><span style=\"background-color: #ffcc99;\">Suport &#8211; Anna Garc\u00eda<\/span><\/p>\n<\/td>\n<td style=\"width: 19.9167%; height: 385px;\">\n<p><span style=\"background-color: #ccffff;\"><strong>EDUCACI\u00d3 PRIM\u00c0RIA:<\/strong><\/span><\/p>\n<\/td>\n<td style=\"width: 27.4999%; height: 385px;\">\n<p><span style=\"background-color: #ccffff;\">1r &#8211; Imma Cortada<\/span><\/p>\n<p><span style=\"background-color: #ccffff;\">2n &#8211; Anna Alvarado<\/span><\/p>\n<p><span style=\"background-color: #ccffff;\">3r &#8211; Roser Vidal<\/span><\/p>\n<p><span style=\"background-color: #ccffff;\">4t &#8211; Ter Palomeras<\/span><\/p>\n<p><span style=\"background-color: #ccffff;\">5\u00e8 &#8211; Anabel Est\u00e9vez<\/span><\/p>\n<p><span style=\"background-color: #ccffff;\">6\u00e8 &#8211; Aida Mu\u00f1oz<\/span><\/p>\n<\/td>\n<\/tr>\n<tr style=\"height: 446px;\">\n<td style=\"width: 23.3333%; height: 446px;\">\u00a0<\/td>\n<td style=\"width: 29.2501%; height: 446px;\">\n<p><span style=\"background-color: #ffff99;\"><strong>ESPECIALISTES:<\/strong><\/span><\/p>\n<\/td>\n<td style=\"width: 47.4166%; height: 446px;\" colspan=\"2\">\n<p><span style=\"background-color: #ffff99;\">ANGL\u00c8S &#8211; Xavi Merino<\/span><\/p>\n<p><span style=\"background-color: #ffff99;\">EDUCACI\u00d3 F\u00cdSICA &#8211; Carles Pujolar \/ Sergi Aznar<\/span><\/p>\n<p><span style=\"background-color: #ffff99;\">MESI &#8211; Lorena Tordera<\/span><\/p>\n<p><span style=\"background-color: #ffff99;\">M\u00daSICA &#8211; Andreu Aranda<\/span><\/p>\n<p><span style=\"background-color: #ffff99;\">RELIGI\u00d3 &#8211; Carol Carrascal<\/span><\/p>\n<\/td>\n<\/tr>\n<\/tbody>\n<\/table>\n\n\n<p><\/p>\n\n\n\n\n\n<p><\/p>\n","protected":false},"excerpt":{"rendered":"<p>EQUIP DIRECTIU: Directora: Agn\u00e8s Cabarrocas\u00a0 Cap d&#8217;Estudis: Carme Pe\u00f1a\u00a0 Secretari: Andreu Aranda\u00a0 \u00a0 \u00a0 EDUCACI\u00d3 INFANTIL: I3 &#8211; Fina Jabalera I4 &#8211; Anna Soler \/ Laura Figuerola I5 &#8211; S\u00f2nia Roura Suport &#8211; Anna Garc\u00eda EDUCACI\u00d3 PRIM\u00c0RIA: 1r &#8211; Imma Cortada 2n &#8211; Anna Alvarado 3r &#8211; Roser Vidal 4t &#8211; Ter Palomeras 5\u00e8 &#8211; [&hellip;]<\/p>\n","protected":false},"author":1,"featured_media":0,"parent":2813,"menu_order":1,"comment_status":"closed","ping_status":"closed","template":"","meta":{"_bbp_topic_count":0,"_bbp_reply_count":0,"_bbp_total_topic_count":0,"_bbp_total_reply_count":0,"_bbp_voice_count":0,"_bbp_anonymous_reply_count":0,"_bbp_topic_count_hidden":0,"_bbp_reply_count_hidden":0,"_bbp_forum_subforum_count":0,"site-sidebar-layout":"default","site-content-layout":"","ast-site-content-layout":"default","site-content-style":"default","site-sidebar-style":"default","ast-global-header-display":"","ast-banner-title-visibility":"","ast-main-header-display":"","ast-hfb-above-header-display":"","ast-hfb-below-header-display":"","ast-hfb-mobile-header-display":"","site-post-title":"","ast-breadcrumbs-content":"","ast-featured-img":"","footer-sml-layout":"","theme-transparent-header-meta":"","adv-header-id-meta":"","stick-header-meta":"","header-above-stick-meta":"","header-main-stick-meta":"","header-below-stick-meta":"","astra-migrate-meta-layouts":"set","ast-page-background-enabled":"default","ast-page-background-meta":{"desktop":{"background-color":"var(--ast-global-color-4)","background-image":"","background-repeat":"repeat","background-position":"center center","background-size":"auto","background-attachment":"scroll","background-type":"","background-media":"","overlay-type":"","overlay-color":"","overlay-opacity":"","overlay-gradient":""},"tablet":{"background-color":"","background-image":"","background-repeat":"repeat","background-position":"center center","background-size":"auto","background-attachment":"scroll","background-type":"","background-media":"","overlay-type":"","overlay-color":"","overlay-opacity":"","overlay-gradient":""},"mobile":{"background-color":"","background-image":"","background-repeat":"repeat","background-position":"center center","background-size":"auto","background-attachment":"scroll","background-type":"","background-media":"","overlay-type":"","overlay-color":"","overlay-opacity":"","overlay-gradient":""}},"ast-content-background-meta":{"desktop":{"background-color":"var(--ast-global-color-5)","background-image":"","background-repeat":"repeat","background-position":"center center","background-size":"auto","background-attachment":"scroll","background-type":"","background-media":"","overlay-type":"","overlay-color":"","overlay-opacity":"","overlay-gradient":""},"tablet":{"background-color":"var(--ast-global-color-5)","background-image":"","background-repeat":"repeat","background-position":"center center","background-size":"auto","background-attachment":"scroll","background-type":"","background-media":"","overlay-type":"","overlay-color":"","overlay-opacity":"","overlay-gradient":""},"mobile":{"background-color":"var(--ast-global-color-5)","background-image":"","background-repeat":"repeat","background-position":"center center","background-size":"auto","background-attachment":"scroll","background-type":"","background-media":"","overlay-type":"","overlay-color":"","overlay-opacity":"","overlay-gradient":""}},"footnotes":""},"class_list":["post-571","page","type-page","status-publish","hentry"],"post_mailing_queue_ids":[],"_links":{"self":[{"href":"https:\/\/agora.xtec.cat\/ceip-montjuic\/wp-json\/wp\/v2\/pages\/571","targetHints":{"allow":["GET"]}}],"collection":[{"href":"https:\/\/agora.xtec.cat\/ceip-montjuic\/wp-json\/wp\/v2\/pages"}],"about":[{"href":"https:\/\/agora.xtec.cat\/ceip-montjuic\/wp-json\/wp\/v2\/types\/page"}],"author":[{"embeddable":true,"href":"https:\/\/agora.xtec.cat\/ceip-montjuic\/wp-json\/wp\/v2\/users\/1"}],"replies":[{"embeddable":true,"href":"https:\/\/agora.xtec.cat\/ceip-montjuic\/wp-json\/wp\/v2\/comments?post=571"}],"version-history":[{"count":6,"href":"https:\/\/agora.xtec.cat\/ceip-montjuic\/wp-json\/wp\/v2\/pages\/571\/revisions"}],"predecessor-version":[{"id":4094,"href":"https:\/\/agora.xtec.cat\/ceip-montjuic\/wp-json\/wp\/v2\/pages\/571\/revisions\/4094"}],"up":[{"embeddable":true,"href":"https:\/\/agora.xtec.cat\/ceip-montjuic\/wp-json\/wp\/v2\/pages\/2813"}],"wp:attachment":[{"href":"https:\/\/agora.xtec.cat\/ceip-montjuic\/wp-json\/wp\/v2\/media?parent=571"}],"curies":[{"name":"wp","href":"https:\/\/api.w.org\/{rel}","templated":true}]}}