{"id":3994,"date":"2025-12-16T10:18:15","date_gmt":"2025-12-16T09:18:15","guid":{"rendered":"https:\/\/agora.xtec.cat\/ceip-montjuic\/?page_id=3994"},"modified":"2026-02-11T10:22:13","modified_gmt":"2026-02-11T09:22:13","slug":"projecte-bosquet","status":"publish","type":"page","link":"https:\/\/agora.xtec.cat\/ceip-montjuic\/projecte-bosquet\/","title":{"rendered":"Projecte Bosquet"},"content":{"rendered":"\n<p>El <strong>Projecte Bosquet<\/strong> de l\u2019Escola Montju\u00efc recupera un espai natural del centre per convertir-lo en un entorn d\u2019aprenentatge viu i significatiu. El bosquet esdev\u00e9 un laboratori a l\u2019aire lliure on l\u2019alumnat d\u2019Educaci\u00f3 Infantil i Prim\u00e0ria pot observar, experimentar i aprendre en contacte directe amb la natura. A trav\u00e9s de l\u2019hort, l\u2019hivernacle, la bassa i altres espais, es fomenta l\u2019aprenentatge vivencial, la consci\u00e8ncia ecol\u00f2gica i els h\u00e0bits sostenibles. El projecte impulsa el benestar emocional, el treball cooperatiu i el respecte pel medi ambient, alhora que desenvolupa les compet\u00e8ncies del curr\u00edculum de manera transversal. Forma part del Projecte Educatiu de Centre i reflecteix el comprom\u00eds de l\u2019escola amb una educaci\u00f3 arrelada a la natura i als valors comunitaris.<\/p>\n\n\n\n<figure class=\"wp-block-image aligncenter size-medium\"><a href=\"https:\/\/agora.xtec.cat\/ceip-montjuic\/wp-content\/uploads\/usu2228\/2025\/12\/IMG-20251216-WA0008-e1765877464441.jpg\"><img loading=\"lazy\" decoding=\"async\" width=\"225\" height=\"300\" src=\"https:\/\/agora.xtec.cat\/ceip-montjuic\/wp-content\/uploads\/usu2228\/2025\/12\/IMG-20251216-WA0008-225x300.jpg\" alt=\"\" class=\"wp-image-4000\"\/><\/a><\/figure>\n\n\n\n<p><a href=\"https:\/\/agora.xtec.cat\/ceip-montjuic\/wp-content\/uploads\/usu2228\/2025\/12\/PROJECTE-BOSQUET.pdf\">PROJECTE<\/a><\/p>\n\n\n\n<p><\/p>\n","protected":false},"excerpt":{"rendered":"<p>El Projecte Bosquet de l\u2019Escola Montju\u00efc recupera un espai natural del centre per convertir-lo en un entorn d\u2019aprenentatge viu i significatiu. El bosquet esdev\u00e9 un laboratori a l\u2019aire lliure on l\u2019alumnat d\u2019Educaci\u00f3 Infantil i Prim\u00e0ria pot observar, experimentar i aprendre en contacte directe amb la natura. A trav\u00e9s de l\u2019hort, l\u2019hivernacle, la bassa i altres [&hellip;]<\/p>\n","protected":false},"author":1,"featured_media":0,"parent":0,"menu_order":0,"comment_status":"closed","ping_status":"close","template":"","meta":{"_bbp_topic_count":0,"_bbp_reply_count":0,"_bbp_total_topic_count":0,"_bbp_total_reply_count":0,"_bbp_voice_count":0,"_bbp_anonymous_reply_count":0,"_bbp_topic_count_hidden":0,"_bbp_reply_count_hidden":0,"_bbp_forum_subforum_count":0,"site-sidebar-layout":"default","site-content-layout":"","ast-site-content-layout":"default","site-content-style":"default","site-sidebar-style":"default","ast-global-header-display":"","ast-banner-title-visibility":"","ast-main-header-display":"","ast-hfb-above-header-display":"","ast-hfb-below-header-display":"","ast-hfb-mobile-header-display":"","site-post-title":"","ast-breadcrumbs-content":"","ast-featured-img":"","footer-sml-layout":"","theme-transparent-header-meta":"","adv-header-id-meta":"","stick-header-meta":"","header-above-stick-meta":"","header-main-stick-meta":"","header-below-stick-meta":"","astra-migrate-meta-layouts":"set","ast-page-background-enabled":"default","ast-page-background-meta":{"desktop":{"background-color":"var(--ast-global-color-4)","background-image":"","background-repeat":"repeat","background-position":"center center","background-size":"auto","background-attachment":"scroll","background-type":"","background-media":"","overlay-type":"","overlay-color":"","overlay-opacity":"","overlay-gradient":""},"tablet":{"background-color":"","background-image":"","background-repeat":"repeat","background-position":"center center","background-size":"auto","background-attachment":"scroll","background-type":"","background-media":"","overlay-type":"","overlay-color":"","overlay-opacity":"","overlay-gradient":""},"mobile":{"background-color":"","background-image":"","background-repeat":"repeat","background-position":"center center","background-size":"auto","background-attachment":"scroll","background-type":"","background-media":"","overlay-type":"","overlay-color":"","overlay-opacity":"","overlay-gradient":""}},"ast-content-background-meta":{"desktop":{"background-color":"var(--ast-global-color-5)","background-image":"","background-repeat":"repeat","background-position":"center center","background-size":"auto","background-attachment":"scroll","background-type":"","background-media":"","overlay-type":"","overlay-color":"","overlay-opacity":"","overlay-gradient":""},"tablet":{"background-color":"var(--ast-global-color-5)","background-image":"","background-repeat":"repeat","background-position":"center center","background-size":"auto","background-attachment":"scroll","background-type":"","background-media":"","overlay-type":"","overlay-color":"","overlay-opacity":"","overlay-gradient":""},"mobile":{"background-color":"var(--ast-global-color-5)","background-image":"","background-repeat":"repeat","background-position":"center center","background-size":"auto","background-attachment":"scroll","background-type":"","background-media":"","overlay-type":"","overlay-color":"","overlay-opacity":"","overlay-gradient":""}},"footnotes":""},"class_list":["post-3994","page","type-page","status-publish","hentry"],"post_mailing_queue_ids":[],"_links":{"self":[{"href":"https:\/\/agora.xtec.cat\/ceip-montjuic\/wp-json\/wp\/v2\/pages\/3994","targetHints":{"allow":["GET"]}}],"collection":[{"href":"https:\/\/agora.xtec.cat\/ceip-montjuic\/wp-json\/wp\/v2\/pages"}],"about":[{"href":"https:\/\/agora.xtec.cat\/ceip-montjuic\/wp-json\/wp\/v2\/types\/page"}],"author":[{"embeddable":true,"href":"https:\/\/agora.xtec.cat\/ceip-montjuic\/wp-json\/wp\/v2\/users\/1"}],"replies":[{"embeddable":true,"href":"https:\/\/agora.xtec.cat\/ceip-montjuic\/wp-json\/wp\/v2\/comments?post=3994"}],"version-history":[{"count":5,"href":"https:\/\/agora.xtec.cat\/ceip-montjuic\/wp-json\/wp\/v2\/pages\/3994\/revisions"}],"predecessor-version":[{"id":4044,"href":"https:\/\/agora.xtec.cat\/ceip-montjuic\/wp-json\/wp\/v2\/pages\/3994\/revisions\/4044"}],"wp:attachment":[{"href":"https:\/\/agora.xtec.cat\/ceip-montjuic\/wp-json\/wp\/v2\/media?parent=3994"}],"curies":[{"name":"wp","href":"https:\/\/api.w.org\/{rel}","templated":true}]}}