{"id":3582,"date":"2024-10-08T15:38:23","date_gmt":"2024-10-08T13:38:23","guid":{"rendered":"https:\/\/agora.xtec.cat\/ceip-montjuic\/?page_id=3582"},"modified":"2025-10-07T13:45:38","modified_gmt":"2025-10-07T11:45:38","slug":"programacio-general-anual-pga","status":"publish","type":"page","link":"https:\/\/agora.xtec.cat\/ceip-montjuic\/programacio-general-anual-pga\/","title":{"rendered":"Programaci\u00f3 General Anual (PGA)"},"content":{"rendered":"<p>La Programaci\u00f3 General Anual \u00e9s el document normatiu que concreta les actuacions per a cada curs a partir del Projecte Educatiu de Centre o del Projecte de Direcci\u00f3. <em>Ha d\u2019explicitar les prioritats i els aspectes relatius al funcionament dels centres per\u00a0<\/em><em>al curs escolar, fent \u00e8mfasi en els seg\u00fcents aspectes:<\/em><\/p>\n<ul>\n<li><em>Prioritats del curs: concrecions d\u2019objectius, actuacions (temporitzaci\u00f3 i <\/em><em>responsabilitats) i indicadors d\u2019avaluaci\u00f3.<\/em><\/li>\n<li><em>Funcionament i organitzaci\u00f3 del curs: informacions m\u00e9s rellevants que <\/em><em>conformen la planificaci\u00f3 de l\u2019any escolar.*<\/em><\/li>\n<\/ul>\n<p>La PGA \u00e9s valorada al final del curs a partir dels indicadors d\u2019avaluaci\u00f3 previstos a l\u2019inici. La Mem\u00f2ria del curs recollir\u00e0 la valoraci\u00f3 de les actuacions fetes i pendents.<\/p>\n<p><a href=\"https:\/\/agora.xtec.cat\/ceip-montjuic\/wp-content\/uploads\/usu2228\/2025\/10\/PROGRAMACIO-GENERAL-ANUAL-2.pdf\">Veure PGA<\/a><\/p>\n","protected":false},"excerpt":{"rendered":"<p>La Programaci\u00f3 General Anual \u00e9s el document normatiu que concreta les actuacions per a cada curs a partir del Projecte Educatiu de Centre o del Projecte de Direcci\u00f3. Ha d\u2019explicitar les prioritats i els aspectes relatius al funcionament dels centres per\u00a0al curs escolar, fent \u00e8mfasi en els seg\u00fcents aspectes: Prioritats del curs: concrecions d\u2019objectius, actuacions [&hellip;]<\/p>\n","protected":false},"author":1,"featured_media":0,"parent":0,"menu_order":0,"comment_status":"closed","ping_status":"closed","template":"","meta":{"_bbp_topic_count":0,"_bbp_reply_count":0,"_bbp_total_topic_count":0,"_bbp_total_reply_count":0,"_bbp_voice_count":0,"_bbp_anonymous_reply_count":0,"_bbp_topic_count_hidden":0,"_bbp_reply_count_hidden":0,"_bbp_forum_subforum_count":0,"site-sidebar-layout":"default","site-content-layout":"","ast-site-content-layout":"default","site-content-style":"default","site-sidebar-style":"default","ast-global-header-display":"","ast-banner-title-visibility":"","ast-main-header-display":"","ast-hfb-above-header-display":"","ast-hfb-below-header-display":"","ast-hfb-mobile-header-display":"","site-post-title":"","ast-breadcrumbs-content":"","ast-featured-img":"","footer-sml-layout":"","theme-transparent-header-meta":"","adv-header-id-meta":"","stick-header-meta":"","header-above-stick-meta":"","header-main-stick-meta":"","header-below-stick-meta":"","astra-migrate-meta-layouts":"set","ast-page-background-enabled":"default","ast-page-background-meta":{"desktop":{"background-color":"var(--ast-global-color-4)","background-image":"","background-repeat":"repeat","background-position":"center center","background-size":"auto","background-attachment":"scroll","background-type":"","background-media":"","overlay-type":"","overlay-color":"","overlay-opacity":"","overlay-gradient":""},"tablet":{"background-color":"","background-image":"","background-repeat":"repeat","background-position":"center center","background-size":"auto","background-attachment":"scroll","background-type":"","background-media":"","overlay-type":"","overlay-color":"","overlay-opacity":"","overlay-gradient":""},"mobile":{"background-color":"","background-image":"","background-repeat":"repeat","background-position":"center center","background-size":"auto","background-attachment":"scroll","background-type":"","background-media":"","overlay-type":"","overlay-color":"","overlay-opacity":"","overlay-gradient":""}},"ast-content-background-meta":{"desktop":{"background-color":"var(--ast-global-color-5)","background-image":"","background-repeat":"repeat","background-position":"center center","background-size":"auto","background-attachment":"scroll","background-type":"","background-media":"","overlay-type":"","overlay-color":"","overlay-opacity":"","overlay-gradient":""},"tablet":{"background-color":"var(--ast-global-color-5)","background-image":"","background-repeat":"repeat","background-position":"center center","background-size":"auto","background-attachment":"scroll","background-type":"","background-media":"","overlay-type":"","overlay-color":"","overlay-opacity":"","overlay-gradient":""},"mobile":{"background-color":"var(--ast-global-color-5)","background-image":"","background-repeat":"repeat","background-position":"center center","background-size":"auto","background-attachment":"scroll","background-type":"","background-media":"","overlay-type":"","overlay-color":"","overlay-opacity":"","overlay-gradient":""}},"footnotes":""},"class_list":["post-3582","page","type-page","status-publish","hentry"],"post_mailing_queue_ids":[],"_links":{"self":[{"href":"https:\/\/agora.xtec.cat\/ceip-montjuic\/wp-json\/wp\/v2\/pages\/3582","targetHints":{"allow":["GET"]}}],"collection":[{"href":"https:\/\/agora.xtec.cat\/ceip-montjuic\/wp-json\/wp\/v2\/pages"}],"about":[{"href":"https:\/\/agora.xtec.cat\/ceip-montjuic\/wp-json\/wp\/v2\/types\/page"}],"author":[{"embeddable":true,"href":"https:\/\/agora.xtec.cat\/ceip-montjuic\/wp-json\/wp\/v2\/users\/1"}],"replies":[{"embeddable":true,"href":"https:\/\/agora.xtec.cat\/ceip-montjuic\/wp-json\/wp\/v2\/comments?post=3582"}],"version-history":[{"count":5,"href":"https:\/\/agora.xtec.cat\/ceip-montjuic\/wp-json\/wp\/v2\/pages\/3582\/revisions"}],"predecessor-version":[{"id":3925,"href":"https:\/\/agora.xtec.cat\/ceip-montjuic\/wp-json\/wp\/v2\/pages\/3582\/revisions\/3925"}],"wp:attachment":[{"href":"https:\/\/agora.xtec.cat\/ceip-montjuic\/wp-json\/wp\/v2\/media?parent=3582"}],"curies":[{"name":"wp","href":"https:\/\/api.w.org\/{rel}","templated":true}]}}