{"id":3469,"date":"2024-07-03T11:36:34","date_gmt":"2024-07-03T09:36:34","guid":{"rendered":"https:\/\/agora.xtec.cat\/ceip-montjuic\/?page_id=3469"},"modified":"2025-12-15T16:08:43","modified_gmt":"2025-12-15T15:08:43","slug":"projecte-viure-girona-2","status":"publish","type":"page","link":"https:\/\/agora.xtec.cat\/ceip-montjuic\/projecte-viure-girona-2\/","title":{"rendered":"Projecte Viure Girona"},"content":{"rendered":"<p>El Projecte Viure a Girona \u00e9s una iniciativa d\u2019innovaci\u00f3 educativa que converteix la ciutat en un espai d\u2019aprenentatge real, coherent amb el model de ciutat educadora.<br \/>Cada curs, des d&#8217;I3 fins a 6\u00e8, treballa un \u00e0mbit de Girona \u2014patrimoni, hist\u00f2ria, natura, serveis municipals o tradicions\u2014 ampliant progressivament la complexitat dels continguts i afavorint un coneixement profund de l\u2019entorn.<br \/>El projecte es desenvolupa principalment a l\u2019\u00e0rea de Descoberta de l\u2019Entorn\/Ci\u00e8ncies Socials i Naturals, on s\u2019apliquen metodologies vivencials com rutes, sortides, entrevistes i recerca de camp. Tamb\u00e9 integra les \u00e0rees d\u2019Educaci\u00f3 Art\u00edstica (creacions pl\u00e0stiques, dossiers visuals i elements de cultura popular), Llengua Catalana (textos informatius, presentacions orals, expressions escrites), Matem\u00e0tiques (mesures, lectura de pl\u00e0nols, representaci\u00f3 de dades) i Tutoria (participaci\u00f3 ciutadana, sostenibilitat i respecte per l\u2019entorn).<br \/>Aquest enfocament transversal ha millorat la motivaci\u00f3 de l\u2019alumnat, la significativitat dels aprenentatges, la compet\u00e8ncia comunicativa, la connexi\u00f3 amb l\u2019entorn, la implicaci\u00f3 de les fam\u00edlies i la cohesi\u00f3 pedag\u00f2gica del centre.<\/p>\n<p style=\"text-align: center;\"><a href=\"https:\/\/agora.xtec.cat\/ceip-montjuic\/wp-content\/uploads\/usu2228\/2024\/05\/1715673418782-e1715673774635.jpg\"><img loading=\"lazy\" decoding=\"async\" class=\"aligncenter wp-image-3397 size-medium\" src=\"https:\/\/agora.xtec.cat\/ceip-montjuic\/wp-content\/uploads\/usu2228\/2024\/05\/1715673418782-225x300.jpg\" alt=\"\" width=\"225\" height=\"300\" \/><\/a><\/p>\n<p><a href=\"https:\/\/agora.xtec.cat\/ceip-montjuic\/wp-content\/uploads\/usu2228\/2024\/07\/PRESENTACIO-Viure-Girona-22-23-1-1.pdf\">PRESENTACI\u00d3<\/a><\/p>\n<p><a href=\"https:\/\/agora.xtec.cat\/ceip-montjuic\/wp-content\/uploads\/usu2228\/2025\/12\/PROJECTE-VIURE-GIRONA.pdf\">PROJECTE<\/a><\/p>\n\n\n<p><\/p>\n","protected":false},"excerpt":{"rendered":"<p>El Projecte Viure a Girona \u00e9s una iniciativa d\u2019innovaci\u00f3 educativa que converteix la ciutat en un espai d\u2019aprenentatge real, coherent amb el model de ciutat educadora.Cada curs, des d&#8217;I3 fins a 6\u00e8, treballa un \u00e0mbit de Girona \u2014patrimoni, hist\u00f2ria, natura, serveis municipals o tradicions\u2014 ampliant progressivament la complexitat dels continguts i afavorint un coneixement profund [&hellip;]<\/p>\n","protected":false},"author":1,"featured_media":0,"parent":0,"menu_order":0,"comment_status":"closed","ping_status":"closed","template":"","meta":{"_bbp_topic_count":0,"_bbp_reply_count":0,"_bbp_total_topic_count":0,"_bbp_total_reply_count":0,"_bbp_voice_count":0,"_bbp_anonymous_reply_count":0,"_bbp_topic_count_hidden":0,"_bbp_reply_count_hidden":0,"_bbp_forum_subforum_count":0,"site-sidebar-layout":"default","site-content-layout":"","ast-site-content-layout":"default","site-content-style":"default","site-sidebar-style":"default","ast-global-header-display":"","ast-banner-title-visibility":"","ast-main-header-display":"","ast-hfb-above-header-display":"","ast-hfb-below-header-display":"","ast-hfb-mobile-header-display":"","site-post-title":"","ast-breadcrumbs-content":"","ast-featured-img":"","footer-sml-layout":"","theme-transparent-header-meta":"","adv-header-id-meta":"","stick-header-meta":"","header-above-stick-meta":"","header-main-stick-meta":"","header-below-stick-meta":"","astra-migrate-meta-layouts":"set","ast-page-background-enabled":"default","ast-page-background-meta":{"desktop":{"background-color":"var(--ast-global-color-4)","background-image":"","background-repeat":"repeat","background-position":"center center","background-size":"auto","background-attachment":"scroll","background-type":"","background-media":"","overlay-type":"","overlay-color":"","overlay-opacity":"","overlay-gradient":""},"tablet":{"background-color":"","background-image":"","background-repeat":"repeat","background-position":"center center","background-size":"auto","background-attachment":"scroll","background-type":"","background-media":"","overlay-type":"","overlay-color":"","overlay-opacity":"","overlay-gradient":""},"mobile":{"background-color":"","background-image":"","background-repeat":"repeat","background-position":"center center","background-size":"auto","background-attachment":"scroll","background-type":"","background-media":"","overlay-type":"","overlay-color":"","overlay-opacity":"","overlay-gradient":""}},"ast-content-background-meta":{"desktop":{"background-color":"var(--ast-global-color-5)","background-image":"","background-repeat":"repeat","background-position":"center center","background-size":"auto","background-attachment":"scroll","background-type":"","background-media":"","overlay-type":"","overlay-color":"","overlay-opacity":"","overlay-gradient":""},"tablet":{"background-color":"var(--ast-global-color-5)","background-image":"","background-repeat":"repeat","background-position":"center center","background-size":"auto","background-attachment":"scroll","background-type":"","background-media":"","overlay-type":"","overlay-color":"","overlay-opacity":"","overlay-gradient":""},"mobile":{"background-color":"var(--ast-global-color-5)","background-image":"","background-repeat":"repeat","background-position":"center center","background-size":"auto","background-attachment":"scroll","background-type":"","background-media":"","overlay-type":"","overlay-color":"","overlay-opacity":"","overlay-gradient":""}},"footnotes":""},"class_list":["post-3469","page","type-page","status-publish","hentry"],"post_mailing_queue_ids":[],"_links":{"self":[{"href":"https:\/\/agora.xtec.cat\/ceip-montjuic\/wp-json\/wp\/v2\/pages\/3469","targetHints":{"allow":["GET"]}}],"collection":[{"href":"https:\/\/agora.xtec.cat\/ceip-montjuic\/wp-json\/wp\/v2\/pages"}],"about":[{"href":"https:\/\/agora.xtec.cat\/ceip-montjuic\/wp-json\/wp\/v2\/types\/page"}],"author":[{"embeddable":true,"href":"https:\/\/agora.xtec.cat\/ceip-montjuic\/wp-json\/wp\/v2\/users\/1"}],"replies":[{"embeddable":true,"href":"https:\/\/agora.xtec.cat\/ceip-montjuic\/wp-json\/wp\/v2\/comments?post=3469"}],"version-history":[{"count":6,"href":"https:\/\/agora.xtec.cat\/ceip-montjuic\/wp-json\/wp\/v2\/pages\/3469\/revisions"}],"predecessor-version":[{"id":3988,"href":"https:\/\/agora.xtec.cat\/ceip-montjuic\/wp-json\/wp\/v2\/pages\/3469\/revisions\/3988"}],"wp:attachment":[{"href":"https:\/\/agora.xtec.cat\/ceip-montjuic\/wp-json\/wp\/v2\/media?parent=3469"}],"curies":[{"name":"wp","href":"https:\/\/api.w.org\/{rel}","templated":true}]}}