{"id":30,"date":"2014-09-18T12:30:23","date_gmt":"2014-09-18T11:30:23","guid":{"rendered":"http:\/\/agora.xtec.cat\/ceip-montjuic\/?page_id=30"},"modified":"2025-12-11T16:19:02","modified_gmt":"2025-12-11T15:19:02","slug":"instal%c2%b7lacions","status":"publish","type":"page","link":"https:\/\/agora.xtec.cat\/ceip-montjuic\/lescola\/instal%c2%b7lacions\/","title":{"rendered":"Instal\u00b7lacions"},"content":{"rendered":"<div title=\"\" data-is-responsive=\"false\" data-display-mode=\"fill\" data-content-padding-horizontal=\"0\" data-content-padding-vertical=\"0\" data-exact-height=\"251\">\n<div id=\"i2f9865y\" class=\"wp2\" title=\"\" data-is-responsive=\"false\" data-display-mode=\"fill\" data-content-padding-horizontal=\"0\" data-content-padding-vertical=\"0\" data-exact-height=\"215\">\n<p data-start=\"204\" data-end=\"1030\">L\u2019Escola Montju\u00efc est\u00e0 ubicada al peu de la muntanya que li dona nom i disposa d\u2019un edifici distribu\u00eft en <strong data-start=\"310\" data-end=\"349\">soterrani, planta baixa i dos pisos<\/strong>. Als <strong data-start=\"355\" data-end=\"365\">baixos<\/strong> hi trobem el <strong data-start=\"379\" data-end=\"391\">menjador<\/strong>, diversos <strong data-start=\"402\" data-end=\"413\">lavabos<\/strong> i el <strong data-start=\"420\" data-end=\"430\">porxo<\/strong> que connecta amb l\u2019espai exterior. Als <strong data-start=\"471\" data-end=\"490\">pisos superiors<\/strong> s\u2019hi distribueixen les <strong data-start=\"514\" data-end=\"558\">nou aules d\u2019Educaci\u00f3 Infantil i Prim\u00e0ria<\/strong>, aix\u00ed com altres espais especialitzats que donen resposta a les necessitats educatives del centre: la <strong data-start=\"661\" data-end=\"686\">sala d\u2019actes i m\u00fasica<\/strong>, els <strong data-start=\"692\" data-end=\"711\">espais d\u2019angl\u00e8s<\/strong>, l\u2019<strong data-start=\"715\" data-end=\"743\">aula d\u2019Educaci\u00f3 Especial<\/strong>, la <strong data-start=\"748\" data-end=\"762\">biblioteca<\/strong>, l\u2019<strong data-start=\"766\" data-end=\"795\">aula de material did\u00e0ctic<\/strong>, la <strong data-start=\"800\" data-end=\"819\">sala de mestres<\/strong>, lavabos i despatxos. Al <strong data-start=\"845\" data-end=\"858\">soterrani<\/strong>, l\u2019escola compta amb un espai habilitat per a la <strong data-start=\"908\" data-end=\"938\">psicomotricitat d\u2019Infantil<\/strong> i l\u2019<strong data-start=\"943\" data-end=\"991\">Educaci\u00f3 F\u00edsica de Prim\u00e0ria en dies de pluja<\/strong>.<\/p>\n<p data-start=\"1032\" data-end=\"1863\">Els espais exteriors inclouen <strong data-start=\"1062\" data-end=\"1098\">tres zones diferenciades de pati<\/strong>: una d\u2019\u00fas exclusiu per a <strong data-start=\"1124\" data-end=\"1136\">Infantil<\/strong>, una altra per a <strong data-start=\"1154\" data-end=\"1166\">Prim\u00e0ria<\/strong> i una tercera d\u2019\u00fas <strong data-start=\"1186\" data-end=\"1194\">com\u00fa<\/strong>, destinada sobretot a activitats d\u2019estudi i observaci\u00f3 de l\u2019entorn, <strong>el bosquet.<\/strong> El conjunt del pati \u00e9s ampli, amb uns <strong data-start=\"1301\" data-end=\"1313\">5.500 m\u00b2<\/strong>, i ofereix m\u00faltiples ambients de joc i aprenentatge. El pati de Prim\u00e0ria compta amb una<strong> pista\u00a0poliesportiva<\/strong>, una <strong data-start=\"1430\" data-end=\"1452\">rampa d\u2019acc\u00e9s dura<\/strong>, una \u00e0rea de <strong data-start=\"1466\" data-end=\"1487\">saul\u00f3 amb sorrera<\/strong> i <strong data-start=\"1490\" data-end=\"1499\">porxo<\/strong>; el d\u2019Infantil combina una zona <strong data-start=\"1532\" data-end=\"1545\">asfaltada<\/strong> amb una de <strong data-start=\"1557\" data-end=\"1576\">saul\u00f3 i sorrera<\/strong>.<\/p>\n<\/div>\n<\/div>\n","protected":false},"excerpt":{"rendered":"<p>L\u2019Escola Montju\u00efc est\u00e0 ubicada al peu de la muntanya que li dona nom i disposa d\u2019un edifici distribu\u00eft en soterrani, planta baixa i dos pisos. Als baixos hi trobem el menjador, diversos lavabos i el porxo que connecta amb l\u2019espai exterior. Als pisos superiors s\u2019hi distribueixen les nou aules d\u2019Educaci\u00f3 Infantil i Prim\u00e0ria, aix\u00ed com [&hellip;]<\/p>\n","protected":false},"author":1,"featured_media":0,"parent":2813,"menu_order":9,"comment_status":"closed","ping_status":"closed","template":"","meta":{"_bbp_topic_count":0,"_bbp_reply_count":0,"_bbp_total_topic_count":0,"_bbp_total_reply_count":0,"_bbp_voice_count":0,"_bbp_anonymous_reply_count":0,"_bbp_topic_count_hidden":0,"_bbp_reply_count_hidden":0,"_bbp_forum_subforum_count":0,"site-sidebar-layout":"default","site-content-layout":"","ast-site-content-layout":"default","site-content-style":"default","site-sidebar-style":"default","ast-global-header-display":"","ast-banner-title-visibility":"","ast-main-header-display":"","ast-hfb-above-header-display":"","ast-hfb-below-header-display":"","ast-hfb-mobile-header-display":"","site-post-title":"","ast-breadcrumbs-content":"","ast-featured-img":"","footer-sml-layout":"","theme-transparent-header-meta":"","adv-header-id-meta":"","stick-header-meta":"","header-above-stick-meta":"","header-main-stick-meta":"","header-below-stick-meta":"","astra-migrate-meta-layouts":"set","ast-page-background-enabled":"default","ast-page-background-meta":{"desktop":{"background-color":"var(--ast-global-color-4)","background-image":"","background-repeat":"repeat","background-position":"center center","background-size":"auto","background-attachment":"scroll","background-type":"","background-media":"","overlay-type":"","overlay-color":"","overlay-opacity":"","overlay-gradient":""},"tablet":{"background-color":"","background-image":"","background-repeat":"repeat","background-position":"center center","background-size":"auto","background-attachment":"scroll","background-type":"","background-media":"","overlay-type":"","overlay-color":"","overlay-opacity":"","overlay-gradient":""},"mobile":{"background-color":"","background-image":"","background-repeat":"repeat","background-position":"center center","background-size":"auto","background-attachment":"scroll","background-type":"","background-media":"","overlay-type":"","overlay-color":"","overlay-opacity":"","overlay-gradient":""}},"ast-content-background-meta":{"desktop":{"background-color":"var(--ast-global-color-5)","background-image":"","background-repeat":"repeat","background-position":"center center","background-size":"auto","background-attachment":"scroll","background-type":"","background-media":"","overlay-type":"","overlay-color":"","overlay-opacity":"","overlay-gradient":""},"tablet":{"background-color":"var(--ast-global-color-5)","background-image":"","background-repeat":"repeat","background-position":"center center","background-size":"auto","background-attachment":"scroll","background-type":"","background-media":"","overlay-type":"","overlay-color":"","overlay-opacity":"","overlay-gradient":""},"mobile":{"background-color":"var(--ast-global-color-5)","background-image":"","background-repeat":"repeat","background-position":"center center","background-size":"auto","background-attachment":"scroll","background-type":"","background-media":"","overlay-type":"","overlay-color":"","overlay-opacity":"","overlay-gradient":""}},"footnotes":""},"class_list":["post-30","page","type-page","status-publish","hentry"],"post_mailing_queue_ids":[],"_links":{"self":[{"href":"https:\/\/agora.xtec.cat\/ceip-montjuic\/wp-json\/wp\/v2\/pages\/30","targetHints":{"allow":["GET"]}}],"collection":[{"href":"https:\/\/agora.xtec.cat\/ceip-montjuic\/wp-json\/wp\/v2\/pages"}],"about":[{"href":"https:\/\/agora.xtec.cat\/ceip-montjuic\/wp-json\/wp\/v2\/types\/page"}],"author":[{"embeddable":true,"href":"https:\/\/agora.xtec.cat\/ceip-montjuic\/wp-json\/wp\/v2\/users\/1"}],"replies":[{"embeddable":true,"href":"https:\/\/agora.xtec.cat\/ceip-montjuic\/wp-json\/wp\/v2\/comments?post=30"}],"version-history":[{"count":5,"href":"https:\/\/agora.xtec.cat\/ceip-montjuic\/wp-json\/wp\/v2\/pages\/30\/revisions"}],"predecessor-version":[{"id":3985,"href":"https:\/\/agora.xtec.cat\/ceip-montjuic\/wp-json\/wp\/v2\/pages\/30\/revisions\/3985"}],"up":[{"embeddable":true,"href":"https:\/\/agora.xtec.cat\/ceip-montjuic\/wp-json\/wp\/v2\/pages\/2813"}],"wp:attachment":[{"href":"https:\/\/agora.xtec.cat\/ceip-montjuic\/wp-json\/wp\/v2\/media?parent=30"}],"curies":[{"name":"wp","href":"https:\/\/api.w.org\/{rel}","templated":true}]}}