{"id":2821,"date":"2023-05-15T13:07:59","date_gmt":"2023-05-15T11:07:59","guid":{"rendered":"https:\/\/agora.xtec.cat\/ceip-montjuic\/?page_id=2821"},"modified":"2025-10-23T16:12:12","modified_gmt":"2025-10-23T14:12:12","slug":"pec-pendent-de-modificar","status":"publish","type":"page","link":"https:\/\/agora.xtec.cat\/ceip-montjuic\/projecte-educatiu\/pec-pendent-de-modificar\/","title":{"rendered":"Projecte Educatiu de Centre"},"content":{"rendered":"<p>El <strong>Projecte Educatiu de Centre (PEC)<\/strong> \u00e9s un document que defineix la identitat, els objectius i les l\u00ednies pedag\u00f2giques d&#8217;un centre educatiu. Segons la normativa vigent (Decret 102\/2010 d&#8217;autonomia dels centres educatius i altres normatives auton\u00f2miques), el PEC estableix:<\/p>\n<ul>\n<li>Els <strong>valors, objectius i prioritats educatives<\/strong> del centre.<\/li>\n<li>Els criteris d\u2019organitzaci\u00f3 pedag\u00f2gica i curricular.<\/li>\n<li>Les mesures d\u2019atenci\u00f3 a la diversitat i inclusi\u00f3.<\/li>\n<li>Els mecanismes de participaci\u00f3 de la comunitat educativa.<\/li>\n<\/ul>\n<p>\u00c9s un document de refer\u00e8ncia obligat que guia la gesti\u00f3 i actuaci\u00f3 del centre, aprovat pel <strong>Consell Escolar<\/strong> i revisable peri\u00f2dicament.<\/p>\n<p><a href=\"https:\/\/agora.xtec.cat\/ceip-montjuic\/wp-content\/uploads\/usu2228\/2025\/10\/PEC-24-25.docx.pdf\">VEURE DOCUMENT.<\/a><\/p>\n","protected":false},"excerpt":{"rendered":"<p>El Projecte Educatiu de Centre (PEC) \u00e9s un document que defineix la identitat, els objectius i les l\u00ednies pedag\u00f2giques d&#8217;un centre educatiu. Segons la normativa vigent (Decret 102\/2010 d&#8217;autonomia dels centres educatius i altres normatives auton\u00f2miques), el PEC estableix: Els valors, objectius i prioritats educatives del centre. Els criteris d\u2019organitzaci\u00f3 pedag\u00f2gica i curricular. Les mesures [&hellip;]<\/p>\n","protected":false},"author":1,"featured_media":0,"parent":64,"menu_order":1,"comment_status":"closed","ping_status":"closed","template":"","meta":{"_bbp_topic_count":0,"_bbp_reply_count":0,"_bbp_total_topic_count":0,"_bbp_total_reply_count":0,"_bbp_voice_count":0,"_bbp_anonymous_reply_count":0,"_bbp_topic_count_hidden":0,"_bbp_reply_count_hidden":0,"_bbp_forum_subforum_count":0,"site-sidebar-layout":"default","site-content-layout":"","ast-site-content-layout":"default","site-content-style":"default","site-sidebar-style":"default","ast-global-header-display":"","ast-banner-title-visibility":"","ast-main-header-display":"","ast-hfb-above-header-display":"","ast-hfb-below-header-display":"","ast-hfb-mobile-header-display":"","site-post-title":"","ast-breadcrumbs-content":"","ast-featured-img":"","footer-sml-layout":"","theme-transparent-header-meta":"","adv-header-id-meta":"","stick-header-meta":"","header-above-stick-meta":"","header-main-stick-meta":"","header-below-stick-meta":"","astra-migrate-meta-layouts":"set","ast-page-background-enabled":"default","ast-page-background-meta":{"desktop":{"background-color":"var(--ast-global-color-4)","background-image":"","background-repeat":"repeat","background-position":"center center","background-size":"auto","background-attachment":"scroll","background-type":"","background-media":"","overlay-type":"","overlay-color":"","overlay-opacity":"","overlay-gradient":""},"tablet":{"background-color":"","background-image":"","background-repeat":"repeat","background-position":"center center","background-size":"auto","background-attachment":"scroll","background-type":"","background-media":"","overlay-type":"","overlay-color":"","overlay-opacity":"","overlay-gradient":""},"mobile":{"background-color":"","background-image":"","background-repeat":"repeat","background-position":"center center","background-size":"auto","background-attachment":"scroll","background-type":"","background-media":"","overlay-type":"","overlay-color":"","overlay-opacity":"","overlay-gradient":""}},"ast-content-background-meta":{"desktop":{"background-color":"var(--ast-global-color-5)","background-image":"","background-repeat":"repeat","background-position":"center center","background-size":"auto","background-attachment":"scroll","background-type":"","background-media":"","overlay-type":"","overlay-color":"","overlay-opacity":"","overlay-gradient":""},"tablet":{"background-color":"var(--ast-global-color-5)","background-image":"","background-repeat":"repeat","background-position":"center center","background-size":"auto","background-attachment":"scroll","background-type":"","background-media":"","overlay-type":"","overlay-color":"","overlay-opacity":"","overlay-gradient":""},"mobile":{"background-color":"var(--ast-global-color-5)","background-image":"","background-repeat":"repeat","background-position":"center center","background-size":"auto","background-attachment":"scroll","background-type":"","background-media":"","overlay-type":"","overlay-color":"","overlay-opacity":"","overlay-gradient":""}},"footnotes":""},"class_list":["post-2821","page","type-page","status-publish","hentry"],"post_mailing_queue_ids":[],"_links":{"self":[{"href":"https:\/\/agora.xtec.cat\/ceip-montjuic\/wp-json\/wp\/v2\/pages\/2821","targetHints":{"allow":["GET"]}}],"collection":[{"href":"https:\/\/agora.xtec.cat\/ceip-montjuic\/wp-json\/wp\/v2\/pages"}],"about":[{"href":"https:\/\/agora.xtec.cat\/ceip-montjuic\/wp-json\/wp\/v2\/types\/page"}],"author":[{"embeddable":true,"href":"https:\/\/agora.xtec.cat\/ceip-montjuic\/wp-json\/wp\/v2\/users\/1"}],"replies":[{"embeddable":true,"href":"https:\/\/agora.xtec.cat\/ceip-montjuic\/wp-json\/wp\/v2\/comments?post=2821"}],"version-history":[{"count":6,"href":"https:\/\/agora.xtec.cat\/ceip-montjuic\/wp-json\/wp\/v2\/pages\/2821\/revisions"}],"predecessor-version":[{"id":3963,"href":"https:\/\/agora.xtec.cat\/ceip-montjuic\/wp-json\/wp\/v2\/pages\/2821\/revisions\/3963"}],"up":[{"embeddable":true,"href":"https:\/\/agora.xtec.cat\/ceip-montjuic\/wp-json\/wp\/v2\/pages\/64"}],"wp:attachment":[{"href":"https:\/\/agora.xtec.cat\/ceip-montjuic\/wp-json\/wp\/v2\/media?parent=2821"}],"curies":[{"name":"wp","href":"https:\/\/api.w.org\/{rel}","templated":true}]}}