{"id":2813,"date":"2023-05-15T13:01:09","date_gmt":"2023-05-15T11:01:09","guid":{"rendered":"https:\/\/agora.xtec.cat\/ceip-montjuic\/?page_id=2813"},"modified":"2023-07-11T12:30:24","modified_gmt":"2023-07-11T10:30:24","slug":"lescola","status":"publish","type":"page","link":"https:\/\/agora.xtec.cat\/ceip-montjuic\/lescola\/","title":{"rendered":"L&#8217;escola"},"content":{"rendered":"<header class=\"entry-header\">\n<p class=\"entry-title\">\n<\/header>\n<div class=\"entry-content\">\n<p class=\"figure wp-caption alignnone\"><a href=\"https:\/\/agora.xtec.cat\/ceip-montjuic\/wp-content\/uploads\/usu2228\/2020\/08\/352204.jpg\"><img loading=\"lazy\" decoding=\"async\" class=\"size-large wp-image-488\" src=\"https:\/\/agora.xtec.cat\/ceip-montjuic\/wp-content\/uploads\/usu2228\/2020\/08\/352204-1024x770.jpg\" sizes=\"auto, (max-width: 1024px) 100vw, 1024px\" srcset=\"https:\/\/agora.xtec.cat\/ceip-montjuic\/wp-content\/uploads\/usu2228\/2020\/08\/352204-1024x770.jpg 1024w, https:\/\/agora.xtec.cat\/ceip-montjuic\/wp-content\/uploads\/usu2228\/2020\/08\/352204-300x225.jpg 300w, https:\/\/agora.xtec.cat\/ceip-montjuic\/wp-content\/uploads\/usu2228\/2020\/08\/352204-768x577.jpg 768w, https:\/\/agora.xtec.cat\/ceip-montjuic\/wp-content\/uploads\/usu2228\/2020\/08\/352204-200x150.jpg 200w\" alt=\"\" width=\"1024\" height=\"770\" \/><\/a>La pla\u00e7a de Sant Pere. En primer terme es veuen els estris d\u2019un carreter que realitza la seva activitat al carrer. Al fons, l\u2019escola Ignasi Igl\u00e9sias, a la muntanya de Montju\u00efc. (Fons Arxiu Hist\u00f2ric. Ajuntament de Girona)<\/p>\n<p>&nbsp;<\/p>\n<p class=\"font_8\">L\u2019escola va ser inaugurada el diumenge dia 3 de setembre de\u00a01933\u00a0pel President de la Generalitat\u00a0Francesc Maci\u00e0 i Lluss\u00e0.\u00a0A l\u2019acte tamb\u00e9 hi van assistir el Governador de Catalunya, senyor Selves; el sotssecretari del Ministeri d\u2019Instrucci\u00f3 P\u00fablica, senyor\u00a0Jaume Pi i Sunyer, i altres personalitats.<\/p>\n<p class=\"font_8\">El nom que va rebre l\u2019escola en els seus inicis va ser el d\u2019Ignasi Igl\u00e9sias (1871-1928), recordant la figura del destacat escriptor, dramaturg i poeta del Modernisme Catal\u00e0.<\/p>\n<p class=\"font_8\">Les gestions per a la creaci\u00f3 d\u2019aquest centre escolar ja havien comen\u00e7at uns anys abans quan es va detectar que al barri de Pedret, eminentment obrer, feia falta la construcci\u00f3 d\u2019una escola. D\u2019aquesta manera, els nens i nenes d\u2019aquest barri no haurien d\u2019anar al \u201cGrupo Escolar\u201d (actualment CEIP Joan Bruguera), evitant els problemes de massificaci\u00f3, de llunyania i dels perills del tr\u00e0nsit en fer tan llargs despla\u00e7aments.<\/p>\n<p class=\"font_8\">D\u2019aquesta manera, el 26 de juliol de 1930 ja es van iniciar les gestions per a l\u2019adquisici\u00f3 dels terrenys i per a la realitzaci\u00f3 de l\u2019escola. El 14 de novembre del mateix any, la proposta va ser acceptada per l\u2019Ajuntament de Girona.<\/p>\n<p class=\"font_8\">Es va encarregar l\u2019obra a l\u2019Arquitecte Municipal de Girona, senyor Ricard Giralt i Casades\u00fas, que el 1932 va presentar el projecte. Aquest, responia a la idea d\u2019abandonar tot element decoratiu, reduint les fa\u00e7anes a la seva m\u00e0xima simplicitat, seguint els criteris del grup d\u2019arquitectes per al progr\u00e9s de l\u2019arquitectura contempor\u00e0nia i que s\u2019impregna dels valors de l\u2019escola republicana, seguidora dels corrents pedag\u00f2gics m\u00e9s avan\u00e7ats de l\u2019\u00e8poca. Va estar pensat per a una capacitat inicial de 150 nens i 150 nenes.<\/p>\n<p><img loading=\"lazy\" decoding=\"async\" class=\"alignnone wp-image-605\" src=\"https:\/\/agora.xtec.cat\/ceip-montjuic\/wp-content\/uploads\/usu2228\/2020\/08\/05_Giralt_035_504-1024x768.jpg\" sizes=\"auto, (max-width: 341px) 100vw, 341px\" srcset=\"https:\/\/agora.xtec.cat\/ceip-montjuic\/wp-content\/uploads\/usu2228\/2020\/08\/05_Giralt_035_504-1024x768.jpg 1024w, https:\/\/agora.xtec.cat\/ceip-montjuic\/wp-content\/uploads\/usu2228\/2020\/08\/05_Giralt_035_504-300x225.jpg 300w, https:\/\/agora.xtec.cat\/ceip-montjuic\/wp-content\/uploads\/usu2228\/2020\/08\/05_Giralt_035_504-768x576.jpg 768w, https:\/\/agora.xtec.cat\/ceip-montjuic\/wp-content\/uploads\/usu2228\/2020\/08\/05_Giralt_035_504-200x150.jpg 200w\" alt=\"\" width=\"341\" height=\"256\" \/><\/p>\n<p><em>Dibuix original de Ricard Giralt, del primer projecte de l\u2019escola. (Fons arxiu hist\u00f2ric-Ajuntament de Girona)<\/em><\/p>\n<p class=\"font_8\">De seguida es va veure que, paral\u00b7lelament, feia falta construir tamb\u00e9 una cantina perqu\u00e8 ens nens i nenes es poguessin quedar a dinar i, aix\u00ed, no haver de voltar tant pels carrers.<\/p>\n<figure class=\"figure wp-caption alignnone\"><a href=\"https:\/\/agora.xtec.cat\/ceip-montjuic\/wp-content\/uploads\/usu2228\/2020\/08\/064024-p.jpg\"><img loading=\"lazy\" decoding=\"async\" class=\" wp-image-609\" src=\"https:\/\/agora.xtec.cat\/ceip-montjuic\/wp-content\/uploads\/usu2228\/2020\/08\/064024-p-1024x681.jpg\" sizes=\"auto, (max-width: 540px) 100vw, 540px\" srcset=\"https:\/\/agora.xtec.cat\/ceip-montjuic\/wp-content\/uploads\/usu2228\/2020\/08\/064024-p-1024x681.jpg 1024w, https:\/\/agora.xtec.cat\/ceip-montjuic\/wp-content\/uploads\/usu2228\/2020\/08\/064024-p-300x200.jpg 300w, https:\/\/agora.xtec.cat\/ceip-montjuic\/wp-content\/uploads\/usu2228\/2020\/08\/064024-p-768x511.jpg 768w\" alt=\"\" width=\"540\" height=\"359\" \/><\/a><figcaption class=\"wp-caption-text\">1933. Obres de construcci\u00f3 de la cantina de l\u2019escola Ignasi Igl\u00e9sias, a Montju\u00efc.Arxiu hist\u00f2ric. Ajuntament de Girona.<\/figcaption><\/figure>\n<p>&nbsp;<\/p>\n<p class=\"font_8\">Al llarg del temps, l\u2019edifici escolar ha sofert diverses ampliacions i modificacions per anar adaptant les depend\u00e8ncies a les necessitats escolars dels diferents moments. Al 1973, per exemple, es va construir el pati per sobre la carretera que puja a la muntanya.<\/p>\n<figure class=\"figure wp-caption alignnone\"><a href=\"https:\/\/agora.xtec.cat\/ceip-montjuic\/wp-content\/uploads\/usu2228\/2020\/08\/830805-p.jpg\"><img loading=\"lazy\" decoding=\"async\" class=\" wp-image-607\" src=\"https:\/\/agora.xtec.cat\/ceip-montjuic\/wp-content\/uploads\/usu2228\/2020\/08\/830805-p-1024x678.jpg\" sizes=\"auto, (max-width: 498px) 100vw, 498px\" srcset=\"https:\/\/agora.xtec.cat\/ceip-montjuic\/wp-content\/uploads\/usu2228\/2020\/08\/830805-p-1024x678.jpg 1024w, https:\/\/agora.xtec.cat\/ceip-montjuic\/wp-content\/uploads\/usu2228\/2020\/08\/830805-p-300x199.jpg 300w, https:\/\/agora.xtec.cat\/ceip-montjuic\/wp-content\/uploads\/usu2228\/2020\/08\/830805-p-768x509.jpg 768w\" alt=\"\" width=\"498\" height=\"330\" \/><\/a><figcaption class=\"wp-caption-text\">Vista de l\u2019escola el 1973. Arxiu hist\u00f2ric. Ajuntament de Girona.<\/figcaption><\/figure>\n<p>&nbsp;<\/p>\n<p>D\u2019IGNASI IGL\u00c9SIAS A MONTJU\u00cfC<\/p>\n<p class=\"font_8\">Sobre el nom de l\u2019escola, actualment \u00e9s el d\u2019Escola Montju\u00efc, oficialment des del juliol de 1959. Els directors de l\u2019\u00e8poca (hi havia un director per a l\u2019escola de nens: Jos\u00e9 M. Ministral i Masi\u00e1, i una directora per a l\u2019escola de nenes: Mar\u00eda Fabrellas Ribas) demanen que el nom de l\u2019escola sigui el de \u201cMontju\u00efc\u201d, atenent una ordre ministerial de 1938, a les acaballes la Guerra\u00a0 Civil, en la que s\u2019ordenava que els noms de les escoles fossin d\u2019acord amb el r\u00e8gim franquista.<\/p>\n<p><em>\u201cPor todos los ayuntamientos de la Espa\u00f1a liberada se proceder\u00e1 a la revisi\u00f3n de los nombres que ten\u00edan las Escuelas y Grupos<\/em><br \/>\n<em>escolares con anterioridad al 18 de julio de 1936, con el fin de que su denominaci\u00f3n responda plenamente a los ideales de nuestro Movimiento Nacional.\u201d<\/em>\u00a0BOE n\u00fam. 114. 22 d\u2019octubre de 1938.<\/p>\n<p class=\"font_8\">En l\u2019argumentaci\u00f3 que justifica la petici\u00f3 del nom, s\u2019obvia l\u2019original d\u2019 Ignasi Igl\u00e9sias, i nom\u00e9s es comenta que fa anys que \u201coficiosamente ya se usa el nombre de su ubicaci\u00f3n geogr\u00e1fica\u201d. Per acabar de reblar l\u2019argument es posa com a motiu del canvi de nom, la celebraci\u00f3 del 150 aniversari dels fets anomenats \u201clos sitios de Gerona\u201d, en els quals el castell de Montju\u00efc hi va tenir un paper destacat. Per aix\u00f2, es demana, a m\u00e9s del canvi de nom, que es col\u00b7loqui a l\u2019escola una\u00a0<em>\u201cl\u00e1pida que recuerde el nombre de la escuela y la gesta memorable de la Fortaleza\u201d<\/em>. I aix\u00ed va ser. Es va fer una gran festa amb participaci\u00f3 de les autoritats, alumnes i fam\u00edlies.<\/p>\n<figure class=\"figure wp-caption alignnone\"><a href=\"https:\/\/agora.xtec.cat\/ceip-montjuic\/wp-content\/uploads\/usu2228\/2020\/08\/541616-p.jpg\"><img loading=\"lazy\" decoding=\"async\" class=\" wp-image-608\" src=\"https:\/\/agora.xtec.cat\/ceip-montjuic\/wp-content\/uploads\/usu2228\/2020\/08\/541616-p-1024x677.jpg\" sizes=\"auto, (max-width: 444px) 100vw, 444px\" srcset=\"https:\/\/agora.xtec.cat\/ceip-montjuic\/wp-content\/uploads\/usu2228\/2020\/08\/541616-p-1024x677.jpg 1024w, https:\/\/agora.xtec.cat\/ceip-montjuic\/wp-content\/uploads\/usu2228\/2020\/08\/541616-p-300x198.jpg 300w, https:\/\/agora.xtec.cat\/ceip-montjuic\/wp-content\/uploads\/usu2228\/2020\/08\/541616-p-768x508.jpg 768w\" alt=\"\" width=\"444\" height=\"294\" \/><\/a><figcaption class=\"wp-caption-text\">Juliol 1959. Descobriment d\u2019una placa commemorativa a l\u2019escola Ignasi Igl\u00e9sias de Montju\u00efc de Girona. La coral de l\u2019escola canta una can\u00e7\u00f3 a davant de la placa. Arxiu Hist\u00f2ric. Ajuntament de Girona.<\/figcaption><\/figure>\n<p>PASSAT, PRESENT I FUTUR<\/p>\n<p>Com deia el poeta Salvador Espriu,\u00a0<em>\u201cno nom\u00e9s hem de fer mem\u00f2ria per a no perdre la identitat, sin\u00f3 tamb\u00e9 per a poder respondre la pregunta, qu\u00e8 volem ser?\u201d<\/em>. L\u2019escola Ignasi Igl\u00e9sias-Montju\u00efc t\u00e9 una llarga traject\u00f2ria hist\u00f2rica en la ciutat i en la pedagogia de tantes persones que hi han viscut molts o pocs anys de les seves vides. Aquesta llarga hist\u00f2ria ens encoratja a escriure present i futur per continuar sent, en paraules de Joaquim Nadal,\u00a0<em>\u201cun far blanc de cultura i pedagogia encarat a la visi\u00f3 m\u00e9s completa i monumental d\u2019una de les fa\u00e7anes de la ciutat hist\u00f2rica. Aquest di\u00e0leg entre la modernitat i el pes de la hist\u00f2ria hauria d\u2019il\u00b7luminar permanentment amb goig els mestres i els alumnes d\u2019aquesta escola\u201d.<\/em><\/p>\n<p>&nbsp;<\/p>\n<p>Per saber-ne m\u00e9s:<\/p>\n<p><iframe loading=\"lazy\" class=\"wp-embedded-content\" title=\"\u201cL\u2019ESCOLA MONTJU\u00cfC DE GIRONA\u201d \u2014 Joaquim Nadal\" src=\"https:\/\/www.joaquimnadal.cat\/lescola-montjuic-de-girona\/embed\/#?secret=oSsQxnBPFg#?secret=m8lYHF7A6E\" width=\"500\" height=\"200\" frameborder=\"0\" marginwidth=\"0\" marginheight=\"0\" scrolling=\"no\" sandbox=\"allow-scripts\" data-secret=\"m8lYHF7A6E\" data-mce-fragment=\"1\"><\/iframe><\/p>\n<\/div>\n","protected":false},"excerpt":{"rendered":"<p>La pla\u00e7a de Sant Pere. En primer terme es veuen els estris d\u2019un carreter que realitza la seva activitat al carrer. Al fons, l\u2019escola Ignasi Igl\u00e9sias, a la muntanya de Montju\u00efc. (Fons Arxiu Hist\u00f2ric. Ajuntament de Girona) &nbsp; L\u2019escola va ser inaugurada el diumenge dia 3 de setembre de\u00a01933\u00a0pel President de la Generalitat\u00a0Francesc Maci\u00e0 i [&hellip;]<\/p>\n","protected":false},"author":1,"featured_media":0,"parent":0,"menu_order":0,"comment_status":"closed","ping_status":"closed","template":"page-templates\/side-menu.php","meta":{"_bbp_topic_count":0,"_bbp_reply_count":0,"_bbp_total_topic_count":0,"_bbp_total_reply_count":0,"_bbp_voice_count":0,"_bbp_anonymous_reply_count":0,"_bbp_topic_count_hidden":0,"_bbp_reply_count_hidden":0,"_bbp_forum_subforum_count":0,"site-sidebar-layout":"default","site-content-layout":"","ast-site-content-layout":"","site-content-style":"default","site-sidebar-style":"default","ast-global-header-display":"","ast-banner-title-visibility":"","ast-main-header-display":"","ast-hfb-above-header-display":"","ast-hfb-below-header-display":"","ast-hfb-mobile-header-display":"","site-post-title":"","ast-breadcrumbs-content":"","ast-featured-img":"","footer-sml-layout":"","theme-transparent-header-meta":"","adv-header-id-meta":"","stick-header-meta":"","header-above-stick-meta":"","header-main-stick-meta":"","header-below-stick-meta":"","astra-migrate-meta-layouts":"default","ast-page-background-enabled":"default","ast-page-background-meta":{"desktop":{"background-color":"var(--ast-global-color-4)","background-image":"","background-repeat":"repeat","background-position":"center center","background-size":"auto","background-attachment":"scroll","background-type":"","background-media":"","overlay-type":"","overlay-color":"","overlay-opacity":"","overlay-gradient":""},"tablet":{"background-color":"","background-image":"","background-repeat":"repeat","background-position":"center center","background-size":"auto","background-attachment":"scroll","background-type":"","background-media":"","overlay-type":"","overlay-color":"","overlay-opacity":"","overlay-gradient":""},"mobile":{"background-color":"","background-image":"","background-repeat":"repeat","background-position":"center center","background-size":"auto","background-attachment":"scroll","background-type":"","background-media":"","overlay-type":"","overlay-color":"","overlay-opacity":"","overlay-gradient":""}},"ast-content-background-meta":{"desktop":{"background-color":"var(--ast-global-color-5)","background-image":"","background-repeat":"repeat","background-position":"center center","background-size":"auto","background-attachment":"scroll","background-type":"","background-media":"","overlay-type":"","overlay-color":"","overlay-opacity":"","overlay-gradient":""},"tablet":{"background-color":"var(--ast-global-color-5)","background-image":"","background-repeat":"repeat","background-position":"center center","background-size":"auto","background-attachment":"scroll","background-type":"","background-media":"","overlay-type":"","overlay-color":"","overlay-opacity":"","overlay-gradient":""},"mobile":{"background-color":"var(--ast-global-color-5)","background-image":"","background-repeat":"repeat","background-position":"center center","background-size":"auto","background-attachment":"scroll","background-type":"","background-media":"","overlay-type":"","overlay-color":"","overlay-opacity":"","overlay-gradient":""}},"footnotes":""},"class_list":["post-2813","page","type-page","status-publish","hentry"],"post_mailing_queue_ids":[],"_links":{"self":[{"href":"https:\/\/agora.xtec.cat\/ceip-montjuic\/wp-json\/wp\/v2\/pages\/2813","targetHints":{"allow":["GET"]}}],"collection":[{"href":"https:\/\/agora.xtec.cat\/ceip-montjuic\/wp-json\/wp\/v2\/pages"}],"about":[{"href":"https:\/\/agora.xtec.cat\/ceip-montjuic\/wp-json\/wp\/v2\/types\/page"}],"author":[{"embeddable":true,"href":"https:\/\/agora.xtec.cat\/ceip-montjuic\/wp-json\/wp\/v2\/users\/1"}],"replies":[{"embeddable":true,"href":"https:\/\/agora.xtec.cat\/ceip-montjuic\/wp-json\/wp\/v2\/comments?post=2813"}],"version-history":[{"count":3,"href":"https:\/\/agora.xtec.cat\/ceip-montjuic\/wp-json\/wp\/v2\/pages\/2813\/revisions"}],"predecessor-version":[{"id":2903,"href":"https:\/\/agora.xtec.cat\/ceip-montjuic\/wp-json\/wp\/v2\/pages\/2813\/revisions\/2903"}],"wp:attachment":[{"href":"https:\/\/agora.xtec.cat\/ceip-montjuic\/wp-json\/wp\/v2\/media?parent=2813"}],"curies":[{"name":"wp","href":"https:\/\/api.w.org\/{rel}","templated":true}]}}