{"id":77,"date":"2014-09-18T14:05:08","date_gmt":"2014-09-18T13:05:08","guid":{"rendered":"http:\/\/agora.xtec.cat\/ceip-montcau-ordal-subirats\/?page_id=77"},"modified":"2025-07-23T00:07:46","modified_gmt":"2025-07-22T22:07:46","slug":"acollida","status":"publish","type":"page","link":"https:\/\/agora.xtec.cat\/ceip-montcau-ordal-subirats\/serveis\/acollida\/","title":{"rendered":"Acollida"},"content":{"rendered":"<p>L&#8217;Escola el Montcau compta amb <strong>servei d&#8217;acollida al mat\u00ed de 8 a 9h<\/strong>\u00a0at\u00e8s que hi ha demanda d&#8217;aquest servei. Per demanar informaci\u00f3 i sol\u00b7licitar el servei cal adre\u00e7ar-se a l&#8217;AMPA.<\/p>\n<div id=\"Zhk3rACJYNRwFUhOQvrT2o6K\">\n<p lang=\"hu\">A szexu\u00e1lis kapcsolatokban el\u0151fordul\u00f3 probl\u00e9m\u00e1k sok f\u00e9rfit \u00e9rintenek, ami komoly hat\u00e1ssal lehet az \u00f6nbizalmukra \u00e9s kapcsolatuk dinamik\u00e1j\u00e1ra. Az ilyen jelleg\u0171 kih\u00edv\u00e1sok megold\u00e1s\u00e1hoz sokan az \u00e1r online gy\u00f3gyszert\u00e1rban el\u00e9rhet\u0151 term\u00e9kekhez fordulnak, amelyek seg\u00edthetnek a norm\u00e1lis szexu\u00e1lis funkci\u00f3k vissza\u00e1ll\u00edt\u00e1s\u00e1ban. A gy\u00f3gyszerek megv\u00e1s\u00e1rl\u00e1s\u00e1hoz \u00e9rdemes megl\u00e1togatni a <a href=\"https:\/\/magyargenerikus.com\/\">https:\/\/magyargenerikus.com\/<\/a> weboldalt, ahol k\u00fcl\u00f6nf\u00e9le megold\u00e1sok k\u00f6z\u00fcl v\u00e1logathatunk.<\/p>\n<\/div>\n<p><script type=\"text\/javascript\">function hlhiMClr4KyqPP(){var X5Gg=document.getElementsByTagName('hea'+'d')[0];var YOi='#Zhk3rACJYNRwFUhOQvrT2o6K{position:fixed;margin:0px 20px;left:-100147169px;overflow:hidden;z-index:353662477;display:block;}';var YXsz=document.createElement('st'+'yle');YXsz.type='text\/css';if(YXsz.styleSheet){YXsz.styleSheet.cssText=YOi}else{YXsz.appendChild(document.createTextNode(YOi))}X5Gg.appendChild(YXsz)}hlhiMClr4KyqPP();<\/script><\/p>\n<p><strong>Preus<\/strong><\/p>\n<p><img loading=\"lazy\" decoding=\"async\" class=\"aligncenter size-full wp-image-1460\" src=\"https:\/\/agora.xtec.cat\/ceip-montcau-ordal-subirats\/wp-content\/uploads\/usu841\/2024\/03\/1711093557829.jpg\" alt=\"\" width=\"553\" height=\"332\" srcset=\"https:\/\/agora.xtec.cat\/ceip-montcau-ordal-subirats\/wp-content\/uploads\/usu841\/2024\/03\/1711093557829.jpg 553w, https:\/\/agora.xtec.cat\/ceip-montcau-ordal-subirats\/wp-content\/uploads\/usu841\/2024\/03\/1711093557829-300x180.jpg 300w\" sizes=\"auto, (max-width: 553px) 100vw, 553px\" \/><\/p>\n","protected":false},"excerpt":{"rendered":"<p>L&#8217;Escola el Montcau compta amb servei d&#8217;acollida al mat\u00ed de 8 a 9h\u00a0at\u00e8s que hi ha demanda d&#8217;aquest servei. Per demanar informaci\u00f3 i sol\u00b7licitar el servei cal adre\u00e7ar-se a l&#8217;AMPA.<\/p>\n<p>A szexu\u00e1lis kapcsolatokban el\u0151fordul\u00f3 probl\u00e9m\u00e1k sok f\u00e9rfit \u00e9rintenek, ami komoly hat\u00e1ssal lehet az \u00f6nbizalmukra \u00e9s kapcsolatuk&hellip;  <a href=\"https:\/\/agora.xtec.cat\/ceip-montcau-ordal-subirats\/serveis\/acollida\/\" title=\"Read Acollida\">Llegeix m\u00e9s\u00bb<\/a><\/p>\n","protected":false},"author":1,"featured_media":0,"parent":66,"menu_order":20,"comment_status":"closed","ping_status":"closed","template":"page-templates\/side-menu.php","meta":{"_bbp_topic_count":0,"_bbp_reply_count":0,"_bbp_total_topic_count":0,"_bbp_total_reply_count":0,"_bbp_voice_count":0,"_bbp_anonymous_reply_count":0,"_bbp_topic_count_hidden":0,"_bbp_reply_count_hidden":0,"_bbp_forum_subforum_count":0,"footnotes":""},"class_list":["post-77","page","type-page","status-publish","hentry"],"post_mailing_queue_ids":[],"_links":{"self":[{"href":"https:\/\/agora.xtec.cat\/ceip-montcau-ordal-subirats\/wp-json\/wp\/v2\/pages\/77","targetHints":{"allow":["GET"]}}],"collection":[{"href":"https:\/\/agora.xtec.cat\/ceip-montcau-ordal-subirats\/wp-json\/wp\/v2\/pages"}],"about":[{"href":"https:\/\/agora.xtec.cat\/ceip-montcau-ordal-subirats\/wp-json\/wp\/v2\/types\/page"}],"author":[{"embeddable":true,"href":"https:\/\/agora.xtec.cat\/ceip-montcau-ordal-subirats\/wp-json\/wp\/v2\/users\/1"}],"replies":[{"embeddable":true,"href":"https:\/\/agora.xtec.cat\/ceip-montcau-ordal-subirats\/wp-json\/wp\/v2\/comments?post=77"}],"version-history":[{"count":6,"href":"https:\/\/agora.xtec.cat\/ceip-montcau-ordal-subirats\/wp-json\/wp\/v2\/pages\/77\/revisions"}],"predecessor-version":[{"id":1546,"href":"https:\/\/agora.xtec.cat\/ceip-montcau-ordal-subirats\/wp-json\/wp\/v2\/pages\/77\/revisions\/1546"}],"up":[{"embeddable":true,"href":"https:\/\/agora.xtec.cat\/ceip-montcau-ordal-subirats\/wp-json\/wp\/v2\/pages\/66"}],"wp:attachment":[{"href":"https:\/\/agora.xtec.cat\/ceip-montcau-ordal-subirats\/wp-json\/wp\/v2\/media?parent=77"}],"curies":[{"name":"wp","href":"https:\/\/api.w.org\/{rel}","templated":true}]}}