{"id":568,"date":"2019-12-11T10:53:55","date_gmt":"2019-12-11T09:53:55","guid":{"rendered":"http:\/\/agora.xtec.cat\/ceip-montcau-ordal-subirats\/?page_id=568"},"modified":"2025-09-09T00:04:39","modified_gmt":"2025-09-08T22:04:39","slug":"equip-de-mestres","status":"publish","type":"page","link":"https:\/\/agora.xtec.cat\/ceip-montcau-ordal-subirats\/equip-de-mestres\/","title":{"rendered":"Equip de mestres"},"content":{"rendered":"<p><span style=\"text-decoration: underline;\"><strong>EQUIP DIRECTIU<\/strong><\/span><\/p>\n<p><strong>Directora:<\/strong> N\u00faria Mas<\/p>\n<p><strong>Secret\u00e0ria:<\/strong> Olga Gallardo<\/p>\n<p>Horari d\u2019atenci\u00f3 de Direcci\u00f3:\u00a0 <i>Millor demanar cita o provar de trucar al tel\u00e8fon.<\/i><\/p>\n<hr \/>\n<h2>EDUCACI\u00d3 INFANTIL<\/h2>\n<p>OLGA GALLARDO I IMMA G\u00d3MEZ<\/p>\n<hr \/>\n<h2>EDUCACI\u00d3 PRIM\u00c0RIA<\/h2>\n<p>Inicial: MONTSE NOYA<\/p>\n<p>Mitj\u00e0: LLU\u00cdS CAPELLADES, IMMA G\u00d3MEZ I B\u00c0RBARA<\/p>\n<p>Superior: BEA COSTEA, BET CERVERA I S\u00cdLVIA<\/p>\n<hr \/>\n<h2>ESPECIALISTES<\/h2>\n<p style=\"font-family: 'Helvetica Neue', Helvetica, Helvetica, Arial, sans-serif; font-size: 16px;\"><strong>M\u00daSICA:<\/strong> MONTSE FORNS<\/p>\n<p style=\"font-family: 'Helvetica Neue', Helvetica, Helvetica, Arial, sans-serif; font-size: 16px;\"><strong>EDUCACI\u00d3 F\u00cdSICA : <\/strong>IMMA BEL<\/p>\n<p style=\"font-family: 'Helvetica Neue', Helvetica, Helvetica, Arial, sans-serif; font-size: 16px;\"><strong>ANGL\u00c8S: <\/strong>PAQUI<\/p>\n<p><b>MULTICULTURALITAT: <\/b>CRISTINA ORT\u00cdN<\/p>\n<p>&nbsp;<\/p>\n","protected":false},"excerpt":{"rendered":"<p>EQUIP DIRECTIU<br \/>\nDirectora: N\u00faria Mas<br \/>\nSecret\u00e0ria: Olga Gallardo<br \/>\nHorari d\u2019atenci\u00f3 de Direcci\u00f3:\u00a0 Millor demanar cita o provar de trucar al tel\u00e8fon.<\/p>\n<p>EDUCACI\u00d3 INFANTIL<br \/>\nOLGA GALLARDO I IMMA G\u00d3MEZ<\/p>\n<p>EDUCACI\u00d3 PRIM\u00c0RIA<br \/>\nInicial: MONTSE NOYA<br \/>\nMitj\u00e0: LLU\u00cdS CAPELLADES, IMMA G\u00d3MEZ I B\u00c0RBARA<br \/>\nSuperior: BEA COSTEA, BET CERVERA I S\u00cdLVIA<\/p>\n<p>ESPECIALISTES<br \/>\nM\u00daSICA: MONTSE FORNS<br \/>\nEDUCACI\u00d3 F\u00cdSICA : IMMA BEL<br \/>\nANGL\u00c8S: PAQUI<br \/>\nMULTICULTURALITAT:&hellip;  <a href=\"https:\/\/agora.xtec.cat\/ceip-montcau-ordal-subirats\/equip-de-mestres\/\" title=\"Read Equip de mestres\">Llegeix m\u00e9s\u00bb<\/a><\/p>\n","protected":false},"author":1,"featured_media":0,"parent":0,"menu_order":0,"comment_status":"closed","ping_status":"closed","template":"","meta":{"_bbp_topic_count":0,"_bbp_reply_count":0,"_bbp_total_topic_count":0,"_bbp_total_reply_count":0,"_bbp_voice_count":0,"_bbp_anonymous_reply_count":0,"_bbp_topic_count_hidden":0,"_bbp_reply_count_hidden":0,"_bbp_forum_subforum_count":0,"footnotes":""},"class_list":["post-568","page","type-page","status-publish","hentry"],"post_mailing_queue_ids":[],"_links":{"self":[{"href":"https:\/\/agora.xtec.cat\/ceip-montcau-ordal-subirats\/wp-json\/wp\/v2\/pages\/568","targetHints":{"allow":["GET"]}}],"collection":[{"href":"https:\/\/agora.xtec.cat\/ceip-montcau-ordal-subirats\/wp-json\/wp\/v2\/pages"}],"about":[{"href":"https:\/\/agora.xtec.cat\/ceip-montcau-ordal-subirats\/wp-json\/wp\/v2\/types\/page"}],"author":[{"embeddable":true,"href":"https:\/\/agora.xtec.cat\/ceip-montcau-ordal-subirats\/wp-json\/wp\/v2\/users\/1"}],"replies":[{"embeddable":true,"href":"https:\/\/agora.xtec.cat\/ceip-montcau-ordal-subirats\/wp-json\/wp\/v2\/comments?post=568"}],"version-history":[{"count":7,"href":"https:\/\/agora.xtec.cat\/ceip-montcau-ordal-subirats\/wp-json\/wp\/v2\/pages\/568\/revisions"}],"predecessor-version":[{"id":1564,"href":"https:\/\/agora.xtec.cat\/ceip-montcau-ordal-subirats\/wp-json\/wp\/v2\/pages\/568\/revisions\/1564"}],"wp:attachment":[{"href":"https:\/\/agora.xtec.cat\/ceip-montcau-ordal-subirats\/wp-json\/wp\/v2\/media?parent=568"}],"curies":[{"name":"wp","href":"https:\/\/api.w.org\/{rel}","templated":true}]}}