{"id":469,"date":"2019-11-16T21:18:41","date_gmt":"2019-11-16T20:18:41","guid":{"rendered":"http:\/\/agora.xtec.cat\/ceip-montcau-ordal-subirats\/?page_id=469"},"modified":"2022-02-03T17:55:53","modified_gmt":"2022-02-03T16:55:53","slug":"pati-obert","status":"publish","type":"page","link":"https:\/\/agora.xtec.cat\/ceip-montcau-ordal-subirats\/pati-obert\/","title":{"rendered":"Pati obert"},"content":{"rendered":"<p>El pati escolar s&#8217;obre com a espai d&#8217;\u00fas p\u00fablic per a fam\u00edlies i infants fora d&#8217;horari escolar, de 17 a 19h DIMECRES, DIJOUS I DIVENDRES.<\/p>\n<p>El pati escolar obert \u00e9s una estona de responsabilitat familiar, cal que aquestes vetllin pel bon \u00fas de les instal\u00b7lacions i el material (cal deixar-ho recollit), cal evitar l&#8217;espai d&#8217;educaci\u00f3 infantil i l&#8217;hort. Cal que les fam\u00edlies procurin establir din\u00e0miques de relaci\u00f3 entre els infants i entre elles. El servei de neteja tanca el pati escolar dins els horaris previstos i la gesti\u00f3 de la proposta va a c\u00e0rrec de l&#8217;AMPA.<\/p>\n<p><a href=\"https:\/\/agora.xtec.cat\/ceip-montcau-ordal-subirats\/wp-content\/uploads\/usu841\/2019\/12\/patis_oberts_montornes.jpg\"><img loading=\"lazy\" decoding=\"async\" class=\" wp-image-585 aligncenter\" src=\"https:\/\/agora.xtec.cat\/ceip-montcau-ordal-subirats\/wp-content\/uploads\/usu841\/2019\/12\/patis_oberts_montornes.jpg\" alt=\"\" width=\"376\" height=\"220\" srcset=\"https:\/\/agora.xtec.cat\/ceip-montcau-ordal-subirats\/wp-content\/uploads\/usu841\/2019\/12\/patis_oberts_montornes.jpg 690w, https:\/\/agora.xtec.cat\/ceip-montcau-ordal-subirats\/wp-content\/uploads\/usu841\/2019\/12\/patis_oberts_montornes-300x176.jpg 300w\" sizes=\"auto, (max-width: 376px) 100vw, 376px\" \/><\/a><\/p>\n","protected":false},"excerpt":{"rendered":"<p>El pati escolar s&#8217;obre com a espai d&#8217;\u00fas p\u00fablic per a fam\u00edlies i infants fora d&#8217;horari escolar, de 17 a 19h DIMECRES, DIJOUS I DIVENDRES.<br \/>\nEl pati escolar obert \u00e9s una estona de responsabilitat familiar, cal que aquestes vetllin pel bon \u00fas de les instal\u00b7lacions i&hellip;  <a href=\"https:\/\/agora.xtec.cat\/ceip-montcau-ordal-subirats\/pati-obert\/\" title=\"Read Pati obert\">Llegeix m\u00e9s\u00bb<\/a><\/p>\n","protected":false},"author":1,"featured_media":0,"parent":0,"menu_order":0,"comment_status":"closed","ping_status":"closed","template":"","meta":{"_bbp_topic_count":0,"_bbp_reply_count":0,"_bbp_total_topic_count":0,"_bbp_total_reply_count":0,"_bbp_voice_count":0,"_bbp_anonymous_reply_count":0,"_bbp_topic_count_hidden":0,"_bbp_reply_count_hidden":0,"_bbp_forum_subforum_count":0,"footnotes":""},"class_list":["post-469","page","type-page","status-publish","hentry"],"post_mailing_queue_ids":[],"_links":{"self":[{"href":"https:\/\/agora.xtec.cat\/ceip-montcau-ordal-subirats\/wp-json\/wp\/v2\/pages\/469","targetHints":{"allow":["GET"]}}],"collection":[{"href":"https:\/\/agora.xtec.cat\/ceip-montcau-ordal-subirats\/wp-json\/wp\/v2\/pages"}],"about":[{"href":"https:\/\/agora.xtec.cat\/ceip-montcau-ordal-subirats\/wp-json\/wp\/v2\/types\/page"}],"author":[{"embeddable":true,"href":"https:\/\/agora.xtec.cat\/ceip-montcau-ordal-subirats\/wp-json\/wp\/v2\/users\/1"}],"replies":[{"embeddable":true,"href":"https:\/\/agora.xtec.cat\/ceip-montcau-ordal-subirats\/wp-json\/wp\/v2\/comments?post=469"}],"version-history":[{"count":3,"href":"https:\/\/agora.xtec.cat\/ceip-montcau-ordal-subirats\/wp-json\/wp\/v2\/pages\/469\/revisions"}],"predecessor-version":[{"id":1177,"href":"https:\/\/agora.xtec.cat\/ceip-montcau-ordal-subirats\/wp-json\/wp\/v2\/pages\/469\/revisions\/1177"}],"wp:attachment":[{"href":"https:\/\/agora.xtec.cat\/ceip-montcau-ordal-subirats\/wp-json\/wp\/v2\/media?parent=469"}],"curies":[{"name":"wp","href":"https:\/\/api.w.org\/{rel}","templated":true}]}}