{"id":465,"date":"2019-11-16T21:16:40","date_gmt":"2019-11-16T20:16:40","guid":{"rendered":"http:\/\/agora.xtec.cat\/ceip-montcau-ordal-subirats\/?page_id=465"},"modified":"2021-09-11T20:00:50","modified_gmt":"2021-09-11T18:00:50","slug":"gep","status":"publish","type":"page","link":"https:\/\/agora.xtec.cat\/ceip-montcau-ordal-subirats\/projecte-educatiu\/gep\/","title":{"rendered":"GEP &#8211; LEARNING ABOUT!"},"content":{"rendered":"<p>En el curs escolar 2019-2020 vam tancar nostra formaci\u00f3 en el projecte <strong>Generaci\u00f3 Pluriling\u00fce (GEP)<\/strong> impulsat pel Departament d\u2019Ensenyament. Amb l&#8217;aplicaci\u00f3 d&#8217;aquest\u00a0 projecte promovem la millora de la compet\u00e8ncia comunicativa en llengua anglesa de l\u2019alumnat mitjan\u00e7ant la realitzaci\u00f3 de mat\u00e8ries no ling\u00fc\u00edstiques en aquesta llengua estrangera. En el nostre cas, impulsem l&#8217;angl\u00e8s diferents espais, a partir de la r\u00e0dio escolar, del teatre i de la m\u00fasica.<\/p>\n<p>Els seus principals objectius d&#8217;aquest projecte s\u00f3n:<\/p>\n<p><i>1.\u00a0<\/i>Augmentar compet\u00e8ncia ling\u00fc\u00edstica de l\u2019alumnat i el professorat.<\/p>\n<p><em>2<\/em>. Millorar el desenvolupament competencial de l\u2019alumnat.<\/p>\n<p><em>3.<\/em>\u00a0Acompanyar els centres en el desplegament d\u2019un projecte ling\u00fc\u00edstic pluriling\u00fce.<\/p>\n<p>Continuem demanat cada curs una <strong>auxiliar de conversa nativa<\/strong> que ens ajudaria en la millora de la compet\u00e8ncia comunicativa ling\u00fc\u00edstica en angl\u00e8s a educaci\u00f3 infantil i prim\u00e0ria per\u00f2 no hem tingut sort. Ho continuarem intentant!<\/p>\n<p><img decoding=\"async\" class=\"aligncenter\" src=\"https:\/\/encrypted-tbn0.gstatic.com\/images?q=tbn%3AANd9GcSCmk5F99xNUZG-7etpP6Z7cHCv438JLTvKjOQ3k8rZOZ-r1AAd&amp;usqp=CAU\" alt=\"Ofertas en cursos de ingl\u00e9s durante estas navidades | CEIN ...\" \/><\/p>\n","protected":false},"excerpt":{"rendered":"<p>En el curs escolar 2019-2020 vam tancar nostra formaci\u00f3 en el projecte Generaci\u00f3 Pluriling\u00fce (GEP) impulsat pel Departament d\u2019Ensenyament. Amb l&#8217;aplicaci\u00f3 d&#8217;aquest\u00a0 projecte promovem la millora de la compet\u00e8ncia comunicativa en llengua anglesa de l\u2019alumnat mitjan\u00e7ant la realitzaci\u00f3 de mat\u00e8ries no ling\u00fc\u00edstiques en aquesta llengua&hellip;  <a href=\"https:\/\/agora.xtec.cat\/ceip-montcau-ordal-subirats\/projecte-educatiu\/gep\/\" title=\"Read GEP &#8211; LEARNING ABOUT!\">Llegeix m\u00e9s\u00bb<\/a><\/p>\n","protected":false},"author":1,"featured_media":0,"parent":64,"menu_order":0,"comment_status":"closed","ping_status":"closed","template":"","meta":{"_bbp_topic_count":0,"_bbp_reply_count":0,"_bbp_total_topic_count":0,"_bbp_total_reply_count":0,"_bbp_voice_count":0,"_bbp_anonymous_reply_count":0,"_bbp_topic_count_hidden":0,"_bbp_reply_count_hidden":0,"_bbp_forum_subforum_count":0,"footnotes":""},"class_list":["post-465","page","type-page","status-publish","hentry"],"post_mailing_queue_ids":[],"_links":{"self":[{"href":"https:\/\/agora.xtec.cat\/ceip-montcau-ordal-subirats\/wp-json\/wp\/v2\/pages\/465","targetHints":{"allow":["GET"]}}],"collection":[{"href":"https:\/\/agora.xtec.cat\/ceip-montcau-ordal-subirats\/wp-json\/wp\/v2\/pages"}],"about":[{"href":"https:\/\/agora.xtec.cat\/ceip-montcau-ordal-subirats\/wp-json\/wp\/v2\/types\/page"}],"author":[{"embeddable":true,"href":"https:\/\/agora.xtec.cat\/ceip-montcau-ordal-subirats\/wp-json\/wp\/v2\/users\/1"}],"replies":[{"embeddable":true,"href":"https:\/\/agora.xtec.cat\/ceip-montcau-ordal-subirats\/wp-json\/wp\/v2\/comments?post=465"}],"version-history":[{"count":4,"href":"https:\/\/agora.xtec.cat\/ceip-montcau-ordal-subirats\/wp-json\/wp\/v2\/pages\/465\/revisions"}],"predecessor-version":[{"id":1080,"href":"https:\/\/agora.xtec.cat\/ceip-montcau-ordal-subirats\/wp-json\/wp\/v2\/pages\/465\/revisions\/1080"}],"up":[{"embeddable":true,"href":"https:\/\/agora.xtec.cat\/ceip-montcau-ordal-subirats\/wp-json\/wp\/v2\/pages\/64"}],"wp:attachment":[{"href":"https:\/\/agora.xtec.cat\/ceip-montcau-ordal-subirats\/wp-json\/wp\/v2\/media?parent=465"}],"curies":[{"name":"wp","href":"https:\/\/api.w.org\/{rel}","templated":true}]}}