{"id":34,"date":"2014-09-18T12:32:18","date_gmt":"2014-09-18T11:32:18","guid":{"rendered":"http:\/\/agora.xtec.cat\/ceip-montcau-ordal-subirats\/?page_id=34"},"modified":"2019-12-11T10:38:21","modified_gmt":"2019-12-11T09:38:21","slug":"oferta-educativa","status":"publish","type":"page","link":"https:\/\/agora.xtec.cat\/ceip-montcau-ordal-subirats\/lescola\/oferta-educativa\/","title":{"rendered":"Oferta educativa"},"content":{"rendered":"<p>El Montcau es una escola d&#8217;estructura c\u00edclica, \u00e9s a dir, que els alumnes estan agrupats per cicles (infantil-inicial-mitj\u00e0 i superior) degut al nombre d&#8217;alumnes que acull. En ella es poden cursar les etapes d&#8217;<strong>educaci\u00f3 d&#8217;infantil i prim\u00e0ria<\/strong> (3-12 anys). A m\u00e9s som escola rural i tenim sisena hora. Les classes s\u00f3n de 9 a 13h i de 15 a 17h.<\/p>\n<p><a href=\"https:\/\/agora.xtec.cat\/ceip-montcau-ordal-subirats\/wp-content\/uploads\/usu841\/2016\/02\/logo-en-color-sin-fondo-en-mapa-de-bits.jpg\"><img loading=\"lazy\" decoding=\"async\" class=\"wp-image-179 aligncenter\" src=\"https:\/\/agora.xtec.cat\/ceip-montcau-ordal-subirats\/wp-content\/uploads\/usu841\/2016\/02\/logo-en-color-sin-fondo-en-mapa-de-bits-1024x709.jpg\" alt=\"\" width=\"179\" height=\"124\" srcset=\"https:\/\/agora.xtec.cat\/ceip-montcau-ordal-subirats\/wp-content\/uploads\/usu841\/2016\/02\/logo-en-color-sin-fondo-en-mapa-de-bits-1024x709.jpg 1024w, https:\/\/agora.xtec.cat\/ceip-montcau-ordal-subirats\/wp-content\/uploads\/usu841\/2016\/02\/logo-en-color-sin-fondo-en-mapa-de-bits-300x208.jpg 300w\" sizes=\"auto, (max-width: 179px) 100vw, 179px\" \/><\/a><\/p>\n<p>A m\u00e9s l&#8217;escola tamb\u00e9 acull la <strong>Llar d&#8217;Infants Els Pardals<\/strong> amb dues t\u00e8cniques i servei de menjador (titularitat municipal). Aquesta annexi\u00f3 facilita l&#8217;adaptaci\u00f3 als infants de P3 al centre i permet a la vegada una de l\u00ednia educativa compartida.<\/p>\n<p><a href=\"https:\/\/agora.xtec.cat\/ceip-montcau-ordal-subirats\/wp-content\/uploads\/usu841\/2019\/12\/Logotip-llar-els-pardals-300x234.png\"><img loading=\"lazy\" decoding=\"async\" class=\"wp-image-559 aligncenter\" src=\"https:\/\/agora.xtec.cat\/ceip-montcau-ordal-subirats\/wp-content\/uploads\/usu841\/2019\/12\/Logotip-llar-els-pardals-300x234.png\" alt=\"\" width=\"200\" height=\"156\" \/><\/a><\/p>\n","protected":false},"excerpt":{"rendered":"<p>El Montcau es una escola d&#8217;estructura c\u00edclica, \u00e9s a dir, que els alumnes estan agrupats per cicles (infantil-inicial-mitj\u00e0 i superior) degut al nombre d&#8217;alumnes que acull. En ella es poden cursar les etapes d&#8217;educaci\u00f3 d&#8217;infantil i prim\u00e0ria (3-12 anys). A m\u00e9s som escola rural i&hellip;  <a href=\"https:\/\/agora.xtec.cat\/ceip-montcau-ordal-subirats\/lescola\/oferta-educativa\/\" title=\"Read Oferta educativa\">Llegeix m\u00e9s\u00bb<\/a><\/p>\n","protected":false},"author":1,"featured_media":0,"parent":22,"menu_order":60,"comment_status":"closed","ping_status":"closed","template":"page-templates\/side-menu.php","meta":{"_bbp_topic_count":0,"_bbp_reply_count":0,"_bbp_total_topic_count":0,"_bbp_total_reply_count":0,"_bbp_voice_count":0,"_bbp_anonymous_reply_count":0,"_bbp_topic_count_hidden":0,"_bbp_reply_count_hidden":0,"_bbp_forum_subforum_count":0,"footnotes":""},"class_list":["post-34","page","type-page","status-publish","hentry"],"post_mailing_queue_ids":[],"_links":{"self":[{"href":"https:\/\/agora.xtec.cat\/ceip-montcau-ordal-subirats\/wp-json\/wp\/v2\/pages\/34","targetHints":{"allow":["GET"]}}],"collection":[{"href":"https:\/\/agora.xtec.cat\/ceip-montcau-ordal-subirats\/wp-json\/wp\/v2\/pages"}],"about":[{"href":"https:\/\/agora.xtec.cat\/ceip-montcau-ordal-subirats\/wp-json\/wp\/v2\/types\/page"}],"author":[{"embeddable":true,"href":"https:\/\/agora.xtec.cat\/ceip-montcau-ordal-subirats\/wp-json\/wp\/v2\/users\/1"}],"replies":[{"embeddable":true,"href":"https:\/\/agora.xtec.cat\/ceip-montcau-ordal-subirats\/wp-json\/wp\/v2\/comments?post=34"}],"version-history":[{"count":4,"href":"https:\/\/agora.xtec.cat\/ceip-montcau-ordal-subirats\/wp-json\/wp\/v2\/pages\/34\/revisions"}],"predecessor-version":[{"id":562,"href":"https:\/\/agora.xtec.cat\/ceip-montcau-ordal-subirats\/wp-json\/wp\/v2\/pages\/34\/revisions\/562"}],"up":[{"embeddable":true,"href":"https:\/\/agora.xtec.cat\/ceip-montcau-ordal-subirats\/wp-json\/wp\/v2\/pages\/22"}],"wp:attachment":[{"href":"https:\/\/agora.xtec.cat\/ceip-montcau-ordal-subirats\/wp-json\/wp\/v2\/media?parent=34"}],"curies":[{"name":"wp","href":"https:\/\/api.w.org\/{rel}","templated":true}]}}