{"id":28,"date":"2014-09-18T12:29:35","date_gmt":"2014-09-18T11:29:35","guid":{"rendered":"http:\/\/agora.xtec.cat\/ceip-montcau-ordal-subirats\/?page_id=28"},"modified":"2022-10-21T12:53:46","modified_gmt":"2022-10-21T10:53:46","slug":"consell-escolar","status":"publish","type":"page","link":"https:\/\/agora.xtec.cat\/ceip-montcau-ordal-subirats\/lescola\/consell-escolar\/","title":{"rendered":"Consell escolar"},"content":{"rendered":"<div><strong>CONSELL ESCOLAR a l&#8217;Escola El Montcau<\/strong><\/div>\n<p>&nbsp;<\/p>\n<p><a href=\"http:\/\/agora.xtec.cat\/ceip-montcau-ordal-subirats\/wp-content\/uploads\/usu841\/2014\/09\/Imatge_Consell-Escolar.jpg\"><img loading=\"lazy\" decoding=\"async\" class=\"size-medium wp-image-235 alignleft\" src=\"http:\/\/agora.xtec.cat\/ceip-montcau-ordal-subirats\/wp-content\/uploads\/usu841\/2014\/09\/Imatge_Consell-Escolar-300x142.jpg\" alt=\"Illustration of School Kids Neatly Lined Up in One Row Together with Their Parents\" width=\"300\" height=\"142\" srcset=\"https:\/\/agora.xtec.cat\/ceip-montcau-ordal-subirats\/wp-content\/uploads\/usu841\/2014\/09\/Imatge_Consell-Escolar-300x142.jpg 300w, https:\/\/agora.xtec.cat\/ceip-montcau-ordal-subirats\/wp-content\/uploads\/usu841\/2014\/09\/Imatge_Consell-Escolar.jpg 619w\" sizes=\"auto, (max-width: 300px) 100vw, 300px\" \/><\/a><\/p>\n<p>El Consell Escolar \u00e9s un \u00f2rgan de participaci\u00f3 de la comunitat escolar en el govern del centre. Es reunir\u00e0 una vegada al trimestre o sempre que ho sol\u00b7liciti un ter\u00e7 dels seus membres<\/p>\n<p>Segons la LOMCE, les funcions del Consell Escolar queden recollides al Decret 102\/2010 d\u2019autonomia de centres.<\/p>\n<p>El director\/a delega\u00a0 les compet\u00e8ncies seg\u00fcents al Consell Escolar:<\/p>\n<ul>\n<li>Aprovar el projecte educatiu i les modificacions corresponents per una majoria de tres cinquenes parts dels membres.<\/li>\n<li>Aprovar la programaci\u00f3 general anual del centre i avaluar-ne el desenvolupament i els resultats.<\/li>\n<li>Aprovar les propostes d\u2019acords de co-rresponsabilitat, convenis i altres acords de col\u00b7laboraci\u00f3 del centre amb entitats o institucions.<\/li>\n<li>Aprovar les normes d\u2019organitzaci\u00f3 i funcionament i les modificacions corresponents.<\/li>\n<li>Aprovar la carta de comprom\u00eds educatiu.<\/li>\n<li>Aprovar el pressupost del centre i el rendiment de comptes.<\/li>\n<li>En cas que sigui necessari, intervenir en el procediment d\u2019admissi\u00f3 d\u2019alumnes (quan \u00e9s fora de termini).<\/li>\n<li>Participar en el procediment de selecci\u00f3 i en la proposta de cessament del director o directora.<\/li>\n<li>En el cas que sigui necessari, intervenir en la resoluci\u00f3 dels conflictes i, si escau, revisar les sancions als alumnes i mestres. Donat el cas, l\u2019Equip Directiu ho decidir\u00e0.<\/li>\n<li>Aprovar les directrius per a la programaci\u00f3 d\u2019activitats escolars complement\u00e0ries i d\u2019activitats extraescolars, i avaluar-ne el desenvolupament.<\/li>\n<li>Participar en les an\u00e0lisis i les avaluacions del funcionament general del centre i con\u00e8ixer l\u2019evoluci\u00f3 del rendiment escolar.<\/li>\n<li>Aprovar els criteris de col\u00b7laboraci\u00f3 amb altres centres: ZER, escoles de la ZER, Intermunicipal\u2026 i amb l\u2019entorn.<\/li>\n<li>Qualsevol altra que li sigui atribu\u00efda per les normes legals o reglament\u00e0ries.<\/li>\n<\/ul>\n<p><a href=\"http:\/\/ensenyament.gencat.cat\/ca\/arees-actuacio\/centres-serveis-educatius\/centres\/consells-escolars-centres\/centres-publics\/\">Informaci\u00f3 general de l&#8217;organisme CONSELL ESCOLAR segons els Departament d&#8217;Educaci\u00f3, aqu\u00ed.<\/a><\/p>\n","protected":false},"excerpt":{"rendered":"<p>CONSELL ESCOLAR a l&#8217;Escola El Montcau<br \/>\n&nbsp;<br \/>\n<a href=\"http:\/\/agora.xtec.cat\/ceip-montcau-ordal-subirats\/wp-content\/uploads\/usu841\/2014\/09\/Imatge_Consell-Escolar.jpg\"><\/a><br \/>\nEl Consell Escolar \u00e9s un \u00f2rgan de participaci\u00f3 de la comunitat escolar en el govern del centre. Es reunir\u00e0 una vegada al trimestre o sempre que ho sol\u00b7liciti un ter\u00e7 dels seus membres<br \/>\nSegons la LOMCE, les funcions del Consell&hellip;  <a href=\"https:\/\/agora.xtec.cat\/ceip-montcau-ordal-subirats\/lescola\/consell-escolar\/\" title=\"Read Consell escolar\">Llegeix m\u00e9s\u00bb<\/a><\/p>\n","protected":false},"author":1,"featured_media":0,"parent":22,"menu_order":30,"comment_status":"closed","ping_status":"closed","template":"page-templates\/side-menu.php","meta":{"_bbp_topic_count":0,"_bbp_reply_count":0,"_bbp_total_topic_count":0,"_bbp_total_reply_count":0,"_bbp_voice_count":0,"_bbp_anonymous_reply_count":0,"_bbp_topic_count_hidden":0,"_bbp_reply_count_hidden":0,"_bbp_forum_subforum_count":0,"footnotes":""},"class_list":["post-28","page","type-page","status-publish","hentry"],"post_mailing_queue_ids":[],"_links":{"self":[{"href":"https:\/\/agora.xtec.cat\/ceip-montcau-ordal-subirats\/wp-json\/wp\/v2\/pages\/28","targetHints":{"allow":["GET"]}}],"collection":[{"href":"https:\/\/agora.xtec.cat\/ceip-montcau-ordal-subirats\/wp-json\/wp\/v2\/pages"}],"about":[{"href":"https:\/\/agora.xtec.cat\/ceip-montcau-ordal-subirats\/wp-json\/wp\/v2\/types\/page"}],"author":[{"embeddable":true,"href":"https:\/\/agora.xtec.cat\/ceip-montcau-ordal-subirats\/wp-json\/wp\/v2\/users\/1"}],"replies":[{"embeddable":true,"href":"https:\/\/agora.xtec.cat\/ceip-montcau-ordal-subirats\/wp-json\/wp\/v2\/comments?post=28"}],"version-history":[{"count":4,"href":"https:\/\/agora.xtec.cat\/ceip-montcau-ordal-subirats\/wp-json\/wp\/v2\/pages\/28\/revisions"}],"predecessor-version":[{"id":1302,"href":"https:\/\/agora.xtec.cat\/ceip-montcau-ordal-subirats\/wp-json\/wp\/v2\/pages\/28\/revisions\/1302"}],"up":[{"embeddable":true,"href":"https:\/\/agora.xtec.cat\/ceip-montcau-ordal-subirats\/wp-json\/wp\/v2\/pages\/22"}],"wp:attachment":[{"href":"https:\/\/agora.xtec.cat\/ceip-montcau-ordal-subirats\/wp-json\/wp\/v2\/media?parent=28"}],"curies":[{"name":"wp","href":"https:\/\/api.w.org\/{rel}","templated":true}]}}