{"id":26,"date":"2014-09-18T12:24:32","date_gmt":"2014-09-18T11:24:32","guid":{"rendered":"http:\/\/agora.xtec.cat\/ceip-montcau-ordal-subirats\/?page_id=26"},"modified":"2024-06-13T11:11:48","modified_gmt":"2024-06-13T09:11:48","slug":"historia","status":"publish","type":"page","link":"https:\/\/agora.xtec.cat\/ceip-montcau-ordal-subirats\/lescola\/historia\/","title":{"rendered":"Hist\u00f2ria"},"content":{"rendered":"<p>L&#8217;escola d&#8217;Ordal neix, com totes les escoles de la zona, a les primeries del segle passat. Les primeres escoles estaven quasi a peu de carretera, al costat de l&#8217;esgl\u00e9sia, a tocar del taller del ferrer. Despr\u00e9s es va fer l&#8217;edifici al parc de la Immaculada que us mostrem a continuaci\u00f3 i que \u00e9s la seu del Subijove d&#8217;Ordal.<\/p>\n<p><a href=\"http:\/\/agora.xtec.cat\/ceip-montcau-ordal-subirats\/wp-content\/uploads\/usu841\/2014\/09\/IMG_8054.jpg\"><img loading=\"lazy\" decoding=\"async\" class=\"alignleft size-full wp-image-232\" src=\"http:\/\/agora.xtec.cat\/ceip-montcau-ordal-subirats\/wp-content\/uploads\/usu841\/2014\/09\/IMG_8054.jpg\" alt=\"img_8054\" width=\"1600\" height=\"1066\" srcset=\"https:\/\/agora.xtec.cat\/ceip-montcau-ordal-subirats\/wp-content\/uploads\/usu841\/2014\/09\/IMG_8054.jpg 1600w, https:\/\/agora.xtec.cat\/ceip-montcau-ordal-subirats\/wp-content\/uploads\/usu841\/2014\/09\/IMG_8054-300x200.jpg 300w, https:\/\/agora.xtec.cat\/ceip-montcau-ordal-subirats\/wp-content\/uploads\/usu841\/2014\/09\/IMG_8054-768x512.jpg 768w, https:\/\/agora.xtec.cat\/ceip-montcau-ordal-subirats\/wp-content\/uploads\/usu841\/2014\/09\/IMG_8054-1024x682.jpg 1024w\" sizes=\"auto, (max-width: 1600px) 100vw, 1600px\" \/><\/a><\/p>\n<p>Durant la dictadura es van fer les cases del mestre i l&#8217;aula del carrer Mossen Isidre Solsona. Durant la primera d\u00e8cada del dos mil es va adequar la casa del mestre per acollir la llar i aules de prim\u00e0ria i es van instal\u00b7lar dos m\u00f2duls prefabricats. Finalment el 2014 es va inaugurar l&#8217;escola actual al carrer del pi.<\/p>\n<p>&nbsp;<\/p>\n<p>&nbsp;<\/p>\n","protected":false},"excerpt":{"rendered":"<p>L&#8217;escola d&#8217;Ordal neix, com totes les escoles de la zona, a les primeries del segle passat. Les primeres escoles estaven quasi a peu de carretera, al costat de l&#8217;esgl\u00e9sia, a tocar del taller del ferrer. Despr\u00e9s es va fer l&#8217;edifici al parc de la Immaculada&hellip;  <a href=\"https:\/\/agora.xtec.cat\/ceip-montcau-ordal-subirats\/lescola\/historia\/\" title=\"Read Hist\u00f2ria\">Llegeix m\u00e9s\u00bb<\/a><\/p>\n","protected":false},"author":1,"featured_media":0,"parent":22,"menu_order":20,"comment_status":"closed","ping_status":"closed","template":"page-templates\/side-menu.php","meta":{"_bbp_topic_count":0,"_bbp_reply_count":0,"_bbp_total_topic_count":0,"_bbp_total_reply_count":0,"_bbp_voice_count":0,"_bbp_anonymous_reply_count":0,"_bbp_topic_count_hidden":0,"_bbp_reply_count_hidden":0,"_bbp_forum_subforum_count":0,"footnotes":""},"class_list":["post-26","page","type-page","status-publish","hentry"],"post_mailing_queue_ids":[],"_links":{"self":[{"href":"https:\/\/agora.xtec.cat\/ceip-montcau-ordal-subirats\/wp-json\/wp\/v2\/pages\/26","targetHints":{"allow":["GET"]}}],"collection":[{"href":"https:\/\/agora.xtec.cat\/ceip-montcau-ordal-subirats\/wp-json\/wp\/v2\/pages"}],"about":[{"href":"https:\/\/agora.xtec.cat\/ceip-montcau-ordal-subirats\/wp-json\/wp\/v2\/types\/page"}],"author":[{"embeddable":true,"href":"https:\/\/agora.xtec.cat\/ceip-montcau-ordal-subirats\/wp-json\/wp\/v2\/users\/1"}],"replies":[{"embeddable":true,"href":"https:\/\/agora.xtec.cat\/ceip-montcau-ordal-subirats\/wp-json\/wp\/v2\/comments?post=26"}],"version-history":[{"count":4,"href":"https:\/\/agora.xtec.cat\/ceip-montcau-ordal-subirats\/wp-json\/wp\/v2\/pages\/26\/revisions"}],"predecessor-version":[{"id":1474,"href":"https:\/\/agora.xtec.cat\/ceip-montcau-ordal-subirats\/wp-json\/wp\/v2\/pages\/26\/revisions\/1474"}],"up":[{"embeddable":true,"href":"https:\/\/agora.xtec.cat\/ceip-montcau-ordal-subirats\/wp-json\/wp\/v2\/pages\/22"}],"wp:attachment":[{"href":"https:\/\/agora.xtec.cat\/ceip-montcau-ordal-subirats\/wp-json\/wp\/v2\/media?parent=26"}],"curies":[{"name":"wp","href":"https:\/\/api.w.org\/{rel}","templated":true}]}}