{"id":73,"date":"2014-09-18T14:01:51","date_gmt":"2014-09-18T14:01:51","guid":{"rendered":"http:\/\/agora.xtec.cat\/ceip-mogent\/?page_id=73"},"modified":"2026-02-17T15:24:52","modified_gmt":"2026-02-17T14:24:52","slug":"menjador-escolar","status":"publish","type":"page","link":"https:\/\/agora.xtec.cat\/ceip-mogent\/serveis\/menjador-escolar\/","title":{"rendered":"Menjador escolar"},"content":{"rendered":"\n<p>L&#8217;empresa que gestiona el menjador actualment \u00e9s<a href=\"https:\/\/fundesplai.org\/\"> Fundesplai<\/a>, que es caracteritza per el seu gran comprom\u00eds amb la salut dels infants i la salut ambiental. Aqu\u00ed podeu llegir una <strong><span style=\"color: #339966;\"><a href=\"https:\/\/agora.xtec.cat\/ceip-mogent\/wp-content\/uploads\/usu40\/2025\/07\/CARTA-Benvinguda-families_Fundesplai.pdf\">CARTA DE PRESENTACI\u00d3<\/a>.<\/span><\/strong><\/p>\n\n\n\n<p>Tamb\u00e9 podeu consultar el seu <span style=\"color: #008000;\"><strong><span style=\"color: #339966;\"><a href=\"https:\/\/agora.xtec.cat\/ceip-mogent\/wp-content\/uploads\/usu40\/2024\/11\/LLIBRET-DE-FUNCIONAMENT-ESPAI-DEL-MIGDIA-24-25-ESCOLA-MOGENT.pdf\">LLIBRET DE FUNCIONAMENT<\/a>.<\/span>&nbsp;<\/strong><\/span><\/p>\n\n\n\n<p>Tots els plats estan elaborats&nbsp;<em>in situ<\/em> per les cuineres de l&#8217;escola, la N\u00faria i la Nati, a partir d&#8217;ingredients frescos, ecol\u00f2gics de proximitat i de temporada. Es tenen en compte les restriccions aliment\u00e0ries i es respecten les creences religioses que tenen a veure amb l&#8217;alimentaci\u00f3.<\/p>\n\n\n\n<p>La Coordinadora \u00e9s la Marta i us pot atendre per tel\u00e8fon (tamb\u00e9 WhatsApp)al 685 18 98 27 i per correu electr\u00f2nic a <a href=\"mailto:menjador.mogent430@7itria.cat\" target=\"_blank\" rel=\"noopener\">menjador.mogent430@7itria.ca<\/a><\/p>\n\n\n\n<h2 class=\"wp-block-heading has-large-font-size\">Inscripcions<\/h2>\n\n\n\n<p>Fent click a aquest link, podreu fer la&nbsp;<a href=\"https:\/\/activitats.fundesplai.org\/public\/landing\/app\"><strong><span style=\"color: #339966;\"> INSCRIPCI\u00d3 AL MENJA<\/span><\/strong><strong><span style=\"color: #339966;\">DOR ONLINE<\/span><\/strong><strong><span style=\"color: #339966;\">.<\/span><\/strong><\/a> Tamb\u00e9 us demanaran omplir aquesta<a href=\"https:\/\/agora.xtec.cat\/ceip-mogent\/wp-content\/uploads\/usu40\/2022\/09\/430-FITXA-ME\u0300DICA.pdf\"> <strong><span style=\"color: #339966;\">fitxa de dades m\u00e8diques<\/span><\/strong><strong><span style=\"color: #339966;\">.<\/span><\/strong><\/a><\/p>\n\n\n\n<p><a href=\"https:\/\/agora.xtec.cat\/ceip-mogent\/wp-content\/uploads\/usu40\/2022\/09\/430-RENUNCIA-A-PICNIC.docx.pdf\"><strong><span style=\"color: #339966;\">REN\u00daNCIA AL PICNIC<\/span><\/strong><\/a><\/p>\n\n\n\n<h2 class=\"wp-block-heading has-large-font-size\">Men\u00fa del trimestre<\/h2>\n\n\n\n<p>En aquesta revista, editada per Fundesplai podreu trobar el men\u00fa trimestral, propostes de sopar i articles interessants:<\/p>\n\n\n\n<div class=\"wp-block-file\"><a id=\"wp-block-file--media-4f0128c2-544a-434d-8754-2d5f57b9085e\" href=\"https:\/\/agora.xtec.cat\/ceip-mogent\/wp-content\/uploads\/usu40\/2026\/02\/Revista-Base-Escola-Mogent-segon-trimestre.pdf\">Men\u00fa 2n trimestre Escola Mogent<\/a><a href=\"https:\/\/agora.xtec.cat\/ceip-mogent\/wp-content\/uploads\/usu40\/2026\/02\/Revista-Base-Escola-Mogent-segon-trimestre.pdf\" class=\"wp-block-file__button wp-element-button\" download aria-describedby=\"wp-block-file--media-4f0128c2-544a-434d-8754-2d5f57b9085e\">Baixa<\/a><\/div>\n\n\n\n<p><\/p>\n","protected":false},"excerpt":{"rendered":"<p>L&#8217;empresa que gestiona el menjador actualment \u00e9s Fundesplai, que es caracteritza per el seu gran comprom\u00eds amb la salut dels infants i la salut ambiental. Aqu\u00ed podeu llegir una CARTA DE PRESENTACI\u00d3. Tamb\u00e9 podeu consultar el seu LLIBRET DE FUNCIONAMENT.&nbsp; Tots els plats estan elaborats&nbsp;in situ per les cuineres de l&#8217;escola, la N\u00faria i la [&hellip;]<\/p>\n","protected":false},"author":2,"featured_media":0,"parent":66,"menu_order":1,"comment_status":"closed","ping_status":"closed","template":"","meta":{"_bbp_topic_count":0,"_bbp_reply_count":0,"_bbp_total_topic_count":0,"_bbp_total_reply_count":0,"_bbp_voice_count":0,"_bbp_anonymous_reply_count":0,"_bbp_topic_count_hidden":0,"_bbp_reply_count_hidden":0,"_bbp_forum_subforum_count":0,"site-sidebar-layout":"default","site-content-layout":"","ast-site-content-layout":"default","site-content-style":"default","site-sidebar-style":"default","ast-global-header-display":"","ast-banner-title-visibility":"","ast-main-header-display":"","ast-hfb-above-header-display":"","ast-hfb-below-header-display":"","ast-hfb-mobile-header-display":"","site-post-title":"","ast-breadcrumbs-content":"","ast-featured-img":"","footer-sml-layout":"","theme-transparent-header-meta":"","adv-header-id-meta":"","stick-header-meta":"","header-above-stick-meta":"","header-main-stick-meta":"","header-below-stick-meta":"","astra-migrate-meta-layouts":"set","ast-page-background-enabled":"default","ast-page-background-meta":{"desktop":{"background-color":"var(--ast-global-color-4)","background-image":"","background-repeat":"repeat","background-position":"center center","background-size":"auto","background-attachment":"scroll","background-type":"","background-media":"","overlay-type":"","overlay-color":"","overlay-opacity":"","overlay-gradient":""},"tablet":{"background-color":"","background-image":"","background-repeat":"repeat","background-position":"center center","background-size":"auto","background-attachment":"scroll","background-type":"","background-media":"","overlay-type":"","overlay-color":"","overlay-opacity":"","overlay-gradient":""},"mobile":{"background-color":"","background-image":"","background-repeat":"repeat","background-position":"center center","background-size":"auto","background-attachment":"scroll","background-type":"","background-media":"","overlay-type":"","overlay-color":"","overlay-opacity":"","overlay-gradient":""}},"ast-content-background-meta":{"desktop":{"background-color":"var(--ast-global-color-5)","background-image":"","background-repeat":"repeat","background-position":"center center","background-size":"auto","background-attachment":"scroll","background-type":"","background-media":"","overlay-type":"","overlay-color":"","overlay-opacity":"","overlay-gradient":""},"tablet":{"background-color":"var(--ast-global-color-5)","background-image":"","background-repeat":"repeat","background-position":"center center","background-size":"auto","background-attachment":"scroll","background-type":"","background-media":"","overlay-type":"","overlay-color":"","overlay-opacity":"","overlay-gradient":""},"mobile":{"background-color":"var(--ast-global-color-5)","background-image":"","background-repeat":"repeat","background-position":"center center","background-size":"auto","background-attachment":"scroll","background-type":"","background-media":"","overlay-type":"","overlay-color":"","overlay-opacity":"","overlay-gradient":""}},"footnotes":""},"class_list":["post-73","page","type-page","status-publish","hentry"],"post_mailing_queue_ids":[],"_links":{"self":[{"href":"https:\/\/agora.xtec.cat\/ceip-mogent\/wp-json\/wp\/v2\/pages\/73","targetHints":{"allow":["GET"]}}],"collection":[{"href":"https:\/\/agora.xtec.cat\/ceip-mogent\/wp-json\/wp\/v2\/pages"}],"about":[{"href":"https:\/\/agora.xtec.cat\/ceip-mogent\/wp-json\/wp\/v2\/types\/page"}],"author":[{"embeddable":true,"href":"https:\/\/agora.xtec.cat\/ceip-mogent\/wp-json\/wp\/v2\/users\/2"}],"replies":[{"embeddable":true,"href":"https:\/\/agora.xtec.cat\/ceip-mogent\/wp-json\/wp\/v2\/comments?post=73"}],"version-history":[{"count":6,"href":"https:\/\/agora.xtec.cat\/ceip-mogent\/wp-json\/wp\/v2\/pages\/73\/revisions"}],"predecessor-version":[{"id":3931,"href":"https:\/\/agora.xtec.cat\/ceip-mogent\/wp-json\/wp\/v2\/pages\/73\/revisions\/3931"}],"up":[{"embeddable":true,"href":"https:\/\/agora.xtec.cat\/ceip-mogent\/wp-json\/wp\/v2\/pages\/66"}],"wp:attachment":[{"href":"https:\/\/agora.xtec.cat\/ceip-mogent\/wp-json\/wp\/v2\/media?parent=73"}],"curies":[{"name":"wp","href":"https:\/\/api.w.org\/{rel}","templated":true}]}}