{"id":599,"date":"2015-10-13T10:59:38","date_gmt":"2015-10-13T09:59:38","guid":{"rendered":"http:\/\/agora.xtec.cat\/ceip-mogent\/?page_id=599"},"modified":"2018-10-09T12:58:29","modified_gmt":"2018-10-09T10:58:29","slug":"horari-datencio-al-public","status":"publish","type":"page","link":"https:\/\/agora.xtec.cat\/ceip-mogent\/lescola\/horari-datencio-al-public\/","title":{"rendered":"Atenci\u00f3 al p\u00fablic"},"content":{"rendered":"<p><strong><u>Administraci\u00f3<\/u><\/strong><\/p>\n<p>Lliurament de documentaci\u00f3<br \/>\nCobraments ordinaris (sortides i material)<\/p>\n<p><em>De dilluns a divendres\u00a0 <u><\/u>de 9 a 9:30 i de 12:15 a 12:45<\/em><\/p>\n<p><em>De\u00a0 dilluns a dijous\u00a0 de 16:00 a 16:25<br \/>\n<\/em><\/p>\n<p><strong><u>Secretari<\/u><\/strong><\/p>\n<p>Atenci\u00f3 personalitzada<br \/>\nCobraments fraccionats<br \/>\nBeques<br \/>\nTransport<\/p>\n<p><em>Dimecres de 15:15 a 16:30<br \/>\n<\/em><\/p>\n<p><em>Dijous de 9:00 a 10:00<br \/>\n<\/em><\/p>\n<p><em>Divendres de 12:30 a 13:30<br \/>\n<\/em><\/p>\n<p><strong><u>Cap d\u2019Estudis<\/u><\/strong><\/p>\n<p>Atenci\u00f3 a fam\u00edlies<\/p>\n<p><em>Dimecres de 15:15 a 16:30<\/em><\/p>\n<p><strong><u>Direcci\u00f3<\/u><\/strong><\/p>\n<p>Atenci\u00f3 a fam\u00edlies<\/p>\n<p><em>Dimarts de 15:15 a 16:30<br \/>\n<\/em><\/p>\n<p><em>Divendres de 9:00 a 10:00<br \/>\n<\/em><\/p>\n","protected":false},"excerpt":{"rendered":"<p>Administraci\u00f3 Lliurament de documentaci\u00f3 Cobraments ordinaris (sortides i material) De dilluns a divendres\u00a0 de 9 a 9:30 i de 12:15 a 12:45 De\u00a0 dilluns a dijous\u00a0 de 16:00 a 16:25 Secretari Atenci\u00f3 personalitzada Cobraments fraccionats Beques Transport Dimecres de 15:15 a 16:30 Dijous de 9:00 a 10:00 Divendres de 12:30 a 13:30 Cap d\u2019Estudis Atenci\u00f3 [&hellip;]<\/p>\n","protected":false},"author":1,"featured_media":0,"parent":22,"menu_order":7,"comment_status":"closed","ping_status":"closed","template":"page-templates\/side-menu.php","meta":{"_bbp_topic_count":0,"_bbp_reply_count":0,"_bbp_total_topic_count":0,"_bbp_total_reply_count":0,"_bbp_voice_count":0,"_bbp_anonymous_reply_count":0,"_bbp_topic_count_hidden":0,"_bbp_reply_count_hidden":0,"_bbp_forum_subforum_count":0,"site-sidebar-layout":"default","site-content-layout":"","ast-site-content-layout":"","site-content-style":"default","site-sidebar-style":"default","ast-global-header-display":"","ast-banner-title-visibility":"","ast-main-header-display":"","ast-hfb-above-header-display":"","ast-hfb-below-header-display":"","ast-hfb-mobile-header-display":"","site-post-title":"","ast-breadcrumbs-content":"","ast-featured-img":"","footer-sml-layout":"","theme-transparent-header-meta":"","adv-header-id-meta":"","stick-header-meta":"","header-above-stick-meta":"","header-main-stick-meta":"","header-below-stick-meta":"","astra-migrate-meta-layouts":"default","ast-page-background-enabled":"default","ast-page-background-meta":{"desktop":{"background-color":"var(--ast-global-color-4)","background-image":"","background-repeat":"repeat","background-position":"center center","background-size":"auto","background-attachment":"scroll","background-type":"","background-media":"","overlay-type":"","overlay-color":"","overlay-opacity":"","overlay-gradient":""},"tablet":{"background-color":"","background-image":"","background-repeat":"repeat","background-position":"center center","background-size":"auto","background-attachment":"scroll","background-type":"","background-media":"","overlay-type":"","overlay-color":"","overlay-opacity":"","overlay-gradient":""},"mobile":{"background-color":"","background-image":"","background-repeat":"repeat","background-position":"center center","background-size":"auto","background-attachment":"scroll","background-type":"","background-media":"","overlay-type":"","overlay-color":"","overlay-opacity":"","overlay-gradient":""}},"ast-content-background-meta":{"desktop":{"background-color":"var(--ast-global-color-5)","background-image":"","background-repeat":"repeat","background-position":"center center","background-size":"auto","background-attachment":"scroll","background-type":"","background-media":"","overlay-type":"","overlay-color":"","overlay-opacity":"","overlay-gradient":""},"tablet":{"background-color":"var(--ast-global-color-5)","background-image":"","background-repeat":"repeat","background-position":"center center","background-size":"auto","background-attachment":"scroll","background-type":"","background-media":"","overlay-type":"","overlay-color":"","overlay-opacity":"","overlay-gradient":""},"mobile":{"background-color":"var(--ast-global-color-5)","background-image":"","background-repeat":"repeat","background-position":"center center","background-size":"auto","background-attachment":"scroll","background-type":"","background-media":"","overlay-type":"","overlay-color":"","overlay-opacity":"","overlay-gradient":""}},"footnotes":""},"class_list":["post-599","page","type-page","status-publish","hentry"],"post_mailing_queue_ids":[],"_links":{"self":[{"href":"https:\/\/agora.xtec.cat\/ceip-mogent\/wp-json\/wp\/v2\/pages\/599","targetHints":{"allow":["GET"]}}],"collection":[{"href":"https:\/\/agora.xtec.cat\/ceip-mogent\/wp-json\/wp\/v2\/pages"}],"about":[{"href":"https:\/\/agora.xtec.cat\/ceip-mogent\/wp-json\/wp\/v2\/types\/page"}],"author":[{"embeddable":true,"href":"https:\/\/agora.xtec.cat\/ceip-mogent\/wp-json\/wp\/v2\/users\/1"}],"replies":[{"embeddable":true,"href":"https:\/\/agora.xtec.cat\/ceip-mogent\/wp-json\/wp\/v2\/comments?post=599"}],"version-history":[{"count":3,"href":"https:\/\/agora.xtec.cat\/ceip-mogent\/wp-json\/wp\/v2\/pages\/599\/revisions"}],"predecessor-version":[{"id":1715,"href":"https:\/\/agora.xtec.cat\/ceip-mogent\/wp-json\/wp\/v2\/pages\/599\/revisions\/1715"}],"up":[{"embeddable":true,"href":"https:\/\/agora.xtec.cat\/ceip-mogent\/wp-json\/wp\/v2\/pages\/22"}],"wp:attachment":[{"href":"https:\/\/agora.xtec.cat\/ceip-mogent\/wp-json\/wp\/v2\/media?parent=599"}],"curies":[{"name":"wp","href":"https:\/\/api.w.org\/{rel}","templated":true}]}}