{"id":531,"date":"2015-06-12T09:04:02","date_gmt":"2015-06-12T08:04:02","guid":{"rendered":"http:\/\/agora.xtec.cat\/ceip-mogent\/?page_id=531"},"modified":"2016-03-20T10:31:30","modified_gmt":"2016-03-20T09:31:30","slug":"educacio-vial","status":"publish","type":"page","link":"https:\/\/agora.xtec.cat\/ceip-mogent\/activitats-i-tallers\/educacio-vial\/","title":{"rendered":"Educaci\u00f3 Vial"},"content":{"rendered":"<p>Participem del programa d&#8217;Educaci\u00f3 Vial de la Policia Local de Montorn\u00e8s, incl\u00f3s al cat\u00e0leg d&#8217;activitats ofertat per l&#8217;Ajuntament.<\/p>\n<p>Una de les activitats \u00e9s una visita a les instal\u00b7lacions de la\u00a0Jan\u00e9, on els <a href=\"http:\/\/mogentcicleinicial.blogspot.com.es\/2016\/02\/educacio-vial-sortida-jane.html\" target=\"_blank\">grups de 2n<\/a> prenen consci\u00e8ncia de la necessitat d&#8217;\u00fas del cintur\u00f3 de seguretat i de les cadiretes.<\/p>\n<p><a href=\"https:\/\/picasaweb.google.com\/100392483675198201981\/2nSortidaJane#\" target=\"_blank\"><img loading=\"lazy\" decoding=\"async\" class=\"  wp-image-900 aligncenter\" src=\"http:\/\/agora.xtec.cat\/ceip-mogent\/wp-content\/uploads\/usu40\/2015\/06\/upload_-1.jpg\" alt=\"upload_-1\" width=\"759\" height=\"569\" srcset=\"https:\/\/agora.xtec.cat\/ceip-mogent\/wp-content\/uploads\/usu40\/2015\/06\/upload_-1.jpg 912w, https:\/\/agora.xtec.cat\/ceip-mogent\/wp-content\/uploads\/usu40\/2015\/06\/upload_-1-300x225.jpg 300w, https:\/\/agora.xtec.cat\/ceip-mogent\/wp-content\/uploads\/usu40\/2015\/06\/upload_-1-200x150.jpg 200w\" sizes=\"auto, (max-width: 759px) 100vw, 759px\" \/><\/a><\/p>\n","protected":false},"excerpt":{"rendered":"<p>Participem del programa d&#8217;Educaci\u00f3 Vial de la Policia Local de Montorn\u00e8s, incl\u00f3s al cat\u00e0leg d&#8217;activitats ofertat per l&#8217;Ajuntament. Una de les activitats \u00e9s una visita a les instal\u00b7lacions de la\u00a0Jan\u00e9, on els grups de 2n prenen consci\u00e8ncia de la necessitat d&#8217;\u00fas del cintur\u00f3 de seguretat i de les cadiretes.<\/p>\n","protected":false},"author":1,"featured_media":0,"parent":386,"menu_order":0,"comment_status":"closed","ping_status":"closed","template":"page-templates\/side-menu.php","meta":{"_bbp_topic_count":0,"_bbp_reply_count":0,"_bbp_total_topic_count":0,"_bbp_total_reply_count":0,"_bbp_voice_count":0,"_bbp_anonymous_reply_count":0,"_bbp_topic_count_hidden":0,"_bbp_reply_count_hidden":0,"_bbp_forum_subforum_count":0,"site-sidebar-layout":"default","site-content-layout":"","ast-site-content-layout":"","site-content-style":"default","site-sidebar-style":"default","ast-global-header-display":"","ast-banner-title-visibility":"","ast-main-header-display":"","ast-hfb-above-header-display":"","ast-hfb-below-header-display":"","ast-hfb-mobile-header-display":"","site-post-title":"","ast-breadcrumbs-content":"","ast-featured-img":"","footer-sml-layout":"","theme-transparent-header-meta":"","adv-header-id-meta":"","stick-header-meta":"","header-above-stick-meta":"","header-main-stick-meta":"","header-below-stick-meta":"","astra-migrate-meta-layouts":"default","ast-page-background-enabled":"default","ast-page-background-meta":{"desktop":{"background-color":"var(--ast-global-color-4)","background-image":"","background-repeat":"repeat","background-position":"center center","background-size":"auto","background-attachment":"scroll","background-type":"","background-media":"","overlay-type":"","overlay-color":"","overlay-opacity":"","overlay-gradient":""},"tablet":{"background-color":"","background-image":"","background-repeat":"repeat","background-position":"center center","background-size":"auto","background-attachment":"scroll","background-type":"","background-media":"","overlay-type":"","overlay-color":"","overlay-opacity":"","overlay-gradient":""},"mobile":{"background-color":"","background-image":"","background-repeat":"repeat","background-position":"center center","background-size":"auto","background-attachment":"scroll","background-type":"","background-media":"","overlay-type":"","overlay-color":"","overlay-opacity":"","overlay-gradient":""}},"ast-content-background-meta":{"desktop":{"background-color":"var(--ast-global-color-5)","background-image":"","background-repeat":"repeat","background-position":"center center","background-size":"auto","background-attachment":"scroll","background-type":"","background-media":"","overlay-type":"","overlay-color":"","overlay-opacity":"","overlay-gradient":""},"tablet":{"background-color":"var(--ast-global-color-5)","background-image":"","background-repeat":"repeat","background-position":"center center","background-size":"auto","background-attachment":"scroll","background-type":"","background-media":"","overlay-type":"","overlay-color":"","overlay-opacity":"","overlay-gradient":""},"mobile":{"background-color":"var(--ast-global-color-5)","background-image":"","background-repeat":"repeat","background-position":"center center","background-size":"auto","background-attachment":"scroll","background-type":"","background-media":"","overlay-type":"","overlay-color":"","overlay-opacity":"","overlay-gradient":""}},"footnotes":""},"class_list":["post-531","page","type-page","status-publish","hentry"],"post_mailing_queue_ids":[],"_links":{"self":[{"href":"https:\/\/agora.xtec.cat\/ceip-mogent\/wp-json\/wp\/v2\/pages\/531","targetHints":{"allow":["GET"]}}],"collection":[{"href":"https:\/\/agora.xtec.cat\/ceip-mogent\/wp-json\/wp\/v2\/pages"}],"about":[{"href":"https:\/\/agora.xtec.cat\/ceip-mogent\/wp-json\/wp\/v2\/types\/page"}],"author":[{"embeddable":true,"href":"https:\/\/agora.xtec.cat\/ceip-mogent\/wp-json\/wp\/v2\/users\/1"}],"replies":[{"embeddable":true,"href":"https:\/\/agora.xtec.cat\/ceip-mogent\/wp-json\/wp\/v2\/comments?post=531"}],"version-history":[{"count":3,"href":"https:\/\/agora.xtec.cat\/ceip-mogent\/wp-json\/wp\/v2\/pages\/531\/revisions"}],"predecessor-version":[{"id":902,"href":"https:\/\/agora.xtec.cat\/ceip-mogent\/wp-json\/wp\/v2\/pages\/531\/revisions\/902"}],"up":[{"embeddable":true,"href":"https:\/\/agora.xtec.cat\/ceip-mogent\/wp-json\/wp\/v2\/pages\/386"}],"wp:attachment":[{"href":"https:\/\/agora.xtec.cat\/ceip-mogent\/wp-json\/wp\/v2\/media?parent=531"}],"curies":[{"name":"wp","href":"https:\/\/api.w.org\/{rel}","templated":true}]}}