{"id":529,"date":"2015-06-12T09:03:46","date_gmt":"2015-06-12T08:03:46","guid":{"rendered":"http:\/\/agora.xtec.cat\/ceip-mogent\/?page_id=529"},"modified":"2016-03-20T10:33:50","modified_gmt":"2016-03-20T09:33:50","slug":"tallers-del-consorci","status":"publish","type":"page","link":"https:\/\/agora.xtec.cat\/ceip-mogent\/activitats-i-tallers\/tallers-del-consorci\/","title":{"rendered":"Tallers del Consorci"},"content":{"rendered":"<p>El <a href=\"http:\/\/www.cresidusvo.info\/conres\/portada\/index.php\" target=\"_blank\">Consorci per a la gesti\u00f3 de residus del Vall\u00e8s Oriental<\/a> posa a la nostra disposici\u00f3\u00a0tallers gratu\u00efts a l&#8217;escola, de tem\u00e0tica ambiental.<\/p>\n<p>A P4\u00a0 <a href=\"https:\/\/picasaweb.google.com\/100392483675198201981\/P4ADracDe4Colors\" target=\"_blank\">El drac dels quatre colors<\/a><\/p>\n<p>A 2n\u00a0 <a href=\"https:\/\/picasaweb.google.com\/100392483675198201981\/2nEsmorzarAluminitzat\" target=\"_blank\">L&#8217;esmorzar al.luminitzat<\/a><\/p>\n<p>A 4t\u00a0 No m&#8217;emboliquis<\/p>\n<p>A 6\u00e8\u00a0 <a href=\"https:\/\/picasaweb.google.com\/100392483675198201981\/6eFemSabo02\" target=\"_blank\">Fem sab\u00f3<\/a><\/p>\n<p>&nbsp;<\/p>\n<p><a href=\"http:\/\/agora.xtec.cat\/ceip-mogent\/wp-content\/uploads\/usu40\/2015\/06\/P3110046.jpg\"><img loading=\"lazy\" decoding=\"async\" class=\"alignnone size-full wp-image-889\" src=\"http:\/\/agora.xtec.cat\/ceip-mogent\/wp-content\/uploads\/usu40\/2015\/06\/P3110046.jpg\" alt=\"P3110046\" width=\"640\" height=\"480\" srcset=\"https:\/\/agora.xtec.cat\/ceip-mogent\/wp-content\/uploads\/usu40\/2015\/06\/P3110046.jpg 640w, https:\/\/agora.xtec.cat\/ceip-mogent\/wp-content\/uploads\/usu40\/2015\/06\/P3110046-300x225.jpg 300w, https:\/\/agora.xtec.cat\/ceip-mogent\/wp-content\/uploads\/usu40\/2015\/06\/P3110046-200x150.jpg 200w\" sizes=\"auto, (max-width: 640px) 100vw, 640px\" \/><\/a><\/p>\n","protected":false},"excerpt":{"rendered":"<p>El Consorci per a la gesti\u00f3 de residus del Vall\u00e8s Oriental posa a la nostra disposici\u00f3\u00a0tallers gratu\u00efts a l&#8217;escola, de tem\u00e0tica ambiental. A P4\u00a0 El drac dels quatre colors A 2n\u00a0 L&#8217;esmorzar al.luminitzat A 4t\u00a0 No m&#8217;emboliquis A 6\u00e8\u00a0 Fem sab\u00f3 &nbsp;<\/p>\n","protected":false},"author":1,"featured_media":0,"parent":386,"menu_order":0,"comment_status":"closed","ping_status":"closed","template":"page-templates\/side-menu.php","meta":{"_bbp_topic_count":0,"_bbp_reply_count":0,"_bbp_total_topic_count":0,"_bbp_total_reply_count":0,"_bbp_voice_count":0,"_bbp_anonymous_reply_count":0,"_bbp_topic_count_hidden":0,"_bbp_reply_count_hidden":0,"_bbp_forum_subforum_count":0,"site-sidebar-layout":"default","site-content-layout":"","ast-site-content-layout":"","site-content-style":"default","site-sidebar-style":"default","ast-global-header-display":"","ast-banner-title-visibility":"","ast-main-header-display":"","ast-hfb-above-header-display":"","ast-hfb-below-header-display":"","ast-hfb-mobile-header-display":"","site-post-title":"","ast-breadcrumbs-content":"","ast-featured-img":"","footer-sml-layout":"","theme-transparent-header-meta":"","adv-header-id-meta":"","stick-header-meta":"","header-above-stick-meta":"","header-main-stick-meta":"","header-below-stick-meta":"","astra-migrate-meta-layouts":"default","ast-page-background-enabled":"default","ast-page-background-meta":{"desktop":{"background-color":"var(--ast-global-color-4)","background-image":"","background-repeat":"repeat","background-position":"center center","background-size":"auto","background-attachment":"scroll","background-type":"","background-media":"","overlay-type":"","overlay-color":"","overlay-opacity":"","overlay-gradient":""},"tablet":{"background-color":"","background-image":"","background-repeat":"repeat","background-position":"center center","background-size":"auto","background-attachment":"scroll","background-type":"","background-media":"","overlay-type":"","overlay-color":"","overlay-opacity":"","overlay-gradient":""},"mobile":{"background-color":"","background-image":"","background-repeat":"repeat","background-position":"center center","background-size":"auto","background-attachment":"scroll","background-type":"","background-media":"","overlay-type":"","overlay-color":"","overlay-opacity":"","overlay-gradient":""}},"ast-content-background-meta":{"desktop":{"background-color":"var(--ast-global-color-5)","background-image":"","background-repeat":"repeat","background-position":"center center","background-size":"auto","background-attachment":"scroll","background-type":"","background-media":"","overlay-type":"","overlay-color":"","overlay-opacity":"","overlay-gradient":""},"tablet":{"background-color":"var(--ast-global-color-5)","background-image":"","background-repeat":"repeat","background-position":"center center","background-size":"auto","background-attachment":"scroll","background-type":"","background-media":"","overlay-type":"","overlay-color":"","overlay-opacity":"","overlay-gradient":""},"mobile":{"background-color":"var(--ast-global-color-5)","background-image":"","background-repeat":"repeat","background-position":"center center","background-size":"auto","background-attachment":"scroll","background-type":"","background-media":"","overlay-type":"","overlay-color":"","overlay-opacity":"","overlay-gradient":""}},"footnotes":""},"class_list":["post-529","page","type-page","status-publish","hentry"],"post_mailing_queue_ids":[],"_links":{"self":[{"href":"https:\/\/agora.xtec.cat\/ceip-mogent\/wp-json\/wp\/v2\/pages\/529","targetHints":{"allow":["GET"]}}],"collection":[{"href":"https:\/\/agora.xtec.cat\/ceip-mogent\/wp-json\/wp\/v2\/pages"}],"about":[{"href":"https:\/\/agora.xtec.cat\/ceip-mogent\/wp-json\/wp\/v2\/types\/page"}],"author":[{"embeddable":true,"href":"https:\/\/agora.xtec.cat\/ceip-mogent\/wp-json\/wp\/v2\/users\/1"}],"replies":[{"embeddable":true,"href":"https:\/\/agora.xtec.cat\/ceip-mogent\/wp-json\/wp\/v2\/comments?post=529"}],"version-history":[{"count":4,"href":"https:\/\/agora.xtec.cat\/ceip-mogent\/wp-json\/wp\/v2\/pages\/529\/revisions"}],"predecessor-version":[{"id":903,"href":"https:\/\/agora.xtec.cat\/ceip-mogent\/wp-json\/wp\/v2\/pages\/529\/revisions\/903"}],"up":[{"embeddable":true,"href":"https:\/\/agora.xtec.cat\/ceip-mogent\/wp-json\/wp\/v2\/pages\/386"}],"wp:attachment":[{"href":"https:\/\/agora.xtec.cat\/ceip-mogent\/wp-json\/wp\/v2\/media?parent=529"}],"curies":[{"name":"wp","href":"https:\/\/api.w.org\/{rel}","templated":true}]}}