{"id":512,"date":"2015-06-12T08:27:10","date_gmt":"2015-06-12T07:27:10","guid":{"rendered":"http:\/\/agora.xtec.cat\/ceip-mogent\/?page_id=512"},"modified":"2017-10-31T08:44:31","modified_gmt":"2017-10-31T07:44:31","slug":"associacio-cultural","status":"publish","type":"page","link":"https:\/\/agora.xtec.cat\/ceip-mogent\/activitats-i-tallers\/associacio-cultural\/","title":{"rendered":"Associaci\u00f3 Cultural"},"content":{"rendered":"<p>S\u00f3n tres espectacles que programa l&#8217;<a href=\"http:\/\/acgranollers.cat\/\" target=\"_blank\" rel=\"noopener noreferrer\">Associaci\u00f3 Cultural de Granollers<\/a> per a cada Cicle. Acostumen a ser un espectacle musical, un de cinema i un de teatre o titelles. La quota anual \u00e9s d&#8217;11\u20ac.<\/p>\n<p>Espectacles d&#8217;Educaci\u00f3 Infantil curs 2017-18<\/p>\n<p>Sense Paraules (teatre)<\/p>\n<p>Maure el Dinosaure (titelles)<\/p>\n<p>Ets especial, Landry el Rumbero (m\u00fasica)<\/p>\n<p>Espectacles de Cicle Inicial curs 2017-18<\/p>\n<p>Ets especial, Landry el Rumbero\u00a0(m\u00fasica)\u00a0<em>\u00a0 <\/em><em><br \/>\n<\/em><\/p>\n<p>Rolf i Flor a Londres (m\u00fasica)<\/p>\n<p>Bianco (teatre)<\/p>\n<p>Espectacles de Cicle Mitj\u00e0 curs 2017-18<\/p>\n<p>Rolf i Flor a Londres (m\u00fasica)<\/p>\n<p>Sleeping Beauty (teatre en angl\u00e8s)<\/p>\n<p><em>A concretar<\/em><\/p>\n<p>Espectacles de Cicle Superior curs 2017-18<\/p>\n<p>N\u00e0ufrags (teatre)<\/p>\n<p>Excalibur (teatre en angl\u00e8s)<\/p>\n<p><em>A concretar<\/em><\/p>\n<p>&nbsp;<\/p>\n<p><a href=\"http:\/\/agora.xtec.cat\/ceip-mogent\/wp-content\/uploads\/usu40\/2015\/06\/Programaci\u00f3-Montorn\u00e8s-del-Vall\u00e8s.pdf\">Aqu\u00ed us podeu descarregar<\/a> tot el programa del curs.<\/p>\n","protected":false},"excerpt":{"rendered":"<p>S\u00f3n tres espectacles que programa l&#8217;Associaci\u00f3 Cultural de Granollers per a cada Cicle. Acostumen a ser un espectacle musical, un de cinema i un de teatre o titelles. La quota anual \u00e9s d&#8217;11\u20ac. Espectacles d&#8217;Educaci\u00f3 Infantil curs 2017-18 Sense Paraules (teatre) Maure el Dinosaure (titelles) Ets especial, Landry el Rumbero (m\u00fasica) Espectacles de Cicle Inicial [&hellip;]<\/p>\n","protected":false},"author":1,"featured_media":0,"parent":386,"menu_order":0,"comment_status":"closed","ping_status":"closed","template":"page-templates\/side-menu.php","meta":{"_bbp_topic_count":0,"_bbp_reply_count":0,"_bbp_total_topic_count":0,"_bbp_total_reply_count":0,"_bbp_voice_count":0,"_bbp_anonymous_reply_count":0,"_bbp_topic_count_hidden":0,"_bbp_reply_count_hidden":0,"_bbp_forum_subforum_count":0,"site-sidebar-layout":"default","site-content-layout":"","ast-site-content-layout":"","site-content-style":"default","site-sidebar-style":"default","ast-global-header-display":"","ast-banner-title-visibility":"","ast-main-header-display":"","ast-hfb-above-header-display":"","ast-hfb-below-header-display":"","ast-hfb-mobile-header-display":"","site-post-title":"","ast-breadcrumbs-content":"","ast-featured-img":"","footer-sml-layout":"","theme-transparent-header-meta":"","adv-header-id-meta":"","stick-header-meta":"","header-above-stick-meta":"","header-main-stick-meta":"","header-below-stick-meta":"","astra-migrate-meta-layouts":"default","ast-page-background-enabled":"default","ast-page-background-meta":{"desktop":{"background-color":"var(--ast-global-color-4)","background-image":"","background-repeat":"repeat","background-position":"center center","background-size":"auto","background-attachment":"scroll","background-type":"","background-media":"","overlay-type":"","overlay-color":"","overlay-opacity":"","overlay-gradient":""},"tablet":{"background-color":"","background-image":"","background-repeat":"repeat","background-position":"center center","background-size":"auto","background-attachment":"scroll","background-type":"","background-media":"","overlay-type":"","overlay-color":"","overlay-opacity":"","overlay-gradient":""},"mobile":{"background-color":"","background-image":"","background-repeat":"repeat","background-position":"center center","background-size":"auto","background-attachment":"scroll","background-type":"","background-media":"","overlay-type":"","overlay-color":"","overlay-opacity":"","overlay-gradient":""}},"ast-content-background-meta":{"desktop":{"background-color":"var(--ast-global-color-5)","background-image":"","background-repeat":"repeat","background-position":"center center","background-size":"auto","background-attachment":"scroll","background-type":"","background-media":"","overlay-type":"","overlay-color":"","overlay-opacity":"","overlay-gradient":""},"tablet":{"background-color":"var(--ast-global-color-5)","background-image":"","background-repeat":"repeat","background-position":"center center","background-size":"auto","background-attachment":"scroll","background-type":"","background-media":"","overlay-type":"","overlay-color":"","overlay-opacity":"","overlay-gradient":""},"mobile":{"background-color":"var(--ast-global-color-5)","background-image":"","background-repeat":"repeat","background-position":"center center","background-size":"auto","background-attachment":"scroll","background-type":"","background-media":"","overlay-type":"","overlay-color":"","overlay-opacity":"","overlay-gradient":""}},"footnotes":""},"class_list":["post-512","page","type-page","status-publish","hentry"],"post_mailing_queue_ids":[],"_links":{"self":[{"href":"https:\/\/agora.xtec.cat\/ceip-mogent\/wp-json\/wp\/v2\/pages\/512","targetHints":{"allow":["GET"]}}],"collection":[{"href":"https:\/\/agora.xtec.cat\/ceip-mogent\/wp-json\/wp\/v2\/pages"}],"about":[{"href":"https:\/\/agora.xtec.cat\/ceip-mogent\/wp-json\/wp\/v2\/types\/page"}],"author":[{"embeddable":true,"href":"https:\/\/agora.xtec.cat\/ceip-mogent\/wp-json\/wp\/v2\/users\/1"}],"replies":[{"embeddable":true,"href":"https:\/\/agora.xtec.cat\/ceip-mogent\/wp-json\/wp\/v2\/comments?post=512"}],"version-history":[{"count":2,"href":"https:\/\/agora.xtec.cat\/ceip-mogent\/wp-json\/wp\/v2\/pages\/512\/revisions"}],"predecessor-version":[{"id":1506,"href":"https:\/\/agora.xtec.cat\/ceip-mogent\/wp-json\/wp\/v2\/pages\/512\/revisions\/1506"}],"up":[{"embeddable":true,"href":"https:\/\/agora.xtec.cat\/ceip-mogent\/wp-json\/wp\/v2\/pages\/386"}],"wp:attachment":[{"href":"https:\/\/agora.xtec.cat\/ceip-mogent\/wp-json\/wp\/v2\/media?parent=512"}],"curies":[{"name":"wp","href":"https:\/\/api.w.org\/{rel}","templated":true}]}}