{"id":437,"date":"2015-06-10T12:40:20","date_gmt":"2015-06-10T11:40:20","guid":{"rendered":"http:\/\/agora.xtec.cat\/ceip-mogent\/?page_id=437"},"modified":"2018-04-09T20:23:37","modified_gmt":"2018-04-09T18:23:37","slug":"setmana-cultural","status":"publish","type":"page","link":"https:\/\/agora.xtec.cat\/ceip-mogent\/festes-i-celebracions\/setmana-cultural\/","title":{"rendered":"Setmana Cultural"},"content":{"rendered":"<p>Cada mes d&#8217;abril celebrem la Setmana Cultural, dedicada a un monogr\u00e0fic (que lliguem amb el nom de les aules i el carnaval)<\/p>\n<p>Curs 2017-18 <a href=\"https:\/\/photos.google.com\/share\/AF1QipMWLUq7SamcKnDCzO6fwnMFZkymZ5Z5qFxXQh6TFldDy0v2LNjRRYKEWZzAI4vQqQ\/photo\/AF1QipM_KH-_054r5vyBof9PWhSAdtbY1Qqi1Cm4uQPI?key=Q1hKcVlUVWxRLXhZdXBJXzRnaWcya1Q3dVZDbHBR\"><strong>El futur sostenible<\/strong><\/a><\/p>\n<p>Curs 2016-17 <strong>Els contes i la literatura<\/strong><\/p>\n<p>Curs 2015-16\u00a0 <strong>El m\u00f3n: interculturalitat i pluralisme<\/strong><\/p>\n<p>Curs 2014-15\u00a0 <strong>Les matem\u00e0tiques<\/strong><\/p>\n<p>Curs 2013-14\u00a0 <strong>L&#8217;aigua<\/strong><\/p>\n<p>Curs 2012-13 <strong>La Hist\u00f2ria<\/strong><\/p>\n<p>Curs 2011-12\u00a0 <strong>Els esports<\/strong><\/p>\n<p>Curs 2010-11 <strong>Volem ser escola verda<\/strong><\/p>\n<p>Al llarg de la setmana, cada aula treballa al voltant del tema triat, es fan tallers barrejant nens de P3, P4 i P5, i es fan sortides relacionades amb el tema.<\/p>\n<p>&nbsp;<\/p>\n<p style=\"text-align: center;\"><a href=\"http:\/\/agora.xtec.cat\/ceip-mogent\/wp-content\/uploads\/usu40\/2015\/06\/P4100275.jpg\"><img loading=\"lazy\" decoding=\"async\" class=\"alignnone wp-image-957\" src=\"http:\/\/agora.xtec.cat\/ceip-mogent\/wp-content\/uploads\/usu40\/2015\/06\/P4100275.jpg\" alt=\"P4100275\" width=\"184\" height=\"138\" srcset=\"https:\/\/agora.xtec.cat\/ceip-mogent\/wp-content\/uploads\/usu40\/2015\/06\/P4100275.jpg 576w, https:\/\/agora.xtec.cat\/ceip-mogent\/wp-content\/uploads\/usu40\/2015\/06\/P4100275-300x225.jpg 300w, https:\/\/agora.xtec.cat\/ceip-mogent\/wp-content\/uploads\/usu40\/2015\/06\/P4100275-200x150.jpg 200w\" sizes=\"auto, (max-width: 184px) 100vw, 184px\" \/> <\/a><a href=\"http:\/\/agora.xtec.cat\/ceip-mogent\/wp-content\/uploads\/usu40\/2015\/06\/upload_-11.jpg\"><img loading=\"lazy\" decoding=\"async\" class=\"alignnone wp-image-956\" src=\"http:\/\/agora.xtec.cat\/ceip-mogent\/wp-content\/uploads\/usu40\/2015\/06\/upload_-11.jpg\" alt=\"upload_-1\" width=\"183\" height=\"137\" srcset=\"https:\/\/agora.xtec.cat\/ceip-mogent\/wp-content\/uploads\/usu40\/2015\/06\/upload_-11.jpg 640w, https:\/\/agora.xtec.cat\/ceip-mogent\/wp-content\/uploads\/usu40\/2015\/06\/upload_-11-300x225.jpg 300w, https:\/\/agora.xtec.cat\/ceip-mogent\/wp-content\/uploads\/usu40\/2015\/06\/upload_-11-200x150.jpg 200w\" sizes=\"auto, (max-width: 183px) 100vw, 183px\" \/><\/a><a href=\"http:\/\/agora.xtec.cat\/ceip-mogent\/wp-content\/uploads\/usu40\/2015\/06\/P4100274.jpg\"> <img loading=\"lazy\" decoding=\"async\" class=\"alignnone wp-image-961\" src=\"http:\/\/agora.xtec.cat\/ceip-mogent\/wp-content\/uploads\/usu40\/2015\/06\/P4100274.jpg\" alt=\"P4100274\" width=\"184\" height=\"139\" srcset=\"https:\/\/agora.xtec.cat\/ceip-mogent\/wp-content\/uploads\/usu40\/2015\/06\/P4100274.jpg 512w, https:\/\/agora.xtec.cat\/ceip-mogent\/wp-content\/uploads\/usu40\/2015\/06\/P4100274-300x225.jpg 300w, https:\/\/agora.xtec.cat\/ceip-mogent\/wp-content\/uploads\/usu40\/2015\/06\/P4100274-200x150.jpg 200w\" sizes=\"auto, (max-width: 184px) 100vw, 184px\" \/><\/a><a href=\"http:\/\/agora.xtec.cat\/ceip-mogent\/wp-content\/uploads\/usu40\/2015\/06\/P4100285.jpg\"> <img loading=\"lazy\" decoding=\"async\" class=\"alignnone wp-image-958\" src=\"http:\/\/agora.xtec.cat\/ceip-mogent\/wp-content\/uploads\/usu40\/2015\/06\/P4100285.jpg\" alt=\"P4100285\" width=\"104\" height=\"139\" srcset=\"https:\/\/agora.xtec.cat\/ceip-mogent\/wp-content\/uploads\/usu40\/2015\/06\/P4100285.jpg 384w, https:\/\/agora.xtec.cat\/ceip-mogent\/wp-content\/uploads\/usu40\/2015\/06\/P4100285-225x300.jpg 225w\" sizes=\"auto, (max-width: 104px) 100vw, 104px\" \/><\/a><\/p>\n<p style=\"text-align: left;\">Una de les activitats \u00e9s un <a href=\"https:\/\/picasaweb.google.com\/100392483675198201981\/TallerInternivells\" target=\"_blank\" rel=\"noopener noreferrer\">taller internivell<\/a>, on es barregen nens de P3 a 6\u00e8 per afavorir la cooperaci\u00f3 i la conviv\u00e8ncia, i es demanen pares i mares voluntaris per compartir el mat\u00ed del taller.<\/p>\n<p>&nbsp;<\/p>\n<p style=\"text-align: center;\"><a href=\"http:\/\/agora.xtec.cat\/ceip-mogent\/wp-content\/uploads\/usu40\/2015\/06\/IMG_6941.jpg\"><img loading=\"lazy\" decoding=\"async\" class=\"alignnone wp-image-962\" src=\"http:\/\/agora.xtec.cat\/ceip-mogent\/wp-content\/uploads\/usu40\/2015\/06\/IMG_6941.jpg\" alt=\"IMG_6941\" width=\"179\" height=\"119\" srcset=\"https:\/\/agora.xtec.cat\/ceip-mogent\/wp-content\/uploads\/usu40\/2015\/06\/IMG_6941.jpg 640w, https:\/\/agora.xtec.cat\/ceip-mogent\/wp-content\/uploads\/usu40\/2015\/06\/IMG_6941-300x200.jpg 300w\" sizes=\"auto, (max-width: 179px) 100vw, 179px\" \/> <\/a><a href=\"http:\/\/agora.xtec.cat\/ceip-mogent\/wp-content\/uploads\/usu40\/2015\/06\/MG_6962.jpg\"><img loading=\"lazy\" decoding=\"async\" class=\"alignnone wp-image-959\" src=\"http:\/\/agora.xtec.cat\/ceip-mogent\/wp-content\/uploads\/usu40\/2015\/06\/MG_6962.jpg\" alt=\"_MG_6962\" width=\"180\" height=\"120\" srcset=\"https:\/\/agora.xtec.cat\/ceip-mogent\/wp-content\/uploads\/usu40\/2015\/06\/MG_6962.jpg 512w, https:\/\/agora.xtec.cat\/ceip-mogent\/wp-content\/uploads\/usu40\/2015\/06\/MG_6962-300x200.jpg 300w\" sizes=\"auto, (max-width: 180px) 100vw, 180px\" \/> <\/a><a href=\"http:\/\/agora.xtec.cat\/ceip-mogent\/wp-content\/uploads\/usu40\/2015\/06\/Imagen-061.jpg\"><img loading=\"lazy\" decoding=\"async\" class=\"alignnone wp-image-963\" src=\"http:\/\/agora.xtec.cat\/ceip-mogent\/wp-content\/uploads\/usu40\/2015\/06\/Imagen-061.jpg\" alt=\"Imagen+061\" width=\"179\" height=\"119\" srcset=\"https:\/\/agora.xtec.cat\/ceip-mogent\/wp-content\/uploads\/usu40\/2015\/06\/Imagen-061.jpg 640w, https:\/\/agora.xtec.cat\/ceip-mogent\/wp-content\/uploads\/usu40\/2015\/06\/Imagen-061-300x200.jpg 300w\" sizes=\"auto, (max-width: 179px) 100vw, 179px\" \/>\u00a0 <\/a><\/p>\n<p>La Setmana Cultural acaba amb una <a href=\"https:\/\/picasaweb.google.com\/100392483675198201981\/Gincana2015\" target=\"_blank\" rel=\"noopener noreferrer\">ginkama <\/a>(un torn de P3 a 1r, i un altre torn de 2n a 5\u00e8), amb proves ideades per cada classe i amb la colaboraci\u00f3 de pares, mares i nens de 6\u00e8.<\/p>\n","protected":false},"excerpt":{"rendered":"<p>Cada mes d&#8217;abril celebrem la Setmana Cultural, dedicada a un monogr\u00e0fic (que lliguem amb el nom de les aules i el carnaval) Curs 2017-18 El futur sostenible Curs 2016-17 Els contes i la literatura Curs 2015-16\u00a0 El m\u00f3n: interculturalitat i pluralisme Curs 2014-15\u00a0 Les matem\u00e0tiques Curs 2013-14\u00a0 L&#8217;aigua Curs 2012-13 La Hist\u00f2ria Curs 2011-12\u00a0 Els [&hellip;]<\/p>\n","protected":false},"author":1,"featured_media":0,"parent":374,"menu_order":8,"comment_status":"closed","ping_status":"closed","template":"page-templates\/side-menu.php","meta":{"_bbp_topic_count":0,"_bbp_reply_count":0,"_bbp_total_topic_count":0,"_bbp_total_reply_count":0,"_bbp_voice_count":0,"_bbp_anonymous_reply_count":0,"_bbp_topic_count_hidden":0,"_bbp_reply_count_hidden":0,"_bbp_forum_subforum_count":0,"site-sidebar-layout":"default","site-content-layout":"","ast-site-content-layout":"","site-content-style":"default","site-sidebar-style":"default","ast-global-header-display":"","ast-banner-title-visibility":"","ast-main-header-display":"","ast-hfb-above-header-display":"","ast-hfb-below-header-display":"","ast-hfb-mobile-header-display":"","site-post-title":"","ast-breadcrumbs-content":"","ast-featured-img":"","footer-sml-layout":"","theme-transparent-header-meta":"","adv-header-id-meta":"","stick-header-meta":"","header-above-stick-meta":"","header-main-stick-meta":"","header-below-stick-meta":"","astra-migrate-meta-layouts":"default","ast-page-background-enabled":"default","ast-page-background-meta":{"desktop":{"background-color":"var(--ast-global-color-4)","background-image":"","background-repeat":"repeat","background-position":"center center","background-size":"auto","background-attachment":"scroll","background-type":"","background-media":"","overlay-type":"","overlay-color":"","overlay-opacity":"","overlay-gradient":""},"tablet":{"background-color":"","background-image":"","background-repeat":"repeat","background-position":"center center","background-size":"auto","background-attachment":"scroll","background-type":"","background-media":"","overlay-type":"","overlay-color":"","overlay-opacity":"","overlay-gradient":""},"mobile":{"background-color":"","background-image":"","background-repeat":"repeat","background-position":"center center","background-size":"auto","background-attachment":"scroll","background-type":"","background-media":"","overlay-type":"","overlay-color":"","overlay-opacity":"","overlay-gradient":""}},"ast-content-background-meta":{"desktop":{"background-color":"var(--ast-global-color-5)","background-image":"","background-repeat":"repeat","background-position":"center center","background-size":"auto","background-attachment":"scroll","background-type":"","background-media":"","overlay-type":"","overlay-color":"","overlay-opacity":"","overlay-gradient":""},"tablet":{"background-color":"var(--ast-global-color-5)","background-image":"","background-repeat":"repeat","background-position":"center center","background-size":"auto","background-attachment":"scroll","background-type":"","background-media":"","overlay-type":"","overlay-color":"","overlay-opacity":"","overlay-gradient":""},"mobile":{"background-color":"var(--ast-global-color-5)","background-image":"","background-repeat":"repeat","background-position":"center center","background-size":"auto","background-attachment":"scroll","background-type":"","background-media":"","overlay-type":"","overlay-color":"","overlay-opacity":"","overlay-gradient":""}},"footnotes":""},"class_list":["post-437","page","type-page","status-publish","hentry"],"post_mailing_queue_ids":[],"_links":{"self":[{"href":"https:\/\/agora.xtec.cat\/ceip-mogent\/wp-json\/wp\/v2\/pages\/437","targetHints":{"allow":["GET"]}}],"collection":[{"href":"https:\/\/agora.xtec.cat\/ceip-mogent\/wp-json\/wp\/v2\/pages"}],"about":[{"href":"https:\/\/agora.xtec.cat\/ceip-mogent\/wp-json\/wp\/v2\/types\/page"}],"author":[{"embeddable":true,"href":"https:\/\/agora.xtec.cat\/ceip-mogent\/wp-json\/wp\/v2\/users\/1"}],"replies":[{"embeddable":true,"href":"https:\/\/agora.xtec.cat\/ceip-mogent\/wp-json\/wp\/v2\/comments?post=437"}],"version-history":[{"count":4,"href":"https:\/\/agora.xtec.cat\/ceip-mogent\/wp-json\/wp\/v2\/pages\/437\/revisions"}],"predecessor-version":[{"id":1640,"href":"https:\/\/agora.xtec.cat\/ceip-mogent\/wp-json\/wp\/v2\/pages\/437\/revisions\/1640"}],"up":[{"embeddable":true,"href":"https:\/\/agora.xtec.cat\/ceip-mogent\/wp-json\/wp\/v2\/pages\/374"}],"wp:attachment":[{"href":"https:\/\/agora.xtec.cat\/ceip-mogent\/wp-json\/wp\/v2\/media?parent=437"}],"curies":[{"name":"wp","href":"https:\/\/api.w.org\/{rel}","templated":true}]}}