{"id":435,"date":"2015-06-10T12:40:01","date_gmt":"2015-06-10T11:40:01","guid":{"rendered":"http:\/\/agora.xtec.cat\/ceip-mogent\/?page_id=435"},"modified":"2017-02-12T13:00:17","modified_gmt":"2017-02-12T12:00:17","slug":"nadal","status":"publish","type":"page","link":"https:\/\/agora.xtec.cat\/ceip-mogent\/festes-i-celebracions\/nadal\/","title":{"rendered":"Nadal"},"content":{"rendered":"<p>El mes de Desembre \u00e9s sense dubtes, el mes amb m\u00e9s activitats extres de l&#8217;any, gr\u00e0cies a la participaci\u00f3 de l&#8217;AMPA.<\/p>\n<p>Amb l&#8217;arribada del Ti\u00f3 s&#8217;inaugura la temporada de Nadal. Durant un parell de setmanes, de P3 a 2n, van engreixant el Ti\u00f3 amb dol\u00e7os, galetes, torrons, xocolates&#8230; fins que est\u00e0 <a href=\"https:\/\/goo.gl\/photos\/aSe5vwhYwcyYkUXf9\" target=\"_blank\">preparat per cagar<\/a>.<\/p>\n<p><a href=\"http:\/\/agora.xtec.cat\/ceip-mogent\/wp-content\/uploads\/usu40\/2015\/06\/59.jpg\"><img loading=\"lazy\" decoding=\"async\" class=\" wp-image-805 aligncenter\" src=\"http:\/\/agora.xtec.cat\/ceip-mogent\/wp-content\/uploads\/usu40\/2015\/06\/59.jpg\" alt=\"59\" width=\"520\" height=\"293\" srcset=\"https:\/\/agora.xtec.cat\/ceip-mogent\/wp-content\/uploads\/usu40\/2015\/06\/59.jpg 1023w, https:\/\/agora.xtec.cat\/ceip-mogent\/wp-content\/uploads\/usu40\/2015\/06\/59-300x169.jpg 300w\" sizes=\"auto, (max-width: 520px) 100vw, 520px\" \/><\/a><\/p>\n<p>No s\u00f3n els \u00fanics regals que reben els nens en aquests dies: tamb\u00e9 rebem la visita del Patge Reial, i al gener ens deixa regals per la classe. Tamb\u00e9 acordem un dia on tota l&#8217;escola pot portar <a href=\"https:\/\/goo.gl\/photos\/Q8fYC4z8RFbnDo8Z7\" target=\"_blank\">joguines de casa per compartir <\/a>amb els companys i companyes.<\/p>\n<p><a href=\"https:\/\/goo.gl\/photos\/Du59wmo7kaUQzgD5A\" target=\"_blank\"><img loading=\"lazy\" decoding=\"async\" class=\" wp-image-806 aligncenter\" src=\"http:\/\/agora.xtec.cat\/ceip-mogent\/wp-content\/uploads\/usu40\/2015\/06\/85-1024x768.jpg\" alt=\"85\" width=\"525\" height=\"394\" srcset=\"https:\/\/agora.xtec.cat\/ceip-mogent\/wp-content\/uploads\/usu40\/2015\/06\/85.jpg 1024w, https:\/\/agora.xtec.cat\/ceip-mogent\/wp-content\/uploads\/usu40\/2015\/06\/85-300x225.jpg 300w, https:\/\/agora.xtec.cat\/ceip-mogent\/wp-content\/uploads\/usu40\/2015\/06\/85-200x150.jpg 200w\" sizes=\"auto, (max-width: 525px) 100vw, 525px\" \/><\/a><\/p>\n<p>Els m\u00e9s grans (de 3r a 6\u00e8) preparen l&#8217;amic invisible, amb manualitats fetes a casa.<\/p>\n<p><a href=\"https:\/\/goo.gl\/photos\/CwGtF781YEWpTzw47\" target=\"_blank\"><img loading=\"lazy\" decoding=\"async\" class=\" wp-image-807 aligncenter\" src=\"http:\/\/agora.xtec.cat\/ceip-mogent\/wp-content\/uploads\/usu40\/2015\/06\/11.jpg\" alt=\"11\" width=\"524\" height=\"393\" srcset=\"https:\/\/agora.xtec.cat\/ceip-mogent\/wp-content\/uploads\/usu40\/2015\/06\/11.jpg 900w, https:\/\/agora.xtec.cat\/ceip-mogent\/wp-content\/uploads\/usu40\/2015\/06\/11-300x225.jpg 300w, https:\/\/agora.xtec.cat\/ceip-mogent\/wp-content\/uploads\/usu40\/2015\/06\/11-200x150.jpg 200w\" sizes=\"auto, (max-width: 524px) 100vw, 524px\" \/><\/a><\/p>\n<p>El Concert de Nadal est\u00e0 organitzat pels nens i nenes de 3r, que tamb\u00e9 s\u00f3n els presentadors. Estan convidades totes les fam\u00edlies de l&#8217;escola, i cada curs prepara can\u00e7ons i poemes. Els pares i mares cada any preparen una representaci\u00f3 musical dedicada als nens de l&#8217;escola.<\/p>\n<p>L&#8217;\u00faltim dia de trimestre acostumem a fer jornada continuada (de 9 a 13h) i aquell dia fem un gran esmorzar col.lectiu amb dol\u00e7os, galetes, torrons, xocolates&#8230; que alguns diuen que caga el Ti\u00f3&#8230;<\/p>\n<p>&nbsp;<\/p>\n<p>&nbsp;<\/p>\n","protected":false},"excerpt":{"rendered":"<p>El mes de Desembre \u00e9s sense dubtes, el mes amb m\u00e9s activitats extres de l&#8217;any, gr\u00e0cies a la participaci\u00f3 de l&#8217;AMPA. Amb l&#8217;arribada del Ti\u00f3 s&#8217;inaugura la temporada de Nadal. Durant un parell de setmanes, de P3 a 2n, van engreixant el Ti\u00f3 amb dol\u00e7os, galetes, torrons, xocolates&#8230; fins que est\u00e0 preparat per cagar. No [&hellip;]<\/p>\n","protected":false},"author":1,"featured_media":0,"parent":374,"menu_order":4,"comment_status":"closed","ping_status":"closed","template":"page-templates\/side-menu.php","meta":{"_bbp_topic_count":0,"_bbp_reply_count":0,"_bbp_total_topic_count":0,"_bbp_total_reply_count":0,"_bbp_voice_count":0,"_bbp_anonymous_reply_count":0,"_bbp_topic_count_hidden":0,"_bbp_reply_count_hidden":0,"_bbp_forum_subforum_count":0,"site-sidebar-layout":"default","site-content-layout":"","ast-site-content-layout":"","site-content-style":"default","site-sidebar-style":"default","ast-global-header-display":"","ast-banner-title-visibility":"","ast-main-header-display":"","ast-hfb-above-header-display":"","ast-hfb-below-header-display":"","ast-hfb-mobile-header-display":"","site-post-title":"","ast-breadcrumbs-content":"","ast-featured-img":"","footer-sml-layout":"","theme-transparent-header-meta":"","adv-header-id-meta":"","stick-header-meta":"","header-above-stick-meta":"","header-main-stick-meta":"","header-below-stick-meta":"","astra-migrate-meta-layouts":"default","ast-page-background-enabled":"default","ast-page-background-meta":{"desktop":{"background-color":"var(--ast-global-color-4)","background-image":"","background-repeat":"repeat","background-position":"center center","background-size":"auto","background-attachment":"scroll","background-type":"","background-media":"","overlay-type":"","overlay-color":"","overlay-opacity":"","overlay-gradient":""},"tablet":{"background-color":"","background-image":"","background-repeat":"repeat","background-position":"center center","background-size":"auto","background-attachment":"scroll","background-type":"","background-media":"","overlay-type":"","overlay-color":"","overlay-opacity":"","overlay-gradient":""},"mobile":{"background-color":"","background-image":"","background-repeat":"repeat","background-position":"center center","background-size":"auto","background-attachment":"scroll","background-type":"","background-media":"","overlay-type":"","overlay-color":"","overlay-opacity":"","overlay-gradient":""}},"ast-content-background-meta":{"desktop":{"background-color":"var(--ast-global-color-5)","background-image":"","background-repeat":"repeat","background-position":"center center","background-size":"auto","background-attachment":"scroll","background-type":"","background-media":"","overlay-type":"","overlay-color":"","overlay-opacity":"","overlay-gradient":""},"tablet":{"background-color":"var(--ast-global-color-5)","background-image":"","background-repeat":"repeat","background-position":"center center","background-size":"auto","background-attachment":"scroll","background-type":"","background-media":"","overlay-type":"","overlay-color":"","overlay-opacity":"","overlay-gradient":""},"mobile":{"background-color":"var(--ast-global-color-5)","background-image":"","background-repeat":"repeat","background-position":"center center","background-size":"auto","background-attachment":"scroll","background-type":"","background-media":"","overlay-type":"","overlay-color":"","overlay-opacity":"","overlay-gradient":""}},"footnotes":""},"class_list":["post-435","page","type-page","status-publish","hentry"],"post_mailing_queue_ids":[],"_links":{"self":[{"href":"https:\/\/agora.xtec.cat\/ceip-mogent\/wp-json\/wp\/v2\/pages\/435","targetHints":{"allow":["GET"]}}],"collection":[{"href":"https:\/\/agora.xtec.cat\/ceip-mogent\/wp-json\/wp\/v2\/pages"}],"about":[{"href":"https:\/\/agora.xtec.cat\/ceip-mogent\/wp-json\/wp\/v2\/types\/page"}],"author":[{"embeddable":true,"href":"https:\/\/agora.xtec.cat\/ceip-mogent\/wp-json\/wp\/v2\/users\/1"}],"replies":[{"embeddable":true,"href":"https:\/\/agora.xtec.cat\/ceip-mogent\/wp-json\/wp\/v2\/comments?post=435"}],"version-history":[{"count":3,"href":"https:\/\/agora.xtec.cat\/ceip-mogent\/wp-json\/wp\/v2\/pages\/435\/revisions"}],"predecessor-version":[{"id":970,"href":"https:\/\/agora.xtec.cat\/ceip-mogent\/wp-json\/wp\/v2\/pages\/435\/revisions\/970"}],"up":[{"embeddable":true,"href":"https:\/\/agora.xtec.cat\/ceip-mogent\/wp-json\/wp\/v2\/pages\/374"}],"wp:attachment":[{"href":"https:\/\/agora.xtec.cat\/ceip-mogent\/wp-json\/wp\/v2\/media?parent=435"}],"curies":[{"name":"wp","href":"https:\/\/api.w.org\/{rel}","templated":true}]}}