{"id":427,"date":"2015-06-10T12:38:21","date_gmt":"2015-06-10T11:38:21","guid":{"rendered":"http:\/\/agora.xtec.cat\/ceip-mogent\/?page_id=427"},"modified":"2017-02-12T13:00:23","modified_gmt":"2017-02-12T12:00:23","slug":"carnaval","status":"publish","type":"page","link":"https:\/\/agora.xtec.cat\/ceip-mogent\/festes-i-celebracions\/carnaval\/","title":{"rendered":"Carnaval"},"content":{"rendered":"<p>El <a href=\"https:\/\/ca.wikipedia.org\/wiki\/Carnaval\" target=\"_blank\">Carnaval<\/a> a l&#8217;escola s&#8217;allarga des del dia del preg\u00f3 fins a dimecres de cendra.<\/p>\n<p>Els nens i nenes de 2n preparen <a href=\"https:\/\/goo.gl\/photos\/3st4fg32Xn1L6icP9\" target=\"_blank\">cartells per publicitar la rua<\/a>, i els enganxen als comer\u00e7os del poble, convidant a participar-hi.<\/p>\n<p style=\"text-align: left;\">El preg\u00f3 a l&#8217;escola va a c\u00e0rrec de l&#8217;AMPA i els nens i nenes de 6\u00e8. Sa Majestat el Rei dels Poca-soltes, llegeix davant de tots els nens i nenes de l&#8217;escola el manifest que declara la setmana boja, animant als nens a fer trapellades, rient dels mestres, i dictant <a href=\"https:\/\/goo.gl\/photos\/Z3K7KVUtG3mPPhuk7\" target=\"_blank\">les consignes m\u00e9s llun\u00e0tiques<\/a> que se li passin pel cap.<\/p>\n<p style=\"text-align: center;\"><a href=\"http:\/\/agora.xtec.cat\/ceip-mogent\/wp-content\/uploads\/usu40\/2016\/01\/66666666666666666666.jpg\"><img loading=\"lazy\" decoding=\"async\" class=\"alignnone wp-image-793\" src=\"http:\/\/agora.xtec.cat\/ceip-mogent\/wp-content\/uploads\/usu40\/2016\/01\/66666666666666666666-1024x768.jpg\" alt=\"66666666666666666666\" width=\"148\" height=\"111\" srcset=\"https:\/\/agora.xtec.cat\/ceip-mogent\/wp-content\/uploads\/usu40\/2016\/01\/66666666666666666666-1024x768.jpg 1024w, https:\/\/agora.xtec.cat\/ceip-mogent\/wp-content\/uploads\/usu40\/2016\/01\/66666666666666666666-300x225.jpg 300w, https:\/\/agora.xtec.cat\/ceip-mogent\/wp-content\/uploads\/usu40\/2016\/01\/66666666666666666666-200x150.jpg 200w\" sizes=\"auto, (max-width: 148px) 100vw, 148px\" \/> \u00a0\u00a0\u00a0<\/a><a href=\"http:\/\/agora.xtec.cat\/ceip-mogent\/wp-content\/uploads\/usu40\/2015\/06\/66.jpg\"><img loading=\"lazy\" decoding=\"async\" class=\"alignnone wp-image-799\" src=\"http:\/\/agora.xtec.cat\/ceip-mogent\/wp-content\/uploads\/usu40\/2015\/06\/66.jpg\" alt=\"66\" width=\"194\" height=\"109\" srcset=\"https:\/\/agora.xtec.cat\/ceip-mogent\/wp-content\/uploads\/usu40\/2015\/06\/66.jpg 700w, https:\/\/agora.xtec.cat\/ceip-mogent\/wp-content\/uploads\/usu40\/2015\/06\/66-300x169.jpg 300w\" sizes=\"auto, (max-width: 194px) 100vw, 194px\" \/><\/a><a href=\"http:\/\/agora.xtec.cat\/ceip-mogent\/wp-content\/uploads\/usu40\/2016\/01\/IMG_6046.jpg\">\u00a0\u00a0\u00a0 <img loading=\"lazy\" decoding=\"async\" class=\"alignnone wp-image-792\" src=\"http:\/\/agora.xtec.cat\/ceip-mogent\/wp-content\/uploads\/usu40\/2016\/01\/IMG_6046-1024x768.jpg\" alt=\"IMG_6046\" width=\"147\" height=\"110\" srcset=\"https:\/\/agora.xtec.cat\/ceip-mogent\/wp-content\/uploads\/usu40\/2016\/01\/IMG_6046-1024x768.jpg 1024w, https:\/\/agora.xtec.cat\/ceip-mogent\/wp-content\/uploads\/usu40\/2016\/01\/IMG_6046-300x225.jpg 300w, https:\/\/agora.xtec.cat\/ceip-mogent\/wp-content\/uploads\/usu40\/2016\/01\/IMG_6046-200x150.jpg 200w\" sizes=\"auto, (max-width: 147px) 100vw, 147px\" \/><\/a><\/p>\n<p>Segons marca la tradici\u00f3, el dijous abans de la rua, se celebra el Dijous Gras. A infantil, s\u2019esmorzen truites i m\u00e9s vianda cal\u00f2rica!<\/p>\n<p><a href=\"https:\/\/goo.gl\/photos\/XpEPFp4GhyzarfUi9\" target=\"_blank\"><img loading=\"lazy\" decoding=\"async\" class=\" wp-image-798 aligncenter\" src=\"http:\/\/agora.xtec.cat\/ceip-mogent\/wp-content\/uploads\/usu40\/2015\/06\/55.jpg\" alt=\"55\" width=\"156\" height=\"117\" srcset=\"https:\/\/agora.xtec.cat\/ceip-mogent\/wp-content\/uploads\/usu40\/2015\/06\/55.jpg 900w, https:\/\/agora.xtec.cat\/ceip-mogent\/wp-content\/uploads\/usu40\/2015\/06\/55-300x225.jpg 300w, https:\/\/agora.xtec.cat\/ceip-mogent\/wp-content\/uploads\/usu40\/2015\/06\/55-200x150.jpg 200w\" sizes=\"auto, (max-width: 156px) 100vw, 156px\" \/><\/a>A <a href=\"https:\/\/ca.wikipedia.org\/wiki\/Vella_Quaresma\" target=\"_blank\">la rua <\/a>participen tots els cursos de l&#8217;escola. Totes les aules van disfressades en relaci\u00f3 a un tema com\u00fa de l&#8217;escola (l&#8217;univers, el circ, els contes, els oficis, les matem\u00e0tiques, l&#8217;aigua, la hist\u00f2ria&#8230;) La disfressa es fabrica conjuntament a casa i a l&#8217;escola, intentant seguir algunes de les pautes d&#8217;escola verda: evitar comprar els elements de la disfressa, eliminar les bosses de pl\u00e0stic, fer servir material de rebuig&#8230; Es potencia la creativitat i l&#8217;originalitat!<\/p>\n<p><a href=\"https:\/\/goo.gl\/photos\/azqWNqjapTnnkcFi9\" target=\"_blank\"><img loading=\"lazy\" decoding=\"async\" class=\" wp-image-800 aligncenter\" src=\"http:\/\/agora.xtec.cat\/ceip-mogent\/wp-content\/uploads\/usu40\/2015\/06\/12.jpg\" alt=\"12\" width=\"216\" height=\"122\" srcset=\"https:\/\/agora.xtec.cat\/ceip-mogent\/wp-content\/uploads\/usu40\/2015\/06\/12.jpg 900w, https:\/\/agora.xtec.cat\/ceip-mogent\/wp-content\/uploads\/usu40\/2015\/06\/12-300x169.jpg 300w\" sizes=\"auto, (max-width: 216px) 100vw, 216px\" \/><\/a><\/p>\n<p><a href=\"https:\/\/ca.wikipedia.org\/wiki\/Enterrament_de_la_sardina\" target=\"_blank\">Dimecres de Cendra <\/a>la disbauxa acaba: en alguns llocs es crema al Rei Carnestoltes, en altres llocs, s\u2019enterra una sardina, i es d\u00f3na pas a l\u2019arribada de la Quaresma, que dicta unes normes molt estrictes de comportament i alimentaci\u00f3!<br \/>\nArriba amb les seves 7 cames, que els alumnes d&#8217;infantil van treient fins que arriben les vacances de Setmana Santa.<\/p>\n","protected":false},"excerpt":{"rendered":"<p>El Carnaval a l&#8217;escola s&#8217;allarga des del dia del preg\u00f3 fins a dimecres de cendra. Els nens i nenes de 2n preparen cartells per publicitar la rua, i els enganxen als comer\u00e7os del poble, convidant a participar-hi. El preg\u00f3 a l&#8217;escola va a c\u00e0rrec de l&#8217;AMPA i els nens i nenes de 6\u00e8. Sa Majestat [&hellip;]<\/p>\n","protected":false},"author":1,"featured_media":0,"parent":374,"menu_order":5,"comment_status":"closed","ping_status":"closed","template":"page-templates\/side-menu.php","meta":{"_bbp_topic_count":0,"_bbp_reply_count":0,"_bbp_total_topic_count":0,"_bbp_total_reply_count":0,"_bbp_voice_count":0,"_bbp_anonymous_reply_count":0,"_bbp_topic_count_hidden":0,"_bbp_reply_count_hidden":0,"_bbp_forum_subforum_count":0,"site-sidebar-layout":"default","site-content-layout":"","ast-site-content-layout":"","site-content-style":"default","site-sidebar-style":"default","ast-global-header-display":"","ast-banner-title-visibility":"","ast-main-header-display":"","ast-hfb-above-header-display":"","ast-hfb-below-header-display":"","ast-hfb-mobile-header-display":"","site-post-title":"","ast-breadcrumbs-content":"","ast-featured-img":"","footer-sml-layout":"","theme-transparent-header-meta":"","adv-header-id-meta":"","stick-header-meta":"","header-above-stick-meta":"","header-main-stick-meta":"","header-below-stick-meta":"","astra-migrate-meta-layouts":"default","ast-page-background-enabled":"default","ast-page-background-meta":{"desktop":{"background-color":"var(--ast-global-color-4)","background-image":"","background-repeat":"repeat","background-position":"center center","background-size":"auto","background-attachment":"scroll","background-type":"","background-media":"","overlay-type":"","overlay-color":"","overlay-opacity":"","overlay-gradient":""},"tablet":{"background-color":"","background-image":"","background-repeat":"repeat","background-position":"center center","background-size":"auto","background-attachment":"scroll","background-type":"","background-media":"","overlay-type":"","overlay-color":"","overlay-opacity":"","overlay-gradient":""},"mobile":{"background-color":"","background-image":"","background-repeat":"repeat","background-position":"center center","background-size":"auto","background-attachment":"scroll","background-type":"","background-media":"","overlay-type":"","overlay-color":"","overlay-opacity":"","overlay-gradient":""}},"ast-content-background-meta":{"desktop":{"background-color":"var(--ast-global-color-5)","background-image":"","background-repeat":"repeat","background-position":"center center","background-size":"auto","background-attachment":"scroll","background-type":"","background-media":"","overlay-type":"","overlay-color":"","overlay-opacity":"","overlay-gradient":""},"tablet":{"background-color":"var(--ast-global-color-5)","background-image":"","background-repeat":"repeat","background-position":"center center","background-size":"auto","background-attachment":"scroll","background-type":"","background-media":"","overlay-type":"","overlay-color":"","overlay-opacity":"","overlay-gradient":""},"mobile":{"background-color":"var(--ast-global-color-5)","background-image":"","background-repeat":"repeat","background-position":"center center","background-size":"auto","background-attachment":"scroll","background-type":"","background-media":"","overlay-type":"","overlay-color":"","overlay-opacity":"","overlay-gradient":""}},"footnotes":""},"class_list":["post-427","page","type-page","status-publish","hentry"],"post_mailing_queue_ids":[],"_links":{"self":[{"href":"https:\/\/agora.xtec.cat\/ceip-mogent\/wp-json\/wp\/v2\/pages\/427","targetHints":{"allow":["GET"]}}],"collection":[{"href":"https:\/\/agora.xtec.cat\/ceip-mogent\/wp-json\/wp\/v2\/pages"}],"about":[{"href":"https:\/\/agora.xtec.cat\/ceip-mogent\/wp-json\/wp\/v2\/types\/page"}],"author":[{"embeddable":true,"href":"https:\/\/agora.xtec.cat\/ceip-mogent\/wp-json\/wp\/v2\/users\/1"}],"replies":[{"embeddable":true,"href":"https:\/\/agora.xtec.cat\/ceip-mogent\/wp-json\/wp\/v2\/comments?post=427"}],"version-history":[{"count":3,"href":"https:\/\/agora.xtec.cat\/ceip-mogent\/wp-json\/wp\/v2\/pages\/427\/revisions"}],"predecessor-version":[{"id":821,"href":"https:\/\/agora.xtec.cat\/ceip-mogent\/wp-json\/wp\/v2\/pages\/427\/revisions\/821"}],"up":[{"embeddable":true,"href":"https:\/\/agora.xtec.cat\/ceip-mogent\/wp-json\/wp\/v2\/pages\/374"}],"wp:attachment":[{"href":"https:\/\/agora.xtec.cat\/ceip-mogent\/wp-json\/wp\/v2\/media?parent=427"}],"curies":[{"name":"wp","href":"https:\/\/api.w.org\/{rel}","templated":true}]}}