{"id":378,"date":"2015-06-09T13:17:47","date_gmt":"2015-06-09T12:17:47","guid":{"rendered":"http:\/\/agora.xtec.cat\/ceip-mogent\/?page_id=378"},"modified":"2017-02-12T13:00:05","modified_gmt":"2017-02-12T12:00:05","slug":"la-castanyada","status":"publish","type":"page","link":"https:\/\/agora.xtec.cat\/ceip-mogent\/festes-i-celebracions\/la-castanyada\/","title":{"rendered":"La Castanyada"},"content":{"rendered":"<p>Hi ha qui pensa que el costum de menjar castanyes i panellets prov\u00e9 del fet que durant la nit de <a title=\"Tots Sants\" href=\"http:\/\/ca.wikipedia.org\/wiki\/Tots_Sants\">Tots Sants<\/a>, vig\u00edlia del dia dels morts segons la tradici\u00f3 cristiana, es toca a morts seguit fins a la matinada; amics i parents ajuden els campaners a fer aquesta dura tasca, i tots plegats consumeixen aquests aliments per no defallir.<\/p>\n<p>A l&#8217;escola celebrem la festa fent receptes tradicionals a les aules:de P3 a 2n es fan <a href=\"https:\/\/plus.google.com\/photos\/100392483675198201981\/albums\/6214338815867418561?banner=pwa\" target=\"_blank\">panellets<\/a>, a 3r es fa <a href=\"https:\/\/goo.gl\/photos\/nx5PLxovbiXjxLsW6\" target=\"_blank\">codonyat<\/a>, a 4t es fa <a href=\"https:\/\/plus.google.com\/photos\/100392483675198201981\/albums\/6210291745871735137?banner=pwa\" target=\"_blank\">melmelada de carabassa<\/a>, amb les carabasses del <a href=\"https:\/\/plus.google.com\/photos\/100392483675198201981\/albums\/6203537588283302961\/6203531112862567570?banner=pwa&amp;pid=6203531112862567570&amp;oid=100392483675198201981\" target=\"_blank\">nostre hort<\/a>, a 5\u00e8 elaboren <a href=\"https:\/\/goo.gl\/photos\/sGwm4kwVdEdeK6Z66\" target=\"_blank\"><em>&#8220;huesitos de santo<\/em>&#8220;<\/a> i a 6\u00e8 castanyes en alm\u00edvar.<\/p>\n<p>A banda de les receptes, es preparen danses tradicionals a Cicle Inicial, contes i llegendes populars catalanes a Cicle Mitj\u00e0, i tradicions d&#8217;arreu del m\u00f3n a Cicle Superior. Tamb\u00e9 preparem entre tots una exposici\u00f3 amb obres fetes amb materials de la tardor.<\/p>\n<p><a href=\"http:\/\/agora.xtec.cat\/ceip-mogent\/wp-content\/uploads\/usu40\/2015\/06\/IMG_5522.jpg\"><img loading=\"lazy\" decoding=\"async\" class=\"alignnone wp-image-656\" src=\"http:\/\/agora.xtec.cat\/ceip-mogent\/wp-content\/uploads\/usu40\/2015\/06\/IMG_5522-1024x355.jpg\" alt=\"IMG_5522\" width=\"1021\" height=\"354\" srcset=\"https:\/\/agora.xtec.cat\/ceip-mogent\/wp-content\/uploads\/usu40\/2015\/06\/IMG_5522-1024x355.jpg 1024w, https:\/\/agora.xtec.cat\/ceip-mogent\/wp-content\/uploads\/usu40\/2015\/06\/IMG_5522-300x104.jpg 300w, https:\/\/agora.xtec.cat\/ceip-mogent\/wp-content\/uploads\/usu40\/2015\/06\/IMG_5522.jpg 1238w\" sizes=\"auto, (max-width: 1021px) 100vw, 1021px\" \/><\/a><\/p>\n<p>Aquell dia, 6\u00e8 celebra Halloween amb un <a href=\"https:\/\/goo.gl\/photos\/NkemHmvpa7h4tpGE9\" target=\"_blank\">ball de disfresses<\/a>.<\/p>\n<p>Les mares i pares participen disfressant-se al mat\u00ed de <a href=\"https:\/\/goo.gl\/photos\/uLTT2zRmrScb9sEx7\" target=\"_blank\">castanyeres<\/a> per convidar a tots els nens i nenes a la festa de la tarda, on es torren castanyes.<\/p>\n<p><a href=\"https:\/\/photos.google.com\/u\/1\/album\/AF1QipPhHoNldIs0g7s-ksHgucl54tZgAVPoMtUKFyGh\" target=\"_blank\"><img loading=\"lazy\" decoding=\"async\" class=\"size-medium wp-image-381 aligncenter\" src=\"http:\/\/agora.xtec.cat\/ceip-mogent\/wp-content\/uploads\/usu40\/2015\/06\/U37G2uspot9feHunfkxXTleTG5gIX9NRqF4YSXGZHQE8w621-h466-no-300x225.jpg\" alt=\"U37G2uspot9feHunfkxXTleTG5gIX9NRqF4YSXGZHQE8=w621-h466-no\" width=\"300\" height=\"225\" srcset=\"https:\/\/agora.xtec.cat\/ceip-mogent\/wp-content\/uploads\/usu40\/2015\/06\/U37G2uspot9feHunfkxXTleTG5gIX9NRqF4YSXGZHQE8w621-h466-no-300x225.jpg 300w, https:\/\/agora.xtec.cat\/ceip-mogent\/wp-content\/uploads\/usu40\/2015\/06\/U37G2uspot9feHunfkxXTleTG5gIX9NRqF4YSXGZHQE8w621-h466-no-200x150.jpg 200w, https:\/\/agora.xtec.cat\/ceip-mogent\/wp-content\/uploads\/usu40\/2015\/06\/U37G2uspot9feHunfkxXTleTG5gIX9NRqF4YSXGZHQE8w621-h466-no.jpg 621w\" sizes=\"auto, (max-width: 300px) 100vw, 300px\" \/><\/a><\/p>\n<p>&nbsp;<\/p>\n","protected":false},"excerpt":{"rendered":"<p>Hi ha qui pensa que el costum de menjar castanyes i panellets prov\u00e9 del fet que durant la nit de Tots Sants, vig\u00edlia del dia dels morts segons la tradici\u00f3 cristiana, es toca a morts seguit fins a la matinada; amics i parents ajuden els campaners a fer aquesta dura tasca, i tots plegats consumeixen [&hellip;]<\/p>\n","protected":false},"author":1,"featured_media":0,"parent":374,"menu_order":2,"comment_status":"closed","ping_status":"closed","template":"page-templates\/side-menu.php","meta":{"_bbp_topic_count":0,"_bbp_reply_count":0,"_bbp_total_topic_count":0,"_bbp_total_reply_count":0,"_bbp_voice_count":0,"_bbp_anonymous_reply_count":0,"_bbp_topic_count_hidden":0,"_bbp_reply_count_hidden":0,"_bbp_forum_subforum_count":0,"site-sidebar-layout":"default","site-content-layout":"","ast-site-content-layout":"","site-content-style":"default","site-sidebar-style":"default","ast-global-header-display":"","ast-banner-title-visibility":"","ast-main-header-display":"","ast-hfb-above-header-display":"","ast-hfb-below-header-display":"","ast-hfb-mobile-header-display":"","site-post-title":"","ast-breadcrumbs-content":"","ast-featured-img":"","footer-sml-layout":"","theme-transparent-header-meta":"","adv-header-id-meta":"","stick-header-meta":"","header-above-stick-meta":"","header-main-stick-meta":"","header-below-stick-meta":"","astra-migrate-meta-layouts":"default","ast-page-background-enabled":"default","ast-page-background-meta":{"desktop":{"background-color":"var(--ast-global-color-4)","background-image":"","background-repeat":"repeat","background-position":"center center","background-size":"auto","background-attachment":"scroll","background-type":"","background-media":"","overlay-type":"","overlay-color":"","overlay-opacity":"","overlay-gradient":""},"tablet":{"background-color":"","background-image":"","background-repeat":"repeat","background-position":"center center","background-size":"auto","background-attachment":"scroll","background-type":"","background-media":"","overlay-type":"","overlay-color":"","overlay-opacity":"","overlay-gradient":""},"mobile":{"background-color":"","background-image":"","background-repeat":"repeat","background-position":"center center","background-size":"auto","background-attachment":"scroll","background-type":"","background-media":"","overlay-type":"","overlay-color":"","overlay-opacity":"","overlay-gradient":""}},"ast-content-background-meta":{"desktop":{"background-color":"var(--ast-global-color-5)","background-image":"","background-repeat":"repeat","background-position":"center center","background-size":"auto","background-attachment":"scroll","background-type":"","background-media":"","overlay-type":"","overlay-color":"","overlay-opacity":"","overlay-gradient":""},"tablet":{"background-color":"var(--ast-global-color-5)","background-image":"","background-repeat":"repeat","background-position":"center center","background-size":"auto","background-attachment":"scroll","background-type":"","background-media":"","overlay-type":"","overlay-color":"","overlay-opacity":"","overlay-gradient":""},"mobile":{"background-color":"var(--ast-global-color-5)","background-image":"","background-repeat":"repeat","background-position":"center center","background-size":"auto","background-attachment":"scroll","background-type":"","background-media":"","overlay-type":"","overlay-color":"","overlay-opacity":"","overlay-gradient":""}},"footnotes":""},"class_list":["post-378","page","type-page","status-publish","hentry"],"post_mailing_queue_ids":[],"_links":{"self":[{"href":"https:\/\/agora.xtec.cat\/ceip-mogent\/wp-json\/wp\/v2\/pages\/378","targetHints":{"allow":["GET"]}}],"collection":[{"href":"https:\/\/agora.xtec.cat\/ceip-mogent\/wp-json\/wp\/v2\/pages"}],"about":[{"href":"https:\/\/agora.xtec.cat\/ceip-mogent\/wp-json\/wp\/v2\/types\/page"}],"author":[{"embeddable":true,"href":"https:\/\/agora.xtec.cat\/ceip-mogent\/wp-json\/wp\/v2\/users\/1"}],"replies":[{"embeddable":true,"href":"https:\/\/agora.xtec.cat\/ceip-mogent\/wp-json\/wp\/v2\/comments?post=378"}],"version-history":[{"count":3,"href":"https:\/\/agora.xtec.cat\/ceip-mogent\/wp-json\/wp\/v2\/pages\/378\/revisions"}],"predecessor-version":[{"id":779,"href":"https:\/\/agora.xtec.cat\/ceip-mogent\/wp-json\/wp\/v2\/pages\/378\/revisions\/779"}],"up":[{"embeddable":true,"href":"https:\/\/agora.xtec.cat\/ceip-mogent\/wp-json\/wp\/v2\/pages\/374"}],"wp:attachment":[{"href":"https:\/\/agora.xtec.cat\/ceip-mogent\/wp-json\/wp\/v2\/media?parent=378"}],"curies":[{"name":"wp","href":"https:\/\/api.w.org\/{rel}","templated":true}]}}