{"id":353,"date":"2015-06-09T11:36:14","date_gmt":"2015-06-09T10:36:14","guid":{"rendered":"http:\/\/agora.xtec.cat\/ceip-mogent\/?page_id=353"},"modified":"2021-03-09T09:39:17","modified_gmt":"2021-03-09T08:39:17","slug":"sortides","status":"publish","type":"page","link":"https:\/\/agora.xtec.cat\/ceip-mogent\/activitats-i-tallers\/sortides\/","title":{"rendered":"Sortides"},"content":{"rendered":"<p>Les sortides triades per a cada curs estan consensuades amb l&#8217;equip de cicle i aprovades pel Consell Escolar.<\/p>\n<p>Estan \u00edntimament lligades a la programaci\u00f3 d&#8217;aula, sent un complement als aprenentatges fora de l&#8217;aula, a la vegada que es treballen valors com l&#8217;autonomia, relacions socials, bagatge cultural.<\/p>\n<p>Diferenciem entre sortides locals a peu, per con\u00e8ixer i estimar el nostre poble i entorn proper, i sortides a altres municipis, amb transport.<\/p>\n<p>L&#8217;empresa contractada de transport \u00e9s escollida a inici de curs, assegurant-nos del seu compliment de la normativa vigent en quant a transport escolar.<\/p>\n<p>Com a escola oberta que fomenta la participaci\u00f3, oferim la possibilitat als pares i mares de ser &#8220;<em>monitors<\/em>&#8221; a les sortides, amb l&#8217;\u00fanic requisit d&#8217;assistir a una reuni\u00f3 informativa sobre la normativa a seguir.<\/p>\n<p>Quan hi ha una sortida, es rep una circular amb un termini per lliurar l&#8217;autoritzaci\u00f3 als tutors. L&#8217;import de la sortida \u00e9s carregat al n\u00famero de compte o pagar en efectiu a la secretaria del centre.<\/p>\n<p>Els usuaris fixes de menjador teniu opci\u00f3 a demanar picnic, segons els criteris de l&#8217;empresa adjudicat\u00e0ria.<\/p>\n<p>&nbsp;<\/p>\n","protected":false},"excerpt":{"rendered":"<p>Les sortides triades per a cada curs estan consensuades amb l&#8217;equip de cicle i aprovades pel Consell Escolar. Estan \u00edntimament lligades a la programaci\u00f3 d&#8217;aula, sent un complement als aprenentatges fora de l&#8217;aula, a la vegada que es treballen valors com l&#8217;autonomia, relacions socials, bagatge cultural. Diferenciem entre sortides locals a peu, per con\u00e8ixer i [&hellip;]<\/p>\n","protected":false},"author":1,"featured_media":0,"parent":386,"menu_order":9,"comment_status":"closed","ping_status":"closed","template":"page-templates\/side-menu.php","meta":{"_bbp_topic_count":0,"_bbp_reply_count":0,"_bbp_total_topic_count":0,"_bbp_total_reply_count":0,"_bbp_voice_count":0,"_bbp_anonymous_reply_count":0,"_bbp_topic_count_hidden":0,"_bbp_reply_count_hidden":0,"_bbp_forum_subforum_count":0,"site-sidebar-layout":"default","site-content-layout":"","ast-site-content-layout":"","site-content-style":"default","site-sidebar-style":"default","ast-global-header-display":"","ast-banner-title-visibility":"","ast-main-header-display":"","ast-hfb-above-header-display":"","ast-hfb-below-header-display":"","ast-hfb-mobile-header-display":"","site-post-title":"","ast-breadcrumbs-content":"","ast-featured-img":"","footer-sml-layout":"","theme-transparent-header-meta":"","adv-header-id-meta":"","stick-header-meta":"","header-above-stick-meta":"","header-main-stick-meta":"","header-below-stick-meta":"","astra-migrate-meta-layouts":"default","ast-page-background-enabled":"default","ast-page-background-meta":{"desktop":{"background-color":"var(--ast-global-color-4)","background-image":"","background-repeat":"repeat","background-position":"center center","background-size":"auto","background-attachment":"scroll","background-type":"","background-media":"","overlay-type":"","overlay-color":"","overlay-opacity":"","overlay-gradient":""},"tablet":{"background-color":"","background-image":"","background-repeat":"repeat","background-position":"center center","background-size":"auto","background-attachment":"scroll","background-type":"","background-media":"","overlay-type":"","overlay-color":"","overlay-opacity":"","overlay-gradient":""},"mobile":{"background-color":"","background-image":"","background-repeat":"repeat","background-position":"center center","background-size":"auto","background-attachment":"scroll","background-type":"","background-media":"","overlay-type":"","overlay-color":"","overlay-opacity":"","overlay-gradient":""}},"ast-content-background-meta":{"desktop":{"background-color":"var(--ast-global-color-5)","background-image":"","background-repeat":"repeat","background-position":"center center","background-size":"auto","background-attachment":"scroll","background-type":"","background-media":"","overlay-type":"","overlay-color":"","overlay-opacity":"","overlay-gradient":""},"tablet":{"background-color":"var(--ast-global-color-5)","background-image":"","background-repeat":"repeat","background-position":"center center","background-size":"auto","background-attachment":"scroll","background-type":"","background-media":"","overlay-type":"","overlay-color":"","overlay-opacity":"","overlay-gradient":""},"mobile":{"background-color":"var(--ast-global-color-5)","background-image":"","background-repeat":"repeat","background-position":"center center","background-size":"auto","background-attachment":"scroll","background-type":"","background-media":"","overlay-type":"","overlay-color":"","overlay-opacity":"","overlay-gradient":""}},"footnotes":""},"class_list":["post-353","page","type-page","status-publish","hentry"],"post_mailing_queue_ids":[],"_links":{"self":[{"href":"https:\/\/agora.xtec.cat\/ceip-mogent\/wp-json\/wp\/v2\/pages\/353","targetHints":{"allow":["GET"]}}],"collection":[{"href":"https:\/\/agora.xtec.cat\/ceip-mogent\/wp-json\/wp\/v2\/pages"}],"about":[{"href":"https:\/\/agora.xtec.cat\/ceip-mogent\/wp-json\/wp\/v2\/types\/page"}],"author":[{"embeddable":true,"href":"https:\/\/agora.xtec.cat\/ceip-mogent\/wp-json\/wp\/v2\/users\/1"}],"replies":[{"embeddable":true,"href":"https:\/\/agora.xtec.cat\/ceip-mogent\/wp-json\/wp\/v2\/comments?post=353"}],"version-history":[{"count":4,"href":"https:\/\/agora.xtec.cat\/ceip-mogent\/wp-json\/wp\/v2\/pages\/353\/revisions"}],"predecessor-version":[{"id":377,"href":"https:\/\/agora.xtec.cat\/ceip-mogent\/wp-json\/wp\/v2\/pages\/353\/revisions\/377"}],"up":[{"embeddable":true,"href":"https:\/\/agora.xtec.cat\/ceip-mogent\/wp-json\/wp\/v2\/pages\/386"}],"wp:attachment":[{"href":"https:\/\/agora.xtec.cat\/ceip-mogent\/wp-json\/wp\/v2\/media?parent=353"}],"curies":[{"name":"wp","href":"https:\/\/api.w.org\/{rel}","templated":true}]}}