{"id":28,"date":"2014-09-18T12:29:35","date_gmt":"2014-09-18T12:29:35","guid":{"rendered":"http:\/\/agora.xtec.cat\/ceip-mogent\/?page_id=28"},"modified":"2026-02-17T15:49:50","modified_gmt":"2026-02-17T14:49:50","slug":"consell-escolar","status":"publish","type":"page","link":"https:\/\/agora.xtec.cat\/ceip-mogent\/lescola\/consell-escolar\/","title":{"rendered":"Consell Escolar"},"content":{"rendered":"\n<p class=\"p1\">El Consell Escolar \u00e9s l\u2019\u00f2rgan de participaci\u00f3 de la comunitat escolar en el govern del centre. En resum, corresponen al consell escolar les funcions seg\u00fcents:<\/p>\n\n\n\n<p class=\"p1\">&#8211; Aprovar documentaci\u00f3 del centre (el projecte educatiu, la carta de comprom\u00eds educatiu, el pressupost i el rendiment de comptes, la programaci\u00f3 general anual de centre i <span style=\"line-height: 25.6px;\">les normes d\u2019organitzaci\u00f3 i funcionament), aix\u00ed com les<\/span><span style=\"font-family: inherit; font-size: 1em; line-height: 1.6;\">&nbsp;modificacions corresponents.<\/span><\/p>\n\n\n\n<p class=\"p1\">&#8211; Aprovar les propostes d\u2019acords de coresponsabilitat, convenis i altres acords de col\u00b7laboraci\u00f3 del centre amb entitats o institucions.<\/p>\n\n\n\n<p class=\"p1\">&#8211; Intervenir en el procediment d\u2019admissi\u00f3 d\u2019alumnes.<\/p>\n\n\n\n<p class=\"p1\">&#8211; Participar en el procediment de selecci\u00f3 i en la proposta de cessament del&nbsp;director o directora.<\/p>\n\n\n\n<p class=\"p1\">&#8211; Intervenir en la resoluci\u00f3 dels conflictes.<\/p>\n\n\n\n<p class=\"p1\">&#8211; Aprovar les directrius per a la programaci\u00f3 d\u2019activitats escolars complement\u00e0ries i d\u2019activitats extraescolars.<\/p>\n\n\n\n<p class=\"has-text-align-right p1\"><em>Teniu tota la informaci\u00f3 a la <a href=\"http:\/\/dogc.gencat.cat\/ca\/pdogc_canals_interns\/pdogc_resultats_fitxa\/?documentId=480169&amp;language=ca_ES&amp;action=fitxa\" target=\"_blank\" rel=\"noopener\">Llei 12\/2009, del 10 de juliol, d&#8217;eduaci\u00f3.<\/a><\/em><\/p>\n\n\n\n<p class=\"p2\">El Consell Escolar s&#8217;acostuma a reunir amb una periodicitat de 3 o 4 cops al llarg del curs, i est\u00e0 format per 18 membres:<\/p>\n\n\n\n<p class=\"p2\">Els 3 membres de l&#8217;Equip Directiu<\/p>\n\n\n\n<p class=\"p2\">5 representats del sector fam\u00edlies<\/p>\n\n\n\n<p class=\"p2\">1 Representant de l&#8217;AFA<\/p>\n\n\n\n<p class=\"p2\">6 respresentants del sector mestres<\/p>\n\n\n\n<p class=\"p2\">1 representant de l&#8217;Ajuntament<\/p>\n\n\n\n<p class=\"p2\">1 representant del personal no docent<\/p>\n\n\n\n<p class=\"p2\">1 representant de l&#8217;atenci\u00f3 educativa<\/p>\n\n\n\n<p class=\"p2\">Els membres es renoven parcialment cada dos anys seguint un proc\u00e9s d&#8217;eleccions.<\/p>\n\n\n\n<p><\/p>\n\n\n\n<h2 class=\"wp-block-heading has-medium-font-size\">Podeu consultar els<a href=\"https:\/\/agora.xtec.cat\/ceip-mogent\/lescola\/consell-escolar\/reunions-del-consell-escolar-curs-2016-2017\/\"> resums de les reunions del Consell Escolar<\/a><\/h2>\n\n\n\n<p><\/p>\n","protected":false},"excerpt":{"rendered":"<p>El Consell Escolar \u00e9s l\u2019\u00f2rgan de participaci\u00f3 de la comunitat escolar en el govern del centre. En resum, corresponen al consell escolar les funcions seg\u00fcents: &#8211; Aprovar documentaci\u00f3 del centre (el projecte educatiu, la carta de comprom\u00eds educatiu, el pressupost i el rendiment de comptes, la programaci\u00f3 general anual de centre i les normes d\u2019organitzaci\u00f3 [&hellip;]<\/p>\n","protected":false},"author":2,"featured_media":0,"parent":22,"menu_order":5,"comment_status":"closed","ping_status":"closed","template":"","meta":{"_bbp_topic_count":0,"_bbp_reply_count":0,"_bbp_total_topic_count":0,"_bbp_total_reply_count":0,"_bbp_voice_count":0,"_bbp_anonymous_reply_count":0,"_bbp_topic_count_hidden":0,"_bbp_reply_count_hidden":0,"_bbp_forum_subforum_count":0,"site-sidebar-layout":"default","site-content-layout":"","ast-site-content-layout":"default","site-content-style":"default","site-sidebar-style":"default","ast-global-header-display":"","ast-banner-title-visibility":"","ast-main-header-display":"","ast-hfb-above-header-display":"","ast-hfb-below-header-display":"","ast-hfb-mobile-header-display":"","site-post-title":"","ast-breadcrumbs-content":"","ast-featured-img":"","footer-sml-layout":"","theme-transparent-header-meta":"","adv-header-id-meta":"","stick-header-meta":"","header-above-stick-meta":"","header-main-stick-meta":"","header-below-stick-meta":"","astra-migrate-meta-layouts":"set","ast-page-background-enabled":"default","ast-page-background-meta":{"desktop":{"background-color":"var(--ast-global-color-4)","background-image":"","background-repeat":"repeat","background-position":"center center","background-size":"auto","background-attachment":"scroll","background-type":"","background-media":"","overlay-type":"","overlay-color":"","overlay-opacity":"","overlay-gradient":""},"tablet":{"background-color":"","background-image":"","background-repeat":"repeat","background-position":"center center","background-size":"auto","background-attachment":"scroll","background-type":"","background-media":"","overlay-type":"","overlay-color":"","overlay-opacity":"","overlay-gradient":""},"mobile":{"background-color":"","background-image":"","background-repeat":"repeat","background-position":"center center","background-size":"auto","background-attachment":"scroll","background-type":"","background-media":"","overlay-type":"","overlay-color":"","overlay-opacity":"","overlay-gradient":""}},"ast-content-background-meta":{"desktop":{"background-color":"var(--ast-global-color-5)","background-image":"","background-repeat":"repeat","background-position":"center center","background-size":"auto","background-attachment":"scroll","background-type":"","background-media":"","overlay-type":"","overlay-color":"","overlay-opacity":"","overlay-gradient":""},"tablet":{"background-color":"var(--ast-global-color-5)","background-image":"","background-repeat":"repeat","background-position":"center center","background-size":"auto","background-attachment":"scroll","background-type":"","background-media":"","overlay-type":"","overlay-color":"","overlay-opacity":"","overlay-gradient":""},"mobile":{"background-color":"var(--ast-global-color-5)","background-image":"","background-repeat":"repeat","background-position":"center center","background-size":"auto","background-attachment":"scroll","background-type":"","background-media":"","overlay-type":"","overlay-color":"","overlay-opacity":"","overlay-gradient":""}},"footnotes":""},"class_list":["post-28","page","type-page","status-publish","hentry"],"post_mailing_queue_ids":[],"_links":{"self":[{"href":"https:\/\/agora.xtec.cat\/ceip-mogent\/wp-json\/wp\/v2\/pages\/28","targetHints":{"allow":["GET"]}}],"collection":[{"href":"https:\/\/agora.xtec.cat\/ceip-mogent\/wp-json\/wp\/v2\/pages"}],"about":[{"href":"https:\/\/agora.xtec.cat\/ceip-mogent\/wp-json\/wp\/v2\/types\/page"}],"author":[{"embeddable":true,"href":"https:\/\/agora.xtec.cat\/ceip-mogent\/wp-json\/wp\/v2\/users\/2"}],"replies":[{"embeddable":true,"href":"https:\/\/agora.xtec.cat\/ceip-mogent\/wp-json\/wp\/v2\/comments?post=28"}],"version-history":[{"count":6,"href":"https:\/\/agora.xtec.cat\/ceip-mogent\/wp-json\/wp\/v2\/pages\/28\/revisions"}],"predecessor-version":[{"id":3939,"href":"https:\/\/agora.xtec.cat\/ceip-mogent\/wp-json\/wp\/v2\/pages\/28\/revisions\/3939"}],"up":[{"embeddable":true,"href":"https:\/\/agora.xtec.cat\/ceip-mogent\/wp-json\/wp\/v2\/pages\/22"}],"wp:attachment":[{"href":"https:\/\/agora.xtec.cat\/ceip-mogent\/wp-json\/wp\/v2\/media?parent=28"}],"curies":[{"name":"wp","href":"https:\/\/api.w.org\/{rel}","templated":true}]}}