{"id":276,"date":"2015-06-07T20:24:06","date_gmt":"2015-06-07T19:24:06","guid":{"rendered":"http:\/\/agora.xtec.cat\/ceip-mogent\/?page_id=276"},"modified":"2019-11-16T09:25:41","modified_gmt":"2019-11-16T08:25:41","slug":"patis","status":"publish","type":"page","link":"https:\/\/agora.xtec.cat\/ceip-mogent\/projecte-educatiu\/projectes-de-lescola\/patis\/","title":{"rendered":"Patis"},"content":{"rendered":"<p><a href=\"http:\/\/agora.xtec.cat\/ceip-mogent\/wp-content\/uploads\/usu40\/2015\/06\/Captura-de-pantalla-2014-09-22-a-las-11.50.56.png\"><img loading=\"lazy\" decoding=\"async\" class=\"wp-image-461 alignright\" src=\"http:\/\/agora.xtec.cat\/ceip-mogent\/wp-content\/uploads\/usu40\/2015\/06\/Captura-de-pantalla-2014-09-22-a-las-11.50.56-300x198.png\" alt=\"Captura de pantalla 2014-09-22 a las 11.50.56\" width=\"418\" height=\"276\" srcset=\"https:\/\/agora.xtec.cat\/ceip-mogent\/wp-content\/uploads\/usu40\/2015\/06\/Captura-de-pantalla-2014-09-22-a-las-11.50.56-300x198.png 300w, https:\/\/agora.xtec.cat\/ceip-mogent\/wp-content\/uploads\/usu40\/2015\/06\/Captura-de-pantalla-2014-09-22-a-las-11.50.56.png 1000w\" sizes=\"auto, (max-width: 418px) 100vw, 418px\" \/><\/a><\/p>\n<p>&nbsp;<\/p>\n<p>A l&#8217;escola Mogent tenim dos patis, el d&#8217;infantil i el de prim\u00e0ria, amb una organitzaci\u00f3 i uns espais diferenciats.<\/p>\n<p>Mentres que el pati d&#8217;infantil est\u00e0 pensat per a que els infants puguin descansar, jugar amb altres infants a jocs simb\u00f2lics i motrius i fer una descoberta sensorial, el pati de prim\u00e0ria va encaminat a que els nens i nenes puguin desenvolupar totes les intel.lig\u00e8ncies m\u00faltiples a l&#8217;hora de l&#8217;esbarjo.<\/p>\n<p>&nbsp;<\/p>\n<blockquote>\n<p style=\"text-align: right;\">&#8220;La intel\u2022lig\u00e8ncia \u00e9s la capacitat de resoldre i generar nous problemes.<br \/>\nElaborar nous productes que siguin valuosos en una o m\u00e9s cultures.<br \/>\nHi ha 8 tipus d&#8217;intel\u2022lig\u00e8ncia: la cin\u00e8tico-corporal, la musical,<br \/>\nla l\u00f2gico-matem\u00e0tica, la ling\u00fc\u00edstica, la interpersonal,<br \/>\nla intrapersonal, la visual-espacial i la naturalista.&#8221;<br \/>\nHoward Gadner<\/p>\n<\/blockquote>\n<p><a href=\"http:\/\/agora.xtec.cat\/ceip-mogent\/wp-content\/uploads\/usu40\/2015\/06\/Captura-de-pantalla-2014-09-22-a-las-11.50.59.png\"><img loading=\"lazy\" decoding=\"async\" class=\"wp-image-465 alignleft\" src=\"http:\/\/agora.xtec.cat\/ceip-mogent\/wp-content\/uploads\/usu40\/2015\/06\/Captura-de-pantalla-2014-09-22-a-las-11.50.59-300x198.png\" alt=\"Captura de pantalla 2014-09-22 a las 11.50.59\" width=\"427\" height=\"282\" srcset=\"https:\/\/agora.xtec.cat\/ceip-mogent\/wp-content\/uploads\/usu40\/2015\/06\/Captura-de-pantalla-2014-09-22-a-las-11.50.59-300x198.png 300w, https:\/\/agora.xtec.cat\/ceip-mogent\/wp-content\/uploads\/usu40\/2015\/06\/Captura-de-pantalla-2014-09-22-a-las-11.50.59.png 1000w\" sizes=\"auto, (max-width: 427px) 100vw, 427px\" \/><\/a><\/p>\n<p>&nbsp;<\/p>\n<p>&nbsp;<\/p>\n<p>El pati \u00e9s un espai plenamente educatiu, tan important com els espais interiors. All\u00e0 es donen uns tipus de joc i relacions pr\u00f2pies: les din\u00e0miques de grup s\u00f3n plenament vives (s&#8217;apr\u00e8n a socialitzar establint normes i es potencia el llenguatge), i ofereix a l\u2019hora unes possibilitats especifiques, com ara el contacte amb la natura, propostes de moviment, i contacte amb materials diferents que permetran el desenvolupament de les habilitats motrius.<\/p>\n<blockquote>\n<p style=\"text-align: right;\">&#8220;Les estones d\u2019esbarjo<br \/>\nhan de ser espais on es promou la cultura,<br \/>\nes fomenten els valors<br \/>\ni es proporcionen experi\u00e8ncies generadores d\u2019aprenentatge.&#8221;<br \/>\nEscola Sadako<\/p>\n<\/blockquote>\n<p>&nbsp;<\/p>\n<p>El disseny dels espais ha estat consensuat amb l&#8217;alumnat, que han aportat les seves idees a les reunions de delegats de prim\u00e0ria, i amb dibuixos i converses del &#8220;pati que somiem&#8221; a infantil.<\/p>\n<blockquote>\n<p style=\"text-align: right;\">&#8220;Es tracta de crear espais exteriors acollidors i bells,<br \/>\nespais que afavoreixin<br \/>\nno tan sols els moviments plens de vitalitat i de risc<br \/>\nsin\u00f3 tamb\u00e9 la intimitat i la tranquil\u2022litat.&#8221;<br \/>\nPenny Ritcher<\/p>\n<p style=\"text-align: right;\">\n<\/blockquote>\n<p><img loading=\"lazy\" decoding=\"async\" class=\" wp-image-469 alignright\" src=\"http:\/\/agora.xtec.cat\/ceip-mogent\/wp-content\/uploads\/usu40\/2015\/06\/Captura-de-pantalla-2014-09-22-a-las-11.50.49-300x197.png\" alt=\"Captura de pantalla 2014-09-22 a las 11.50.49\" width=\"407\" height=\"267\" srcset=\"https:\/\/agora.xtec.cat\/ceip-mogent\/wp-content\/uploads\/usu40\/2015\/06\/Captura-de-pantalla-2014-09-22-a-las-11.50.49-300x197.png 300w, https:\/\/agora.xtec.cat\/ceip-mogent\/wp-content\/uploads\/usu40\/2015\/06\/Captura-de-pantalla-2014-09-22-a-las-11.50.49.png 1000w\" sizes=\"auto, (max-width: 407px) 100vw, 407px\" \/><\/p>\n<p>&nbsp;<\/p>\n<p>Creiem que el pati no ha de ser nom\u00e9s un espai de joc, sin\u00f3 que ha de poder oferir espais de descans i de descoberta. Un espai agradable, divers, que incrementi la curiositat i que potencii el desenvolupament sensorial i motriu a trav\u00e8s de construir i destruir, d&#8217;anar al seu propi ritme, de v\u00e8ncer obstacles sol o acompanyat, de jugar amb elements naturals, de jugar amb l\u2019espai, d&#8217;experimentar i transformar, per contribuir a aconseguir un desenvolupament cognitiu i emocional \u00f2ptim.<\/p>\n","protected":false},"excerpt":{"rendered":"<p>&nbsp; A l&#8217;escola Mogent tenim dos patis, el d&#8217;infantil i el de prim\u00e0ria, amb una organitzaci\u00f3 i uns espais diferenciats. Mentres que el pati d&#8217;infantil est\u00e0 pensat per a que els infants puguin descansar, jugar amb altres infants a jocs simb\u00f2lics i motrius i fer una descoberta sensorial, el pati de prim\u00e0ria va encaminat a [&hellip;]<\/p>\n","protected":false},"author":1,"featured_media":0,"parent":1278,"menu_order":6,"comment_status":"closed","ping_status":"closed","template":"page-templates\/side-menu.php","meta":{"_bbp_topic_count":0,"_bbp_reply_count":0,"_bbp_total_topic_count":0,"_bbp_total_reply_count":0,"_bbp_voice_count":0,"_bbp_anonymous_reply_count":0,"_bbp_topic_count_hidden":0,"_bbp_reply_count_hidden":0,"_bbp_forum_subforum_count":0,"site-sidebar-layout":"default","site-content-layout":"","ast-site-content-layout":"","site-content-style":"default","site-sidebar-style":"default","ast-global-header-display":"","ast-banner-title-visibility":"","ast-main-header-display":"","ast-hfb-above-header-display":"","ast-hfb-below-header-display":"","ast-hfb-mobile-header-display":"","site-post-title":"","ast-breadcrumbs-content":"","ast-featured-img":"","footer-sml-layout":"","theme-transparent-header-meta":"","adv-header-id-meta":"","stick-header-meta":"","header-above-stick-meta":"","header-main-stick-meta":"","header-below-stick-meta":"","astra-migrate-meta-layouts":"default","ast-page-background-enabled":"default","ast-page-background-meta":{"desktop":{"background-color":"var(--ast-global-color-4)","background-image":"","background-repeat":"repeat","background-position":"center center","background-size":"auto","background-attachment":"scroll","background-type":"","background-media":"","overlay-type":"","overlay-color":"","overlay-opacity":"","overlay-gradient":""},"tablet":{"background-color":"","background-image":"","background-repeat":"repeat","background-position":"center center","background-size":"auto","background-attachment":"scroll","background-type":"","background-media":"","overlay-type":"","overlay-color":"","overlay-opacity":"","overlay-gradient":""},"mobile":{"background-color":"","background-image":"","background-repeat":"repeat","background-position":"center center","background-size":"auto","background-attachment":"scroll","background-type":"","background-media":"","overlay-type":"","overlay-color":"","overlay-opacity":"","overlay-gradient":""}},"ast-content-background-meta":{"desktop":{"background-color":"var(--ast-global-color-5)","background-image":"","background-repeat":"repeat","background-position":"center center","background-size":"auto","background-attachment":"scroll","background-type":"","background-media":"","overlay-type":"","overlay-color":"","overlay-opacity":"","overlay-gradient":""},"tablet":{"background-color":"var(--ast-global-color-5)","background-image":"","background-repeat":"repeat","background-position":"center center","background-size":"auto","background-attachment":"scroll","background-type":"","background-media":"","overlay-type":"","overlay-color":"","overlay-opacity":"","overlay-gradient":""},"mobile":{"background-color":"var(--ast-global-color-5)","background-image":"","background-repeat":"repeat","background-position":"center center","background-size":"auto","background-attachment":"scroll","background-type":"","background-media":"","overlay-type":"","overlay-color":"","overlay-opacity":"","overlay-gradient":""}},"footnotes":""},"class_list":["post-276","page","type-page","status-publish","hentry"],"post_mailing_queue_ids":[],"_links":{"self":[{"href":"https:\/\/agora.xtec.cat\/ceip-mogent\/wp-json\/wp\/v2\/pages\/276","targetHints":{"allow":["GET"]}}],"collection":[{"href":"https:\/\/agora.xtec.cat\/ceip-mogent\/wp-json\/wp\/v2\/pages"}],"about":[{"href":"https:\/\/agora.xtec.cat\/ceip-mogent\/wp-json\/wp\/v2\/types\/page"}],"author":[{"embeddable":true,"href":"https:\/\/agora.xtec.cat\/ceip-mogent\/wp-json\/wp\/v2\/users\/1"}],"replies":[{"embeddable":true,"href":"https:\/\/agora.xtec.cat\/ceip-mogent\/wp-json\/wp\/v2\/comments?post=276"}],"version-history":[{"count":3,"href":"https:\/\/agora.xtec.cat\/ceip-mogent\/wp-json\/wp\/v2\/pages\/276\/revisions"}],"predecessor-version":[{"id":473,"href":"https:\/\/agora.xtec.cat\/ceip-mogent\/wp-json\/wp\/v2\/pages\/276\/revisions\/473"}],"up":[{"embeddable":true,"href":"https:\/\/agora.xtec.cat\/ceip-mogent\/wp-json\/wp\/v2\/pages\/1278"}],"wp:attachment":[{"href":"https:\/\/agora.xtec.cat\/ceip-mogent\/wp-json\/wp\/v2\/media?parent=276"}],"curies":[{"name":"wp","href":"https:\/\/api.w.org\/{rel}","templated":true}]}}