{"id":270,"date":"2015-06-07T20:22:53","date_gmt":"2015-06-07T19:22:53","guid":{"rendered":"http:\/\/agora.xtec.cat\/ceip-mogent\/?page_id=270"},"modified":"2019-11-16T09:22:20","modified_gmt":"2019-11-16T08:22:20","slug":"socialitzacio-de-llibres","status":"publish","type":"page","link":"https:\/\/agora.xtec.cat\/ceip-mogent\/projecte-educatiu\/projectes-de-lescola\/socialitzacio-de-llibres\/","title":{"rendered":"Socialitzaci\u00f3 de llibres"},"content":{"rendered":"<p>L&#8217;escola va iniciar la seva participaci\u00f3 al <strong>programa de socialitzaci\u00f3 de llibres<\/strong> del Departament el curs 2006-2007, i hi vam participar tots els anys que es va convocar.<\/p>\n<p>Gr\u00e0cies a aquest programa, vam poder socialitzar tots els llibres de lectura guiada de prim\u00e0ria, en catal\u00e0, castell\u00e0 i angl\u00e8s, tots els diccionaris de catal\u00e0 i castell\u00e0, els llibres de destreses lectores de tota prim\u00e0ria, els llibres de conviv\u00e8ncia de Cicle Superior i els llibres de <a href=\"http:\/\/www.grupiref.org\/\" target=\"_blank\" rel=\"noopener noreferrer\">filosofia<\/a>.<\/p>\n<p>Com a <strong>escola inclusiva<\/strong>, treballem sense una editorial concreta, utilitzant quadernets i elaborant nosaltres mateixos les unitats de programaci\u00f3 i dossiers personalitzats, i ajudant-nos de quadernets d&#8217;ortografia i c\u00e0lcul.<\/p>\n<p>Aquest fet de treballar amb quadernets, juntament amb els llibres socialitzats, suposa un benefici econ\u00f2mic molt gran per a les fam\u00edlies. Podeu veure la taula comparativa a prop\u00f2sit d&#8217;un estudi fet l&#8217;any 2011 (no inclou la quota de l&#8217;AMPA de 18\u20ac anuals per fam\u00edlia)<\/p>\n<p><a href=\"http:\/\/agora.xtec.cat\/ceip-mogent\/wp-content\/uploads\/usu40\/2015\/06\/P9180003.jpg\"><img loading=\"lazy\" decoding=\"async\" class=\" wp-image-812\" src=\"http:\/\/agora.xtec.cat\/ceip-mogent\/wp-content\/uploads\/usu40\/2015\/06\/P9180003.jpg\" alt=\"OLYMPUS DIGITAL CAMERA\" width=\"923\" height=\"231\" srcset=\"https:\/\/agora.xtec.cat\/ceip-mogent\/wp-content\/uploads\/usu40\/2015\/06\/P9180003.jpg 991w, https:\/\/agora.xtec.cat\/ceip-mogent\/wp-content\/uploads\/usu40\/2015\/06\/P9180003-300x75.jpg 300w\" sizes=\"auto, (max-width: 923px) 100vw, 923px\" \/><\/a><\/p>\n<p>&nbsp;<\/p>\n<p>&nbsp;<\/p>\n<p>&nbsp;<\/p>\n","protected":false},"excerpt":{"rendered":"<p>L&#8217;escola va iniciar la seva participaci\u00f3 al programa de socialitzaci\u00f3 de llibres del Departament el curs 2006-2007, i hi vam participar tots els anys que es va convocar. Gr\u00e0cies a aquest programa, vam poder socialitzar tots els llibres de lectura guiada de prim\u00e0ria, en catal\u00e0, castell\u00e0 i angl\u00e8s, tots els diccionaris de catal\u00e0 i castell\u00e0, [&hellip;]<\/p>\n","protected":false},"author":1,"featured_media":0,"parent":1278,"menu_order":7,"comment_status":"closed","ping_status":"closed","template":"page-templates\/side-menu.php","meta":{"_bbp_topic_count":0,"_bbp_reply_count":0,"_bbp_total_topic_count":0,"_bbp_total_reply_count":0,"_bbp_voice_count":0,"_bbp_anonymous_reply_count":0,"_bbp_topic_count_hidden":0,"_bbp_reply_count_hidden":0,"_bbp_forum_subforum_count":0,"site-sidebar-layout":"default","site-content-layout":"","ast-site-content-layout":"","site-content-style":"default","site-sidebar-style":"default","ast-global-header-display":"","ast-banner-title-visibility":"","ast-main-header-display":"","ast-hfb-above-header-display":"","ast-hfb-below-header-display":"","ast-hfb-mobile-header-display":"","site-post-title":"","ast-breadcrumbs-content":"","ast-featured-img":"","footer-sml-layout":"","theme-transparent-header-meta":"","adv-header-id-meta":"","stick-header-meta":"","header-above-stick-meta":"","header-main-stick-meta":"","header-below-stick-meta":"","astra-migrate-meta-layouts":"default","ast-page-background-enabled":"default","ast-page-background-meta":{"desktop":{"background-color":"var(--ast-global-color-4)","background-image":"","background-repeat":"repeat","background-position":"center center","background-size":"auto","background-attachment":"scroll","background-type":"","background-media":"","overlay-type":"","overlay-color":"","overlay-opacity":"","overlay-gradient":""},"tablet":{"background-color":"","background-image":"","background-repeat":"repeat","background-position":"center center","background-size":"auto","background-attachment":"scroll","background-type":"","background-media":"","overlay-type":"","overlay-color":"","overlay-opacity":"","overlay-gradient":""},"mobile":{"background-color":"","background-image":"","background-repeat":"repeat","background-position":"center center","background-size":"auto","background-attachment":"scroll","background-type":"","background-media":"","overlay-type":"","overlay-color":"","overlay-opacity":"","overlay-gradient":""}},"ast-content-background-meta":{"desktop":{"background-color":"var(--ast-global-color-5)","background-image":"","background-repeat":"repeat","background-position":"center center","background-size":"auto","background-attachment":"scroll","background-type":"","background-media":"","overlay-type":"","overlay-color":"","overlay-opacity":"","overlay-gradient":""},"tablet":{"background-color":"var(--ast-global-color-5)","background-image":"","background-repeat":"repeat","background-position":"center center","background-size":"auto","background-attachment":"scroll","background-type":"","background-media":"","overlay-type":"","overlay-color":"","overlay-opacity":"","overlay-gradient":""},"mobile":{"background-color":"var(--ast-global-color-5)","background-image":"","background-repeat":"repeat","background-position":"center center","background-size":"auto","background-attachment":"scroll","background-type":"","background-media":"","overlay-type":"","overlay-color":"","overlay-opacity":"","overlay-gradient":""}},"footnotes":""},"class_list":["post-270","page","type-page","status-publish","hentry"],"post_mailing_queue_ids":[],"_links":{"self":[{"href":"https:\/\/agora.xtec.cat\/ceip-mogent\/wp-json\/wp\/v2\/pages\/270","targetHints":{"allow":["GET"]}}],"collection":[{"href":"https:\/\/agora.xtec.cat\/ceip-mogent\/wp-json\/wp\/v2\/pages"}],"about":[{"href":"https:\/\/agora.xtec.cat\/ceip-mogent\/wp-json\/wp\/v2\/types\/page"}],"author":[{"embeddable":true,"href":"https:\/\/agora.xtec.cat\/ceip-mogent\/wp-json\/wp\/v2\/users\/1"}],"replies":[{"embeddable":true,"href":"https:\/\/agora.xtec.cat\/ceip-mogent\/wp-json\/wp\/v2\/comments?post=270"}],"version-history":[{"count":3,"href":"https:\/\/agora.xtec.cat\/ceip-mogent\/wp-json\/wp\/v2\/pages\/270\/revisions"}],"predecessor-version":[{"id":1972,"href":"https:\/\/agora.xtec.cat\/ceip-mogent\/wp-json\/wp\/v2\/pages\/270\/revisions\/1972"}],"up":[{"embeddable":true,"href":"https:\/\/agora.xtec.cat\/ceip-mogent\/wp-json\/wp\/v2\/pages\/1278"}],"wp:attachment":[{"href":"https:\/\/agora.xtec.cat\/ceip-mogent\/wp-json\/wp\/v2\/media?parent=270"}],"curies":[{"name":"wp","href":"https:\/\/api.w.org\/{rel}","templated":true}]}}