{"id":239,"date":"2015-06-07T13:53:57","date_gmt":"2015-06-07T12:53:57","guid":{"rendered":"http:\/\/agora.xtec.cat\/ceip-mogent\/?page_id=239"},"modified":"2019-10-16T15:51:00","modified_gmt":"2019-10-16T13:51:00","slug":"filo","status":"publish","type":"page","link":"https:\/\/agora.xtec.cat\/ceip-mogent\/projecte-educatiu\/filo\/","title":{"rendered":"Filosofia educativa"},"content":{"rendered":"<p>L&#8217;Escola Mogent es defineix al seu <a href=\"http:\/\/agora.xtec.cat\/ceip-mogent\/wp-content\/uploads\/usu40\/2015\/06\/PEC-format-web.pdf\"><strong>Projecte Educatiu (PEC)<\/strong><\/a> com a <strong>escola inclusiva catalana<\/strong>. Oferim el necessari per donar les mateixes oportunitats a tots els infants. Per aix\u00f2\u00a0 comptem amb una Unitat de Suport a l&#8217;Educaci\u00f3 Especial (USEE) i treballem sense llibres.<\/p>\n<p>El fet de <strong>treballar amb quadernets\u00a0<\/strong>i no amb una editorial \u00fanica, comporta con\u00e8ixer molt b\u00e9 el curr\u00edculum i elaborar unes unitats de programaci\u00f3 acurades i dossiers propis d&#8217;acord amb l&#8217;entorn proper.<\/p>\n<p>Basant-nos en la <strong>cultura de l&#8217;esfor\u00e7<\/strong> i aplicant una <strong>metodologia constructivista<\/strong>, pretenem assolir un <strong>bon nivell de compet\u00e8ncies<\/strong> b\u00e0siques mitjan\u00e7ant un ampli ventall d&#8217;estrat\u00e8gies: treball cooperatiu, tallers, racons, treball individualitzat, projectes, agrupaments flexibles, dos mestres a l&#8217;aula i desdoblaments.<\/p>\n<p>Donem la mateixa import\u00e0ncia a la comprensi\u00f3 i a l&#8217;expressi\u00f3, tant oral com escrita, de <strong>les tres lleng\u00fces<\/strong>: catal\u00e0, castell\u00e0 i angl\u00e8s.<\/p>\n<p>Considerem que <strong>la compet\u00e8ncia matem\u00e0tica i la digital<\/strong> s\u00f3n indispensables per al progr\u00e9s de la ci\u00e8ncia i la humanitat, donant pas a la creativitat a l&#8217;hora de resoldre situacions i problemes.<\/p>\n<p>Com a escola compromesa amb el medi ambient i el futur treballem per la <strong>sostenibilitat<\/strong>, el respecte a l&#8217;entorn social i natural, seguint la ruta de les escoles verdes i treballant en xarxa amb les institucions municipals.<\/p>\n<p>Tot aix\u00f2 comporta una <strong>educaci\u00f3 integral<\/strong> com a persona, fonamentada en els valors de la <strong>conviv\u00e8ncia<\/strong> i la <strong>democr\u00e0cia<\/strong>.<\/p>\n","protected":false},"excerpt":{"rendered":"<p>L&#8217;Escola Mogent es defineix al seu Projecte Educatiu (PEC) com a escola inclusiva catalana. Oferim el necessari per donar les mateixes oportunitats a tots els infants. Per aix\u00f2\u00a0 comptem amb una Unitat de Suport a l&#8217;Educaci\u00f3 Especial (USEE) i treballem sense llibres. El fet de treballar amb quadernets\u00a0i no amb una editorial \u00fanica, comporta con\u00e8ixer [&hellip;]<\/p>\n","protected":false},"author":1,"featured_media":0,"parent":64,"menu_order":1,"comment_status":"closed","ping_status":"closed","template":"page-templates\/side-menu.php","meta":{"_bbp_topic_count":0,"_bbp_reply_count":0,"_bbp_total_topic_count":0,"_bbp_total_reply_count":0,"_bbp_voice_count":0,"_bbp_anonymous_reply_count":0,"_bbp_topic_count_hidden":0,"_bbp_reply_count_hidden":0,"_bbp_forum_subforum_count":0,"site-sidebar-layout":"default","site-content-layout":"","ast-site-content-layout":"","site-content-style":"default","site-sidebar-style":"default","ast-global-header-display":"","ast-banner-title-visibility":"","ast-main-header-display":"","ast-hfb-above-header-display":"","ast-hfb-below-header-display":"","ast-hfb-mobile-header-display":"","site-post-title":"","ast-breadcrumbs-content":"","ast-featured-img":"","footer-sml-layout":"","theme-transparent-header-meta":"","adv-header-id-meta":"","stick-header-meta":"","header-above-stick-meta":"","header-main-stick-meta":"","header-below-stick-meta":"","astra-migrate-meta-layouts":"default","ast-page-background-enabled":"default","ast-page-background-meta":{"desktop":{"background-color":"var(--ast-global-color-4)","background-image":"","background-repeat":"repeat","background-position":"center center","background-size":"auto","background-attachment":"scroll","background-type":"","background-media":"","overlay-type":"","overlay-color":"","overlay-opacity":"","overlay-gradient":""},"tablet":{"background-color":"","background-image":"","background-repeat":"repeat","background-position":"center center","background-size":"auto","background-attachment":"scroll","background-type":"","background-media":"","overlay-type":"","overlay-color":"","overlay-opacity":"","overlay-gradient":""},"mobile":{"background-color":"","background-image":"","background-repeat":"repeat","background-position":"center center","background-size":"auto","background-attachment":"scroll","background-type":"","background-media":"","overlay-type":"","overlay-color":"","overlay-opacity":"","overlay-gradient":""}},"ast-content-background-meta":{"desktop":{"background-color":"var(--ast-global-color-5)","background-image":"","background-repeat":"repeat","background-position":"center center","background-size":"auto","background-attachment":"scroll","background-type":"","background-media":"","overlay-type":"","overlay-color":"","overlay-opacity":"","overlay-gradient":""},"tablet":{"background-color":"var(--ast-global-color-5)","background-image":"","background-repeat":"repeat","background-position":"center center","background-size":"auto","background-attachment":"scroll","background-type":"","background-media":"","overlay-type":"","overlay-color":"","overlay-opacity":"","overlay-gradient":""},"mobile":{"background-color":"var(--ast-global-color-5)","background-image":"","background-repeat":"repeat","background-position":"center center","background-size":"auto","background-attachment":"scroll","background-type":"","background-media":"","overlay-type":"","overlay-color":"","overlay-opacity":"","overlay-gradient":""}},"footnotes":""},"class_list":["post-239","page","type-page","status-publish","hentry"],"post_mailing_queue_ids":[],"_links":{"self":[{"href":"https:\/\/agora.xtec.cat\/ceip-mogent\/wp-json\/wp\/v2\/pages\/239","targetHints":{"allow":["GET"]}}],"collection":[{"href":"https:\/\/agora.xtec.cat\/ceip-mogent\/wp-json\/wp\/v2\/pages"}],"about":[{"href":"https:\/\/agora.xtec.cat\/ceip-mogent\/wp-json\/wp\/v2\/types\/page"}],"author":[{"embeddable":true,"href":"https:\/\/agora.xtec.cat\/ceip-mogent\/wp-json\/wp\/v2\/users\/1"}],"replies":[{"embeddable":true,"href":"https:\/\/agora.xtec.cat\/ceip-mogent\/wp-json\/wp\/v2\/comments?post=239"}],"version-history":[{"count":3,"href":"https:\/\/agora.xtec.cat\/ceip-mogent\/wp-json\/wp\/v2\/pages\/239\/revisions"}],"predecessor-version":[{"id":1250,"href":"https:\/\/agora.xtec.cat\/ceip-mogent\/wp-json\/wp\/v2\/pages\/239\/revisions\/1250"}],"up":[{"embeddable":true,"href":"https:\/\/agora.xtec.cat\/ceip-mogent\/wp-json\/wp\/v2\/pages\/64"}],"wp:attachment":[{"href":"https:\/\/agora.xtec.cat\/ceip-mogent\/wp-json\/wp\/v2\/media?parent=239"}],"curies":[{"name":"wp","href":"https:\/\/api.w.org\/{rel}","templated":true}]}}