{"id":1858,"date":"2019-06-12T11:49:32","date_gmt":"2019-06-12T09:49:32","guid":{"rendered":"http:\/\/agora.xtec.cat\/ceip-mogent\/?page_id=1858"},"modified":"2021-01-13T19:18:09","modified_gmt":"2021-01-13T18:18:09","slug":"que-avaluem-a-cada-curs","status":"publish","type":"page","link":"https:\/\/agora.xtec.cat\/ceip-mogent\/projecte-educatiu\/que-avaluem-a-cada-curs\/","title":{"rendered":"Qu\u00e8 avaluem a cada curs?"},"content":{"rendered":"<p>Aqu\u00ed podeu trobar els continguts (qu\u00e8 treballem) i els criteris (qu\u00e8 avaluem) de cada curs.<br \/>\nAquests criteris i continguts poden variar de trimestre segons els projectes que es treballin, segons la durada del trimestre i segons les sortides i tallers programats.<br \/>\nAquestes variacions s&#8217;aniran comunicant amb les actualitzacions dels <strong><a href=\"https:\/\/agora.xtec.cat\/ceip-mogent\/nivells\/\">blogs de cada cicle<\/a>.<\/strong><\/p>\n<p>&nbsp;<\/p>\n<h3><strong><a href=\"https:\/\/agora.xtec.cat\/ceip-mogent\/wp-content\/uploads\/usu40\/2018\/11\/Criteris-P3.pdf\">P3<\/a>\u00a0\u00a0\u00a0\u00a0\u00a0\u00a0 <a href=\"https:\/\/agora.xtec.cat\/ceip-mogent\/wp-content\/uploads\/usu40\/2018\/11\/Criteris-P4.pdf\">P4<\/a>\u00a0\u00a0\u00a0\u00a0 <a href=\"https:\/\/agora.xtec.cat\/ceip-mogent\/wp-content\/uploads\/usu40\/2021\/01\/CONTINGUTS-CRITERIS-P5.pdf\">P5<\/a><\/strong><\/h3>\n<h3><strong><a href=\"https:\/\/agora.xtec.cat\/ceip-mogent\/wp-content\/uploads\/usu40\/2018\/11\/Criteris-1r.pdf\">1r\u00a0<\/a>\u00a0 \u00a0\u00a0 \u00a0<a href=\"https:\/\/agora.xtec.cat\/ceip-mogent\/wp-content\/uploads\/usu40\/2018\/11\/Criteris-2n-1.pdf\"> 2n\u00a0<\/a> \u00a0 \u00a0 <a href=\"https:\/\/agora.xtec.cat\/ceip-mogent\/wp-content\/uploads\/usu40\/2018\/11\/Criteris-3r.pdf\">3r<\/a><\/strong><\/h3>\n<h3><strong><a href=\"https:\/\/agora.xtec.cat\/ceip-mogent\/wp-content\/uploads\/usu40\/2018\/11\/Criteris-4t.pdf\">4t<\/a> \u00a0 \u00a0 \u00a0\u00a0 <a href=\"https:\/\/agora.xtec.cat\/ceip-mogent\/wp-content\/uploads\/usu40\/2018\/11\/Criteris-5e\u0300.pdf\">5\u00e8<\/a>\u00a0 \u00a0 \u00a0 <a href=\"https:\/\/agora.xtec.cat\/ceip-mogent\/wp-content\/uploads\/usu40\/2018\/11\/Criteris-6e\u0300.pdf\">6\u00e8<\/a>\u00a0\u00a0<\/strong><\/h3>\n","protected":false},"excerpt":{"rendered":"<p>Aqu\u00ed podeu trobar els continguts (qu\u00e8 treballem) i els criteris (qu\u00e8 avaluem) de cada curs. Aquests criteris i continguts poden variar de trimestre segons els projectes que es treballin, segons la durada del trimestre i segons les sortides i tallers programats. Aquestes variacions s&#8217;aniran comunicant amb les actualitzacions dels blogs de cada cicle. &nbsp; P3\u00a0\u00a0\u00a0\u00a0\u00a0\u00a0 [&hellip;]<\/p>\n","protected":false},"author":1,"featured_media":0,"parent":64,"menu_order":6,"comment_status":"closed","ping_status":"closed","template":"page-templates\/side-menu.php","meta":{"_bbp_topic_count":0,"_bbp_reply_count":0,"_bbp_total_topic_count":0,"_bbp_total_reply_count":0,"_bbp_voice_count":0,"_bbp_anonymous_reply_count":0,"_bbp_topic_count_hidden":0,"_bbp_reply_count_hidden":0,"_bbp_forum_subforum_count":0,"site-sidebar-layout":"default","site-content-layout":"","ast-site-content-layout":"","site-content-style":"default","site-sidebar-style":"default","ast-global-header-display":"","ast-banner-title-visibility":"","ast-main-header-display":"","ast-hfb-above-header-display":"","ast-hfb-below-header-display":"","ast-hfb-mobile-header-display":"","site-post-title":"","ast-breadcrumbs-content":"","ast-featured-img":"","footer-sml-layout":"","theme-transparent-header-meta":"","adv-header-id-meta":"","stick-header-meta":"","header-above-stick-meta":"","header-main-stick-meta":"","header-below-stick-meta":"","astra-migrate-meta-layouts":"default","ast-page-background-enabled":"default","ast-page-background-meta":{"desktop":{"background-color":"var(--ast-global-color-4)","background-image":"","background-repeat":"repeat","background-position":"center center","background-size":"auto","background-attachment":"scroll","background-type":"","background-media":"","overlay-type":"","overlay-color":"","overlay-opacity":"","overlay-gradient":""},"tablet":{"background-color":"","background-image":"","background-repeat":"repeat","background-position":"center center","background-size":"auto","background-attachment":"scroll","background-type":"","background-media":"","overlay-type":"","overlay-color":"","overlay-opacity":"","overlay-gradient":""},"mobile":{"background-color":"","background-image":"","background-repeat":"repeat","background-position":"center center","background-size":"auto","background-attachment":"scroll","background-type":"","background-media":"","overlay-type":"","overlay-color":"","overlay-opacity":"","overlay-gradient":""}},"ast-content-background-meta":{"desktop":{"background-color":"var(--ast-global-color-5)","background-image":"","background-repeat":"repeat","background-position":"center center","background-size":"auto","background-attachment":"scroll","background-type":"","background-media":"","overlay-type":"","overlay-color":"","overlay-opacity":"","overlay-gradient":""},"tablet":{"background-color":"var(--ast-global-color-5)","background-image":"","background-repeat":"repeat","background-position":"center center","background-size":"auto","background-attachment":"scroll","background-type":"","background-media":"","overlay-type":"","overlay-color":"","overlay-opacity":"","overlay-gradient":""},"mobile":{"background-color":"var(--ast-global-color-5)","background-image":"","background-repeat":"repeat","background-position":"center center","background-size":"auto","background-attachment":"scroll","background-type":"","background-media":"","overlay-type":"","overlay-color":"","overlay-opacity":"","overlay-gradient":""}},"footnotes":""},"class_list":["post-1858","page","type-page","status-publish","hentry"],"post_mailing_queue_ids":[],"_links":{"self":[{"href":"https:\/\/agora.xtec.cat\/ceip-mogent\/wp-json\/wp\/v2\/pages\/1858","targetHints":{"allow":["GET"]}}],"collection":[{"href":"https:\/\/agora.xtec.cat\/ceip-mogent\/wp-json\/wp\/v2\/pages"}],"about":[{"href":"https:\/\/agora.xtec.cat\/ceip-mogent\/wp-json\/wp\/v2\/types\/page"}],"author":[{"embeddable":true,"href":"https:\/\/agora.xtec.cat\/ceip-mogent\/wp-json\/wp\/v2\/users\/1"}],"replies":[{"embeddable":true,"href":"https:\/\/agora.xtec.cat\/ceip-mogent\/wp-json\/wp\/v2\/comments?post=1858"}],"version-history":[{"count":3,"href":"https:\/\/agora.xtec.cat\/ceip-mogent\/wp-json\/wp\/v2\/pages\/1858\/revisions"}],"predecessor-version":[{"id":2562,"href":"https:\/\/agora.xtec.cat\/ceip-mogent\/wp-json\/wp\/v2\/pages\/1858\/revisions\/2562"}],"up":[{"embeddable":true,"href":"https:\/\/agora.xtec.cat\/ceip-mogent\/wp-json\/wp\/v2\/pages\/64"}],"wp:attachment":[{"href":"https:\/\/agora.xtec.cat\/ceip-mogent\/wp-json\/wp\/v2\/media?parent=1858"}],"curies":[{"name":"wp","href":"https:\/\/api.w.org\/{rel}","templated":true}]}}