{"id":1623,"date":"2018-03-07T18:52:01","date_gmt":"2018-03-07T17:52:01","guid":{"rendered":"http:\/\/agora.xtec.cat\/ceip-mogent\/?page_id=1623"},"modified":"2026-02-20T10:00:51","modified_gmt":"2026-02-20T09:00:51","slug":"que-son-els-aprenentatges-competencials","status":"publish","type":"page","link":"https:\/\/agora.xtec.cat\/ceip-mogent\/lescola\/preguntes-frequents\/que-son-els-aprenentatges-competencials\/","title":{"rendered":"Qu\u00e8 s\u00f3n els aprenentatges competencials?"},"content":{"rendered":"<p>Els conceptes que s\u2019aprenen a <strong>matem\u00e0tiques<\/strong> els apliquem a l\u2019\u00e0rea de medi social i natural (lectura de gr\u00e0fics, estad\u00edstiques, pl\u00e0nols, escales, percentatges) Les mesures, angles i volum els utilitzem a pl\u00e0stica.<\/p>\n<p>Treballem la <strong>llengua<\/strong> <strong>escrita<\/strong> sistem\u00e0ticament en els tallers de llengua, on treballem tot tipus de textos (l\u2019exposici\u00f3, l&#8217;argumentaci\u00f3, la descripci\u00f3, la narraci\u00f3, la nota, la not\u00edcia, el correu electr\u00f2nic&#8230;) que s&#8217;apliquen a totes les \u00e0rees de la prim\u00e0ria.<\/p>\n<p>A la <strong>llengua oral<\/strong> apliquem les estructures, el vocabulari, el to, la pron\u00fancia a converses, debats, assemblees, exposicions orals, roll-play, entrevistes&#8230;<\/p>\n<p>La l<strong>ectura comprensiva<\/strong> i la <strong>literatura<\/strong> la treballem a trav\u00e9s de la lectura guiada, el llibre de calaix, les not\u00edcies actuals, les lectures matinals, la lectura en fam\u00edlia, el bibliopati.<\/p>\n<p>La <strong>llengua oral anglesa<\/strong> es treballa amb el projecte biling\u00fce english-cat, que s\u00f3n aprenentatges de rutines, h\u00e0bits i refor\u00e7 de conceptes b\u00e0sics de les diferents \u00e0rees en catal\u00e0 i angl\u00e8s.<\/p>\n<p>La <strong>pl\u00e0stica<\/strong> la treballem mitjan\u00e7ant tallers de pintura, dibuix , modelatge i teatre, sempre amb unes pautes est\u00e8tiques d\u2019exposici\u00f3 de feines dels nens consensuades a nivell d\u2019escola . La m\u00fasica es treballa la percepci\u00f3 i la creaci\u00f3 amb sortides musicals. Col\u00b7laborem amb l\u2019escola municipal de m\u00fasica i participem en\u00a0projectes musicals de la comarca.<\/p>\n<p>La <strong>compet\u00e8ncia digital<\/strong> la treballem a totes les \u00e0rees mitjan\u00e7ant l\u2019entorn virtual, formaci\u00f3 en instruments i aplicacions, la recerca pautada i guiada en internet, i la seguretat i el treball \u00e8tic sobre les noves tecnologies.<\/p>\n<p>L\u2019<strong>educaci\u00f3 en valors<\/strong> es treballa a totes les \u00e0rees i en tot l\u2019horari escolar, impl\u00edcitament es treballa el sentit cr\u00edtic, la solidaritat, la coeducaci\u00f3, la inclusi\u00f3, saber conviure amb els altres, la sostenibilitat i de manera expl\u00edcita a les assemblees i les tutories individuals i col\u00b7lectives.<\/p>\n<p>Els nens aprenen a saber com van en el seu propi aprenentatge a totes les \u00e0rees, quines coses els hi costen, en quines coses s\u2019han d\u2019esfor\u00e7ar&#8230; mitjan\u00e7ant la seva autoavaluaci\u00f3. \u00c9s la compet\u00e8ncia d&#8217;<strong>aprendre a aprendre.<\/strong><\/p>\n<p>Els nens aprenen a tenir l\u2019autonomia pr\u00f2pia de la seva edat, sobretot complint amb les seves responsabilitats. \u00c9s la compet\u00e8ncia d&#8217;<strong>iniciativa i autonomia personal.<\/strong><\/p>\n","protected":false},"excerpt":{"rendered":"<p>Els conceptes que s\u2019aprenen a matem\u00e0tiques els apliquem a l\u2019\u00e0rea de medi social i natural (lectura de gr\u00e0fics, estad\u00edstiques, pl\u00e0nols, escales, percentatges) Les mesures, angles i volum els utilitzem a pl\u00e0stica. Treballem la llengua escrita sistem\u00e0ticament en els tallers de llengua, on treballem tot tipus de textos (l\u2019exposici\u00f3, l&#8217;argumentaci\u00f3, la descripci\u00f3, la narraci\u00f3, la nota, [&hellip;]<\/p>\n","protected":false},"author":1,"featured_media":0,"parent":1556,"menu_order":20,"comment_status":"closed","ping_status":"closed","template":"","meta":{"_bbp_topic_count":0,"_bbp_reply_count":0,"_bbp_total_topic_count":0,"_bbp_total_reply_count":0,"_bbp_voice_count":0,"_bbp_anonymous_reply_count":0,"_bbp_topic_count_hidden":0,"_bbp_reply_count_hidden":0,"_bbp_forum_subforum_count":0,"site-sidebar-layout":"default","site-content-layout":"","ast-site-content-layout":"default","site-content-style":"default","site-sidebar-style":"default","ast-global-header-display":"","ast-banner-title-visibility":"","ast-main-header-display":"","ast-hfb-above-header-display":"","ast-hfb-below-header-display":"","ast-hfb-mobile-header-display":"","site-post-title":"","ast-breadcrumbs-content":"","ast-featured-img":"","footer-sml-layout":"","theme-transparent-header-meta":"","adv-header-id-meta":"","stick-header-meta":"","header-above-stick-meta":"","header-main-stick-meta":"","header-below-stick-meta":"","astra-migrate-meta-layouts":"set","ast-page-background-enabled":"default","ast-page-background-meta":{"desktop":{"background-color":"var(--ast-global-color-4)","background-image":"","background-repeat":"repeat","background-position":"center center","background-size":"auto","background-attachment":"scroll","background-type":"","background-media":"","overlay-type":"","overlay-color":"","overlay-opacity":"","overlay-gradient":""},"tablet":{"background-color":"","background-image":"","background-repeat":"repeat","background-position":"center center","background-size":"auto","background-attachment":"scroll","background-type":"","background-media":"","overlay-type":"","overlay-color":"","overlay-opacity":"","overlay-gradient":""},"mobile":{"background-color":"","background-image":"","background-repeat":"repeat","background-position":"center center","background-size":"auto","background-attachment":"scroll","background-type":"","background-media":"","overlay-type":"","overlay-color":"","overlay-opacity":"","overlay-gradient":""}},"ast-content-background-meta":{"desktop":{"background-color":"var(--ast-global-color-5)","background-image":"","background-repeat":"repeat","background-position":"center center","background-size":"auto","background-attachment":"scroll","background-type":"","background-media":"","overlay-type":"","overlay-color":"","overlay-opacity":"","overlay-gradient":""},"tablet":{"background-color":"var(--ast-global-color-5)","background-image":"","background-repeat":"repeat","background-position":"center center","background-size":"auto","background-attachment":"scroll","background-type":"","background-media":"","overlay-type":"","overlay-color":"","overlay-opacity":"","overlay-gradient":""},"mobile":{"background-color":"var(--ast-global-color-5)","background-image":"","background-repeat":"repeat","background-position":"center center","background-size":"auto","background-attachment":"scroll","background-type":"","background-media":"","overlay-type":"","overlay-color":"","overlay-opacity":"","overlay-gradient":""}},"footnotes":""},"class_list":["post-1623","page","type-page","status-publish","hentry"],"post_mailing_queue_ids":[],"_links":{"self":[{"href":"https:\/\/agora.xtec.cat\/ceip-mogent\/wp-json\/wp\/v2\/pages\/1623","targetHints":{"allow":["GET"]}}],"collection":[{"href":"https:\/\/agora.xtec.cat\/ceip-mogent\/wp-json\/wp\/v2\/pages"}],"about":[{"href":"https:\/\/agora.xtec.cat\/ceip-mogent\/wp-json\/wp\/v2\/types\/page"}],"author":[{"embeddable":true,"href":"https:\/\/agora.xtec.cat\/ceip-mogent\/wp-json\/wp\/v2\/users\/1"}],"replies":[{"embeddable":true,"href":"https:\/\/agora.xtec.cat\/ceip-mogent\/wp-json\/wp\/v2\/comments?post=1623"}],"version-history":[{"count":2,"href":"https:\/\/agora.xtec.cat\/ceip-mogent\/wp-json\/wp\/v2\/pages\/1623\/revisions"}],"predecessor-version":[{"id":3957,"href":"https:\/\/agora.xtec.cat\/ceip-mogent\/wp-json\/wp\/v2\/pages\/1623\/revisions\/3957"}],"up":[{"embeddable":true,"href":"https:\/\/agora.xtec.cat\/ceip-mogent\/wp-json\/wp\/v2\/pages\/1556"}],"wp:attachment":[{"href":"https:\/\/agora.xtec.cat\/ceip-mogent\/wp-json\/wp\/v2\/media?parent=1623"}],"curies":[{"name":"wp","href":"https:\/\/api.w.org\/{rel}","templated":true}]}}