{"id":1621,"date":"2018-03-07T18:42:04","date_gmt":"2018-03-07T17:42:04","guid":{"rendered":"http:\/\/agora.xtec.cat\/ceip-mogent\/?page_id=1621"},"modified":"2026-02-20T10:00:15","modified_gmt":"2026-02-20T09:00:15","slug":"com-es-treballen-les-diferents-arees","status":"publish","type":"page","link":"https:\/\/agora.xtec.cat\/ceip-mogent\/lescola\/preguntes-frequents\/com-es-treballen-les-diferents-arees\/","title":{"rendered":"Com es treballen les diferents \u00e0rees?"},"content":{"rendered":"<p>En l\u00ednies generals les \u00e0rees les treballem <strong>connectades <\/strong> en projectes o unitats de programaci\u00f3 globalitzades.<\/p>\n<p>El nostre objectiu \u00e9s que els nens i les nenes <strong>siguin competents en totes les \u00e0rees.<\/strong><\/p>\n<p>Per adquirir les compet\u00e8ncies de totes les \u00e0rees , els nens i les nenes han de <strong>saber,<\/strong> han de <strong>saber fer<\/strong>\u00a0i han de <strong>saber ser.<\/strong><br \/>\nLes compet\u00e8ncies s\u2019aprenen per diferents mitjans perqu\u00e8 <strong>no tothom apr\u00e8n de la mateixa manera.<\/strong><br \/>\nPer qu\u00e8 un aprenentatge sigui competencial, el nen ha de saber perqu\u00e8 serveix per despr\u00e9s poder aplicar-lo quan el necessiti.\u00a0Sabem que realment han apr\u00e8s, quan s\u00f3n capa\u00e7os d\u2019explicar-ho de manera oral, escrita o gr\u00e0fica.<\/p>\n<p><strong>Com aprenen a saber?<\/strong><\/p>\n<p>Experimentant, manipulant materials, fen recerques a internet, amb\u00a0audiovisuals, amb exposicions de mestres i de companys, amb\u00a0textos, not\u00edcies actuals, plantejant\u00a0situacions-problema<\/p>\n<p><strong>Com aprenem a saber fer?<\/strong><\/p>\n<p>Creant textos, amb la resoluci\u00f3 de problemes, amb la planificaci\u00f3 de dossiers de treball, amb la creaci\u00f3 de productes finals de projectes (maquetes, v\u00eddeos, murals, carpetes d\u2019aprenentatge, mapes conceptuals&#8230;)<\/p>\n<p><strong>Com aprenen a saber ser?<\/strong><\/p>\n<p>Mitjan\u00e7ant tutories, assemblees, debats, fent din\u00e0miques de cohesi\u00f3 i de mediaci\u00f3, reunions de delegats, reflexions en grup, treball d\u2019h\u00e0bits de treball, d\u2019estudi, d\u2019alimentaci\u00f3, de relaci\u00f3 amb els altres, de respecte&#8230;<\/p>\n","protected":false},"excerpt":{"rendered":"<p>En l\u00ednies generals les \u00e0rees les treballem connectades en projectes o unitats de programaci\u00f3 globalitzades. El nostre objectiu \u00e9s que els nens i les nenes siguin competents en totes les \u00e0rees. Per adquirir les compet\u00e8ncies de totes les \u00e0rees , els nens i les nenes han de saber, han de saber fer\u00a0i han de saber [&hellip;]<\/p>\n","protected":false},"author":1,"featured_media":0,"parent":1556,"menu_order":19,"comment_status":"closed","ping_status":"closed","template":"","meta":{"_bbp_topic_count":0,"_bbp_reply_count":0,"_bbp_total_topic_count":0,"_bbp_total_reply_count":0,"_bbp_voice_count":0,"_bbp_anonymous_reply_count":0,"_bbp_topic_count_hidden":0,"_bbp_reply_count_hidden":0,"_bbp_forum_subforum_count":0,"site-sidebar-layout":"default","site-content-layout":"","ast-site-content-layout":"default","site-content-style":"default","site-sidebar-style":"default","ast-global-header-display":"","ast-banner-title-visibility":"","ast-main-header-display":"","ast-hfb-above-header-display":"","ast-hfb-below-header-display":"","ast-hfb-mobile-header-display":"","site-post-title":"","ast-breadcrumbs-content":"","ast-featured-img":"","footer-sml-layout":"","theme-transparent-header-meta":"","adv-header-id-meta":"","stick-header-meta":"","header-above-stick-meta":"","header-main-stick-meta":"","header-below-stick-meta":"","astra-migrate-meta-layouts":"set","ast-page-background-enabled":"default","ast-page-background-meta":{"desktop":{"background-color":"var(--ast-global-color-4)","background-image":"","background-repeat":"repeat","background-position":"center center","background-size":"auto","background-attachment":"scroll","background-type":"","background-media":"","overlay-type":"","overlay-color":"","overlay-opacity":"","overlay-gradient":""},"tablet":{"background-color":"","background-image":"","background-repeat":"repeat","background-position":"center center","background-size":"auto","background-attachment":"scroll","background-type":"","background-media":"","overlay-type":"","overlay-color":"","overlay-opacity":"","overlay-gradient":""},"mobile":{"background-color":"","background-image":"","background-repeat":"repeat","background-position":"center center","background-size":"auto","background-attachment":"scroll","background-type":"","background-media":"","overlay-type":"","overlay-color":"","overlay-opacity":"","overlay-gradient":""}},"ast-content-background-meta":{"desktop":{"background-color":"var(--ast-global-color-5)","background-image":"","background-repeat":"repeat","background-position":"center center","background-size":"auto","background-attachment":"scroll","background-type":"","background-media":"","overlay-type":"","overlay-color":"","overlay-opacity":"","overlay-gradient":""},"tablet":{"background-color":"var(--ast-global-color-5)","background-image":"","background-repeat":"repeat","background-position":"center center","background-size":"auto","background-attachment":"scroll","background-type":"","background-media":"","overlay-type":"","overlay-color":"","overlay-opacity":"","overlay-gradient":""},"mobile":{"background-color":"var(--ast-global-color-5)","background-image":"","background-repeat":"repeat","background-position":"center center","background-size":"auto","background-attachment":"scroll","background-type":"","background-media":"","overlay-type":"","overlay-color":"","overlay-opacity":"","overlay-gradient":""}},"footnotes":""},"class_list":["post-1621","page","type-page","status-publish","hentry"],"post_mailing_queue_ids":[],"_links":{"self":[{"href":"https:\/\/agora.xtec.cat\/ceip-mogent\/wp-json\/wp\/v2\/pages\/1621","targetHints":{"allow":["GET"]}}],"collection":[{"href":"https:\/\/agora.xtec.cat\/ceip-mogent\/wp-json\/wp\/v2\/pages"}],"about":[{"href":"https:\/\/agora.xtec.cat\/ceip-mogent\/wp-json\/wp\/v2\/types\/page"}],"author":[{"embeddable":true,"href":"https:\/\/agora.xtec.cat\/ceip-mogent\/wp-json\/wp\/v2\/users\/1"}],"replies":[{"embeddable":true,"href":"https:\/\/agora.xtec.cat\/ceip-mogent\/wp-json\/wp\/v2\/comments?post=1621"}],"version-history":[{"count":2,"href":"https:\/\/agora.xtec.cat\/ceip-mogent\/wp-json\/wp\/v2\/pages\/1621\/revisions"}],"predecessor-version":[{"id":3956,"href":"https:\/\/agora.xtec.cat\/ceip-mogent\/wp-json\/wp\/v2\/pages\/1621\/revisions\/3956"}],"up":[{"embeddable":true,"href":"https:\/\/agora.xtec.cat\/ceip-mogent\/wp-json\/wp\/v2\/pages\/1556"}],"wp:attachment":[{"href":"https:\/\/agora.xtec.cat\/ceip-mogent\/wp-json\/wp\/v2\/media?parent=1621"}],"curies":[{"name":"wp","href":"https:\/\/api.w.org\/{rel}","templated":true}]}}