{"id":1619,"date":"2018-03-07T18:37:08","date_gmt":"2018-03-07T17:37:08","guid":{"rendered":"http:\/\/agora.xtec.cat\/ceip-mogent\/?page_id=1619"},"modified":"2026-02-20T09:54:31","modified_gmt":"2026-02-20T08:54:31","slug":"com-es-treballa-al-parvulari","status":"publish","type":"page","link":"https:\/\/agora.xtec.cat\/ceip-mogent\/lescola\/preguntes-frequents\/com-es-treballa-al-parvulari\/","title":{"rendered":"Com es treballa a Educaci\u00f3 Infantil?"},"content":{"rendered":"<p>Donem import\u00e0ncia a<strong> l&#8217;educaci\u00f3 emocional<\/strong> per ensenyar a expressar els sentiments en paraules.<br \/>\nFem <strong>racons <\/strong>per fomentar l\u2019autonomia i el treball en grup, i aix\u00ed descobrir el llenguatge escrit i les matem\u00e0tiques.<br \/>\nEn <strong>rotllana<\/strong> fem l\u2019expressi\u00f3 oral, a trav\u00e9s de contes, can\u00e7ons, h\u00e0bits, converses i jocs.<br \/>\nFem <strong>projectes<\/strong> per descobrir, experimentar amb la natura i el nostre entorn.<br \/>\nTreballem l&#8217;expressi\u00f3 corporal a trav\u00e9s de <strong>jocs motrius i musicals<\/strong>.<br \/>\nTreballem per <strong>ambients <\/strong>que contextualitzen els aprenentatges en un espai atractiu i motivador on s&#8217;inclou la planificaci\u00f3 i construcci\u00f3, l&#8217;expressi\u00f3 art\u00edstica, la indagaci\u00f3, la investigaci\u00f3 i la curiositat cient\u00edfica, i el\u00a0 <strong>joc simb\u00f2lic<\/strong> per treballar l\u2019expressi\u00f3 verbal, el vocabulari i la relaci\u00f3 amb els altres.<\/p>\n","protected":false},"excerpt":{"rendered":"<p>Donem import\u00e0ncia a l&#8217;educaci\u00f3 emocional per ensenyar a expressar els sentiments en paraules. Fem racons per fomentar l\u2019autonomia i el treball en grup, i aix\u00ed descobrir el llenguatge escrit i les matem\u00e0tiques. En rotllana fem l\u2019expressi\u00f3 oral, a trav\u00e9s de contes, can\u00e7ons, h\u00e0bits, converses i jocs. Fem projectes per descobrir, experimentar amb la natura i [&hellip;]<\/p>\n","protected":false},"author":1,"featured_media":0,"parent":1556,"menu_order":18,"comment_status":"closed","ping_status":"closed","template":"","meta":{"_bbp_topic_count":0,"_bbp_reply_count":0,"_bbp_total_topic_count":0,"_bbp_total_reply_count":0,"_bbp_voice_count":0,"_bbp_anonymous_reply_count":0,"_bbp_topic_count_hidden":0,"_bbp_reply_count_hidden":0,"_bbp_forum_subforum_count":0,"site-sidebar-layout":"default","site-content-layout":"","ast-site-content-layout":"default","site-content-style":"default","site-sidebar-style":"default","ast-global-header-display":"","ast-banner-title-visibility":"","ast-main-header-display":"","ast-hfb-above-header-display":"","ast-hfb-below-header-display":"","ast-hfb-mobile-header-display":"","site-post-title":"","ast-breadcrumbs-content":"","ast-featured-img":"","footer-sml-layout":"","theme-transparent-header-meta":"","adv-header-id-meta":"","stick-header-meta":"","header-above-stick-meta":"","header-main-stick-meta":"","header-below-stick-meta":"","astra-migrate-meta-layouts":"set","ast-page-background-enabled":"default","ast-page-background-meta":{"desktop":{"background-color":"var(--ast-global-color-4)","background-image":"","background-repeat":"repeat","background-position":"center center","background-size":"auto","background-attachment":"scroll","background-type":"","background-media":"","overlay-type":"","overlay-color":"","overlay-opacity":"","overlay-gradient":""},"tablet":{"background-color":"","background-image":"","background-repeat":"repeat","background-position":"center center","background-size":"auto","background-attachment":"scroll","background-type":"","background-media":"","overlay-type":"","overlay-color":"","overlay-opacity":"","overlay-gradient":""},"mobile":{"background-color":"","background-image":"","background-repeat":"repeat","background-position":"center center","background-size":"auto","background-attachment":"scroll","background-type":"","background-media":"","overlay-type":"","overlay-color":"","overlay-opacity":"","overlay-gradient":""}},"ast-content-background-meta":{"desktop":{"background-color":"var(--ast-global-color-5)","background-image":"","background-repeat":"repeat","background-position":"center center","background-size":"auto","background-attachment":"scroll","background-type":"","background-media":"","overlay-type":"","overlay-color":"","overlay-opacity":"","overlay-gradient":""},"tablet":{"background-color":"var(--ast-global-color-5)","background-image":"","background-repeat":"repeat","background-position":"center center","background-size":"auto","background-attachment":"scroll","background-type":"","background-media":"","overlay-type":"","overlay-color":"","overlay-opacity":"","overlay-gradient":""},"mobile":{"background-color":"var(--ast-global-color-5)","background-image":"","background-repeat":"repeat","background-position":"center center","background-size":"auto","background-attachment":"scroll","background-type":"","background-media":"","overlay-type":"","overlay-color":"","overlay-opacity":"","overlay-gradient":""}},"footnotes":""},"class_list":["post-1619","page","type-page","status-publish","hentry"],"post_mailing_queue_ids":[],"_links":{"self":[{"href":"https:\/\/agora.xtec.cat\/ceip-mogent\/wp-json\/wp\/v2\/pages\/1619","targetHints":{"allow":["GET"]}}],"collection":[{"href":"https:\/\/agora.xtec.cat\/ceip-mogent\/wp-json\/wp\/v2\/pages"}],"about":[{"href":"https:\/\/agora.xtec.cat\/ceip-mogent\/wp-json\/wp\/v2\/types\/page"}],"author":[{"embeddable":true,"href":"https:\/\/agora.xtec.cat\/ceip-mogent\/wp-json\/wp\/v2\/users\/1"}],"replies":[{"embeddable":true,"href":"https:\/\/agora.xtec.cat\/ceip-mogent\/wp-json\/wp\/v2\/comments?post=1619"}],"version-history":[{"count":4,"href":"https:\/\/agora.xtec.cat\/ceip-mogent\/wp-json\/wp\/v2\/pages\/1619\/revisions"}],"predecessor-version":[{"id":3951,"href":"https:\/\/agora.xtec.cat\/ceip-mogent\/wp-json\/wp\/v2\/pages\/1619\/revisions\/3951"}],"up":[{"embeddable":true,"href":"https:\/\/agora.xtec.cat\/ceip-mogent\/wp-json\/wp\/v2\/pages\/1556"}],"wp:attachment":[{"href":"https:\/\/agora.xtec.cat\/ceip-mogent\/wp-json\/wp\/v2\/media?parent=1619"}],"curies":[{"name":"wp","href":"https:\/\/api.w.org\/{rel}","templated":true}]}}